{"id":2809,"date":"2025-05-13T17:47:28","date_gmt":"2025-05-13T15:47:28","guid":{"rendered":"https:\/\/frenehard-michaux.eu\/wie-zijn-wij\/"},"modified":"2026-05-04T14:20:40","modified_gmt":"2026-05-04T12:20:40","slug":"wie-zijn-wij","status":"publish","type":"page","link":"https:\/\/frenehard-michaux.eu\/nl\/wie-zijn-wij\/","title":{"rendered":"Wie zijn wij?"},"content":{"rendered":"\n<div style=\"height:40px\" aria-hidden=\"true\" class=\"wp-block-spacer\"><\/div>\n\n\n\n<p>Fr\u00e9n\u00e9hard &amp; Michaux is een industri\u00eble familiegroep met meer dan 1.200 werknemers wereldwijd. De bedrijven van de Groep ondersteunen specialisten in hun dagelijkse werk door kwaliteitsproducten en -diensten aan te bieden die voldoen aan al hun behoeften op het gebied van bescherming bij het werken op hoogte, het bevestigen van dakelementen en dakgoten.<\/p>\n\n\n<section class=\"section-group section-mycms-gray-light-background-color\">\n<div class=\"wp-block-group has-mycms-gray-light-background-color has-background is-layout-constrained wp-block-group-is-layout-constrained\">\n<p><em>De missie van onze Groep is om onze bedrijven en merken te verenigen rond vier belangrijke prioriteiten:<br> &#8211; <strong>Onze klanten bedienen<\/strong> met de beste producten en oplossingen op maat van hun behoeften,<br> &#8211; Een <strong>oprechte, duurzame en stimulerende<\/strong> werkomgeving bieden voor onze medewerkers,<br> &#8211; Een <strong>duurzaam en fatsoenlijk<\/strong> rendement op investeringen bieden,<br> &#8211; <strong>Werken aan het algemeen belang <\/strong>door onze verantwoordelijkheden te nemen ten opzichte van de burgermaatschappij en het milieu.<br><br>Het is in deze context dat onze bedrijven al vele jaren MVO-initiatieven nemen. Om nog een stap verder te gaan, hebben we onze aanpak vanaf 2022 gestructureerd en een <strong>MVO-handvest aangenomen dat is opgebouwd rond zes pijlers<\/strong>:<\/em><\/p>\n\n\n\n<figure class=\"wp-block-image size-large is-resized\"><a href=\"https:\/\/frenehard-michaux.eu\/wp-content\/uploads\/sites\/8\/2025\/09\/Image2-scaled.png\"><img loading=\"lazy\" decoding=\"async\" width=\"1024\" height=\"150\" src=\"https:\/\/frenehard-michaux.eu\/wp-content\/uploads\/sites\/8\/2025\/09\/Image2-1024x150.png\" alt=\"\" class=\"wp-image-1969\" style=\"width:894px;height:auto\" srcset=\"https:\/\/frenehard-michaux.eu\/wp-content\/uploads\/sites\/8\/2025\/09\/Image2-1024x150.png 1024w, https:\/\/frenehard-michaux.eu\/wp-content\/uploads\/sites\/8\/2025\/09\/Image2-300x44.png 300w, https:\/\/frenehard-michaux.eu\/wp-content\/uploads\/sites\/8\/2025\/09\/Image2-768x113.png 768w, https:\/\/frenehard-michaux.eu\/wp-content\/uploads\/sites\/8\/2025\/09\/Image2-1536x225.png 1536w, https:\/\/frenehard-michaux.eu\/wp-content\/uploads\/sites\/8\/2025\/09\/Image2-2048x300.png 2048w, https:\/\/frenehard-michaux.eu\/wp-content\/uploads\/sites\/8\/2025\/09\/Image2-600x88.png 600w, https:\/\/frenehard-michaux.eu\/wp-content\/uploads\/sites\/8\/2025\/09\/Image2-150x22.png 150w\" sizes=\"auto, (max-width: 1024px) 100vw, 1024px\" \/><\/a><\/figure>\n\n\n\n<p><em>Er is een stappenplan voor de jaren 2023 &#8211; 2026 opgesteld en uitgerold over alle entiteiten, met concrete, tijdgebonden en meetbare doelstellingen.<br>Om onze betrokkenheid te versterken, hebben we <strong>het Global Compact van de Verenigde Naties<\/strong> ondertekend en onze routekaart bevat de principes van dit Compact en zijn <strong>17 doelstellingen voor duurzame ontwikkeling<\/strong>.<\/em><\/p>\n\n\n\n<p><em><br>Het Directiecomit\u00e9 en de managers van de Groep zetten zich in om deze MVO-aanpak binnen hun teams tot leven te brengen, want het is ieders steun die ons in staat zal stellen om onze doelstellingen te bereiken, en het is onze missie om onze MVO-strategie <strong>concreet in de praktijk te brengen, in onze dagelijkse handelingen en beslissingen<\/strong>.<\/em><\/p>\n<\/div>\n<\/section>\n\n\n<div style=\"height:100px\" aria-hidden=\"true\" class=\"wp-block-spacer\"><\/div>\n\n\n\n<div class=\"wp-block-columns is-layout-flex wp-container-core-columns-is-layout-9d6595d7 wp-block-columns-is-layout-flex\">\n<div class=\"wp-block-column is-layout-flow wp-block-column-is-layout-flow\">\n<div class=\"wp-block-cover\" style=\"min-height:317px;aspect-ratio:unset;\"><img loading=\"lazy\" decoding=\"async\" width=\"1024\" height=\"683\" class=\"wp-block-cover__image-background wp-image-1856\" alt=\"\" src=\"https:\/\/frenehard-michaux.eu\/wp-content\/uploads\/sites\/8\/2025\/09\/siege-Aigle-1024x683.jpg\" data-object-fit=\"cover\" srcset=\"https:\/\/frenehard-michaux.eu\/wp-content\/uploads\/sites\/8\/2025\/09\/siege-Aigle-1024x683.jpg 1024w, https:\/\/frenehard-michaux.eu\/wp-content\/uploads\/sites\/8\/2025\/09\/siege-Aigle-300x200.jpg 300w, https:\/\/frenehard-michaux.eu\/wp-content\/uploads\/sites\/8\/2025\/09\/siege-Aigle-768x512.jpg 768w, https:\/\/frenehard-michaux.eu\/wp-content\/uploads\/sites\/8\/2025\/09\/siege-Aigle-1536x1024.jpg 1536w, https:\/\/frenehard-michaux.eu\/wp-content\/uploads\/sites\/8\/2025\/09\/siege-Aigle-2048x1365.jpg 2048w, https:\/\/frenehard-michaux.eu\/wp-content\/uploads\/sites\/8\/2025\/09\/siege-Aigle-600x400.jpg 600w, https:\/\/frenehard-michaux.eu\/wp-content\/uploads\/sites\/8\/2025\/09\/siege-Aigle-150x100.jpg 150w, https:\/\/frenehard-michaux.eu\/wp-content\/uploads\/sites\/8\/2025\/09\/siege-Aigle-541x360.jpg 541w, https:\/\/frenehard-michaux.eu\/wp-content\/uploads\/sites\/8\/2025\/09\/siege-Aigle-317x211.jpg 317w\" sizes=\"auto, (max-width: 1024px) 100vw, 1024px\" \/><span aria-hidden=\"true\" class=\"wp-block-cover__background has-background-dim\"><\/span><div class=\"wp-block-cover__inner-container is-layout-flow wp-block-cover-is-layout-flow\">\n<p class=\"has-text-align-center has-large-font-size\"><a href=\"https:\/\/frenehard-michaux.eu\/nl\/onze-geschiedenis-onze-waarden\/\">Onze geschiedenis, onze waarden<\/a><\/p>\n<\/div><\/div>\n<\/div>\n\n\n\n<div class=\"wp-block-column is-layout-flow wp-block-column-is-layout-flow\">\n<div class=\"wp-block-cover\" style=\"min-height:317px;aspect-ratio:unset;\"><img loading=\"lazy\" decoding=\"async\" width=\"1024\" height=\"683\" class=\"wp-block-cover__image-background wp-image-1857\" alt=\"\" src=\"https:\/\/frenehard-michaux.eu\/wp-content\/uploads\/sites\/8\/2025\/09\/IMG_9844-1024x683.jpg\" data-object-fit=\"cover\" srcset=\"https:\/\/frenehard-michaux.eu\/wp-content\/uploads\/sites\/8\/2025\/09\/IMG_9844-1024x683.jpg 1024w, https:\/\/frenehard-michaux.eu\/wp-content\/uploads\/sites\/8\/2025\/09\/IMG_9844-300x200.jpg 300w, https:\/\/frenehard-michaux.eu\/wp-content\/uploads\/sites\/8\/2025\/09\/IMG_9844-768x512.jpg 768w, https:\/\/frenehard-michaux.eu\/wp-content\/uploads\/sites\/8\/2025\/09\/IMG_9844-1536x1024.jpg 1536w, https:\/\/frenehard-michaux.eu\/wp-content\/uploads\/sites\/8\/2025\/09\/IMG_9844-2048x1365.jpg 2048w, https:\/\/frenehard-michaux.eu\/wp-content\/uploads\/sites\/8\/2025\/09\/IMG_9844-600x400.jpg 600w, https:\/\/frenehard-michaux.eu\/wp-content\/uploads\/sites\/8\/2025\/09\/IMG_9844-150x100.jpg 150w, https:\/\/frenehard-michaux.eu\/wp-content\/uploads\/sites\/8\/2025\/09\/IMG_9844-541x360.jpg 541w, https:\/\/frenehard-michaux.eu\/wp-content\/uploads\/sites\/8\/2025\/09\/IMG_9844-317x211.jpg 317w\" sizes=\"auto, (max-width: 1024px) 100vw, 1024px\" \/><span aria-hidden=\"true\" class=\"wp-block-cover__background has-background-dim\"><\/span><div class=\"wp-block-cover__inner-container is-layout-flow wp-block-cover-is-layout-flow\">\n<p class=\"has-text-align-center has-large-font-size\"><a href=\"https:\/\/frenehard-michaux.eu\/nl\/onze-mvo-aanpak\/\">Onze MVO-aanpak<\/a><\/p>\n<\/div><\/div>\n<\/div>\n\n\n\n<div class=\"wp-block-column is-layout-flow wp-block-column-is-layout-flow\">\n<div class=\"wp-block-cover\" style=\"min-height:316px;aspect-ratio:unset;\"><img loading=\"lazy\" decoding=\"async\" width=\"1024\" height=\"682\" class=\"wp-block-cover__image-background wp-image-1858\" alt=\"\" src=\"https:\/\/frenehard-michaux.eu\/wp-content\/uploads\/sites\/8\/2025\/09\/presse-1024x682.jpg\" data-object-fit=\"cover\" srcset=\"https:\/\/frenehard-michaux.eu\/wp-content\/uploads\/sites\/8\/2025\/09\/presse-1024x682.jpg 1024w, https:\/\/frenehard-michaux.eu\/wp-content\/uploads\/sites\/8\/2025\/09\/presse-300x200.jpg 300w, https:\/\/frenehard-michaux.eu\/wp-content\/uploads\/sites\/8\/2025\/09\/presse-768x512.jpg 768w, https:\/\/frenehard-michaux.eu\/wp-content\/uploads\/sites\/8\/2025\/09\/presse-600x400.jpg 600w, https:\/\/frenehard-michaux.eu\/wp-content\/uploads\/sites\/8\/2025\/09\/presse-150x100.jpg 150w, https:\/\/frenehard-michaux.eu\/wp-content\/uploads\/sites\/8\/2025\/09\/presse-541x360.jpg 541w, https:\/\/frenehard-michaux.eu\/wp-content\/uploads\/sites\/8\/2025\/09\/presse-317x211.jpg 317w, https:\/\/frenehard-michaux.eu\/wp-content\/uploads\/sites\/8\/2025\/09\/presse.jpg 1400w\" sizes=\"auto, (max-width: 1024px) 100vw, 1024px\" \/><span aria-hidden=\"true\" class=\"wp-block-cover__background has-background-dim\"><\/span><div class=\"wp-block-cover__inner-container is-layout-flow wp-block-cover-is-layout-flow\">\n<p class=\"has-text-align-center has-large-font-size\"><a href=\"https:\/\/frenehard-michaux.eu\/nl\/pers-en-media\/\">Pers en media<\/a><\/p>\n<\/div><\/div>\n<\/div>\n<\/div>\n\n\n\n<div style=\"height:100px\" aria-hidden=\"true\" class=\"wp-block-spacer\"><\/div>\n","protected":false},"excerpt":{"rendered":"<p>Fr\u00e9n\u00e9hard &amp; Michaux is een industri\u00eble familiegroep met meer dan 1.200 werknemers wereldwijd. De bedrijven van de Groep ondersteunen specialisten in hun dagelijkse werk door kwaliteitsproducten en -diensten aan te bieden die voldoen aan al hun behoeften op het gebied van bescherming bij het werken op hoogte, het bevestigen van dakelementen en dakgoten. De missie [&hellip;]<\/p>\n","protected":false},"author":57,"featured_media":0,"parent":0,"menu_order":0,"comment_status":"closed","ping_status":"closed","template":"","meta":{"_acf_changed":false,"footnotes":""},"class_list":["post-2809","page","type-page","status-publish","hentry"],"acf":[],"yoast_head":"<!-- This site is optimized with the Yoast SEO plugin v27.5 - https:\/\/yoast.com\/product\/yoast-seo-wordpress\/ -->\n<title>Wie zijn wij? - Frenehard &amp; Michaux<\/title>\n<meta name=\"robots\" content=\"index, follow, max-snippet:-1, max-image-preview:large, max-video-preview:-1\" \/>\n<link rel=\"canonical\" href=\"https:\/\/frenehard-michaux.eu\/nl\/wie-zijn-wij\/\" \/>\n<meta property=\"og:locale\" content=\"nl_NL\" \/>\n<meta property=\"og:type\" content=\"article\" \/>\n<meta property=\"og:title\" content=\"Wie zijn wij? - Frenehard &amp; Michaux\" \/>\n<meta property=\"og:description\" content=\"Fr\u00e9n\u00e9hard &amp; Michaux is een industri\u00eble familiegroep met meer dan 1.200 werknemers wereldwijd. De bedrijven van de Groep ondersteunen specialisten in hun dagelijkse werk door kwaliteitsproducten en -diensten aan te bieden die voldoen aan al hun behoeften op het gebied van bescherming bij het werken op hoogte, het bevestigen van dakelementen en dakgoten. De missie [&hellip;]\" \/>\n<meta property=\"og:url\" content=\"https:\/\/frenehard-michaux.eu\/nl\/wie-zijn-wij\/\" \/>\n<meta property=\"og:site_name\" content=\"Frenehard &amp; Michaux\" \/>\n<meta property=\"article:modified_time\" content=\"2026-05-04T12:20:40+00:00\" \/>\n<meta property=\"og:image\" content=\"https:\/\/frenehard-michaux.eu\/wp-content\/uploads\/sites\/8\/2025\/09\/Image2-scaled.png\" \/>\n\t<meta property=\"og:image:width\" content=\"2560\" \/>\n\t<meta property=\"og:image:height\" content=\"376\" \/>\n\t<meta property=\"og:image:type\" content=\"image\/png\" \/>\n<meta name=\"twitter:card\" content=\"summary_large_image\" \/>\n<meta name=\"twitter:label1\" content=\"Geschatte leestijd\" \/>\n\t<meta name=\"twitter:data1\" content=\"3 minuten\" \/>\n<script type=\"application\/ld+json\" class=\"yoast-schema-graph\">{\"@context\":\"https:\\\/\\\/schema.org\",\"@graph\":[{\"@type\":\"WebPage\",\"@id\":\"https:\\\/\\\/frenehard-michaux.eu\\\/nl\\\/wie-zijn-wij\\\/\",\"url\":\"https:\\\/\\\/frenehard-michaux.eu\\\/nl\\\/wie-zijn-wij\\\/\",\"name\":\"Wie zijn wij? - Frenehard &amp; Michaux\",\"isPartOf\":{\"@id\":\"https:\\\/\\\/frenehard-michaux.eu\\\/nl\\\/#website\"},\"primaryImageOfPage\":{\"@id\":\"https:\\\/\\\/frenehard-michaux.eu\\\/nl\\\/wie-zijn-wij\\\/#primaryimage\"},\"image\":{\"@id\":\"https:\\\/\\\/frenehard-michaux.eu\\\/nl\\\/wie-zijn-wij\\\/#primaryimage\"},\"thumbnailUrl\":\"https:\\\/\\\/frenehard-michaux.eu\\\/wp-content\\\/uploads\\\/sites\\\/8\\\/2025\\\/09\\\/Image2-1024x150.png\",\"datePublished\":\"2025-05-13T15:47:28+00:00\",\"dateModified\":\"2026-05-04T12:20:40+00:00\",\"breadcrumb\":{\"@id\":\"https:\\\/\\\/frenehard-michaux.eu\\\/nl\\\/wie-zijn-wij\\\/#breadcrumb\"},\"inLanguage\":\"nl-NL\",\"potentialAction\":[{\"@type\":\"ReadAction\",\"target\":[\"https:\\\/\\\/frenehard-michaux.eu\\\/nl\\\/wie-zijn-wij\\\/\"]}]},{\"@type\":\"ImageObject\",\"inLanguage\":\"nl-NL\",\"@id\":\"https:\\\/\\\/frenehard-michaux.eu\\\/nl\\\/wie-zijn-wij\\\/#primaryimage\",\"url\":\"https:\\\/\\\/frenehard-michaux.eu\\\/wp-content\\\/uploads\\\/sites\\\/8\\\/2025\\\/09\\\/Image2-1024x150.png\",\"contentUrl\":\"https:\\\/\\\/frenehard-michaux.eu\\\/wp-content\\\/uploads\\\/sites\\\/8\\\/2025\\\/09\\\/Image2-1024x150.png\"},{\"@type\":\"BreadcrumbList\",\"@id\":\"https:\\\/\\\/frenehard-michaux.eu\\\/nl\\\/wie-zijn-wij\\\/#breadcrumb\",\"itemListElement\":[{\"@type\":\"ListItem\",\"position\":1,\"name\":\"Accueil\",\"item\":\"https:\\\/\\\/frenehard-michaux.eu\\\/nl\\\/accueil\\\/\"},{\"@type\":\"ListItem\",\"position\":2,\"name\":\"Wie zijn wij?\"}]},{\"@type\":\"WebSite\",\"@id\":\"https:\\\/\\\/frenehard-michaux.eu\\\/nl\\\/#website\",\"url\":\"https:\\\/\\\/frenehard-michaux.eu\\\/nl\\\/\",\"name\":\"Frenehard &amp; Michaux\",\"description\":\"\",\"publisher\":{\"@id\":\"https:\\\/\\\/frenehard-michaux.eu\\\/nl\\\/#organization\"},\"potentialAction\":[{\"@type\":\"SearchAction\",\"target\":{\"@type\":\"EntryPoint\",\"urlTemplate\":\"https:\\\/\\\/frenehard-michaux.eu\\\/nl\\\/?s={search_term_string}\"},\"query-input\":{\"@type\":\"PropertyValueSpecification\",\"valueRequired\":true,\"valueName\":\"search_term_string\"}}],\"inLanguage\":\"nl-NL\"},{\"@type\":\"Organization\",\"@id\":\"https:\\\/\\\/frenehard-michaux.eu\\\/nl\\\/#organization\",\"name\":\"Frenehard &amp; Michaux\",\"url\":\"https:\\\/\\\/frenehard-michaux.eu\\\/nl\\\/\",\"logo\":{\"@type\":\"ImageObject\",\"inLanguage\":\"nl-NL\",\"@id\":\"https:\\\/\\\/frenehard-michaux.eu\\\/nl\\\/#\\\/schema\\\/logo\\\/image\\\/\",\"url\":\"https:\\\/\\\/frenehard-michaux.eu\\\/wp-content\\\/uploads\\\/sites\\\/8\\\/2025\\\/09\\\/Frenehard-Michaux_RVB.svg\",\"contentUrl\":\"https:\\\/\\\/frenehard-michaux.eu\\\/wp-content\\\/uploads\\\/sites\\\/8\\\/2025\\\/09\\\/Frenehard-Michaux_RVB.svg\",\"caption\":\"Frenehard &amp; Michaux\"},\"image\":{\"@id\":\"https:\\\/\\\/frenehard-michaux.eu\\\/nl\\\/#\\\/schema\\\/logo\\\/image\\\/\"}}]}<\/script>\n<!-- \/ Yoast SEO plugin. -->","yoast_head_json":{"title":"Wie zijn wij? - Frenehard &amp; Michaux","robots":{"index":"index","follow":"follow","max-snippet":"max-snippet:-1","max-image-preview":"max-image-preview:large","max-video-preview":"max-video-preview:-1"},"canonical":"https:\/\/frenehard-michaux.eu\/nl\/wie-zijn-wij\/","og_locale":"nl_NL","og_type":"article","og_title":"Wie zijn wij? - Frenehard &amp; Michaux","og_description":"Fr\u00e9n\u00e9hard &amp; Michaux is een industri\u00eble familiegroep met meer dan 1.200 werknemers wereldwijd. De bedrijven van de Groep ondersteunen specialisten in hun dagelijkse werk door kwaliteitsproducten en -diensten aan te bieden die voldoen aan al hun behoeften op het gebied van bescherming bij het werken op hoogte, het bevestigen van dakelementen en dakgoten. De missie [&hellip;]","og_url":"https:\/\/frenehard-michaux.eu\/nl\/wie-zijn-wij\/","og_site_name":"Frenehard &amp; Michaux","article_modified_time":"2026-05-04T12:20:40+00:00","og_image":[{"width":2560,"height":376,"url":"https:\/\/frenehard-michaux.eu\/wp-content\/uploads\/sites\/8\/2025\/09\/Image2-scaled.png","type":"image\/png"}],"twitter_card":"summary_large_image","twitter_misc":{"Geschatte leestijd":"3 minuten"},"schema":{"@context":"https:\/\/schema.org","@graph":[{"@type":"WebPage","@id":"https:\/\/frenehard-michaux.eu\/nl\/wie-zijn-wij\/","url":"https:\/\/frenehard-michaux.eu\/nl\/wie-zijn-wij\/","name":"Wie zijn wij? - Frenehard &amp; Michaux","isPartOf":{"@id":"https:\/\/frenehard-michaux.eu\/nl\/#website"},"primaryImageOfPage":{"@id":"https:\/\/frenehard-michaux.eu\/nl\/wie-zijn-wij\/#primaryimage"},"image":{"@id":"https:\/\/frenehard-michaux.eu\/nl\/wie-zijn-wij\/#primaryimage"},"thumbnailUrl":"https:\/\/frenehard-michaux.eu\/wp-content\/uploads\/sites\/8\/2025\/09\/Image2-1024x150.png","datePublished":"2025-05-13T15:47:28+00:00","dateModified":"2026-05-04T12:20:40+00:00","breadcrumb":{"@id":"https:\/\/frenehard-michaux.eu\/nl\/wie-zijn-wij\/#breadcrumb"},"inLanguage":"nl-NL","potentialAction":[{"@type":"ReadAction","target":["https:\/\/frenehard-michaux.eu\/nl\/wie-zijn-wij\/"]}]},{"@type":"ImageObject","inLanguage":"nl-NL","@id":"https:\/\/frenehard-michaux.eu\/nl\/wie-zijn-wij\/#primaryimage","url":"https:\/\/frenehard-michaux.eu\/wp-content\/uploads\/sites\/8\/2025\/09\/Image2-1024x150.png","contentUrl":"https:\/\/frenehard-michaux.eu\/wp-content\/uploads\/sites\/8\/2025\/09\/Image2-1024x150.png"},{"@type":"BreadcrumbList","@id":"https:\/\/frenehard-michaux.eu\/nl\/wie-zijn-wij\/#breadcrumb","itemListElement":[{"@type":"ListItem","position":1,"name":"Accueil","item":"https:\/\/frenehard-michaux.eu\/nl\/accueil\/"},{"@type":"ListItem","position":2,"name":"Wie zijn wij?"}]},{"@type":"WebSite","@id":"https:\/\/frenehard-michaux.eu\/nl\/#website","url":"https:\/\/frenehard-michaux.eu\/nl\/","name":"Frenehard &amp; Michaux","description":"","publisher":{"@id":"https:\/\/frenehard-michaux.eu\/nl\/#organization"},"potentialAction":[{"@type":"SearchAction","target":{"@type":"EntryPoint","urlTemplate":"https:\/\/frenehard-michaux.eu\/nl\/?s={search_term_string}"},"query-input":{"@type":"PropertyValueSpecification","valueRequired":true,"valueName":"search_term_string"}}],"inLanguage":"nl-NL"},{"@type":"Organization","@id":"https:\/\/frenehard-michaux.eu\/nl\/#organization","name":"Frenehard &amp; Michaux","url":"https:\/\/frenehard-michaux.eu\/nl\/","logo":{"@type":"ImageObject","inLanguage":"nl-NL","@id":"https:\/\/frenehard-michaux.eu\/nl\/#\/schema\/logo\/image\/","url":"https:\/\/frenehard-michaux.eu\/wp-content\/uploads\/sites\/8\/2025\/09\/Frenehard-Michaux_RVB.svg","contentUrl":"https:\/\/frenehard-michaux.eu\/wp-content\/uploads\/sites\/8\/2025\/09\/Frenehard-Michaux_RVB.svg","caption":"Frenehard &amp; Michaux"},"image":{"@id":"https:\/\/frenehard-michaux.eu\/nl\/#\/schema\/logo\/image\/"}}]}},"_links":{"self":[{"href":"https:\/\/frenehard-michaux.eu\/nl\/wp-json\/wp\/v2\/pages\/2809","targetHints":{"allow":["GET"]}}],"collection":[{"href":"https:\/\/frenehard-michaux.eu\/nl\/wp-json\/wp\/v2\/pages"}],"about":[{"href":"https:\/\/frenehard-michaux.eu\/nl\/wp-json\/wp\/v2\/types\/page"}],"author":[{"embeddable":true,"href":"https:\/\/frenehard-michaux.eu\/nl\/wp-json\/wp\/v2\/users\/57"}],"replies":[{"embeddable":true,"href":"https:\/\/frenehard-michaux.eu\/nl\/wp-json\/wp\/v2\/comments?post=2809"}],"version-history":[{"count":3,"href":"https:\/\/frenehard-michaux.eu\/nl\/wp-json\/wp\/v2\/pages\/2809\/revisions"}],"predecessor-version":[{"id":3333,"href":"https:\/\/frenehard-michaux.eu\/nl\/wp-json\/wp\/v2\/pages\/2809\/revisions\/3333"}],"wp:attachment":[{"href":"https:\/\/frenehard-michaux.eu\/nl\/wp-json\/wp\/v2\/media?parent=2809"}],"curies":[{"name":"wp","href":"https:\/\/api.w.org\/{rel}","templated":true}]}}