{"id":2667,"date":"2025-09-15T10:35:06","date_gmt":"2025-09-15T08:35:06","guid":{"rendered":"https:\/\/frenehard-michaux.eu\/onze-geschiedenis-onze-waarden\/"},"modified":"2025-11-19T11:47:55","modified_gmt":"2025-11-19T10:47:55","slug":"onze-geschiedenis-onze-waarden","status":"publish","type":"page","link":"https:\/\/frenehard-michaux.eu\/nl\/onze-geschiedenis-onze-waarden\/","title":{"rendered":"Onze geschiedenis, onze waarden"},"content":{"rendered":"\n<div style=\"height:100px\" aria-hidden=\"true\" class=\"wp-block-spacer\"><\/div>\n\n<div class=\"wp-block-columns is-layout-flex wp-container-core-columns-is-layout-9d6595d7 wp-block-columns-is-layout-flex\">\n<div class=\"wp-block-column is-layout-flow wp-block-column-is-layout-flow\">\n<figure class=\"wp-block-image aligncenter size-full is-resized\"><a href=\"https:\/\/frenehard-michaux.eu\/wp-content\/uploads\/sites\/8\/2025\/08\/Plus-de-22-sites-en-Europe.png\"><img loading=\"lazy\" decoding=\"async\" width=\"150\" height=\"150\" src=\"https:\/\/frenehard-michaux.eu\/wp-content\/uploads\/sites\/8\/2025\/08\/Plus-de-22-sites-en-Europe.png\" alt=\"\" class=\"wp-image-1398\" style=\"width:108px;height:auto\" srcset=\"https:\/\/frenehard-michaux.eu\/wp-content\/uploads\/sites\/8\/2025\/08\/Plus-de-22-sites-en-Europe.png 150w, https:\/\/frenehard-michaux.eu\/wp-content\/uploads\/sites\/8\/2025\/08\/Plus-de-22-sites-en-Europe-100x100.png 100w\" sizes=\"auto, (max-width: 150px) 100vw, 150px\" \/><\/a><\/figure>\n\n\n\n<p class=\"has-text-align-center\"><strong>31 locaties in Europa<\/strong><\/p>\n<\/div>\n\n\n\n<div class=\"wp-block-column is-layout-flow wp-block-column-is-layout-flow\">\n<figure class=\"wp-block-image aligncenter size-full is-resized\"><a href=\"https:\/\/frenehard-michaux.eu\/wp-content\/uploads\/sites\/8\/2025\/08\/Plus-de-1200-collaborateurs_2.jpg\"><img loading=\"lazy\" decoding=\"async\" width=\"150\" height=\"150\" src=\"https:\/\/frenehard-michaux.eu\/wp-content\/uploads\/sites\/8\/2025\/08\/Plus-de-1200-collaborateurs_2.jpg\" alt=\"\" class=\"wp-image-1399\" style=\"width:112px;height:auto\" srcset=\"https:\/\/frenehard-michaux.eu\/wp-content\/uploads\/sites\/8\/2025\/08\/Plus-de-1200-collaborateurs_2.jpg 150w, https:\/\/frenehard-michaux.eu\/wp-content\/uploads\/sites\/8\/2025\/08\/Plus-de-1200-collaborateurs_2-100x100.jpg 100w\" sizes=\"auto, (max-width: 150px) 100vw, 150px\" \/><\/a><\/figure>\n\n\n\n<p class=\"has-text-align-center\"><strong>Meer dan 1.200 werknemers<\/strong><\/p>\n<\/div>\n\n\n\n<div class=\"wp-block-column is-layout-flow wp-block-column-is-layout-flow\">\n<figure class=\"wp-block-image aligncenter size-full is-resized\"><a href=\"https:\/\/frenehard-michaux.eu\/wp-content\/uploads\/sites\/8\/2025\/08\/Ca-de-300M-d_euros_2.jpg\"><img loading=\"lazy\" decoding=\"async\" width=\"150\" height=\"150\" src=\"https:\/\/frenehard-michaux.eu\/wp-content\/uploads\/sites\/8\/2025\/08\/Ca-de-300M-d_euros_2.jpg\" alt=\"\" class=\"wp-image-1400\" style=\"width:110px;height:auto\" srcset=\"https:\/\/frenehard-michaux.eu\/wp-content\/uploads\/sites\/8\/2025\/08\/Ca-de-300M-d_euros_2.jpg 150w, https:\/\/frenehard-michaux.eu\/wp-content\/uploads\/sites\/8\/2025\/08\/Ca-de-300M-d_euros_2-100x100.jpg 100w\" sizes=\"auto, (max-width: 150px) 100vw, 150px\" \/><\/a><\/figure>\n\n\n\n<p class=\"has-text-align-center\"><strong>Omzet van \u20ac 300.000<\/strong><\/p>\n<\/div>\n\n\n\n<div class=\"wp-block-column is-layout-flow wp-block-column-is-layout-flow\">\n<figure class=\"wp-block-image aligncenter size-full is-resized\"><a href=\"https:\/\/frenehard-michaux.eu\/wp-content\/uploads\/sites\/8\/2025\/08\/Presence-dans-plus-de-70-pays_2.png\"><img loading=\"lazy\" decoding=\"async\" width=\"150\" height=\"150\" src=\"https:\/\/frenehard-michaux.eu\/wp-content\/uploads\/sites\/8\/2025\/08\/Presence-dans-plus-de-70-pays_2.png\" alt=\"\" class=\"wp-image-1401\" style=\"width:110px;height:auto\" srcset=\"https:\/\/frenehard-michaux.eu\/wp-content\/uploads\/sites\/8\/2025\/08\/Presence-dans-plus-de-70-pays_2.png 150w, https:\/\/frenehard-michaux.eu\/wp-content\/uploads\/sites\/8\/2025\/08\/Presence-dans-plus-de-70-pays_2-100x100.png 100w\" sizes=\"auto, (max-width: 150px) 100vw, 150px\" \/><\/a><\/figure>\n\n\n\n<p class=\"has-text-align-center\"><strong>Aanwezig in meer dan 70 landen<\/strong><\/p>\n<\/div>\n<\/div>\n\n<h3 class=\"wp-block-heading has-mycms-ardoise-color has-text-color has-link-color wp-elements-6445ba16b104b2a8e83a6a0191bc1d60\" id=\"nos-missions\">Onze missies<\/h3>\n\n<div class=\"wp-block-columns is-layout-flex wp-container-core-columns-is-layout-9d6595d7 wp-block-columns-is-layout-flex\">\n<div class=\"wp-block-column is-layout-flow wp-block-column-is-layout-flow\">\n<p>Alle bedrijven van de Groep delen dezelfde industri\u00eble traditie, uitgebreide expertise in aluminium en staal en hetzelfde idee van hoogte (lichte toegangsproducten, vaste steigers, collectieve en individuele bescherming, dakaccessoires).<\/p>\n\n\n\n<p>Onze Groep is gespecialiseerd in twee belangrijke toepassingsgebieden:<\/p>\n\n\n\n<ul class=\"wp-block-list\">\n<li><strong>Daken en bevestigingen (gootbeslag, dakbeslag en valbeveiliging: dakankers, veiligheidshaken).<\/strong><\/li>\n\n\n\n<li><strong>La Hauteur en Confiance\u00ae (valbeveiliging en oplossingen voor het betreden van en werken op hoogte).<\/strong><\/li>\n<\/ul>\n\n\n\n<p>Met een sterke Europese aanwezigheid heeft onze Groep de middelen om haar ambities waar te maken: onze klanten in Europa precies de producten leveren die ze nodig hebben.<\/p>\n<\/div>\n\n\n\n<div class=\"wp-block-column is-layout-flow wp-block-column-is-layout-flow\">\n<figure class=\"wp-block-image size-full is-resized\"><a href=\"https:\/\/frenehard-michaux.eu\/wp-content\/uploads\/sites\/8\/2025\/09\/Capture.png\"><img loading=\"lazy\" decoding=\"async\" width=\"596\" height=\"445\" src=\"https:\/\/frenehard-michaux.eu\/wp-content\/uploads\/sites\/8\/2025\/09\/Capture.png\" alt=\"\" class=\"wp-image-1751\" style=\"width:477px;height:auto\" srcset=\"https:\/\/frenehard-michaux.eu\/wp-content\/uploads\/sites\/8\/2025\/09\/Capture.png 596w, https:\/\/frenehard-michaux.eu\/wp-content\/uploads\/sites\/8\/2025\/09\/Capture-300x224.png 300w, https:\/\/frenehard-michaux.eu\/wp-content\/uploads\/sites\/8\/2025\/09\/Capture-150x112.png 150w, https:\/\/frenehard-michaux.eu\/wp-content\/uploads\/sites\/8\/2025\/09\/Capture-395x295.png 395w\" sizes=\"auto, (max-width: 596px) 100vw, 596px\" \/><\/a><\/figure>\n<\/div>\n<\/div>\n\n<div style=\"height:103px\" aria-hidden=\"true\" class=\"wp-block-spacer\"><\/div>\n<section class=\"mycms-content-wrapper mycms-grid-row--centered  mediatitlelist\">\n    <div class=\"mycms-mediatitlelist mycms-grid-row mycms-list--unstyled\">\n        <img loading=\"lazy\" decoding=\"async\" width=\"541\" height=\"360\" src=\"https:\/\/frenehard-michaux.eu\/wp-content\/uploads\/sites\/8\/2025\/08\/Nos-valeurs-541x360.jpg\" class=\"attachment-mediatitlelist size-mediatitlelist\" alt=\"\" srcset=\"https:\/\/frenehard-michaux.eu\/wp-content\/uploads\/sites\/8\/2025\/08\/Nos-valeurs-541x360.jpg 541w, https:\/\/frenehard-michaux.eu\/wp-content\/uploads\/sites\/8\/2025\/08\/Nos-valeurs-300x200.jpg 300w, https:\/\/frenehard-michaux.eu\/wp-content\/uploads\/sites\/8\/2025\/08\/Nos-valeurs-1024x683.jpg 1024w, https:\/\/frenehard-michaux.eu\/wp-content\/uploads\/sites\/8\/2025\/08\/Nos-valeurs-768x512.jpg 768w, https:\/\/frenehard-michaux.eu\/wp-content\/uploads\/sites\/8\/2025\/08\/Nos-valeurs-1536x1024.jpg 1536w, https:\/\/frenehard-michaux.eu\/wp-content\/uploads\/sites\/8\/2025\/08\/Nos-valeurs-600x400.jpg 600w, https:\/\/frenehard-michaux.eu\/wp-content\/uploads\/sites\/8\/2025\/08\/Nos-valeurs-150x100.jpg 150w, https:\/\/frenehard-michaux.eu\/wp-content\/uploads\/sites\/8\/2025\/08\/Nos-valeurs-317x211.jpg 317w\" sizes=\"auto, (max-width: 541px) 100vw, 541px\" \/><div class=\"mycms-mediatitlelist--container mycms-grid-column-lg-6 mycms-grid-column-md-6 mycms-grid-column-sm-2 \"><h3 class=\"mycms-txt--h3 mycms-txt--color-onyx-light mycms-margin-bottom--30\">Onze visie<\/h3><ol class=\"mycms-mediatitlelist--list\"><li><span>Synergie\u00ebn cre\u00ebren tussen onze entiteiten om geweldige idee\u00ebn te laten ontstaan.<\/span><\/li><li><span>De kernactiviteiten van elk van onze bedrijven versterken.<\/span><\/li><li><span>Kapitaliseren op onze historische merken om nieuwe markten te veroveren.<\/span><\/li><li><span>Uitbreiding van de aanwezigheid van de Groep in de bouw- en industri\u00eble markten.<\/span><\/li><li><span>Onze R&amp;D-middelen bundelen om onze productreeksen te ontwikkelen.<\/span><\/li><\/ol><\/div>    <\/div>\n<\/section>\n\n<div style=\"height:52px\" aria-hidden=\"true\" class=\"wp-block-spacer\"><\/div>\n\n<h3 class=\"wp-block-heading has-text-align-center has-mycms-ardoise-color has-text-color has-link-color wp-elements-06c2aa3041530b2c5e6811f7dabb1571\" id=\"nos-valeurs-1\">Onze waarden<\/h3>\n\n<p class=\"has-text-align-center\">We hebben vijf waarden. Net als de vijf vingers van een hand zijn ze in actie. Onze waarden zijn activiteiten en worden logisch uitgedrukt door werkwoorden: luisteren, inzetten, innoveren, beschermen, groeien.<\/p>\n\n<div class=\"wp-block-columns is-style-nopadding is-layout-flex wp-container-core-columns-is-layout-9d6595d7 wp-block-columns-is-layout-flex\">\n<div class=\"wp-block-column has-background is-layout-flow wp-block-column-is-layout-flow\" style=\"background-color:#002e42\">\n<figure class=\"wp-block-image aligncenter size-full is-resized\"><a href=\"https:\/\/frenehard-michaux.eu\/wp-content\/uploads\/sites\/8\/2025\/08\/ecouter.svg\"><img decoding=\"async\" src=\"https:\/\/frenehard-michaux.eu\/wp-content\/uploads\/sites\/8\/2025\/08\/ecouter.svg\" alt=\"\" class=\"wp-image-1379\" style=\"width:50px\"\/><\/a><\/figure>\n\n\n\n<h4 class=\"wp-block-heading has-text-align-center has-mycms-white-color has-text-color has-link-color wp-elements-eafddfcfd90dc4b9577078cd227b296f\" id=\"ecouter\">Luister naar<\/h4>\n\n\n\n<p class=\"has-mycms-white-color has-text-color has-link-color wp-elements-544247bd0e03eafc8f0ae15cd9be1486\">Bij Fr\u00e9n\u00e9hard &amp; Michaux <strong>luisteren we naar onze klanten<\/strong>. We nemen de tijd om hun wensen te begrijpen, zodat we voor hen de producten en diensten van morgen kunnen bedenken.<\/p>\n\n\n\n<p class=\"has-mycms-white-color has-text-color has-link-color wp-elements-e375b06ec0c07036b2264e65ef9f5364\"><strong>Echt luisteren en altijd klaar staan om onze medewerkers en onze collega\u2019s te helpen<\/strong>, dat is onze solide basis voor een succesvolle samenwerking.<\/p>\n<\/div>\n\n\n\n<div class=\"wp-block-column has-background is-layout-flow wp-block-column-is-layout-flow\" style=\"background-color:#754595\">\n<figure class=\"wp-block-image aligncenter size-full is-resized\"><a href=\"https:\/\/frenehard-michaux.eu\/wp-content\/uploads\/sites\/8\/2025\/08\/s_engager.svg\"><img decoding=\"async\" src=\"https:\/\/frenehard-michaux.eu\/wp-content\/uploads\/sites\/8\/2025\/08\/s_engager.svg\" alt=\"\" class=\"wp-image-1380\" style=\"width:50px\"\/><\/a><\/figure>\n\n\n\n<h4 class=\"wp-block-heading has-text-align-center has-mycms-white-color has-text-color has-link-color wp-elements-0993d4ab4404dbb311929b09d5ad5117\" id=\"s-engager-1\">Inzetten<\/h4>\n\n\n\n<p class=\"has-mycms-white-color has-text-color has-link-color wp-elements-590cadfacae1de5ad24eaebf1a22354f\">Bij Fr\u00e9n\u00e9hard &amp; Michaux is <strong>het nakomen van onze beloftes<\/strong> voor iedereen van fundamenteel belang.<\/p>\n\n\n\n<p class=\"has-mycms-white-color has-text-color has-link-color wp-elements-aa2691d19190cbd52f0ec079e3e03e5a\">Wij stimuleren een cultuur van initiatief en verantwoordelijkheid, waarbij iedereen de plicht voelt om gemaakte afspraken na te komen, zowel tegenover elkaar als tegenover onze klanten en partners.<\/p>\n<\/div>\n\n\n\n<div class=\"wp-block-column has-background is-layout-flow wp-block-column-is-layout-flow\" style=\"background-color:#ee6700\">\n<figure class=\"wp-block-image aligncenter size-full is-resized\"><a href=\"https:\/\/frenehard-michaux.eu\/wp-content\/uploads\/sites\/8\/2025\/08\/innover.svg\"><img decoding=\"async\" src=\"https:\/\/frenehard-michaux.eu\/wp-content\/uploads\/sites\/8\/2025\/08\/innover.svg\" alt=\"\" class=\"wp-image-1382\" style=\"width:50px\"\/><\/a><\/figure>\n\n\n\n<h4 class=\"wp-block-heading has-text-align-center has-mycms-white-color has-text-color has-link-color wp-elements-1854faec3ff360d57751159f33e7e624\" id=\"innover\">Innoveren<\/h4>\n\n\n\n<p class=\"has-mycms-white-color has-text-color has-link-color wp-elements-692324357d2d5751200b45adb37773da\">Bij Fr\u00e9n\u00e9hard &amp; Michaux is <strong>innovatie de kern van onzeidentiteit<\/strong>. We werken nauw samen met onze klanten en onze omgeving om onze producten en processen te verbeteren.<\/p>\n\n\n\n<p class=\"has-mycms-white-color has-text-color has-link-color wp-elements-ec32e4c70afdb99540189dd1d3ecb1f5\"><strong>Wij moedigen initiatief aan en dagen onszelf uit<\/strong>, zowel als groep als individueel, om nieuwe idee\u00ebn te ontwikkelen.<\/p>\n<\/div>\n\n\n\n<div class=\"wp-block-column has-background is-layout-flow wp-block-column-is-layout-flow\" style=\"background-color:#fcd600\">\n<figure class=\"wp-block-image aligncenter size-full is-resized\"><a href=\"https:\/\/frenehard-michaux.eu\/wp-content\/uploads\/sites\/8\/2025\/08\/proteger.svg\"><img decoding=\"async\" src=\"https:\/\/frenehard-michaux.eu\/wp-content\/uploads\/sites\/8\/2025\/08\/proteger.svg\" alt=\"\" class=\"wp-image-1384\" style=\"width:50px\"\/><\/a><\/figure>\n\n\n\n<h4 class=\"wp-block-heading has-text-align-center has-mycms-white-color has-text-color has-link-color wp-elements-b7db58988d09c4cad5db4a90a8e46e7d\" id=\"proteger\">Beschermen<\/h4>\n\n\n\n<p class=\"has-mycms-white-color has-text-color has-link-color wp-elements-8fc2e2c9da3d72da903ade6c965f100e\">Bij Fr\u00e9n\u00e9hard &amp; Michaux richten we ons op kwaliteit om processen en producten te garanderen die de veiligheid verhogen<br\/>en de duurzaamheid van gebouwen te garanderen.<\/p>\n\n\n\n<p class=\"has-mycms-white-color has-text-color has-link-color wp-elements-a73e331d7a4fa30de0f8e9c27342a7a5\">Het betekent ook aandacht besteden aan de gezondheid en veiligheid van al onze werknemers.<\/p>\n<\/div>\n\n\n\n<div class=\"wp-block-column has-background is-layout-flow wp-block-column-is-layout-flow\" style=\"background-color:#8dbe22\">\n<figure class=\"wp-block-image aligncenter size-full is-resized\"><a href=\"https:\/\/frenehard-michaux.eu\/wp-content\/uploads\/sites\/8\/2025\/08\/s_elever.svg\"><img decoding=\"async\" src=\"https:\/\/frenehard-michaux.eu\/wp-content\/uploads\/sites\/8\/2025\/08\/s_elever.svg\" alt=\"\" class=\"wp-image-1383\" style=\"width:50px\"\/><\/a><\/figure>\n\n\n\n<h4 class=\"wp-block-heading has-text-align-center has-mycms-white-color has-text-color has-link-color wp-elements-97e64b4099f50f05fc6fe5296db3a46a\" id=\"s-elever\">Groeien<\/h4>\n\n\n\n<p class=\"has-mycms-white-color has-text-color has-link-color wp-elements-ea66b410c77abc8988a2ffeb580c390f\">Bij Fr\u00e9n\u00e9hard &amp; Michaux geloven we in de waarde van onze mensen.<br\/>Het bevorderen van persoonlijke ontwikkeling, competenties, positief gedrag en teamwork maken deel uit van onze cultuur.<\/p>\n\n\n\n<p class=\"has-mycms-white-color has-text-color has-link-color wp-elements-52e4ab04b37fc72f48018733c833362e\">Deze trots willen we delen met de buitenwereld door het profileren van onze merken, ons imago, onze fabrieken, en door de mannen en vrouwen te waarderen die dit succes mogelijk maken.<\/p>\n<\/div>\n<\/div>\n\n<div class=\"wp-block-columns is-layout-flex wp-container-core-columns-is-layout-9d6595d7 wp-block-columns-is-layout-flex\">\n<div class=\"wp-block-column is-layout-flow wp-block-column-is-layout-flow\"><\/div>\n<\/div>\n\n<div style=\"height:99px\" aria-hidden=\"true\" class=\"wp-block-spacer\"><\/div>\n\n<p><\/p>\n","protected":false},"excerpt":{"rendered":"<p>31 locaties in Europa Meer dan 1.200 werknemers Omzet van \u20ac 300.000 Aanwezig in meer dan 70 landen Onze missies Alle bedrijven van de Groep delen dezelfde industri\u00eble traditie, uitgebreide expertise in aluminium en staal en hetzelfde idee van hoogte (lichte toegangsproducten, vaste steigers, collectieve en individuele bescherming, dakaccessoires). Onze Groep is gespecialiseerd in twee [&hellip;]<\/p>\n","protected":false},"author":8,"featured_media":0,"parent":0,"menu_order":0,"comment_status":"closed","ping_status":"closed","template":"","meta":{"_acf_changed":false,"footnotes":""},"class_list":["post-2667","page","type-page","status-publish","hentry"],"acf":[],"yoast_head":"<!-- This site is optimized with the Yoast SEO plugin v27.3 - https:\/\/yoast.com\/product\/yoast-seo-wordpress\/ -->\n<title>Onze geschiedenis, onze waarden - Frenehard &amp; Michaux<\/title>\n<meta name=\"robots\" content=\"index, follow, max-snippet:-1, max-image-preview:large, max-video-preview:-1\" \/>\n<link rel=\"canonical\" href=\"https:\/\/frenehard-michaux.eu\/nl\/onze-geschiedenis-onze-waarden\/\" \/>\n<meta property=\"og:locale\" content=\"nl_NL\" \/>\n<meta property=\"og:type\" content=\"article\" \/>\n<meta property=\"og:title\" content=\"Onze geschiedenis, onze waarden - Frenehard &amp; Michaux\" \/>\n<meta property=\"og:description\" content=\"31 locaties in Europa Meer dan 1.200 werknemers Omzet van \u20ac 300.000 Aanwezig in meer dan 70 landen Onze missies Alle bedrijven van de Groep delen dezelfde industri\u00eble traditie, uitgebreide expertise in aluminium en staal en hetzelfde idee van hoogte (lichte toegangsproducten, vaste steigers, collectieve en individuele bescherming, dakaccessoires). Onze Groep is gespecialiseerd in twee [&hellip;]\" \/>\n<meta property=\"og:url\" content=\"https:\/\/frenehard-michaux.eu\/nl\/onze-geschiedenis-onze-waarden\/\" \/>\n<meta property=\"og:site_name\" content=\"Frenehard &amp; Michaux\" \/>\n<meta property=\"article:modified_time\" content=\"2025-11-19T10:47:55+00:00\" \/>\n<meta property=\"og:image\" content=\"https:\/\/frenehard-michaux.eu\/wp-content\/uploads\/sites\/8\/2025\/08\/Plus-de-22-sites-en-Europe.png\" \/>\n\t<meta property=\"og:image:width\" content=\"150\" \/>\n\t<meta property=\"og:image:height\" content=\"150\" \/>\n\t<meta property=\"og:image:type\" content=\"image\/png\" \/>\n<meta name=\"twitter:card\" content=\"summary_large_image\" \/>\n<meta name=\"twitter:label1\" content=\"Geschatte leestijd\" \/>\n\t<meta name=\"twitter:data1\" content=\"2 minuten\" \/>\n<script type=\"application\/ld+json\" class=\"yoast-schema-graph\">{\"@context\":\"https:\\\/\\\/schema.org\",\"@graph\":[{\"@type\":\"WebPage\",\"@id\":\"https:\\\/\\\/frenehard-michaux.eu\\\/nl\\\/onze-geschiedenis-onze-waarden\\\/\",\"url\":\"https:\\\/\\\/frenehard-michaux.eu\\\/nl\\\/onze-geschiedenis-onze-waarden\\\/\",\"name\":\"Onze geschiedenis, onze waarden - Frenehard &amp; Michaux\",\"isPartOf\":{\"@id\":\"https:\\\/\\\/frenehard-michaux.eu\\\/nl\\\/#website\"},\"primaryImageOfPage\":{\"@id\":\"https:\\\/\\\/frenehard-michaux.eu\\\/nl\\\/onze-geschiedenis-onze-waarden\\\/#primaryimage\"},\"image\":{\"@id\":\"https:\\\/\\\/frenehard-michaux.eu\\\/nl\\\/onze-geschiedenis-onze-waarden\\\/#primaryimage\"},\"thumbnailUrl\":\"https:\\\/\\\/frenehard-michaux.eu\\\/wp-content\\\/uploads\\\/sites\\\/8\\\/2025\\\/08\\\/Plus-de-22-sites-en-Europe.png\",\"datePublished\":\"2025-09-15T08:35:06+00:00\",\"dateModified\":\"2025-11-19T10:47:55+00:00\",\"breadcrumb\":{\"@id\":\"https:\\\/\\\/frenehard-michaux.eu\\\/nl\\\/onze-geschiedenis-onze-waarden\\\/#breadcrumb\"},\"inLanguage\":\"nl-NL\",\"potentialAction\":[{\"@type\":\"ReadAction\",\"target\":[\"https:\\\/\\\/frenehard-michaux.eu\\\/nl\\\/onze-geschiedenis-onze-waarden\\\/\"]}]},{\"@type\":\"ImageObject\",\"inLanguage\":\"nl-NL\",\"@id\":\"https:\\\/\\\/frenehard-michaux.eu\\\/nl\\\/onze-geschiedenis-onze-waarden\\\/#primaryimage\",\"url\":\"https:\\\/\\\/frenehard-michaux.eu\\\/wp-content\\\/uploads\\\/sites\\\/8\\\/2025\\\/08\\\/Plus-de-22-sites-en-Europe.png\",\"contentUrl\":\"https:\\\/\\\/frenehard-michaux.eu\\\/wp-content\\\/uploads\\\/sites\\\/8\\\/2025\\\/08\\\/Plus-de-22-sites-en-Europe.png\"},{\"@type\":\"BreadcrumbList\",\"@id\":\"https:\\\/\\\/frenehard-michaux.eu\\\/nl\\\/onze-geschiedenis-onze-waarden\\\/#breadcrumb\",\"itemListElement\":[{\"@type\":\"ListItem\",\"position\":1,\"name\":\"Accueil\",\"item\":\"https:\\\/\\\/frenehard-michaux.eu\\\/nl\\\/accueil\\\/\"},{\"@type\":\"ListItem\",\"position\":2,\"name\":\"Onze geschiedenis, onze waarden\"}]},{\"@type\":\"WebSite\",\"@id\":\"https:\\\/\\\/frenehard-michaux.eu\\\/nl\\\/#website\",\"url\":\"https:\\\/\\\/frenehard-michaux.eu\\\/nl\\\/\",\"name\":\"Frenehard &amp; Michaux\",\"description\":\"\",\"publisher\":{\"@id\":\"https:\\\/\\\/frenehard-michaux.eu\\\/nl\\\/#organization\"},\"potentialAction\":[{\"@type\":\"SearchAction\",\"target\":{\"@type\":\"EntryPoint\",\"urlTemplate\":\"https:\\\/\\\/frenehard-michaux.eu\\\/nl\\\/?s={search_term_string}\"},\"query-input\":{\"@type\":\"PropertyValueSpecification\",\"valueRequired\":true,\"valueName\":\"search_term_string\"}}],\"inLanguage\":\"nl-NL\"},{\"@type\":\"Organization\",\"@id\":\"https:\\\/\\\/frenehard-michaux.eu\\\/nl\\\/#organization\",\"name\":\"Frenehard &amp; Michaux\",\"url\":\"https:\\\/\\\/frenehard-michaux.eu\\\/nl\\\/\",\"logo\":{\"@type\":\"ImageObject\",\"inLanguage\":\"nl-NL\",\"@id\":\"https:\\\/\\\/frenehard-michaux.eu\\\/nl\\\/#\\\/schema\\\/logo\\\/image\\\/\",\"url\":\"https:\\\/\\\/frenehard-michaux.eu\\\/wp-content\\\/uploads\\\/sites\\\/8\\\/2025\\\/09\\\/Frenehard-Michaux_RVB.svg\",\"contentUrl\":\"https:\\\/\\\/frenehard-michaux.eu\\\/wp-content\\\/uploads\\\/sites\\\/8\\\/2025\\\/09\\\/Frenehard-Michaux_RVB.svg\",\"caption\":\"Frenehard &amp; Michaux\"},\"image\":{\"@id\":\"https:\\\/\\\/frenehard-michaux.eu\\\/nl\\\/#\\\/schema\\\/logo\\\/image\\\/\"}}]}<\/script>\n<!-- \/ Yoast SEO plugin. -->","yoast_head_json":{"title":"Onze geschiedenis, onze waarden - Frenehard &amp; Michaux","robots":{"index":"index","follow":"follow","max-snippet":"max-snippet:-1","max-image-preview":"max-image-preview:large","max-video-preview":"max-video-preview:-1"},"canonical":"https:\/\/frenehard-michaux.eu\/nl\/onze-geschiedenis-onze-waarden\/","og_locale":"nl_NL","og_type":"article","og_title":"Onze geschiedenis, onze waarden - Frenehard &amp; Michaux","og_description":"31 locaties in Europa Meer dan 1.200 werknemers Omzet van \u20ac 300.000 Aanwezig in meer dan 70 landen Onze missies Alle bedrijven van de Groep delen dezelfde industri\u00eble traditie, uitgebreide expertise in aluminium en staal en hetzelfde idee van hoogte (lichte toegangsproducten, vaste steigers, collectieve en individuele bescherming, dakaccessoires). Onze Groep is gespecialiseerd in twee [&hellip;]","og_url":"https:\/\/frenehard-michaux.eu\/nl\/onze-geschiedenis-onze-waarden\/","og_site_name":"Frenehard &amp; Michaux","article_modified_time":"2025-11-19T10:47:55+00:00","og_image":[{"width":150,"height":150,"url":"https:\/\/frenehard-michaux.eu\/wp-content\/uploads\/sites\/8\/2025\/08\/Plus-de-22-sites-en-Europe.png","type":"image\/png"}],"twitter_card":"summary_large_image","twitter_misc":{"Geschatte leestijd":"2 minuten"},"schema":{"@context":"https:\/\/schema.org","@graph":[{"@type":"WebPage","@id":"https:\/\/frenehard-michaux.eu\/nl\/onze-geschiedenis-onze-waarden\/","url":"https:\/\/frenehard-michaux.eu\/nl\/onze-geschiedenis-onze-waarden\/","name":"Onze geschiedenis, onze waarden - Frenehard &amp; Michaux","isPartOf":{"@id":"https:\/\/frenehard-michaux.eu\/nl\/#website"},"primaryImageOfPage":{"@id":"https:\/\/frenehard-michaux.eu\/nl\/onze-geschiedenis-onze-waarden\/#primaryimage"},"image":{"@id":"https:\/\/frenehard-michaux.eu\/nl\/onze-geschiedenis-onze-waarden\/#primaryimage"},"thumbnailUrl":"https:\/\/frenehard-michaux.eu\/wp-content\/uploads\/sites\/8\/2025\/08\/Plus-de-22-sites-en-Europe.png","datePublished":"2025-09-15T08:35:06+00:00","dateModified":"2025-11-19T10:47:55+00:00","breadcrumb":{"@id":"https:\/\/frenehard-michaux.eu\/nl\/onze-geschiedenis-onze-waarden\/#breadcrumb"},"inLanguage":"nl-NL","potentialAction":[{"@type":"ReadAction","target":["https:\/\/frenehard-michaux.eu\/nl\/onze-geschiedenis-onze-waarden\/"]}]},{"@type":"ImageObject","inLanguage":"nl-NL","@id":"https:\/\/frenehard-michaux.eu\/nl\/onze-geschiedenis-onze-waarden\/#primaryimage","url":"https:\/\/frenehard-michaux.eu\/wp-content\/uploads\/sites\/8\/2025\/08\/Plus-de-22-sites-en-Europe.png","contentUrl":"https:\/\/frenehard-michaux.eu\/wp-content\/uploads\/sites\/8\/2025\/08\/Plus-de-22-sites-en-Europe.png"},{"@type":"BreadcrumbList","@id":"https:\/\/frenehard-michaux.eu\/nl\/onze-geschiedenis-onze-waarden\/#breadcrumb","itemListElement":[{"@type":"ListItem","position":1,"name":"Accueil","item":"https:\/\/frenehard-michaux.eu\/nl\/accueil\/"},{"@type":"ListItem","position":2,"name":"Onze geschiedenis, onze waarden"}]},{"@type":"WebSite","@id":"https:\/\/frenehard-michaux.eu\/nl\/#website","url":"https:\/\/frenehard-michaux.eu\/nl\/","name":"Frenehard &amp; Michaux","description":"","publisher":{"@id":"https:\/\/frenehard-michaux.eu\/nl\/#organization"},"potentialAction":[{"@type":"SearchAction","target":{"@type":"EntryPoint","urlTemplate":"https:\/\/frenehard-michaux.eu\/nl\/?s={search_term_string}"},"query-input":{"@type":"PropertyValueSpecification","valueRequired":true,"valueName":"search_term_string"}}],"inLanguage":"nl-NL"},{"@type":"Organization","@id":"https:\/\/frenehard-michaux.eu\/nl\/#organization","name":"Frenehard &amp; Michaux","url":"https:\/\/frenehard-michaux.eu\/nl\/","logo":{"@type":"ImageObject","inLanguage":"nl-NL","@id":"https:\/\/frenehard-michaux.eu\/nl\/#\/schema\/logo\/image\/","url":"https:\/\/frenehard-michaux.eu\/wp-content\/uploads\/sites\/8\/2025\/09\/Frenehard-Michaux_RVB.svg","contentUrl":"https:\/\/frenehard-michaux.eu\/wp-content\/uploads\/sites\/8\/2025\/09\/Frenehard-Michaux_RVB.svg","caption":"Frenehard &amp; Michaux"},"image":{"@id":"https:\/\/frenehard-michaux.eu\/nl\/#\/schema\/logo\/image\/"}}]}},"_links":{"self":[{"href":"https:\/\/frenehard-michaux.eu\/nl\/wp-json\/wp\/v2\/pages\/2667","targetHints":{"allow":["GET"]}}],"collection":[{"href":"https:\/\/frenehard-michaux.eu\/nl\/wp-json\/wp\/v2\/pages"}],"about":[{"href":"https:\/\/frenehard-michaux.eu\/nl\/wp-json\/wp\/v2\/types\/page"}],"author":[{"embeddable":true,"href":"https:\/\/frenehard-michaux.eu\/nl\/wp-json\/wp\/v2\/users\/8"}],"replies":[{"embeddable":true,"href":"https:\/\/frenehard-michaux.eu\/nl\/wp-json\/wp\/v2\/comments?post=2667"}],"version-history":[{"count":3,"href":"https:\/\/frenehard-michaux.eu\/nl\/wp-json\/wp\/v2\/pages\/2667\/revisions"}],"predecessor-version":[{"id":3025,"href":"https:\/\/frenehard-michaux.eu\/nl\/wp-json\/wp\/v2\/pages\/2667\/revisions\/3025"}],"wp:attachment":[{"href":"https:\/\/frenehard-michaux.eu\/nl\/wp-json\/wp\/v2\/media?parent=2667"}],"curies":[{"name":"wp","href":"https:\/\/api.w.org\/{rel}","templated":true}]}}