{"id":2655,"date":"2025-09-15T10:20:22","date_gmt":"2025-09-15T08:20:22","guid":{"rendered":"https:\/\/frenehard-michaux.eu\/onze-hr-beloftes-ter-ondersteuning-van-mvo\/"},"modified":"2025-11-19T11:47:46","modified_gmt":"2025-11-19T10:47:46","slug":"onze-hr-beloftes-ter-ondersteuning-van-mvo","status":"publish","type":"page","link":"https:\/\/frenehard-michaux.eu\/nl\/onze-hr-beloftes-ter-ondersteuning-van-mvo\/","title":{"rendered":"Onze HR-beloftes ter ondersteuning van MVO"},"content":{"rendered":"\n<p>Bij Fr\u00e9n\u00e9hard &amp; Michaux sluit ons Human Resources-beleid volledig aan bij de engagementen in ons extra-financieel verslag 2024. In onze strategie staan <strong>mensen, sociale verantwoordelijkheid en duurzame ontwikkeling<\/strong> centraal. Concreet betekent dit een ambitieus opleidingsbeleid, ondersteuning van de professionele ontwikkeling van onze werknemers, de bevordering van diversiteit en gelijke kansen en een respectvolle en veilige werkomgeving.<\/p>\n\n<div class=\"wp-block-columns is-layout-flex wp-container-core-columns-is-layout-9d6595d7 wp-block-columns-is-layout-flex\">\n<div class=\"wp-block-column is-layout-flow wp-block-column-is-layout-flow\"><section class=\"section-group section-mycms-orange-background-color\">\n<div class=\"wp-block-group has-mycms-orange-background-color has-background is-layout-constrained wp-block-group-is-layout-constrained\">\n<h2 class=\"wp-block-heading is-style-h5 has-mycms-white-color has-text-color has-link-color wp-elements-0fdd0758321f391db9a08a1326675a86\" id=\"1-le-teletravail\"><strong>1. Telewerken <\/strong><\/h2>\n\n\n\n<p class=\"has-mycms-white-color has-text-color has-link-color wp-elements-5af9da8fee1bba5f60373c49043e9570\">Het welzijn van onze werknemers is een van onze prioriteiten en we doen er alles aan om hen te helpen optimaal te werken. Onze visie op telewerken is een win-winsituatie voor zowel het bedrijf als de werknemer. Daarom bieden we een telewerkregeling die kan worden beoordeeld en aangepast aan elke functie, zodat onze werknemers hun werk en priv\u00e9leven in harmonie kunnen combineren.<\/p>\n<\/div>\n<\/section>\n\n\n<div style=\"height:49px\" aria-hidden=\"true\" class=\"wp-block-spacer\"><\/div>\n<\/div>\n\n\n\n<div class=\"wp-block-column is-layout-flow wp-block-column-is-layout-flow\"><section class=\"section-group section-mycms-ocre-background-color\">\n<div class=\"wp-block-group has-mycms-ocre-background-color has-background is-layout-constrained wp-block-group-is-layout-constrained\">\n<h2 class=\"wp-block-heading is-style-h5 has-mycms-white-color has-text-color has-link-color wp-elements-6e551b3aa17f85556c4b23517719094d\" id=\"1-le-teletravail\"><strong>2. Een dynamisch en verbindend integratieprogramma <\/strong><\/h2>\n\n\n\n<p class=\"has-mycms-white-color has-text-color has-link-color wp-elements-ae2a0e75870dc83cc5bf23e9f662a85c\">Wanneer ze bij de Groep in dienst treden, krijgen alle werknemers een introductieprogramma om hen te helpen de beschikbare diensten binnen hun eigen bedrijf of binnen de verschillende bedrijven van de Groep te ontdekken. Een introductiecheck-up, regelmatige gesprekken met de lokale manager en een introductiedag voor alle nieuwkomers worden opgezet om elke nieuwe medewerker de best mogelijke ondersteuning te bieden.<\/p>\n<\/div>\n<\/section>\n\n\n<div style=\"height:49px\" aria-hidden=\"true\" class=\"wp-block-spacer\"><\/div>\n<\/div>\n<\/div>\n\n<div class=\"wp-block-columns is-layout-flex wp-container-core-columns-is-layout-9d6595d7 wp-block-columns-is-layout-flex\">\n<div class=\"wp-block-column is-layout-flow wp-block-column-is-layout-flow\"><section class=\"section-group section-mycms-topaze-background-color\">\n<div class=\"wp-block-group has-mycms-topaze-background-color has-background is-layout-constrained wp-block-group-is-layout-constrained\">\n<h2 class=\"wp-block-heading is-style-h5 has-mycms-white-color has-text-color has-link-color wp-elements-9e93fd90407c62b2bc4ac1aae7476e4c\" id=\"1-le-teletravail\"><strong>3. De gendergelijkheidsindex <\/strong><\/h2>\n\n\n\n<p class=\"has-mycms-white-color has-text-color has-link-color wp-elements-8d56f8e6b716639fd763c39bde0b4681\">Onze knowhow en expertise zijn gebaseerd op onze mensen, die een van onze belangrijkste activa zijn. Elke medewerker draagt bij aan onze collectieve prestaties en aan de volledige tevredenheid van onze klanten. De index wordt gebruikt in alle Franse bedrijven met meer dan 50 werknemers.<\/p>\n\n\n\n<div style=\"height:34px\" aria-hidden=\"true\" class=\"wp-block-spacer\"><\/div>\n<\/div>\n<\/section>\n\n\n<div style=\"height:49px\" aria-hidden=\"true\" class=\"wp-block-spacer\"><\/div>\n<\/div>\n\n\n\n<div class=\"wp-block-column is-layout-flow wp-block-column-is-layout-flow\"><section class=\"section-group section-mycms-zinc-background-color\">\n<div class=\"wp-block-group has-mycms-zinc-background-color has-background is-layout-constrained wp-block-group-is-layout-constrained\">\n<h2 class=\"wp-block-heading is-style-h5 has-mycms-white-color has-text-color has-link-color wp-elements-248a6c371b128c3d428c0b7ed597a8a3\" id=\"1-le-teletravail\"><strong>4.<\/strong> <strong>Diversiteit<\/strong><\/h2>\n\n\n\n<p class=\"has-mycms-white-color has-text-color has-link-color wp-elements-dfbae0fc9dc7515465469867cca2c118\">Wij geloven dat elk persoon uniek en belangrijk is. We waarderen verschillen en geloven in gelijke kansen voor iedereen, overal. Daartoe moedigt de Groep diversiteit binnen haar teams aan en streeft ze naar een inclusieve cultuur waarin elke werknemer wordt gewaardeerd om zijn of haar gevarieerde kennis, vaardigheden en ervaring. <\/p>\n\n\n\n<div style=\"height:2px\" aria-hidden=\"true\" class=\"wp-block-spacer\"><\/div>\n<\/div>\n<\/section>\n\n\n<div style=\"height:49px\" aria-hidden=\"true\" class=\"wp-block-spacer\"><\/div>\n<\/div>\n<\/div>\n\n<div class=\"wp-block-columns is-layout-flex wp-container-core-columns-is-layout-9d6595d7 wp-block-columns-is-layout-flex\">\n<div class=\"wp-block-column is-layout-flow wp-block-column-is-layout-flow\"><section class=\"section-group section-mycms-ciel-background-color\">\n<div class=\"wp-block-group has-mycms-ciel-background-color has-background is-layout-constrained wp-block-group-is-layout-constrained\">\n<h2 class=\"wp-block-heading is-style-h5\" id=\"1-le-teletravail\"><strong>5. Ontwikkeling van vaardigheden<\/strong><\/h2>\n\n\n\n<p class=\"has-mycms-white-color has-text-color has-link-color wp-elements-b4c0b7157ef0c30d4ef3fae23c982004\">Bij Fr\u00e9n\u00e9hard &amp; Michaux is de ontwikkeling van je carri\u00e8re een van onze prioriteiten. We ondersteunen onze werknemers bij het ontwikkelen van hun vaardigheden door middel van gestructureerde opleidings- en ontwikkelingsprogramma&#8217;s. Tijdens regelmatige bijeenkomsten met je manager kun je de balans opmaken van je carri\u00e8re binnen onze omgeving. Door te kiezen voor Fr\u00e9n\u00e9hard &amp; Michaux, kiest u voor een groep die resoluut gericht is op de toekomst.<\/p>\n<\/div>\n<\/section><\/div>\n\n\n\n<div class=\"wp-block-column is-layout-flow wp-block-column-is-layout-flow\"><section class=\"section-group section-mycms-petrole-background-color\">\n<div class=\"wp-block-group has-mycms-petrole-background-color has-background is-layout-constrained wp-block-group-is-layout-constrained\">\n<h2 class=\"wp-block-heading is-style-h5 has-mycms-white-color has-text-color has-link-color wp-elements-4fbc71442953b538cbf70ac51a7cf2ff\" id=\"1-le-teletravail\"><strong>6.<\/strong> <strong>Extra-financieel verslag 2024<\/strong><\/h2>\n\n\n\n<p class=\"has-mycms-white-color has-text-color has-link-color wp-elements-e857545555b53fb81eb614d561352567\">De fundamentele missie van Fr\u00e9n\u00e9hard &amp; Michaux is om haar klanten, zowel professionals als particulieren, te bedienen met de beste producten en oplossingen op maat van hun behoeften. Om uit te blinken in deze missie, heeft Fr\u00e9n\u00e9hard &amp; Michaux in het hart van haar beheer een samenhang geplaatst tussen: haar waarden en haar missie haar acties en een verantwoordelijke inzet voor haar personeel, haar partners en haar externe omgeving.<\/p>\n\n\n\n<div style=\"height:2px\" aria-hidden=\"true\" class=\"wp-block-spacer\"><\/div>\n<\/div>\n<\/section><\/div>\n<\/div>\n\n<div style=\"height:75px\" aria-hidden=\"true\" class=\"wp-block-spacer\"><\/div>\n\n<p><\/p>\n","protected":false},"excerpt":{"rendered":"<p>Bij Fr\u00e9n\u00e9hard &amp; Michaux sluit ons Human Resources-beleid volledig aan bij de engagementen in ons extra-financieel verslag 2024. In onze strategie staan mensen, sociale verantwoordelijkheid en duurzame ontwikkeling centraal. Concreet betekent dit een ambitieus opleidingsbeleid, ondersteuning van de professionele ontwikkeling van onze werknemers, de bevordering van diversiteit en gelijke kansen en een respectvolle en veilige [&hellip;]<\/p>\n","protected":false},"author":8,"featured_media":0,"parent":0,"menu_order":0,"comment_status":"closed","ping_status":"closed","template":"","meta":{"_acf_changed":false,"footnotes":""},"class_list":["post-2655","page","type-page","status-publish","hentry"],"acf":[],"yoast_head":"<!-- This site is optimized with the Yoast SEO plugin v27.3 - https:\/\/yoast.com\/product\/yoast-seo-wordpress\/ -->\n<title>Onze HR-beloftes ter ondersteuning van MVO - Frenehard &amp; Michaux<\/title>\n<meta name=\"robots\" content=\"index, follow, max-snippet:-1, max-image-preview:large, max-video-preview:-1\" \/>\n<link rel=\"canonical\" href=\"https:\/\/frenehard-michaux.eu\/nl\/onze-hr-beloftes-ter-ondersteuning-van-mvo\/\" \/>\n<meta property=\"og:locale\" content=\"nl_NL\" \/>\n<meta property=\"og:type\" content=\"article\" \/>\n<meta property=\"og:title\" content=\"Onze HR-beloftes ter ondersteuning van MVO - Frenehard &amp; Michaux\" \/>\n<meta property=\"og:description\" content=\"Bij Fr\u00e9n\u00e9hard &amp; Michaux sluit ons Human Resources-beleid volledig aan bij de engagementen in ons extra-financieel verslag 2024. In onze strategie staan mensen, sociale verantwoordelijkheid en duurzame ontwikkeling centraal. Concreet betekent dit een ambitieus opleidingsbeleid, ondersteuning van de professionele ontwikkeling van onze werknemers, de bevordering van diversiteit en gelijke kansen en een respectvolle en veilige [&hellip;]\" \/>\n<meta property=\"og:url\" content=\"https:\/\/frenehard-michaux.eu\/nl\/onze-hr-beloftes-ter-ondersteuning-van-mvo\/\" \/>\n<meta property=\"og:site_name\" content=\"Frenehard &amp; Michaux\" \/>\n<meta property=\"article:modified_time\" content=\"2025-11-19T10:47:46+00:00\" \/>\n<meta name=\"twitter:card\" content=\"summary_large_image\" \/>\n<meta name=\"twitter:label1\" content=\"Geschatte leestijd\" \/>\n\t<meta name=\"twitter:data1\" content=\"2 minuten\" \/>\n<script type=\"application\/ld+json\" class=\"yoast-schema-graph\">{\"@context\":\"https:\\\/\\\/schema.org\",\"@graph\":[{\"@type\":\"WebPage\",\"@id\":\"https:\\\/\\\/frenehard-michaux.eu\\\/nl\\\/onze-hr-beloftes-ter-ondersteuning-van-mvo\\\/\",\"url\":\"https:\\\/\\\/frenehard-michaux.eu\\\/nl\\\/onze-hr-beloftes-ter-ondersteuning-van-mvo\\\/\",\"name\":\"Onze HR-beloftes ter ondersteuning van MVO - Frenehard &amp; Michaux\",\"isPartOf\":{\"@id\":\"https:\\\/\\\/frenehard-michaux.eu\\\/nl\\\/#website\"},\"datePublished\":\"2025-09-15T08:20:22+00:00\",\"dateModified\":\"2025-11-19T10:47:46+00:00\",\"breadcrumb\":{\"@id\":\"https:\\\/\\\/frenehard-michaux.eu\\\/nl\\\/onze-hr-beloftes-ter-ondersteuning-van-mvo\\\/#breadcrumb\"},\"inLanguage\":\"nl-NL\",\"potentialAction\":[{\"@type\":\"ReadAction\",\"target\":[\"https:\\\/\\\/frenehard-michaux.eu\\\/nl\\\/onze-hr-beloftes-ter-ondersteuning-van-mvo\\\/\"]}]},{\"@type\":\"BreadcrumbList\",\"@id\":\"https:\\\/\\\/frenehard-michaux.eu\\\/nl\\\/onze-hr-beloftes-ter-ondersteuning-van-mvo\\\/#breadcrumb\",\"itemListElement\":[{\"@type\":\"ListItem\",\"position\":1,\"name\":\"Accueil\",\"item\":\"https:\\\/\\\/frenehard-michaux.eu\\\/nl\\\/accueil\\\/\"},{\"@type\":\"ListItem\",\"position\":2,\"name\":\"Onze HR-beloftes ter ondersteuning van MVO\"}]},{\"@type\":\"WebSite\",\"@id\":\"https:\\\/\\\/frenehard-michaux.eu\\\/nl\\\/#website\",\"url\":\"https:\\\/\\\/frenehard-michaux.eu\\\/nl\\\/\",\"name\":\"Frenehard &amp; Michaux\",\"description\":\"\",\"publisher\":{\"@id\":\"https:\\\/\\\/frenehard-michaux.eu\\\/nl\\\/#organization\"},\"potentialAction\":[{\"@type\":\"SearchAction\",\"target\":{\"@type\":\"EntryPoint\",\"urlTemplate\":\"https:\\\/\\\/frenehard-michaux.eu\\\/nl\\\/?s={search_term_string}\"},\"query-input\":{\"@type\":\"PropertyValueSpecification\",\"valueRequired\":true,\"valueName\":\"search_term_string\"}}],\"inLanguage\":\"nl-NL\"},{\"@type\":\"Organization\",\"@id\":\"https:\\\/\\\/frenehard-michaux.eu\\\/nl\\\/#organization\",\"name\":\"Frenehard &amp; Michaux\",\"url\":\"https:\\\/\\\/frenehard-michaux.eu\\\/nl\\\/\",\"logo\":{\"@type\":\"ImageObject\",\"inLanguage\":\"nl-NL\",\"@id\":\"https:\\\/\\\/frenehard-michaux.eu\\\/nl\\\/#\\\/schema\\\/logo\\\/image\\\/\",\"url\":\"https:\\\/\\\/frenehard-michaux.eu\\\/wp-content\\\/uploads\\\/sites\\\/8\\\/2025\\\/09\\\/Frenehard-Michaux_RVB.svg\",\"contentUrl\":\"https:\\\/\\\/frenehard-michaux.eu\\\/wp-content\\\/uploads\\\/sites\\\/8\\\/2025\\\/09\\\/Frenehard-Michaux_RVB.svg\",\"caption\":\"Frenehard &amp; Michaux\"},\"image\":{\"@id\":\"https:\\\/\\\/frenehard-michaux.eu\\\/nl\\\/#\\\/schema\\\/logo\\\/image\\\/\"}}]}<\/script>\n<!-- \/ Yoast SEO plugin. -->","yoast_head_json":{"title":"Onze HR-beloftes ter ondersteuning van MVO - Frenehard &amp; Michaux","robots":{"index":"index","follow":"follow","max-snippet":"max-snippet:-1","max-image-preview":"max-image-preview:large","max-video-preview":"max-video-preview:-1"},"canonical":"https:\/\/frenehard-michaux.eu\/nl\/onze-hr-beloftes-ter-ondersteuning-van-mvo\/","og_locale":"nl_NL","og_type":"article","og_title":"Onze HR-beloftes ter ondersteuning van MVO - Frenehard &amp; Michaux","og_description":"Bij Fr\u00e9n\u00e9hard &amp; Michaux sluit ons Human Resources-beleid volledig aan bij de engagementen in ons extra-financieel verslag 2024. In onze strategie staan mensen, sociale verantwoordelijkheid en duurzame ontwikkeling centraal. Concreet betekent dit een ambitieus opleidingsbeleid, ondersteuning van de professionele ontwikkeling van onze werknemers, de bevordering van diversiteit en gelijke kansen en een respectvolle en veilige [&hellip;]","og_url":"https:\/\/frenehard-michaux.eu\/nl\/onze-hr-beloftes-ter-ondersteuning-van-mvo\/","og_site_name":"Frenehard &amp; Michaux","article_modified_time":"2025-11-19T10:47:46+00:00","twitter_card":"summary_large_image","twitter_misc":{"Geschatte leestijd":"2 minuten"},"schema":{"@context":"https:\/\/schema.org","@graph":[{"@type":"WebPage","@id":"https:\/\/frenehard-michaux.eu\/nl\/onze-hr-beloftes-ter-ondersteuning-van-mvo\/","url":"https:\/\/frenehard-michaux.eu\/nl\/onze-hr-beloftes-ter-ondersteuning-van-mvo\/","name":"Onze HR-beloftes ter ondersteuning van MVO - Frenehard &amp; Michaux","isPartOf":{"@id":"https:\/\/frenehard-michaux.eu\/nl\/#website"},"datePublished":"2025-09-15T08:20:22+00:00","dateModified":"2025-11-19T10:47:46+00:00","breadcrumb":{"@id":"https:\/\/frenehard-michaux.eu\/nl\/onze-hr-beloftes-ter-ondersteuning-van-mvo\/#breadcrumb"},"inLanguage":"nl-NL","potentialAction":[{"@type":"ReadAction","target":["https:\/\/frenehard-michaux.eu\/nl\/onze-hr-beloftes-ter-ondersteuning-van-mvo\/"]}]},{"@type":"BreadcrumbList","@id":"https:\/\/frenehard-michaux.eu\/nl\/onze-hr-beloftes-ter-ondersteuning-van-mvo\/#breadcrumb","itemListElement":[{"@type":"ListItem","position":1,"name":"Accueil","item":"https:\/\/frenehard-michaux.eu\/nl\/accueil\/"},{"@type":"ListItem","position":2,"name":"Onze HR-beloftes ter ondersteuning van MVO"}]},{"@type":"WebSite","@id":"https:\/\/frenehard-michaux.eu\/nl\/#website","url":"https:\/\/frenehard-michaux.eu\/nl\/","name":"Frenehard &amp; Michaux","description":"","publisher":{"@id":"https:\/\/frenehard-michaux.eu\/nl\/#organization"},"potentialAction":[{"@type":"SearchAction","target":{"@type":"EntryPoint","urlTemplate":"https:\/\/frenehard-michaux.eu\/nl\/?s={search_term_string}"},"query-input":{"@type":"PropertyValueSpecification","valueRequired":true,"valueName":"search_term_string"}}],"inLanguage":"nl-NL"},{"@type":"Organization","@id":"https:\/\/frenehard-michaux.eu\/nl\/#organization","name":"Frenehard &amp; Michaux","url":"https:\/\/frenehard-michaux.eu\/nl\/","logo":{"@type":"ImageObject","inLanguage":"nl-NL","@id":"https:\/\/frenehard-michaux.eu\/nl\/#\/schema\/logo\/image\/","url":"https:\/\/frenehard-michaux.eu\/wp-content\/uploads\/sites\/8\/2025\/09\/Frenehard-Michaux_RVB.svg","contentUrl":"https:\/\/frenehard-michaux.eu\/wp-content\/uploads\/sites\/8\/2025\/09\/Frenehard-Michaux_RVB.svg","caption":"Frenehard &amp; Michaux"},"image":{"@id":"https:\/\/frenehard-michaux.eu\/nl\/#\/schema\/logo\/image\/"}}]}},"_links":{"self":[{"href":"https:\/\/frenehard-michaux.eu\/nl\/wp-json\/wp\/v2\/pages\/2655","targetHints":{"allow":["GET"]}}],"collection":[{"href":"https:\/\/frenehard-michaux.eu\/nl\/wp-json\/wp\/v2\/pages"}],"about":[{"href":"https:\/\/frenehard-michaux.eu\/nl\/wp-json\/wp\/v2\/types\/page"}],"author":[{"embeddable":true,"href":"https:\/\/frenehard-michaux.eu\/nl\/wp-json\/wp\/v2\/users\/8"}],"replies":[{"embeddable":true,"href":"https:\/\/frenehard-michaux.eu\/nl\/wp-json\/wp\/v2\/comments?post=2655"}],"version-history":[{"count":3,"href":"https:\/\/frenehard-michaux.eu\/nl\/wp-json\/wp\/v2\/pages\/2655\/revisions"}],"predecessor-version":[{"id":3016,"href":"https:\/\/frenehard-michaux.eu\/nl\/wp-json\/wp\/v2\/pages\/2655\/revisions\/3016"}],"wp:attachment":[{"href":"https:\/\/frenehard-michaux.eu\/nl\/wp-json\/wp\/v2\/media?parent=2655"}],"curies":[{"name":"wp","href":"https:\/\/api.w.org\/{rel}","templated":true}]}}