{"id":2675,"date":"2025-09-15T10:50:26","date_gmt":"2025-09-15T08:50:26","guid":{"rendered":"https:\/\/frenehard-michaux.eu\/approccio-rsi\/"},"modified":"2025-11-19T14:48:25","modified_gmt":"2025-11-19T13:48:25","slug":"approccio-rsi","status":"publish","type":"page","link":"https:\/\/frenehard-michaux.eu\/it\/approccio-rsi\/","title":{"rendered":"Approccio RSI"},"content":{"rendered":"<section class=\"section-group section-mycms-ardoise-background-color\">\n<div class=\"wp-block-group has-mycms-ardoise-background-color has-background is-layout-constrained wp-block-group-is-layout-constrained\">\n<div class=\"wp-block-columns alignwide are-vertically-aligned-center has-mycms-ardoise-background-color has-background is-layout-flex wp-container-core-columns-is-layout-9d6595d7 wp-block-columns-is-layout-flex\">\n<div class=\"wp-block-column is-vertically-aligned-center has-mycms-ardoise-background-color has-background is-layout-flow wp-block-column-is-layout-flow\">\n<h4 class=\"wp-block-heading has-mycms-white-color has-text-color has-link-color wp-elements-85a6820877b9b7a115fd588118f147e6\" id=\"notre-demarche-rsedecouvrez-la-feuille-de-route-du-groupe-dans-le-domaine-de-la-rse-pour-les-annees-2023-2026\"><strong>Scopri la tabella di marcia RSI del gruppo per il periodo 2023-2026<\/strong><\/h4>\n\n\n\n<p class=\"has-mycms-white-color has-text-color has-link-color wp-elements-4c8cda7e51652ce72440577a43f68622\">L&#8217;approccio si basa su 6 pilastri:<\/p>\n\n\n\n<p class=\"has-mycms-white-color has-text-color has-link-color wp-elements-bc952e6ad1c7c6e5c04796ce878fb767\">\u2022 Diritti umani<br>\u2022 Condizioni di lavoro<br>\u2022 Ambiente<br>\u2022 Buone pratiche <br>\u2022 Questioni relative a clienti e operatori<br>\u2022 Impegno sul territorio<\/p>\n\n\n\n<div class=\"wp-block-buttons is-layout-flex wp-block-buttons-is-layout-flex\">\n<div class=\"wp-block-button\"><a class=\"wp-block-button__link wp-element-button\" href=\"https:\/\/frenehard-michaux.eu\/wp-content\/uploads\/sites\/8\/2025\/11\/rapport-extra-financier-2024-FR_Frenehard-Michaux_EN.pdf\">Leggi la relazione extra-finanziaria<\/a><\/div>\n<\/div>\n<\/div>\n\n\n\n<div class=\"wp-block-column is-vertically-aligned-center has-mycms-ardoise-background-color has-background is-layout-flow wp-block-column-is-layout-flow\">\n<figure class=\"wp-block-embed is-type-video is-provider-youtube wp-block-embed-youtube wp-embed-aspect-16-9 wp-has-aspect-ratio\"><div class=\"wp-block-embed__wrapper\">\n<iframe loading=\"lazy\" title=\"Notre strat\u00e9gie RSE\" width=\"500\" height=\"281\" src=\"https:\/\/www.youtube.com\/embed\/gZFgDeMqR8o?feature=oembed\" frameborder=\"0\" allow=\"accelerometer; autoplay; clipboard-write; encrypted-media; gyroscope; picture-in-picture; web-share\" referrerpolicy=\"strict-origin-when-cross-origin\" allowfullscreen><\/iframe>\n<\/div><\/figure>\n<\/div>\n<\/div>\n<\/div>\n<\/section>\n\n\n<div style=\"height:80px\" aria-hidden=\"true\" class=\"wp-block-spacer\"><\/div>\n\n\n\n<div class=\"wp-block-columns is-layout-flex wp-container-core-columns-is-layout-9d6595d7 wp-block-columns-is-layout-flex\">\n<div class=\"wp-block-column is-layout-flow wp-block-column-is-layout-flow\">\n<figure class=\"wp-block-image size-large is-resized\"><a href=\"https:\/\/frenehard-michaux.eu\/wp-content\/uploads\/sites\/8\/2025\/09\/Zwolle-0165-scaled.jpg\"><img loading=\"lazy\" decoding=\"async\" width=\"1024\" height=\"683\" src=\"https:\/\/frenehard-michaux.eu\/wp-content\/uploads\/sites\/8\/2025\/09\/Zwolle-0165-1024x683.jpg\" alt=\"\" class=\"wp-image-1758\" style=\"width:514px;height:auto\" srcset=\"https:\/\/frenehard-michaux.eu\/wp-content\/uploads\/sites\/8\/2025\/09\/Zwolle-0165-1024x683.jpg 1024w, https:\/\/frenehard-michaux.eu\/wp-content\/uploads\/sites\/8\/2025\/09\/Zwolle-0165-300x200.jpg 300w, https:\/\/frenehard-michaux.eu\/wp-content\/uploads\/sites\/8\/2025\/09\/Zwolle-0165-768x512.jpg 768w, https:\/\/frenehard-michaux.eu\/wp-content\/uploads\/sites\/8\/2025\/09\/Zwolle-0165-1536x1024.jpg 1536w, https:\/\/frenehard-michaux.eu\/wp-content\/uploads\/sites\/8\/2025\/09\/Zwolle-0165-2048x1365.jpg 2048w, https:\/\/frenehard-michaux.eu\/wp-content\/uploads\/sites\/8\/2025\/09\/Zwolle-0165-600x400.jpg 600w, https:\/\/frenehard-michaux.eu\/wp-content\/uploads\/sites\/8\/2025\/09\/Zwolle-0165-150x100.jpg 150w, https:\/\/frenehard-michaux.eu\/wp-content\/uploads\/sites\/8\/2025\/09\/Zwolle-0165-541x360.jpg 541w, https:\/\/frenehard-michaux.eu\/wp-content\/uploads\/sites\/8\/2025\/09\/Zwolle-0165-317x211.jpg 317w\" sizes=\"auto, (max-width: 1024px) 100vw, 1024px\" \/><\/a><\/figure>\n<\/div>\n\n\n\n<div class=\"wp-block-column is-layout-flow wp-block-column-is-layout-flow\">\n<h2 class=\"wp-block-heading\" id=\"notre-politique-achat-responsable\">Politica di acquisto responsabile<\/h2>\n\n\n\n<p>La politica di acquisto responsabile del gruppo Fr\u00e9n\u00e9hard &amp; Michaux traduce gli impegni RSI in una strategia di acquisto pluriennale basata su tre questioni principali: garantire la catena di approvvigionamento, ridurre l&#8217;impatto ambientale degli acquisti e assicurare la competitivit\u00e0 delle nostre aziende e dei nostri partner.<\/p>\n\n\n\n<p><strong>Le nostre aziende ALTREX, ARTUB, FMS RINGUE, FRENEHARD, GAMESYSTEM, LOGIS ALLIANCE, MA ESTRUCTURAS, NERESSY, SECURIGARD, SKYWORKS, SYAM, TENDO e TUBESCA-COMABI si<\/strong>impegnano in tal senso.<\/p>\n<\/div>\n<\/div>\n\n\n\n<div class=\"wp-block-columns is-layout-flex wp-container-core-columns-is-layout-9d6595d7 wp-block-columns-is-layout-flex\">\n<div class=\"wp-block-column is-layout-flow wp-block-column-is-layout-flow\" style=\"flex-basis:66.66%\">\n<div class=\"wp-block-buttons is-layout-flex wp-block-buttons-is-layout-flex\">\n<div class=\"wp-block-button\"><a class=\"wp-block-button__link wp-element-button\" href=\"https:\/\/frenehard-michaux.eu\/wp-content\/uploads\/sites\/8\/2025\/11\/Politique-achat-responsable_Frenehard-Michaux-EN_web-1.pdf\">Per saperne di pi\u00f9 sulla nostra politica clicca qui<\/a><\/div>\n<\/div>\n<\/div>\n<\/div>\n\n\n\n<div style=\"height:71px\" aria-hidden=\"true\" class=\"wp-block-spacer\"><\/div>\n\n\n<section class=\"section-group\">\n<div class=\"wp-block-group is-layout-constrained wp-block-group-is-layout-constrained\">\n<h3 class=\"wp-block-heading has-mycms-indigo-color has-text-color has-link-color wp-elements-d6faef78689520edf085c999fa68a6d5\" id=\"demarches-qualite-securite-et-environnement\">Approcci qualit\u00e0, sicurezza e ambiente<\/h3>\n\n\n\n<p>L&#8217;approccio del gruppo in materia di qualit\u00e0, sicurezza e ambiente si basa sulle norme ISO 9001, ISO 45001 e ISO 14001 e sul miglioramento continuo dei processi di ogni societ\u00e0.<\/p>\n\n\n\n<div style=\"height:30px\" aria-hidden=\"true\" class=\"wp-block-spacer\"><\/div>\n\n\n\n<div class=\"wp-block-columns is-layout-flex wp-container-core-columns-is-layout-9d6595d7 wp-block-columns-is-layout-flex\">\n<div class=\"wp-block-column is-layout-flow wp-block-column-is-layout-flow\">\n<h2 class=\"wp-block-heading is-style-h4\" id=\"qualite\">     <strong>Qualit\u00e0  <\/strong><\/h2>\n\n\n\n<p>Tutti gli stabilimenti hanno ottenuto la certificazione ISO 9001, che attesta la conformit\u00e0 e l&#8217;efficacia del nostro sistema di gestione clienti nel soddisfare i requisiti normativi e gli standard dei nostri prodotti e delle nostre aziende.<\/p>\n\n\n\n<p>Questa certificazione riflette un desiderio di trasparenza nei confronti di partner e clienti. Testimonia il lavoro coscienzioso di tutti i dipendenti che si attivano ogni giorno, ed \u00e8 una garanzia di sicurezza per gli operatori.<\/p>\n\n\n\n<figure class=\"wp-block-image size-full is-resized\"><a href=\"https:\/\/frenehard-michaux.eu\/wp-content\/uploads\/sites\/8\/2025\/08\/Qualite_Normes.jpg\"><img loading=\"lazy\" decoding=\"async\" width=\"454\" height=\"73\" src=\"https:\/\/frenehard-michaux.eu\/wp-content\/uploads\/sites\/8\/2025\/08\/Qualite_Normes.jpg\" alt=\"\" class=\"wp-image-1415\" style=\"width:501px;height:auto\" srcset=\"https:\/\/frenehard-michaux.eu\/wp-content\/uploads\/sites\/8\/2025\/08\/Qualite_Normes.jpg 454w, https:\/\/frenehard-michaux.eu\/wp-content\/uploads\/sites\/8\/2025\/08\/Qualite_Normes-300x48.jpg 300w, https:\/\/frenehard-michaux.eu\/wp-content\/uploads\/sites\/8\/2025\/08\/Qualite_Normes-445x73.jpg 445w, https:\/\/frenehard-michaux.eu\/wp-content\/uploads\/sites\/8\/2025\/08\/Qualite_Normes-150x24.jpg 150w\" sizes=\"auto, (max-width: 454px) 100vw, 454px\" \/><\/a><\/figure>\n<\/div>\n\n\n\n<div class=\"wp-block-column is-layout-flow wp-block-column-is-layout-flow\">\n<h2 class=\"wp-block-heading is-style-h4\" id=\"securite\">         <strong>Sicurezza<\/strong><\/h2>\n\n\n\n<p>La gestione della sicurezza del personale nelle nostre aziende \u00e8 una priorit\u00e0 e fa parte del nostro DNA. Come potremmo preoccuparci della sicurezza di chi utilizza i nostri prodotti se non ci preoccupassimo della salute e della sicurezza del nostro personale sul lavoro?<\/p>\n\n\n\n<p>Per andare oltre e rendere le nostre aziende parte di un mondo pi\u00f9 sostenibile, rispettoso dell&#8217;ambiente e che contribuisca a ridurre i gas a effetto serra, stiamo lavorando a un programma RSI. <\/p>\n\n\n\n<figure class=\"wp-block-image alignleft size-full is-resized\"><a href=\"https:\/\/frenehard-michaux.eu\/wp-content\/uploads\/sites\/8\/2025\/09\/1.png\"><img loading=\"lazy\" decoding=\"async\" width=\"537\" height=\"281\" src=\"https:\/\/frenehard-michaux.eu\/wp-content\/uploads\/sites\/8\/2025\/09\/1.png\" alt=\"\" class=\"wp-image-1761\" style=\"width:405px;height:auto\" srcset=\"https:\/\/frenehard-michaux.eu\/wp-content\/uploads\/sites\/8\/2025\/09\/1.png 537w, https:\/\/frenehard-michaux.eu\/wp-content\/uploads\/sites\/8\/2025\/09\/1-300x157.png 300w, https:\/\/frenehard-michaux.eu\/wp-content\/uploads\/sites\/8\/2025\/09\/1-150x78.png 150w\" sizes=\"auto, (max-width: 537px) 100vw, 537px\" \/><\/a><\/figure>\n<\/div>\n\n\n\n<div class=\"wp-block-column is-layout-flow wp-block-column-is-layout-flow\">\n<h2 class=\"wp-block-heading is-style-h4\" id=\"environnement-1\">        <strong>Ambiente<\/strong><\/h2>\n\n\n\n<p>Le attivit\u00e0 del gruppo Fr\u00e9n\u00e9hard &amp; Michaux sono direttamente coinvolte nelle sfide poste dalla crescita verde. Utilizziamo principalmente acciaio e alluminio, materiali che possono essere riciclati all&#8217;infinito. Ogni giorno le varie societ\u00e0 del gruppo si impegnano a limitare l&#8217;impatto ambientale delle loro attivit\u00e0, controllando la gestione dei rifiuti e il riciclaggio e lavorando per ridurre il consumo energetico degli impianti.<\/p>\n<\/div>\n<\/div>\n<\/div>\n<\/section>","protected":false},"excerpt":{"rendered":"<p>Scopri la tabella di marcia RSI del gruppo per il periodo 2023-2026 L&#8217;approccio si basa su 6 pilastri: \u2022 Diritti umani\u2022 Condizioni di lavoro\u2022 Ambiente\u2022 Buone pratiche \u2022 Questioni relative a clienti e operatori\u2022 Impegno sul territorio Politica di acquisto responsabile La politica di acquisto responsabile del gruppo Fr\u00e9n\u00e9hard &amp; Michaux traduce gli impegni RSI [&hellip;]<\/p>\n","protected":false},"author":8,"featured_media":0,"parent":0,"menu_order":0,"comment_status":"closed","ping_status":"closed","template":"","meta":{"_acf_changed":false,"footnotes":""},"class_list":["post-2675","page","type-page","status-publish","hentry"],"acf":[],"yoast_head":"<!-- This site is optimized with the Yoast SEO plugin v27.4 - https:\/\/yoast.com\/product\/yoast-seo-wordpress\/ -->\n<title>Approccio RSI - Frenehard &amp; Michaux<\/title>\n<meta name=\"robots\" content=\"index, follow, max-snippet:-1, max-image-preview:large, max-video-preview:-1\" \/>\n<link rel=\"canonical\" href=\"https:\/\/frenehard-michaux.eu\/it\/approccio-rsi\/\" \/>\n<meta property=\"og:locale\" content=\"it_IT\" \/>\n<meta property=\"og:type\" content=\"article\" \/>\n<meta property=\"og:title\" content=\"Approccio RSI - Frenehard &amp; Michaux\" \/>\n<meta property=\"og:description\" content=\"Scopri la tabella di marcia RSI del gruppo per il periodo 2023-2026 L&#8217;approccio si basa su 6 pilastri: \u2022 Diritti umani\u2022 Condizioni di lavoro\u2022 Ambiente\u2022 Buone pratiche \u2022 Questioni relative a clienti e operatori\u2022 Impegno sul territorio Politica di acquisto responsabile La politica di acquisto responsabile del gruppo Fr\u00e9n\u00e9hard &amp; Michaux traduce gli impegni RSI [&hellip;]\" \/>\n<meta property=\"og:url\" content=\"https:\/\/frenehard-michaux.eu\/it\/approccio-rsi\/\" \/>\n<meta property=\"og:site_name\" content=\"Frenehard &amp; Michaux\" \/>\n<meta property=\"article:modified_time\" content=\"2025-11-19T13:48:25+00:00\" \/>\n<meta property=\"og:image\" content=\"https:\/\/frenehard-michaux.eu\/wp-content\/uploads\/sites\/8\/2025\/09\/Zwolle-0165-scaled.jpg\" \/>\n\t<meta property=\"og:image:width\" content=\"2560\" \/>\n\t<meta property=\"og:image:height\" content=\"1707\" \/>\n\t<meta property=\"og:image:type\" content=\"image\/jpeg\" \/>\n<meta name=\"twitter:card\" content=\"summary_large_image\" \/>\n<meta name=\"twitter:label1\" content=\"Tempo di lettura stimato\" \/>\n\t<meta name=\"twitter:data1\" content=\"3 minuti\" \/>\n<script type=\"application\/ld+json\" class=\"yoast-schema-graph\">{\"@context\":\"https:\\\/\\\/schema.org\",\"@graph\":[{\"@type\":\"WebPage\",\"@id\":\"https:\\\/\\\/frenehard-michaux.eu\\\/it\\\/approccio-rsi\\\/\",\"url\":\"https:\\\/\\\/frenehard-michaux.eu\\\/it\\\/approccio-rsi\\\/\",\"name\":\"Approccio RSI - Frenehard &amp; Michaux\",\"isPartOf\":{\"@id\":\"https:\\\/\\\/frenehard-michaux.eu\\\/it\\\/#website\"},\"primaryImageOfPage\":{\"@id\":\"https:\\\/\\\/frenehard-michaux.eu\\\/it\\\/approccio-rsi\\\/#primaryimage\"},\"image\":{\"@id\":\"https:\\\/\\\/frenehard-michaux.eu\\\/it\\\/approccio-rsi\\\/#primaryimage\"},\"thumbnailUrl\":\"https:\\\/\\\/frenehard-michaux.eu\\\/wp-content\\\/uploads\\\/sites\\\/8\\\/2025\\\/09\\\/Zwolle-0165-1024x683.jpg\",\"datePublished\":\"2025-09-15T08:50:26+00:00\",\"dateModified\":\"2025-11-19T13:48:25+00:00\",\"breadcrumb\":{\"@id\":\"https:\\\/\\\/frenehard-michaux.eu\\\/it\\\/approccio-rsi\\\/#breadcrumb\"},\"inLanguage\":\"it-IT\",\"potentialAction\":[{\"@type\":\"ReadAction\",\"target\":[\"https:\\\/\\\/frenehard-michaux.eu\\\/it\\\/approccio-rsi\\\/\"]}]},{\"@type\":\"ImageObject\",\"inLanguage\":\"it-IT\",\"@id\":\"https:\\\/\\\/frenehard-michaux.eu\\\/it\\\/approccio-rsi\\\/#primaryimage\",\"url\":\"https:\\\/\\\/frenehard-michaux.eu\\\/wp-content\\\/uploads\\\/sites\\\/8\\\/2025\\\/09\\\/Zwolle-0165-1024x683.jpg\",\"contentUrl\":\"https:\\\/\\\/frenehard-michaux.eu\\\/wp-content\\\/uploads\\\/sites\\\/8\\\/2025\\\/09\\\/Zwolle-0165-1024x683.jpg\"},{\"@type\":\"BreadcrumbList\",\"@id\":\"https:\\\/\\\/frenehard-michaux.eu\\\/it\\\/approccio-rsi\\\/#breadcrumb\",\"itemListElement\":[{\"@type\":\"ListItem\",\"position\":1,\"name\":\"Accueil\",\"item\":\"https:\\\/\\\/frenehard-michaux.eu\\\/it\\\/inicio\\\/\"},{\"@type\":\"ListItem\",\"position\":2,\"name\":\"Approccio RSI\"}]},{\"@type\":\"WebSite\",\"@id\":\"https:\\\/\\\/frenehard-michaux.eu\\\/it\\\/#website\",\"url\":\"https:\\\/\\\/frenehard-michaux.eu\\\/it\\\/\",\"name\":\"Frenehard &amp; Michaux\",\"description\":\"\",\"publisher\":{\"@id\":\"https:\\\/\\\/frenehard-michaux.eu\\\/it\\\/#organization\"},\"potentialAction\":[{\"@type\":\"SearchAction\",\"target\":{\"@type\":\"EntryPoint\",\"urlTemplate\":\"https:\\\/\\\/frenehard-michaux.eu\\\/it\\\/?s={search_term_string}\"},\"query-input\":{\"@type\":\"PropertyValueSpecification\",\"valueRequired\":true,\"valueName\":\"search_term_string\"}}],\"inLanguage\":\"it-IT\"},{\"@type\":\"Organization\",\"@id\":\"https:\\\/\\\/frenehard-michaux.eu\\\/it\\\/#organization\",\"name\":\"Frenehard &amp; Michaux\",\"url\":\"https:\\\/\\\/frenehard-michaux.eu\\\/it\\\/\",\"logo\":{\"@type\":\"ImageObject\",\"inLanguage\":\"it-IT\",\"@id\":\"https:\\\/\\\/frenehard-michaux.eu\\\/it\\\/#\\\/schema\\\/logo\\\/image\\\/\",\"url\":\"https:\\\/\\\/frenehard-michaux.eu\\\/wp-content\\\/uploads\\\/sites\\\/8\\\/2025\\\/09\\\/Frenehard-Michaux_RVB.svg\",\"contentUrl\":\"https:\\\/\\\/frenehard-michaux.eu\\\/wp-content\\\/uploads\\\/sites\\\/8\\\/2025\\\/09\\\/Frenehard-Michaux_RVB.svg\",\"caption\":\"Frenehard &amp; Michaux\"},\"image\":{\"@id\":\"https:\\\/\\\/frenehard-michaux.eu\\\/it\\\/#\\\/schema\\\/logo\\\/image\\\/\"}}]}<\/script>\n<!-- \/ Yoast SEO plugin. -->","yoast_head_json":{"title":"Approccio RSI - Frenehard &amp; Michaux","robots":{"index":"index","follow":"follow","max-snippet":"max-snippet:-1","max-image-preview":"max-image-preview:large","max-video-preview":"max-video-preview:-1"},"canonical":"https:\/\/frenehard-michaux.eu\/it\/approccio-rsi\/","og_locale":"it_IT","og_type":"article","og_title":"Approccio RSI - Frenehard &amp; Michaux","og_description":"Scopri la tabella di marcia RSI del gruppo per il periodo 2023-2026 L&#8217;approccio si basa su 6 pilastri: \u2022 Diritti umani\u2022 Condizioni di lavoro\u2022 Ambiente\u2022 Buone pratiche \u2022 Questioni relative a clienti e operatori\u2022 Impegno sul territorio Politica di acquisto responsabile La politica di acquisto responsabile del gruppo Fr\u00e9n\u00e9hard &amp; Michaux traduce gli impegni RSI [&hellip;]","og_url":"https:\/\/frenehard-michaux.eu\/it\/approccio-rsi\/","og_site_name":"Frenehard &amp; Michaux","article_modified_time":"2025-11-19T13:48:25+00:00","og_image":[{"width":2560,"height":1707,"url":"https:\/\/frenehard-michaux.eu\/wp-content\/uploads\/sites\/8\/2025\/09\/Zwolle-0165-scaled.jpg","type":"image\/jpeg"}],"twitter_card":"summary_large_image","twitter_misc":{"Tempo di lettura stimato":"3 minuti"},"schema":{"@context":"https:\/\/schema.org","@graph":[{"@type":"WebPage","@id":"https:\/\/frenehard-michaux.eu\/it\/approccio-rsi\/","url":"https:\/\/frenehard-michaux.eu\/it\/approccio-rsi\/","name":"Approccio RSI - Frenehard &amp; Michaux","isPartOf":{"@id":"https:\/\/frenehard-michaux.eu\/it\/#website"},"primaryImageOfPage":{"@id":"https:\/\/frenehard-michaux.eu\/it\/approccio-rsi\/#primaryimage"},"image":{"@id":"https:\/\/frenehard-michaux.eu\/it\/approccio-rsi\/#primaryimage"},"thumbnailUrl":"https:\/\/frenehard-michaux.eu\/wp-content\/uploads\/sites\/8\/2025\/09\/Zwolle-0165-1024x683.jpg","datePublished":"2025-09-15T08:50:26+00:00","dateModified":"2025-11-19T13:48:25+00:00","breadcrumb":{"@id":"https:\/\/frenehard-michaux.eu\/it\/approccio-rsi\/#breadcrumb"},"inLanguage":"it-IT","potentialAction":[{"@type":"ReadAction","target":["https:\/\/frenehard-michaux.eu\/it\/approccio-rsi\/"]}]},{"@type":"ImageObject","inLanguage":"it-IT","@id":"https:\/\/frenehard-michaux.eu\/it\/approccio-rsi\/#primaryimage","url":"https:\/\/frenehard-michaux.eu\/wp-content\/uploads\/sites\/8\/2025\/09\/Zwolle-0165-1024x683.jpg","contentUrl":"https:\/\/frenehard-michaux.eu\/wp-content\/uploads\/sites\/8\/2025\/09\/Zwolle-0165-1024x683.jpg"},{"@type":"BreadcrumbList","@id":"https:\/\/frenehard-michaux.eu\/it\/approccio-rsi\/#breadcrumb","itemListElement":[{"@type":"ListItem","position":1,"name":"Accueil","item":"https:\/\/frenehard-michaux.eu\/it\/inicio\/"},{"@type":"ListItem","position":2,"name":"Approccio RSI"}]},{"@type":"WebSite","@id":"https:\/\/frenehard-michaux.eu\/it\/#website","url":"https:\/\/frenehard-michaux.eu\/it\/","name":"Frenehard &amp; Michaux","description":"","publisher":{"@id":"https:\/\/frenehard-michaux.eu\/it\/#organization"},"potentialAction":[{"@type":"SearchAction","target":{"@type":"EntryPoint","urlTemplate":"https:\/\/frenehard-michaux.eu\/it\/?s={search_term_string}"},"query-input":{"@type":"PropertyValueSpecification","valueRequired":true,"valueName":"search_term_string"}}],"inLanguage":"it-IT"},{"@type":"Organization","@id":"https:\/\/frenehard-michaux.eu\/it\/#organization","name":"Frenehard &amp; Michaux","url":"https:\/\/frenehard-michaux.eu\/it\/","logo":{"@type":"ImageObject","inLanguage":"it-IT","@id":"https:\/\/frenehard-michaux.eu\/it\/#\/schema\/logo\/image\/","url":"https:\/\/frenehard-michaux.eu\/wp-content\/uploads\/sites\/8\/2025\/09\/Frenehard-Michaux_RVB.svg","contentUrl":"https:\/\/frenehard-michaux.eu\/wp-content\/uploads\/sites\/8\/2025\/09\/Frenehard-Michaux_RVB.svg","caption":"Frenehard &amp; Michaux"},"image":{"@id":"https:\/\/frenehard-michaux.eu\/it\/#\/schema\/logo\/image\/"}}]}},"_links":{"self":[{"href":"https:\/\/frenehard-michaux.eu\/it\/wp-json\/wp\/v2\/pages\/2675","targetHints":{"allow":["GET"]}}],"collection":[{"href":"https:\/\/frenehard-michaux.eu\/it\/wp-json\/wp\/v2\/pages"}],"about":[{"href":"https:\/\/frenehard-michaux.eu\/it\/wp-json\/wp\/v2\/types\/page"}],"author":[{"embeddable":true,"href":"https:\/\/frenehard-michaux.eu\/it\/wp-json\/wp\/v2\/users\/8"}],"replies":[{"embeddable":true,"href":"https:\/\/frenehard-michaux.eu\/it\/wp-json\/wp\/v2\/comments?post=2675"}],"version-history":[{"count":6,"href":"https:\/\/frenehard-michaux.eu\/it\/wp-json\/wp\/v2\/pages\/2675\/revisions"}],"predecessor-version":[{"id":3094,"href":"https:\/\/frenehard-michaux.eu\/it\/wp-json\/wp\/v2\/pages\/2675\/revisions\/3094"}],"wp:attachment":[{"href":"https:\/\/frenehard-michaux.eu\/it\/wp-json\/wp\/v2\/media?parent=2675"}],"curies":[{"name":"wp","href":"https:\/\/api.w.org\/{rel}","templated":true}]}}