{"id":2664,"date":"2025-09-15T10:35:06","date_gmt":"2025-09-15T08:35:06","guid":{"rendered":"https:\/\/frenehard-michaux.eu\/storia-e-valori\/"},"modified":"2025-11-19T11:47:55","modified_gmt":"2025-11-19T10:47:55","slug":"storia-e-valori","status":"publish","type":"page","link":"https:\/\/frenehard-michaux.eu\/it\/storia-e-valori\/","title":{"rendered":"Storia e valori"},"content":{"rendered":"\n<div style=\"height:100px\" aria-hidden=\"true\" class=\"wp-block-spacer\"><\/div>\n\n<div class=\"wp-block-columns is-layout-flex wp-container-core-columns-is-layout-9d6595d7 wp-block-columns-is-layout-flex\">\n<div class=\"wp-block-column is-layout-flow wp-block-column-is-layout-flow\">\n<figure class=\"wp-block-image aligncenter size-full is-resized\"><a href=\"https:\/\/frenehard-michaux.eu\/wp-content\/uploads\/sites\/8\/2025\/08\/Plus-de-22-sites-en-Europe.png\"><img loading=\"lazy\" decoding=\"async\" width=\"150\" height=\"150\" src=\"https:\/\/frenehard-michaux.eu\/wp-content\/uploads\/sites\/8\/2025\/08\/Plus-de-22-sites-en-Europe.png\" alt=\"\" class=\"wp-image-1398\" style=\"width:108px;height:auto\" srcset=\"https:\/\/frenehard-michaux.eu\/wp-content\/uploads\/sites\/8\/2025\/08\/Plus-de-22-sites-en-Europe.png 150w, https:\/\/frenehard-michaux.eu\/wp-content\/uploads\/sites\/8\/2025\/08\/Plus-de-22-sites-en-Europe-100x100.png 100w\" sizes=\"auto, (max-width: 150px) 100vw, 150px\" \/><\/a><\/figure>\n\n\n\n<p class=\"has-text-align-center\"><strong>31 stabilimenti in Europa<\/strong><\/p>\n<\/div>\n\n\n\n<div class=\"wp-block-column is-layout-flow wp-block-column-is-layout-flow\">\n<figure class=\"wp-block-image aligncenter size-full is-resized\"><a href=\"https:\/\/frenehard-michaux.eu\/wp-content\/uploads\/sites\/8\/2025\/08\/Plus-de-1200-collaborateurs_2.jpg\"><img loading=\"lazy\" decoding=\"async\" width=\"150\" height=\"150\" src=\"https:\/\/frenehard-michaux.eu\/wp-content\/uploads\/sites\/8\/2025\/08\/Plus-de-1200-collaborateurs_2.jpg\" alt=\"\" class=\"wp-image-1399\" style=\"width:112px;height:auto\" srcset=\"https:\/\/frenehard-michaux.eu\/wp-content\/uploads\/sites\/8\/2025\/08\/Plus-de-1200-collaborateurs_2.jpg 150w, https:\/\/frenehard-michaux.eu\/wp-content\/uploads\/sites\/8\/2025\/08\/Plus-de-1200-collaborateurs_2-100x100.jpg 100w\" sizes=\"auto, (max-width: 150px) 100vw, 150px\" \/><\/a><\/figure>\n\n\n\n<p class=\"has-text-align-center\"><strong>Oltre 1200 dipendenti<\/strong><\/p>\n<\/div>\n\n\n\n<div class=\"wp-block-column is-layout-flow wp-block-column-is-layout-flow\">\n<figure class=\"wp-block-image aligncenter size-full is-resized\"><a href=\"https:\/\/frenehard-michaux.eu\/wp-content\/uploads\/sites\/8\/2025\/08\/Ca-de-300M-d_euros_2.jpg\"><img loading=\"lazy\" decoding=\"async\" width=\"150\" height=\"150\" src=\"https:\/\/frenehard-michaux.eu\/wp-content\/uploads\/sites\/8\/2025\/08\/Ca-de-300M-d_euros_2.jpg\" alt=\"\" class=\"wp-image-1400\" style=\"width:110px;height:auto\" srcset=\"https:\/\/frenehard-michaux.eu\/wp-content\/uploads\/sites\/8\/2025\/08\/Ca-de-300M-d_euros_2.jpg 150w, https:\/\/frenehard-michaux.eu\/wp-content\/uploads\/sites\/8\/2025\/08\/Ca-de-300M-d_euros_2-100x100.jpg 100w\" sizes=\"auto, (max-width: 150px) 100vw, 150px\" \/><\/a><\/figure>\n\n\n\n<p class=\"has-text-align-center\"><strong>Fatturato di 300 milioni di euro<\/strong><\/p>\n<\/div>\n\n\n\n<div class=\"wp-block-column is-layout-flow wp-block-column-is-layout-flow\">\n<figure class=\"wp-block-image aligncenter size-full is-resized\"><a href=\"https:\/\/frenehard-michaux.eu\/wp-content\/uploads\/sites\/8\/2025\/08\/Presence-dans-plus-de-70-pays_2.png\"><img loading=\"lazy\" decoding=\"async\" width=\"150\" height=\"150\" src=\"https:\/\/frenehard-michaux.eu\/wp-content\/uploads\/sites\/8\/2025\/08\/Presence-dans-plus-de-70-pays_2.png\" alt=\"\" class=\"wp-image-1401\" style=\"width:110px;height:auto\" srcset=\"https:\/\/frenehard-michaux.eu\/wp-content\/uploads\/sites\/8\/2025\/08\/Presence-dans-plus-de-70-pays_2.png 150w, https:\/\/frenehard-michaux.eu\/wp-content\/uploads\/sites\/8\/2025\/08\/Presence-dans-plus-de-70-pays_2-100x100.png 100w\" sizes=\"auto, (max-width: 150px) 100vw, 150px\" \/><\/a><\/figure>\n\n\n\n<p class=\"has-text-align-center\"><strong>Presente in oltre 70 Paesi<\/strong><\/p>\n<\/div>\n<\/div>\n\n<h3 class=\"wp-block-heading has-mycms-ardoise-color has-text-color has-link-color wp-elements-5f82f24d5105feafaa4c6b71a891dbba\" id=\"nos-missions\">Missioni<\/h3>\n\n<div class=\"wp-block-columns is-layout-flex wp-container-core-columns-is-layout-9d6595d7 wp-block-columns-is-layout-flex\">\n<div class=\"wp-block-column is-layout-flow wp-block-column-is-layout-flow\">\n<p>Tutte le aziende del gruppo condividono la medesima tradizione industriale, la grande competenza in materia di acciaio e alluminio, e la stessa idea di altezza (prodotti di accesso leggeri, ponteggi fissi, protezioni collettive e individuali, accessori per tetti e coperture).<\/p>\n\n\n\n<p>Il nostro gruppo \u00e8 specializzato in due campi principali di applicazione:<\/p>\n\n\n\n<ul class=\"wp-block-list\">\n<li><strong>Tetti e fissaggi (accessori e guarnizioni per grondaie, per tetti e protezione anticaduta: ancoraggi per tetti, ganci di sicurezza).<\/strong><\/li>\n\n\n\n<li><strong>La Hauteur en Confiance\u00ae (in quota in sicurezza: protezione anticaduta e soluzioni di accesso e lavoro in quota).<\/strong><\/li>\n<\/ul>\n\n\n\n<p>Grazie a una forte presenza europea, il nostro gruppo ha le risorse per realizzare le sue ambizioni: fornire ai clienti proprio i prodotti di cui hanno bisogno in Europa.<\/p>\n<\/div>\n\n\n\n<div class=\"wp-block-column is-layout-flow wp-block-column-is-layout-flow\">\n<figure class=\"wp-block-image size-full is-resized\"><a href=\"https:\/\/frenehard-michaux.eu\/wp-content\/uploads\/sites\/8\/2025\/09\/Capture.png\"><img loading=\"lazy\" decoding=\"async\" width=\"596\" height=\"445\" src=\"https:\/\/frenehard-michaux.eu\/wp-content\/uploads\/sites\/8\/2025\/09\/Capture.png\" alt=\"\" class=\"wp-image-1751\" style=\"width:477px;height:auto\" srcset=\"https:\/\/frenehard-michaux.eu\/wp-content\/uploads\/sites\/8\/2025\/09\/Capture.png 596w, https:\/\/frenehard-michaux.eu\/wp-content\/uploads\/sites\/8\/2025\/09\/Capture-300x224.png 300w, https:\/\/frenehard-michaux.eu\/wp-content\/uploads\/sites\/8\/2025\/09\/Capture-150x112.png 150w, https:\/\/frenehard-michaux.eu\/wp-content\/uploads\/sites\/8\/2025\/09\/Capture-395x295.png 395w\" sizes=\"auto, (max-width: 596px) 100vw, 596px\" \/><\/a><\/figure>\n<\/div>\n<\/div>\n\n<div style=\"height:103px\" aria-hidden=\"true\" class=\"wp-block-spacer\"><\/div>\n<section class=\"mycms-content-wrapper mycms-grid-row--centered  mediatitlelist\">\n    <div class=\"mycms-mediatitlelist mycms-grid-row mycms-list--unstyled\">\n        <img loading=\"lazy\" decoding=\"async\" width=\"541\" height=\"360\" src=\"https:\/\/frenehard-michaux.eu\/wp-content\/uploads\/sites\/8\/2025\/08\/Nos-valeurs-541x360.jpg\" class=\"attachment-mediatitlelist size-mediatitlelist\" alt=\"\" srcset=\"https:\/\/frenehard-michaux.eu\/wp-content\/uploads\/sites\/8\/2025\/08\/Nos-valeurs-541x360.jpg 541w, https:\/\/frenehard-michaux.eu\/wp-content\/uploads\/sites\/8\/2025\/08\/Nos-valeurs-300x200.jpg 300w, https:\/\/frenehard-michaux.eu\/wp-content\/uploads\/sites\/8\/2025\/08\/Nos-valeurs-1024x683.jpg 1024w, https:\/\/frenehard-michaux.eu\/wp-content\/uploads\/sites\/8\/2025\/08\/Nos-valeurs-768x512.jpg 768w, https:\/\/frenehard-michaux.eu\/wp-content\/uploads\/sites\/8\/2025\/08\/Nos-valeurs-1536x1024.jpg 1536w, https:\/\/frenehard-michaux.eu\/wp-content\/uploads\/sites\/8\/2025\/08\/Nos-valeurs-600x400.jpg 600w, https:\/\/frenehard-michaux.eu\/wp-content\/uploads\/sites\/8\/2025\/08\/Nos-valeurs-150x100.jpg 150w, https:\/\/frenehard-michaux.eu\/wp-content\/uploads\/sites\/8\/2025\/08\/Nos-valeurs-317x211.jpg 317w\" sizes=\"auto, (max-width: 541px) 100vw, 541px\" \/><div class=\"mycms-mediatitlelist--container mycms-grid-column-lg-6 mycms-grid-column-md-6 mycms-grid-column-sm-2 \"><h3 class=\"mycms-txt--h3 mycms-txt--color-onyx-light mycms-margin-bottom--30\">Visione <\/h3><ol class=\"mycms-mediatitlelist--list\"><li><span>Creare sinergie tra le aziende per dare vita a grandi idee.<\/span><\/li><li><span>Rafforzare le attivit\u00e0 principali di ciascuna delle nostre societ\u00e0.<\/span><\/li><li><span>Mettere a frutto i nostri marchi storici per conquistare nuovi mercati.<\/span><\/li><li><span>Espandere la presenza del gruppo ai mercati dell&#8217;edilizia e dell&#8217;industria.<\/span><\/li><li><span>Condividere le risorse ricerche e sviluppo per sviluppare le gamme di prodotti.<\/span><\/li><\/ol><\/div>    <\/div>\n<\/section>\n\n<div style=\"height:52px\" aria-hidden=\"true\" class=\"wp-block-spacer\"><\/div>\n\n<h3 class=\"wp-block-heading has-text-align-center has-mycms-ardoise-color has-text-color has-link-color wp-elements-b09d0b650240862b6e88d8002109be7d\" id=\"nos-valeurs-1\">Valori<\/h3>\n\n<p class=\"has-text-align-center\">Abbiamo cinque valori. Come le cinque dita di una mano, sono in movimento. Questi valori sono delle attivit\u00e0, logicamente espresse da verbi: ascoltare, impegnarsi, innovare, proteggere, elevarsi.<\/p>\n\n<div class=\"wp-block-columns is-style-nopadding is-layout-flex wp-container-core-columns-is-layout-9d6595d7 wp-block-columns-is-layout-flex\">\n<div class=\"wp-block-column has-background is-layout-flow wp-block-column-is-layout-flow\" style=\"background-color:#002e42\">\n<figure class=\"wp-block-image aligncenter size-full is-resized\"><a href=\"https:\/\/frenehard-michaux.eu\/wp-content\/uploads\/sites\/8\/2025\/08\/ecouter.svg\"><img decoding=\"async\" src=\"https:\/\/frenehard-michaux.eu\/wp-content\/uploads\/sites\/8\/2025\/08\/ecouter.svg\" alt=\"\" class=\"wp-image-1379\" style=\"width:50px\"\/><\/a><\/figure>\n\n\n\n<h4 class=\"wp-block-heading has-text-align-center has-mycms-white-color has-text-color has-link-color wp-elements-84da132b82542b5d212d959d9556f189\" id=\"ecouter\">Ascoltare<\/h4>\n\n\n\n<p class=\"has-mycms-white-color has-text-color has-link-color wp-elements-41d2a9acbaf8886ffa2c25e6c3e89813\">In Fr\u00e9n\u00e9hard &amp; Michaux ascoltiamo i nostri clienti <strong> e ci prendiamo il tempo<\/strong>di capire le loro aspettative, in modo da poter immaginare per loro i prodotti e i servizi di domani.<\/p>\n\n\n\n<p class=\"has-mycms-white-color has-text-color has-link-color wp-elements-95630a41aaca61ba74e3e27e59c0f085\">L<strong>&#8216;ascolto sincero e costante dei nostri collaboratori e colleghi <\/strong>sta alla base di un lavoro solido e vincente.  <\/p>\n<\/div>\n\n\n\n<div class=\"wp-block-column has-background is-layout-flow wp-block-column-is-layout-flow\" style=\"background-color:#754595\">\n<figure class=\"wp-block-image aligncenter size-full is-resized\"><a href=\"https:\/\/frenehard-michaux.eu\/wp-content\/uploads\/sites\/8\/2025\/08\/s_engager.svg\"><img decoding=\"async\" src=\"https:\/\/frenehard-michaux.eu\/wp-content\/uploads\/sites\/8\/2025\/08\/s_engager.svg\" alt=\"\" class=\"wp-image-1380\" style=\"width:50px\"\/><\/a><\/figure>\n\n\n\n<h4 class=\"wp-block-heading has-text-align-center has-mycms-white-color has-text-color has-link-color wp-elements-08d31955e325b14140005e4df1b019df\" id=\"s-engager-1\">Impegnarsi <\/h4>\n\n\n\n<p class=\"has-mycms-white-color has-text-color has-link-color wp-elements-ec1bffd781fdb61d88ca8ce8cc7d45e4\">In Fr\u00e9n\u00e9hard &amp; Michaux il <strong>rispetto degli impegni<\/strong> \u00e8 determinante, per tutti.  <\/p>\n\n\n\n<p class=\"has-mycms-white-color has-text-color has-link-color wp-elements-eb667ff57b8519a9cf78b05b166539e1\">Difendiamo una cultura dell&#8217;iniziativa e di responsabilizzazione che vada di pari passo col dovere di rispettare gli impegni assunti, sia tra collaboratori che nei confronti di clienti e partner.  <\/p>\n<\/div>\n\n\n\n<div class=\"wp-block-column has-background is-layout-flow wp-block-column-is-layout-flow\" style=\"background-color:#ee6700\">\n<figure class=\"wp-block-image aligncenter size-full is-resized\"><a href=\"https:\/\/frenehard-michaux.eu\/wp-content\/uploads\/sites\/8\/2025\/08\/innover.svg\"><img decoding=\"async\" src=\"https:\/\/frenehard-michaux.eu\/wp-content\/uploads\/sites\/8\/2025\/08\/innover.svg\" alt=\"\" class=\"wp-image-1382\" style=\"width:50px\"\/><\/a><\/figure>\n\n\n\n<h4 class=\"wp-block-heading has-text-align-center has-mycms-white-color has-text-color has-link-color wp-elements-8d66c5671020535f4bd33989ffd738b2\" id=\"innover\">Innovare <\/h4>\n\n\n\n<p class=\"has-mycms-white-color has-text-color has-link-color wp-elements-53e5a0813e9334587785433eff7d0a42\">In Fr\u00e9n\u00e9hard &amp; Michaux, l&#8217;<strong>innovazione \u00e8 al centro della nostra identit\u00e0<\/strong>. Lavoriamo fianco a fianco con i clienti e il contesto per migliorare prodotti e processi.<\/p>\n\n\n\n<p class=\"has-mycms-white-color has-text-color has-link-color wp-elements-d1ddf6744747c19f7f51c225e5941398\"><strong>Incoraggiando lo spirito di iniziativa, ci rimettiamo in discussione<\/strong> a livello di gruppo e individuale al fine di sviluppare nuove idee.  <\/p>\n<\/div>\n\n\n\n<div class=\"wp-block-column has-background is-layout-flow wp-block-column-is-layout-flow\" style=\"background-color:#fcd600\">\n<figure class=\"wp-block-image aligncenter size-full is-resized\"><a href=\"https:\/\/frenehard-michaux.eu\/wp-content\/uploads\/sites\/8\/2025\/08\/proteger.svg\"><img decoding=\"async\" src=\"https:\/\/frenehard-michaux.eu\/wp-content\/uploads\/sites\/8\/2025\/08\/proteger.svg\" alt=\"\" class=\"wp-image-1384\" style=\"width:50px\"\/><\/a><\/figure>\n\n\n\n<h4 class=\"wp-block-heading has-text-align-center has-mycms-white-color has-text-color has-link-color wp-elements-7c1598e29366e63808dbfd724487d7ed\" id=\"proteger\">Proteggere<\/h4>\n\n\n\n<p class=\"has-mycms-white-color has-text-color has-link-color wp-elements-1f333bcd4d901cdeaeafcc605e5827c0\">Noi di Fr\u00e9n\u00e9hard &amp; Michaux puntiamo sulla qualit\u00e0 con l&#8217;obiettivo di garantire processi e prodotti pensati per la sicurezza<br\/>degli operatori e a garanzia della durata degli edifici.<\/p>\n\n\n\n<p class=\"has-mycms-white-color has-text-color has-link-color wp-elements-51dbdde68fdc6b487c2f68299c62a1ea\">Questo significa anche prestare attenzione alla salute e alla sicurezza di tutti i nostri dipendenti.<\/p>\n<\/div>\n\n\n\n<div class=\"wp-block-column has-background is-layout-flow wp-block-column-is-layout-flow\" style=\"background-color:#8dbe22\">\n<figure class=\"wp-block-image aligncenter size-full is-resized\"><a href=\"https:\/\/frenehard-michaux.eu\/wp-content\/uploads\/sites\/8\/2025\/08\/s_elever.svg\"><img decoding=\"async\" src=\"https:\/\/frenehard-michaux.eu\/wp-content\/uploads\/sites\/8\/2025\/08\/s_elever.svg\" alt=\"\" class=\"wp-image-1383\" style=\"width:50px\"\/><\/a><\/figure>\n\n\n\n<h4 class=\"wp-block-heading has-text-align-center has-mycms-white-color has-text-color has-link-color wp-elements-06b708a5200edc1cd257829b2bf1a78a\" id=\"s-elever\">Elevarsi<\/h4>\n\n\n\n<p class=\"has-mycms-white-color has-text-color has-link-color wp-elements-996ffda74fd7d093317fa8e207486558\">In Fr\u00e9n\u00e9hard &amp; Michaux crediamo nel valore delle nostre persone.<br\/>Coltivare la crescita personale, le competenze, i comportamenti positivi e il lavoro di squadra fa parte della nostra cultura.  <\/p>\n\n\n\n<p class=\"has-mycms-white-color has-text-color has-link-color wp-elements-bc341e90e802122dd99373e406b954ae\">Condividiamo quest&#8217;orgoglio all&#8217;esterno, valorizzando i nostri marchi, la nostra immagine, i nostri stabilimenti e gli uomini e le donne che li sostengono.<\/p>\n<\/div>\n<\/div>\n\n<div class=\"wp-block-columns is-layout-flex wp-container-core-columns-is-layout-9d6595d7 wp-block-columns-is-layout-flex\">\n<div class=\"wp-block-column is-layout-flow wp-block-column-is-layout-flow\"><\/div>\n<\/div>\n\n<div style=\"height:99px\" aria-hidden=\"true\" class=\"wp-block-spacer\"><\/div>\n\n<p><\/p>\n","protected":false},"excerpt":{"rendered":"<p>31 stabilimenti in Europa Oltre 1200 dipendenti Fatturato di 300 milioni di euro Presente in oltre 70 Paesi Missioni Tutte le aziende del gruppo condividono la medesima tradizione industriale, la grande competenza in materia di acciaio e alluminio, e la stessa idea di altezza (prodotti di accesso leggeri, ponteggi fissi, protezioni collettive e individuali, accessori [&hellip;]<\/p>\n","protected":false},"author":8,"featured_media":0,"parent":0,"menu_order":0,"comment_status":"closed","ping_status":"closed","template":"","meta":{"_acf_changed":false,"footnotes":""},"class_list":["post-2664","page","type-page","status-publish","hentry"],"acf":[],"yoast_head":"<!-- This site is optimized with the Yoast SEO plugin v27.3 - https:\/\/yoast.com\/product\/yoast-seo-wordpress\/ -->\n<title>Storia e valori - Frenehard &amp; Michaux<\/title>\n<meta name=\"robots\" content=\"index, follow, max-snippet:-1, max-image-preview:large, max-video-preview:-1\" \/>\n<link rel=\"canonical\" href=\"https:\/\/frenehard-michaux.eu\/it\/storia-e-valori\/\" \/>\n<meta property=\"og:locale\" content=\"it_IT\" \/>\n<meta property=\"og:type\" content=\"article\" \/>\n<meta property=\"og:title\" content=\"Storia e valori - Frenehard &amp; Michaux\" \/>\n<meta property=\"og:description\" content=\"31 stabilimenti in Europa Oltre 1200 dipendenti Fatturato di 300 milioni di euro Presente in oltre 70 Paesi Missioni Tutte le aziende del gruppo condividono la medesima tradizione industriale, la grande competenza in materia di acciaio e alluminio, e la stessa idea di altezza (prodotti di accesso leggeri, ponteggi fissi, protezioni collettive e individuali, accessori [&hellip;]\" \/>\n<meta property=\"og:url\" content=\"https:\/\/frenehard-michaux.eu\/it\/storia-e-valori\/\" \/>\n<meta property=\"og:site_name\" content=\"Frenehard &amp; Michaux\" \/>\n<meta property=\"article:modified_time\" content=\"2025-11-19T10:47:55+00:00\" \/>\n<meta property=\"og:image\" content=\"https:\/\/frenehard-michaux.eu\/wp-content\/uploads\/sites\/8\/2025\/08\/Plus-de-22-sites-en-Europe.png\" \/>\n\t<meta property=\"og:image:width\" content=\"150\" \/>\n\t<meta property=\"og:image:height\" content=\"150\" \/>\n\t<meta property=\"og:image:type\" content=\"image\/png\" \/>\n<meta name=\"twitter:card\" content=\"summary_large_image\" \/>\n<meta name=\"twitter:label1\" content=\"Tempo di lettura stimato\" \/>\n\t<meta name=\"twitter:data1\" content=\"2 minuti\" \/>\n<script type=\"application\/ld+json\" class=\"yoast-schema-graph\">{\"@context\":\"https:\\\/\\\/schema.org\",\"@graph\":[{\"@type\":\"WebPage\",\"@id\":\"https:\\\/\\\/frenehard-michaux.eu\\\/it\\\/storia-e-valori\\\/\",\"url\":\"https:\\\/\\\/frenehard-michaux.eu\\\/it\\\/storia-e-valori\\\/\",\"name\":\"Storia e valori - Frenehard &amp; Michaux\",\"isPartOf\":{\"@id\":\"https:\\\/\\\/frenehard-michaux.eu\\\/it\\\/#website\"},\"primaryImageOfPage\":{\"@id\":\"https:\\\/\\\/frenehard-michaux.eu\\\/it\\\/storia-e-valori\\\/#primaryimage\"},\"image\":{\"@id\":\"https:\\\/\\\/frenehard-michaux.eu\\\/it\\\/storia-e-valori\\\/#primaryimage\"},\"thumbnailUrl\":\"https:\\\/\\\/frenehard-michaux.eu\\\/wp-content\\\/uploads\\\/sites\\\/8\\\/2025\\\/08\\\/Plus-de-22-sites-en-Europe.png\",\"datePublished\":\"2025-09-15T08:35:06+00:00\",\"dateModified\":\"2025-11-19T10:47:55+00:00\",\"breadcrumb\":{\"@id\":\"https:\\\/\\\/frenehard-michaux.eu\\\/it\\\/storia-e-valori\\\/#breadcrumb\"},\"inLanguage\":\"it-IT\",\"potentialAction\":[{\"@type\":\"ReadAction\",\"target\":[\"https:\\\/\\\/frenehard-michaux.eu\\\/it\\\/storia-e-valori\\\/\"]}]},{\"@type\":\"ImageObject\",\"inLanguage\":\"it-IT\",\"@id\":\"https:\\\/\\\/frenehard-michaux.eu\\\/it\\\/storia-e-valori\\\/#primaryimage\",\"url\":\"https:\\\/\\\/frenehard-michaux.eu\\\/wp-content\\\/uploads\\\/sites\\\/8\\\/2025\\\/08\\\/Plus-de-22-sites-en-Europe.png\",\"contentUrl\":\"https:\\\/\\\/frenehard-michaux.eu\\\/wp-content\\\/uploads\\\/sites\\\/8\\\/2025\\\/08\\\/Plus-de-22-sites-en-Europe.png\"},{\"@type\":\"BreadcrumbList\",\"@id\":\"https:\\\/\\\/frenehard-michaux.eu\\\/it\\\/storia-e-valori\\\/#breadcrumb\",\"itemListElement\":[{\"@type\":\"ListItem\",\"position\":1,\"name\":\"Accueil\",\"item\":\"https:\\\/\\\/frenehard-michaux.eu\\\/it\\\/inicio\\\/\"},{\"@type\":\"ListItem\",\"position\":2,\"name\":\"Storia e valori\"}]},{\"@type\":\"WebSite\",\"@id\":\"https:\\\/\\\/frenehard-michaux.eu\\\/it\\\/#website\",\"url\":\"https:\\\/\\\/frenehard-michaux.eu\\\/it\\\/\",\"name\":\"Frenehard &amp; Michaux\",\"description\":\"\",\"publisher\":{\"@id\":\"https:\\\/\\\/frenehard-michaux.eu\\\/it\\\/#organization\"},\"potentialAction\":[{\"@type\":\"SearchAction\",\"target\":{\"@type\":\"EntryPoint\",\"urlTemplate\":\"https:\\\/\\\/frenehard-michaux.eu\\\/it\\\/?s={search_term_string}\"},\"query-input\":{\"@type\":\"PropertyValueSpecification\",\"valueRequired\":true,\"valueName\":\"search_term_string\"}}],\"inLanguage\":\"it-IT\"},{\"@type\":\"Organization\",\"@id\":\"https:\\\/\\\/frenehard-michaux.eu\\\/it\\\/#organization\",\"name\":\"Frenehard &amp; Michaux\",\"url\":\"https:\\\/\\\/frenehard-michaux.eu\\\/it\\\/\",\"logo\":{\"@type\":\"ImageObject\",\"inLanguage\":\"it-IT\",\"@id\":\"https:\\\/\\\/frenehard-michaux.eu\\\/it\\\/#\\\/schema\\\/logo\\\/image\\\/\",\"url\":\"https:\\\/\\\/frenehard-michaux.eu\\\/wp-content\\\/uploads\\\/sites\\\/8\\\/2025\\\/09\\\/Frenehard-Michaux_RVB.svg\",\"contentUrl\":\"https:\\\/\\\/frenehard-michaux.eu\\\/wp-content\\\/uploads\\\/sites\\\/8\\\/2025\\\/09\\\/Frenehard-Michaux_RVB.svg\",\"caption\":\"Frenehard &amp; Michaux\"},\"image\":{\"@id\":\"https:\\\/\\\/frenehard-michaux.eu\\\/it\\\/#\\\/schema\\\/logo\\\/image\\\/\"}}]}<\/script>\n<!-- \/ Yoast SEO plugin. -->","yoast_head_json":{"title":"Storia e valori - Frenehard &amp; Michaux","robots":{"index":"index","follow":"follow","max-snippet":"max-snippet:-1","max-image-preview":"max-image-preview:large","max-video-preview":"max-video-preview:-1"},"canonical":"https:\/\/frenehard-michaux.eu\/it\/storia-e-valori\/","og_locale":"it_IT","og_type":"article","og_title":"Storia e valori - Frenehard &amp; Michaux","og_description":"31 stabilimenti in Europa Oltre 1200 dipendenti Fatturato di 300 milioni di euro Presente in oltre 70 Paesi Missioni Tutte le aziende del gruppo condividono la medesima tradizione industriale, la grande competenza in materia di acciaio e alluminio, e la stessa idea di altezza (prodotti di accesso leggeri, ponteggi fissi, protezioni collettive e individuali, accessori [&hellip;]","og_url":"https:\/\/frenehard-michaux.eu\/it\/storia-e-valori\/","og_site_name":"Frenehard &amp; Michaux","article_modified_time":"2025-11-19T10:47:55+00:00","og_image":[{"width":150,"height":150,"url":"https:\/\/frenehard-michaux.eu\/wp-content\/uploads\/sites\/8\/2025\/08\/Plus-de-22-sites-en-Europe.png","type":"image\/png"}],"twitter_card":"summary_large_image","twitter_misc":{"Tempo di lettura stimato":"2 minuti"},"schema":{"@context":"https:\/\/schema.org","@graph":[{"@type":"WebPage","@id":"https:\/\/frenehard-michaux.eu\/it\/storia-e-valori\/","url":"https:\/\/frenehard-michaux.eu\/it\/storia-e-valori\/","name":"Storia e valori - Frenehard &amp; Michaux","isPartOf":{"@id":"https:\/\/frenehard-michaux.eu\/it\/#website"},"primaryImageOfPage":{"@id":"https:\/\/frenehard-michaux.eu\/it\/storia-e-valori\/#primaryimage"},"image":{"@id":"https:\/\/frenehard-michaux.eu\/it\/storia-e-valori\/#primaryimage"},"thumbnailUrl":"https:\/\/frenehard-michaux.eu\/wp-content\/uploads\/sites\/8\/2025\/08\/Plus-de-22-sites-en-Europe.png","datePublished":"2025-09-15T08:35:06+00:00","dateModified":"2025-11-19T10:47:55+00:00","breadcrumb":{"@id":"https:\/\/frenehard-michaux.eu\/it\/storia-e-valori\/#breadcrumb"},"inLanguage":"it-IT","potentialAction":[{"@type":"ReadAction","target":["https:\/\/frenehard-michaux.eu\/it\/storia-e-valori\/"]}]},{"@type":"ImageObject","inLanguage":"it-IT","@id":"https:\/\/frenehard-michaux.eu\/it\/storia-e-valori\/#primaryimage","url":"https:\/\/frenehard-michaux.eu\/wp-content\/uploads\/sites\/8\/2025\/08\/Plus-de-22-sites-en-Europe.png","contentUrl":"https:\/\/frenehard-michaux.eu\/wp-content\/uploads\/sites\/8\/2025\/08\/Plus-de-22-sites-en-Europe.png"},{"@type":"BreadcrumbList","@id":"https:\/\/frenehard-michaux.eu\/it\/storia-e-valori\/#breadcrumb","itemListElement":[{"@type":"ListItem","position":1,"name":"Accueil","item":"https:\/\/frenehard-michaux.eu\/it\/inicio\/"},{"@type":"ListItem","position":2,"name":"Storia e valori"}]},{"@type":"WebSite","@id":"https:\/\/frenehard-michaux.eu\/it\/#website","url":"https:\/\/frenehard-michaux.eu\/it\/","name":"Frenehard &amp; Michaux","description":"","publisher":{"@id":"https:\/\/frenehard-michaux.eu\/it\/#organization"},"potentialAction":[{"@type":"SearchAction","target":{"@type":"EntryPoint","urlTemplate":"https:\/\/frenehard-michaux.eu\/it\/?s={search_term_string}"},"query-input":{"@type":"PropertyValueSpecification","valueRequired":true,"valueName":"search_term_string"}}],"inLanguage":"it-IT"},{"@type":"Organization","@id":"https:\/\/frenehard-michaux.eu\/it\/#organization","name":"Frenehard &amp; Michaux","url":"https:\/\/frenehard-michaux.eu\/it\/","logo":{"@type":"ImageObject","inLanguage":"it-IT","@id":"https:\/\/frenehard-michaux.eu\/it\/#\/schema\/logo\/image\/","url":"https:\/\/frenehard-michaux.eu\/wp-content\/uploads\/sites\/8\/2025\/09\/Frenehard-Michaux_RVB.svg","contentUrl":"https:\/\/frenehard-michaux.eu\/wp-content\/uploads\/sites\/8\/2025\/09\/Frenehard-Michaux_RVB.svg","caption":"Frenehard &amp; Michaux"},"image":{"@id":"https:\/\/frenehard-michaux.eu\/it\/#\/schema\/logo\/image\/"}}]}},"_links":{"self":[{"href":"https:\/\/frenehard-michaux.eu\/it\/wp-json\/wp\/v2\/pages\/2664","targetHints":{"allow":["GET"]}}],"collection":[{"href":"https:\/\/frenehard-michaux.eu\/it\/wp-json\/wp\/v2\/pages"}],"about":[{"href":"https:\/\/frenehard-michaux.eu\/it\/wp-json\/wp\/v2\/types\/page"}],"author":[{"embeddable":true,"href":"https:\/\/frenehard-michaux.eu\/it\/wp-json\/wp\/v2\/users\/8"}],"replies":[{"embeddable":true,"href":"https:\/\/frenehard-michaux.eu\/it\/wp-json\/wp\/v2\/comments?post=2664"}],"version-history":[{"count":3,"href":"https:\/\/frenehard-michaux.eu\/it\/wp-json\/wp\/v2\/pages\/2664\/revisions"}],"predecessor-version":[{"id":3003,"href":"https:\/\/frenehard-michaux.eu\/it\/wp-json\/wp\/v2\/pages\/2664\/revisions\/3003"}],"wp:attachment":[{"href":"https:\/\/frenehard-michaux.eu\/it\/wp-json\/wp\/v2\/media?parent=2664"}],"curies":[{"name":"wp","href":"https:\/\/api.w.org\/{rel}","templated":true}]}}