{"id":2651,"date":"2025-09-15T10:20:22","date_gmt":"2025-09-15T08:20:22","guid":{"rendered":"https:\/\/frenehard-michaux.eu\/i-nostri-impegni-per-le-risorse-umane-al-servizio-della-rsi\/"},"modified":"2025-11-19T11:47:46","modified_gmt":"2025-11-19T10:47:46","slug":"i-nostri-impegni-per-le-risorse-umane-al-servizio-della-rsi","status":"publish","type":"page","link":"https:\/\/frenehard-michaux.eu\/it\/i-nostri-impegni-per-le-risorse-umane-al-servizio-della-rsi\/","title":{"rendered":"I nostri impegni per le risorse umane al servizio della RSI"},"content":{"rendered":"\n<p>In Fr\u00e9n\u00e9hard &amp; Michaux, la politica delle risorse umane \u00e8 perfettamente in linea con gli impegni indicati nella relazione extra-finanziaria 2024. Mettiamo le <strong>persone, la responsabilit\u00e0 sociale e lo sviluppo sostenibile <\/strong>al centro della nostra strategia. In pratica significa avere una politica di formazione ambiziosa, dare sostegno alla crescita professionale dei dipendenti, promuovere la diversit\u00e0 e le pari opportunit\u00e0, e creare un ambiente di lavoro rispettoso e sicuro.<\/p>\n\n<div class=\"wp-block-columns is-layout-flex wp-container-core-columns-is-layout-9d6595d7 wp-block-columns-is-layout-flex\">\n<div class=\"wp-block-column is-layout-flow wp-block-column-is-layout-flow\"><section class=\"section-group section-mycms-orange-background-color\">\n<div class=\"wp-block-group has-mycms-orange-background-color has-background is-layout-constrained wp-block-group-is-layout-constrained\">\n<h2 class=\"wp-block-heading is-style-h5 has-mycms-white-color has-text-color has-link-color wp-elements-2bf51618039229a4a8df6f14b05b7ff7\" id=\"1-le-teletravail\"><strong>1. Smart working <\/strong><\/h2>\n\n\n\n<p class=\"has-mycms-white-color has-text-color has-link-color wp-elements-d4d845156205fd2f791ea086f6e3e847\">Garantire il benessere dei dipendenti \u00e8 una delle nostre priorit\u00e0, facciamo tutto il possibile affinch\u00e9 possano realizzarsi ogni giorno. La nostra visione dello smart working si basa sulla convinzione che sia vantaggioso sia per l&#8217;azienda che per il dipendente. Per questo motivo offriamo un programma di smart working che pu\u00f2 essere valutato e adattato a seconda della posizione occupata, consentendo ai dipendenti di conciliare la vita professionale e personale in armonia.<\/p>\n<\/div>\n<\/section>\n\n\n<div style=\"height:49px\" aria-hidden=\"true\" class=\"wp-block-spacer\"><\/div>\n<\/div>\n\n\n\n<div class=\"wp-block-column is-layout-flow wp-block-column-is-layout-flow\"><section class=\"section-group section-mycms-ocre-background-color\">\n<div class=\"wp-block-group has-mycms-ocre-background-color has-background is-layout-constrained wp-block-group-is-layout-constrained\">\n<h2 class=\"wp-block-heading is-style-h5 has-mycms-white-color has-text-color has-link-color wp-elements-4c58b3d0479612f3ca002dfa470ce7d1\" id=\"1-le-teletravail\"><strong>2. Un programma di inserimento dinamico e aggregante <\/strong><\/h2>\n\n\n\n<p class=\"has-mycms-white-color has-text-color has-link-color wp-elements-e59556a6591aaec047949a42acf24bd8\">Al momento dell&#8217;ingresso nel gruppo, ogni dipendente riceve un programma di inserimento per scoprire i servizi disponibili nell&#8217;azienda interessata o nelle varie societ\u00e0 del gruppo. Per fornire il miglior supporto possibile a ogni nuovo dipendente sono previsti una valutazione dell&#8217;inserimento, colloqui regolari con il responsabile locale e una giornata di inserimento per tutti i nuovi arrivati.<\/p>\n<\/div>\n<\/section>\n\n\n<div style=\"height:49px\" aria-hidden=\"true\" class=\"wp-block-spacer\"><\/div>\n<\/div>\n<\/div>\n\n<div class=\"wp-block-columns is-layout-flex wp-container-core-columns-is-layout-9d6595d7 wp-block-columns-is-layout-flex\">\n<div class=\"wp-block-column is-layout-flow wp-block-column-is-layout-flow\"><section class=\"section-group section-mycms-topaze-background-color\">\n<div class=\"wp-block-group has-mycms-topaze-background-color has-background is-layout-constrained wp-block-group-is-layout-constrained\">\n<h2 class=\"wp-block-heading is-style-h5 has-mycms-white-color has-text-color has-link-color wp-elements-e49334ef4f70aef5f8ade7e6e5744d82\" id=\"1-le-teletravail\"><strong>3. L&#8217;indice di parit\u00e0 di genere <\/strong><\/h2>\n\n\n\n<p class=\"has-mycms-white-color has-text-color has-link-color wp-elements-c1a7342cc5b911fa262cb9ba4055ed95\">La nostra competenza ed esperienza si basano sulle persone, donne e uomini che rappresentano uno dei punti di forza principali di Fr\u00e9n\u00e9hard &amp; Michaux. Ogni dipendente contribuisce alla performance collettiva e alla completa soddisfazione dei clienti. L&#8217;indice \u00e8 utilizzato in tutte le aziende francesi con pi\u00f9 di 50 dipendenti.<\/p>\n\n\n\n<div style=\"height:34px\" aria-hidden=\"true\" class=\"wp-block-spacer\"><\/div>\n<\/div>\n<\/section>\n\n\n<div style=\"height:49px\" aria-hidden=\"true\" class=\"wp-block-spacer\"><\/div>\n<\/div>\n\n\n\n<div class=\"wp-block-column is-layout-flow wp-block-column-is-layout-flow\"><section class=\"section-group section-mycms-zinc-background-color\">\n<div class=\"wp-block-group has-mycms-zinc-background-color has-background is-layout-constrained wp-block-group-is-layout-constrained\">\n<h2 class=\"wp-block-heading is-style-h5 has-mycms-white-color has-text-color has-link-color wp-elements-17f258354d4c10e5c53002dc23c262b5\" id=\"1-le-teletravail\"><strong>4.<\/strong>  <strong>Diversit\u00e0<\/strong><\/h2>\n\n\n\n<p class=\"has-mycms-white-color has-text-color has-link-color wp-elements-463df70ad6c7ce1fbcc0c0bfe001bd9e\">Crediamo che ogni persona sia unica e importante. Diamo valore alle differenze e crediamo nelle pari opportunit\u00e0 per tutti, ovunque. A tal fine, il gruppo incoraggia la diversit\u00e0 all&#8217;interno dei team e si adopera per creare una cultura inclusiva in cui ogni dipendente venga valorizzato per le sue diverse conoscenze, competenze ed esperienze. <\/p>\n\n\n\n<div style=\"height:2px\" aria-hidden=\"true\" class=\"wp-block-spacer\"><\/div>\n<\/div>\n<\/section>\n\n\n<div style=\"height:49px\" aria-hidden=\"true\" class=\"wp-block-spacer\"><\/div>\n<\/div>\n<\/div>\n\n<div class=\"wp-block-columns is-layout-flex wp-container-core-columns-is-layout-9d6595d7 wp-block-columns-is-layout-flex\">\n<div class=\"wp-block-column is-layout-flow wp-block-column-is-layout-flow\"><section class=\"section-group section-mycms-ciel-background-color\">\n<div class=\"wp-block-group has-mycms-ciel-background-color has-background is-layout-constrained wp-block-group-is-layout-constrained\">\n<h2 class=\"wp-block-heading is-style-h5\" id=\"1-le-teletravail\"><strong>5. Sviluppo delle competenze<\/strong><\/h2>\n\n\n\n<p class=\"has-mycms-white-color has-text-color has-link-color wp-elements-46c806bcf7f135f649bb3a619894b557\">In Fr\u00e9n\u00e9hard &amp; Michaux la realizzazione e crescita professionale \u00e8 una delle nostre priorit\u00e0. Sosteniamo i nostri dipendenti nello sviluppo delle loro competenze attraverso programmi strutturati di formazione e sviluppo. Incontri regolari con il proprio responsabile consentono di fare il punto sul percorso professionale all&#8217;interno dell&#8217;azienda. Optando per Fr\u00e9n\u00e9hard &amp; Michaux, la scelta va a un gruppo decisamente orientato al futuro.<\/p>\n<\/div>\n<\/section><\/div>\n\n\n\n<div class=\"wp-block-column is-layout-flow wp-block-column-is-layout-flow\"><section class=\"section-group section-mycms-petrole-background-color\">\n<div class=\"wp-block-group has-mycms-petrole-background-color has-background is-layout-constrained wp-block-group-is-layout-constrained\">\n<h2 class=\"wp-block-heading is-style-h5 has-mycms-white-color has-text-color has-link-color wp-elements-f6ef3ec8a3d5d8a9b85fbea469a90d91\" id=\"1-le-teletravail\"><strong>6.<\/strong> <strong>Relazione extra-finanziaria 2024<\/strong><\/h2>\n\n\n\n<p class=\"has-mycms-white-color has-text-color has-link-color wp-elements-9d3ec63e3be274ed4885d60124419546\">La missione basilare di Fr\u00e9n\u00e9hard &amp; Michaux \u00e8 fornire ai clienti, aziende e privati, i prodotti migliori e le soluzioni pi\u00f9 adatte alle loro esigenze. Per eccellere in questa missione, Fr\u00e9n\u00e9hard &amp; Michaux ha posto al centro della gestione la coerenza tra i suoi valori e la missione, le azioni e un impegno responsabile nei confronti del personale, dei partner e dell&#8217;ambiente esterno.<\/p>\n\n\n\n<div style=\"height:2px\" aria-hidden=\"true\" class=\"wp-block-spacer\"><\/div>\n<\/div>\n<\/section><\/div>\n<\/div>\n\n<div style=\"height:75px\" aria-hidden=\"true\" class=\"wp-block-spacer\"><\/div>\n\n<p><\/p>\n","protected":false},"excerpt":{"rendered":"<p>In Fr\u00e9n\u00e9hard &amp; Michaux, la politica delle risorse umane \u00e8 perfettamente in linea con gli impegni indicati nella relazione extra-finanziaria 2024. Mettiamo le persone, la responsabilit\u00e0 sociale e lo sviluppo sostenibile al centro della nostra strategia. In pratica significa avere una politica di formazione ambiziosa, dare sostegno alla crescita professionale dei dipendenti, promuovere la diversit\u00e0 [&hellip;]<\/p>\n","protected":false},"author":8,"featured_media":0,"parent":0,"menu_order":0,"comment_status":"closed","ping_status":"closed","template":"","meta":{"_acf_changed":false,"footnotes":""},"class_list":["post-2651","page","type-page","status-publish","hentry"],"acf":[],"yoast_head":"<!-- This site is optimized with the Yoast SEO plugin v27.4 - https:\/\/yoast.com\/product\/yoast-seo-wordpress\/ -->\n<title>I nostri impegni per le risorse umane al servizio della RSI - Frenehard &amp; Michaux<\/title>\n<meta name=\"robots\" content=\"index, follow, max-snippet:-1, max-image-preview:large, max-video-preview:-1\" \/>\n<link rel=\"canonical\" href=\"https:\/\/frenehard-michaux.eu\/it\/i-nostri-impegni-per-le-risorse-umane-al-servizio-della-rsi\/\" \/>\n<meta property=\"og:locale\" content=\"it_IT\" \/>\n<meta property=\"og:type\" content=\"article\" \/>\n<meta property=\"og:title\" content=\"I nostri impegni per le risorse umane al servizio della RSI - Frenehard &amp; Michaux\" \/>\n<meta property=\"og:description\" content=\"In Fr\u00e9n\u00e9hard &amp; Michaux, la politica delle risorse umane \u00e8 perfettamente in linea con gli impegni indicati nella relazione extra-finanziaria 2024. Mettiamo le persone, la responsabilit\u00e0 sociale e lo sviluppo sostenibile al centro della nostra strategia. In pratica significa avere una politica di formazione ambiziosa, dare sostegno alla crescita professionale dei dipendenti, promuovere la diversit\u00e0 [&hellip;]\" \/>\n<meta property=\"og:url\" content=\"https:\/\/frenehard-michaux.eu\/it\/i-nostri-impegni-per-le-risorse-umane-al-servizio-della-rsi\/\" \/>\n<meta property=\"og:site_name\" content=\"Frenehard &amp; Michaux\" \/>\n<meta property=\"article:modified_time\" content=\"2025-11-19T10:47:46+00:00\" \/>\n<meta name=\"twitter:card\" content=\"summary_large_image\" \/>\n<meta name=\"twitter:label1\" content=\"Tempo di lettura stimato\" \/>\n\t<meta name=\"twitter:data1\" content=\"2 minuti\" \/>\n<script type=\"application\/ld+json\" class=\"yoast-schema-graph\">{\"@context\":\"https:\\\/\\\/schema.org\",\"@graph\":[{\"@type\":\"WebPage\",\"@id\":\"https:\\\/\\\/frenehard-michaux.eu\\\/it\\\/i-nostri-impegni-per-le-risorse-umane-al-servizio-della-rsi\\\/\",\"url\":\"https:\\\/\\\/frenehard-michaux.eu\\\/it\\\/i-nostri-impegni-per-le-risorse-umane-al-servizio-della-rsi\\\/\",\"name\":\"I nostri impegni per le risorse umane al servizio della RSI - Frenehard &amp; Michaux\",\"isPartOf\":{\"@id\":\"https:\\\/\\\/frenehard-michaux.eu\\\/it\\\/#website\"},\"datePublished\":\"2025-09-15T08:20:22+00:00\",\"dateModified\":\"2025-11-19T10:47:46+00:00\",\"breadcrumb\":{\"@id\":\"https:\\\/\\\/frenehard-michaux.eu\\\/it\\\/i-nostri-impegni-per-le-risorse-umane-al-servizio-della-rsi\\\/#breadcrumb\"},\"inLanguage\":\"it-IT\",\"potentialAction\":[{\"@type\":\"ReadAction\",\"target\":[\"https:\\\/\\\/frenehard-michaux.eu\\\/it\\\/i-nostri-impegni-per-le-risorse-umane-al-servizio-della-rsi\\\/\"]}]},{\"@type\":\"BreadcrumbList\",\"@id\":\"https:\\\/\\\/frenehard-michaux.eu\\\/it\\\/i-nostri-impegni-per-le-risorse-umane-al-servizio-della-rsi\\\/#breadcrumb\",\"itemListElement\":[{\"@type\":\"ListItem\",\"position\":1,\"name\":\"Accueil\",\"item\":\"https:\\\/\\\/frenehard-michaux.eu\\\/it\\\/inicio\\\/\"},{\"@type\":\"ListItem\",\"position\":2,\"name\":\"I nostri impegni per le risorse umane al servizio della RSI\"}]},{\"@type\":\"WebSite\",\"@id\":\"https:\\\/\\\/frenehard-michaux.eu\\\/it\\\/#website\",\"url\":\"https:\\\/\\\/frenehard-michaux.eu\\\/it\\\/\",\"name\":\"Frenehard &amp; Michaux\",\"description\":\"\",\"publisher\":{\"@id\":\"https:\\\/\\\/frenehard-michaux.eu\\\/it\\\/#organization\"},\"potentialAction\":[{\"@type\":\"SearchAction\",\"target\":{\"@type\":\"EntryPoint\",\"urlTemplate\":\"https:\\\/\\\/frenehard-michaux.eu\\\/it\\\/?s={search_term_string}\"},\"query-input\":{\"@type\":\"PropertyValueSpecification\",\"valueRequired\":true,\"valueName\":\"search_term_string\"}}],\"inLanguage\":\"it-IT\"},{\"@type\":\"Organization\",\"@id\":\"https:\\\/\\\/frenehard-michaux.eu\\\/it\\\/#organization\",\"name\":\"Frenehard &amp; Michaux\",\"url\":\"https:\\\/\\\/frenehard-michaux.eu\\\/it\\\/\",\"logo\":{\"@type\":\"ImageObject\",\"inLanguage\":\"it-IT\",\"@id\":\"https:\\\/\\\/frenehard-michaux.eu\\\/it\\\/#\\\/schema\\\/logo\\\/image\\\/\",\"url\":\"https:\\\/\\\/frenehard-michaux.eu\\\/wp-content\\\/uploads\\\/sites\\\/8\\\/2025\\\/09\\\/Frenehard-Michaux_RVB.svg\",\"contentUrl\":\"https:\\\/\\\/frenehard-michaux.eu\\\/wp-content\\\/uploads\\\/sites\\\/8\\\/2025\\\/09\\\/Frenehard-Michaux_RVB.svg\",\"caption\":\"Frenehard &amp; Michaux\"},\"image\":{\"@id\":\"https:\\\/\\\/frenehard-michaux.eu\\\/it\\\/#\\\/schema\\\/logo\\\/image\\\/\"}}]}<\/script>\n<!-- \/ Yoast SEO plugin. -->","yoast_head_json":{"title":"I nostri impegni per le risorse umane al servizio della RSI - Frenehard &amp; Michaux","robots":{"index":"index","follow":"follow","max-snippet":"max-snippet:-1","max-image-preview":"max-image-preview:large","max-video-preview":"max-video-preview:-1"},"canonical":"https:\/\/frenehard-michaux.eu\/it\/i-nostri-impegni-per-le-risorse-umane-al-servizio-della-rsi\/","og_locale":"it_IT","og_type":"article","og_title":"I nostri impegni per le risorse umane al servizio della RSI - Frenehard &amp; Michaux","og_description":"In Fr\u00e9n\u00e9hard &amp; Michaux, la politica delle risorse umane \u00e8 perfettamente in linea con gli impegni indicati nella relazione extra-finanziaria 2024. Mettiamo le persone, la responsabilit\u00e0 sociale e lo sviluppo sostenibile al centro della nostra strategia. In pratica significa avere una politica di formazione ambiziosa, dare sostegno alla crescita professionale dei dipendenti, promuovere la diversit\u00e0 [&hellip;]","og_url":"https:\/\/frenehard-michaux.eu\/it\/i-nostri-impegni-per-le-risorse-umane-al-servizio-della-rsi\/","og_site_name":"Frenehard &amp; Michaux","article_modified_time":"2025-11-19T10:47:46+00:00","twitter_card":"summary_large_image","twitter_misc":{"Tempo di lettura stimato":"2 minuti"},"schema":{"@context":"https:\/\/schema.org","@graph":[{"@type":"WebPage","@id":"https:\/\/frenehard-michaux.eu\/it\/i-nostri-impegni-per-le-risorse-umane-al-servizio-della-rsi\/","url":"https:\/\/frenehard-michaux.eu\/it\/i-nostri-impegni-per-le-risorse-umane-al-servizio-della-rsi\/","name":"I nostri impegni per le risorse umane al servizio della RSI - Frenehard &amp; Michaux","isPartOf":{"@id":"https:\/\/frenehard-michaux.eu\/it\/#website"},"datePublished":"2025-09-15T08:20:22+00:00","dateModified":"2025-11-19T10:47:46+00:00","breadcrumb":{"@id":"https:\/\/frenehard-michaux.eu\/it\/i-nostri-impegni-per-le-risorse-umane-al-servizio-della-rsi\/#breadcrumb"},"inLanguage":"it-IT","potentialAction":[{"@type":"ReadAction","target":["https:\/\/frenehard-michaux.eu\/it\/i-nostri-impegni-per-le-risorse-umane-al-servizio-della-rsi\/"]}]},{"@type":"BreadcrumbList","@id":"https:\/\/frenehard-michaux.eu\/it\/i-nostri-impegni-per-le-risorse-umane-al-servizio-della-rsi\/#breadcrumb","itemListElement":[{"@type":"ListItem","position":1,"name":"Accueil","item":"https:\/\/frenehard-michaux.eu\/it\/inicio\/"},{"@type":"ListItem","position":2,"name":"I nostri impegni per le risorse umane al servizio della RSI"}]},{"@type":"WebSite","@id":"https:\/\/frenehard-michaux.eu\/it\/#website","url":"https:\/\/frenehard-michaux.eu\/it\/","name":"Frenehard &amp; Michaux","description":"","publisher":{"@id":"https:\/\/frenehard-michaux.eu\/it\/#organization"},"potentialAction":[{"@type":"SearchAction","target":{"@type":"EntryPoint","urlTemplate":"https:\/\/frenehard-michaux.eu\/it\/?s={search_term_string}"},"query-input":{"@type":"PropertyValueSpecification","valueRequired":true,"valueName":"search_term_string"}}],"inLanguage":"it-IT"},{"@type":"Organization","@id":"https:\/\/frenehard-michaux.eu\/it\/#organization","name":"Frenehard &amp; Michaux","url":"https:\/\/frenehard-michaux.eu\/it\/","logo":{"@type":"ImageObject","inLanguage":"it-IT","@id":"https:\/\/frenehard-michaux.eu\/it\/#\/schema\/logo\/image\/","url":"https:\/\/frenehard-michaux.eu\/wp-content\/uploads\/sites\/8\/2025\/09\/Frenehard-Michaux_RVB.svg","contentUrl":"https:\/\/frenehard-michaux.eu\/wp-content\/uploads\/sites\/8\/2025\/09\/Frenehard-Michaux_RVB.svg","caption":"Frenehard &amp; Michaux"},"image":{"@id":"https:\/\/frenehard-michaux.eu\/it\/#\/schema\/logo\/image\/"}}]}},"_links":{"self":[{"href":"https:\/\/frenehard-michaux.eu\/it\/wp-json\/wp\/v2\/pages\/2651","targetHints":{"allow":["GET"]}}],"collection":[{"href":"https:\/\/frenehard-michaux.eu\/it\/wp-json\/wp\/v2\/pages"}],"about":[{"href":"https:\/\/frenehard-michaux.eu\/it\/wp-json\/wp\/v2\/types\/page"}],"author":[{"embeddable":true,"href":"https:\/\/frenehard-michaux.eu\/it\/wp-json\/wp\/v2\/users\/8"}],"replies":[{"embeddable":true,"href":"https:\/\/frenehard-michaux.eu\/it\/wp-json\/wp\/v2\/comments?post=2651"}],"version-history":[{"count":3,"href":"https:\/\/frenehard-michaux.eu\/it\/wp-json\/wp\/v2\/pages\/2651\/revisions"}],"predecessor-version":[{"id":2995,"href":"https:\/\/frenehard-michaux.eu\/it\/wp-json\/wp\/v2\/pages\/2651\/revisions\/2995"}],"wp:attachment":[{"href":"https:\/\/frenehard-michaux.eu\/it\/wp-json\/wp\/v2\/media?parent=2651"}],"curies":[{"name":"wp","href":"https:\/\/api.w.org\/{rel}","templated":true}]}}