{"id":2628,"date":"2025-09-15T10:10:06","date_gmt":"2025-09-15T08:10:06","guid":{"rendered":"https:\/\/frenehard-michaux.eu\/mobilita-interna-e-studenti\/"},"modified":"2025-11-19T11:47:49","modified_gmt":"2025-11-19T10:47:49","slug":"mobilita-interna-e-studenti","status":"publish","type":"page","link":"https:\/\/frenehard-michaux.eu\/it\/mobilita-interna-e-studenti\/","title":{"rendered":"Mobilit\u00e0 interna e studenti"},"content":{"rendered":"\n<p>In Fr\u00e9n\u00e9hard &amp; Michaux, la crescita professionale all&#8217;interno del gruppo non \u00e8 solo possibile, ma viene anche stimolata. Grazie alla nostra estensione geografica, alla variet\u00e0 di mansioni e professioni e all&#8217;abbondanza di strutture, \u00e8 possibile avere accesso a una vasta gamma di opportunit\u00e0. Accompagniamo ogni progetto di crescita professionale, sia in caso di cambiamento di posizione all&#8217;interno di una stessa azienda, che di ingresso in un&#8217;altra societ\u00e0 del gruppo. Cambiare posizione senza cambiare azienda o cambiare azienda senza cambiare direzione: rendiamo la mobilit\u00e0 un trampolino di lancio per la carriera.<\/p>\n\n<div class=\"wp-block-columns is-layout-flex wp-container-core-columns-is-layout-9d6595d7 wp-block-columns-is-layout-flex\">\n<div class=\"wp-block-column is-layout-flow wp-block-column-is-layout-flow\"><\/div>\n\n\n\n<div class=\"wp-block-column is-layout-flow wp-block-column-is-layout-flow\"><\/div>\n<\/div>\n\n<div class=\"wp-block-columns has-mycms-ardoise-background-color has-background is-layout-flex wp-container-core-columns-is-layout-9d6595d7 wp-block-columns-is-layout-flex\">\n<div class=\"wp-block-column is-layout-flow wp-block-column-is-layout-flow\">\n<h4 class=\"wp-block-heading has-mycms-white-color has-text-color has-link-color wp-elements-6aa487cfeddc82a579fa962277845ad4\" id=\"alternants-et-stagiaires-preparons-l-avenir-ensemble\"><strong>Studenti e tirocinanti: prepariamo insieme il futuro<\/strong><\/h4>\n\n\n\n<p class=\"has-mycms-white-color has-text-color has-link-color wp-elements-e4a2f46686b0f3b8cc9d7d977044beed\">Ogni giorno sosteniamo e promuoviamo il lavoro delle nostre studentesse e dei nostri studenti assegnando loro compiti diversificati, dando loro delle responsabilit\u00e0 e formandoli. Pi\u00f9 che la formazione, \u00e8 <strong>la personalit\u00e0 <\/strong>a fare la differenza! Cerchiamo di integrare personalit\u00e0 <strong>semplici e impegnate<\/strong> che condividano i nostri valori.<\/p>\n<\/div>\n\n\n\n<div class=\"wp-block-column is-layout-flow wp-block-column-is-layout-flow\">\n<figure class=\"wp-block-image aligncenter size-large is-resized\"><a href=\"https:\/\/frenehard-michaux.eu\/wp-content\/uploads\/sites\/8\/2025\/09\/2023-10-12_09-37-48_reportage_industriel_www.studiolecarre.com_-scaled.jpg\"><img loading=\"lazy\" decoding=\"async\" width=\"1024\" height=\"683\" src=\"https:\/\/frenehard-michaux.eu\/wp-content\/uploads\/sites\/8\/2025\/09\/2023-10-12_09-37-48_reportage_industriel_www.studiolecarre.com_-1024x683.jpg\" alt=\"\" class=\"wp-image-1805\" style=\"width:570px;height:auto\" srcset=\"https:\/\/frenehard-michaux.eu\/wp-content\/uploads\/sites\/8\/2025\/09\/2023-10-12_09-37-48_reportage_industriel_www.studiolecarre.com_-1024x683.jpg 1024w, https:\/\/frenehard-michaux.eu\/wp-content\/uploads\/sites\/8\/2025\/09\/2023-10-12_09-37-48_reportage_industriel_www.studiolecarre.com_-300x200.jpg 300w, https:\/\/frenehard-michaux.eu\/wp-content\/uploads\/sites\/8\/2025\/09\/2023-10-12_09-37-48_reportage_industriel_www.studiolecarre.com_-768x512.jpg 768w, https:\/\/frenehard-michaux.eu\/wp-content\/uploads\/sites\/8\/2025\/09\/2023-10-12_09-37-48_reportage_industriel_www.studiolecarre.com_-1536x1024.jpg 1536w, https:\/\/frenehard-michaux.eu\/wp-content\/uploads\/sites\/8\/2025\/09\/2023-10-12_09-37-48_reportage_industriel_www.studiolecarre.com_-2048x1365.jpg 2048w, https:\/\/frenehard-michaux.eu\/wp-content\/uploads\/sites\/8\/2025\/09\/2023-10-12_09-37-48_reportage_industriel_www.studiolecarre.com_-600x400.jpg 600w, https:\/\/frenehard-michaux.eu\/wp-content\/uploads\/sites\/8\/2025\/09\/2023-10-12_09-37-48_reportage_industriel_www.studiolecarre.com_-150x100.jpg 150w, https:\/\/frenehard-michaux.eu\/wp-content\/uploads\/sites\/8\/2025\/09\/2023-10-12_09-37-48_reportage_industriel_www.studiolecarre.com_-541x360.jpg 541w, https:\/\/frenehard-michaux.eu\/wp-content\/uploads\/sites\/8\/2025\/09\/2023-10-12_09-37-48_reportage_industriel_www.studiolecarre.com_-317x211.jpg 317w\" sizes=\"auto, (max-width: 1024px) 100vw, 1024px\" \/><\/a><\/figure>\n<\/div>\n<\/div>\n\n<div style=\"height:100px\" aria-hidden=\"true\" class=\"wp-block-spacer\"><\/div>\n\n<div class=\"wp-block-columns is-layout-flex wp-container-core-columns-is-layout-9d6595d7 wp-block-columns-is-layout-flex\">\n<div class=\"wp-block-column is-layout-flow wp-block-column-is-layout-flow\" style=\"flex-basis:60%\"><section class=\"mycms-content-wrapper mycms-grid-row--centered  mediatitlelist\">\n    <div class=\"mycms-mediatitlelist mycms-grid-row mycms-list--unstyled\">\n        <div class=\"mycms-mediatitlelist--container mycms-grid-column-lg-6 mycms-grid-column-md-6 mycms-grid-column-sm-2 \"><h3 class=\"mycms-txt--h3 mycms-txt--color-onyx-light mycms-margin-bottom--30\">Perch\u00e9 sceglierci per l&#8217;alternanza studio-lavoro o un contratto di tirocinio?<\/h3><ol class=\"mycms-mediatitlelist--list\"><li><span>Svolgere uno stage\/tirocinio presso Fr\u00e9n\u00e9hard &amp; Michaux significa entrare a far parte di un gruppo con una dimensione internazionale, <\/span><\/li><li><span>Ci adoperiamo al massimo per garantire che gli studi proseguano senza intoppi,<\/span><\/li><li><span>Il tutor guider\u00e0 gli studenti\/tirocinanti in un percorso lavorativo appassionante,<\/span><\/li><li><span>A fine formazione, possibilit\u00e0 di ottenere un contratto a tempo indeterminato o determinato.<\/span><\/li><\/ol><\/div>    <\/div>\n<\/section>\n<\/div>\n\n\n\n<div class=\"wp-block-column is-layout-flow wp-block-column-is-layout-flow\"><section class=\"section-group section-mycms-ardoise-background-color\">\n<div class=\"wp-block-group has-mycms-ardoise-background-color has-background is-layout-constrained wp-block-group-is-layout-constrained\">\n<figure class=\"wp-block-image aligncenter size-full is-resized\"><a href=\"https:\/\/frenehard-michaux.eu\/wp-content\/uploads\/sites\/8\/2025\/09\/Loupe.svg\"><img decoding=\"async\" src=\"https:\/\/frenehard-michaux.eu\/wp-content\/uploads\/sites\/8\/2025\/09\/Loupe.svg\" alt=\"\" class=\"wp-image-1786\" style=\"width:100px\"\/><\/a><\/figure>\n\n\n\n<div class=\"wp-block-buttons is-content-justification-center is-layout-flex wp-container-core-buttons-is-layout-16018d1d wp-block-buttons-is-layout-flex\">\n<div class=\"wp-block-button\"><a class=\"wp-block-button__link wp-element-button\" href=\"https:\/\/frenehard-michaux.eu\/it\/?page_id=2871\">Consulta le offerte di lavoro<\/a><\/div>\n<\/div>\n<\/div>\n<\/section>\n\n\n<div style=\"height:25px\" aria-hidden=\"true\" class=\"wp-block-spacer\"><\/div>\n\n\n<section class=\"section-group section-mycms-ocre-background-color\">\n<div class=\"wp-block-group has-mycms-ocre-background-color has-background is-layout-constrained wp-block-group-is-layout-constrained\">\n<figure class=\"wp-block-image aligncenter size-full is-resized\"><a href=\"https:\/\/frenehard-michaux.eu\/wp-content\/uploads\/sites\/8\/2025\/09\/Dossier.svg\"><img decoding=\"async\" src=\"https:\/\/frenehard-michaux.eu\/wp-content\/uploads\/sites\/8\/2025\/09\/Dossier.svg\" alt=\"\" class=\"wp-image-1789\" style=\"width:100px\"\/><\/a><\/figure>\n\n\n\n<div class=\"wp-block-buttons is-content-justification-center is-layout-flex wp-container-core-buttons-is-layout-16018d1d wp-block-buttons-is-layout-flex\">\n<div class=\"wp-block-button\"><a class=\"wp-block-button__link wp-element-button\" href=\"https:\/\/frenehard-michaux.eu\/it\/candidatura-spontanea\/\">Candidatura spontanea<\/a><\/div>\n<\/div>\n<\/div>\n<\/section><\/div>\n<\/div>\n\n<div class=\"wp-block-columns is-layout-flex wp-container-core-columns-is-layout-9d6595d7 wp-block-columns-is-layout-flex\">\n<div class=\"wp-block-column is-layout-flow wp-block-column-is-layout-flow\"><\/div>\n<\/div>\n\n<p>\u00a0\u00a0\u00a0\u00a0\u00a0<\/p>\n\n<div class=\"wp-block-columns is-layout-flex wp-container-core-columns-is-layout-9d6595d7 wp-block-columns-is-layout-flex\">\n<div class=\"wp-block-column is-layout-flow wp-block-column-is-layout-flow\"><\/div>\n\n\n\n<div class=\"wp-block-column is-layout-flow wp-block-column-is-layout-flow\"><\/div>\n<\/div>\n\n<div style=\"height:100px\" aria-hidden=\"true\" class=\"wp-block-spacer\"><\/div>\n","protected":false},"excerpt":{"rendered":"<p>In Fr\u00e9n\u00e9hard &amp; Michaux, la crescita professionale all&#8217;interno del gruppo non \u00e8 solo possibile, ma viene anche stimolata. Grazie alla nostra estensione geografica, alla variet\u00e0 di mansioni e professioni e all&#8217;abbondanza di strutture, \u00e8 possibile avere accesso a una vasta gamma di opportunit\u00e0. Accompagniamo ogni progetto di crescita professionale, sia in caso di cambiamento di [&hellip;]<\/p>\n","protected":false},"author":8,"featured_media":0,"parent":0,"menu_order":0,"comment_status":"closed","ping_status":"closed","template":"","meta":{"_acf_changed":false,"footnotes":""},"class_list":["post-2628","page","type-page","status-publish","hentry"],"acf":[],"yoast_head":"<!-- This site is optimized with the Yoast SEO plugin v27.4 - https:\/\/yoast.com\/product\/yoast-seo-wordpress\/ -->\n<title>Mobilit\u00e0 interna e studenti - Frenehard &amp; Michaux<\/title>\n<meta name=\"robots\" content=\"index, follow, max-snippet:-1, max-image-preview:large, max-video-preview:-1\" \/>\n<link rel=\"canonical\" href=\"https:\/\/frenehard-michaux.eu\/it\/mobilita-interna-e-studenti\/\" \/>\n<meta property=\"og:locale\" content=\"it_IT\" \/>\n<meta property=\"og:type\" content=\"article\" \/>\n<meta property=\"og:title\" content=\"Mobilit\u00e0 interna e studenti - Frenehard &amp; Michaux\" \/>\n<meta property=\"og:description\" content=\"In Fr\u00e9n\u00e9hard &amp; Michaux, la crescita professionale all&#8217;interno del gruppo non \u00e8 solo possibile, ma viene anche stimolata. Grazie alla nostra estensione geografica, alla variet\u00e0 di mansioni e professioni e all&#8217;abbondanza di strutture, \u00e8 possibile avere accesso a una vasta gamma di opportunit\u00e0. Accompagniamo ogni progetto di crescita professionale, sia in caso di cambiamento di [&hellip;]\" \/>\n<meta property=\"og:url\" content=\"https:\/\/frenehard-michaux.eu\/it\/mobilita-interna-e-studenti\/\" \/>\n<meta property=\"og:site_name\" content=\"Frenehard &amp; Michaux\" \/>\n<meta property=\"article:modified_time\" content=\"2025-11-19T10:47:49+00:00\" \/>\n<meta property=\"og:image\" content=\"https:\/\/frenehard-michaux.eu\/wp-content\/uploads\/sites\/8\/2025\/09\/2023-10-12_09-37-48_reportage_industriel_www.studiolecarre.com_-scaled.jpg\" \/>\n\t<meta property=\"og:image:width\" content=\"2560\" \/>\n\t<meta property=\"og:image:height\" content=\"1707\" \/>\n\t<meta property=\"og:image:type\" content=\"image\/jpeg\" \/>\n<meta name=\"twitter:card\" content=\"summary_large_image\" \/>\n<meta name=\"twitter:label1\" content=\"Tempo di lettura stimato\" \/>\n\t<meta name=\"twitter:data1\" content=\"1 minuto\" \/>\n<script type=\"application\/ld+json\" class=\"yoast-schema-graph\">{\"@context\":\"https:\\\/\\\/schema.org\",\"@graph\":[{\"@type\":\"WebPage\",\"@id\":\"https:\\\/\\\/frenehard-michaux.eu\\\/it\\\/mobilita-interna-e-studenti\\\/\",\"url\":\"https:\\\/\\\/frenehard-michaux.eu\\\/it\\\/mobilita-interna-e-studenti\\\/\",\"name\":\"Mobilit\u00e0 interna e studenti - Frenehard &amp; Michaux\",\"isPartOf\":{\"@id\":\"https:\\\/\\\/frenehard-michaux.eu\\\/it\\\/#website\"},\"primaryImageOfPage\":{\"@id\":\"https:\\\/\\\/frenehard-michaux.eu\\\/it\\\/mobilita-interna-e-studenti\\\/#primaryimage\"},\"image\":{\"@id\":\"https:\\\/\\\/frenehard-michaux.eu\\\/it\\\/mobilita-interna-e-studenti\\\/#primaryimage\"},\"thumbnailUrl\":\"https:\\\/\\\/frenehard-michaux.eu\\\/wp-content\\\/uploads\\\/sites\\\/8\\\/2025\\\/09\\\/2023-10-12_09-37-48_reportage_industriel_www.studiolecarre.com_-1024x683.jpg\",\"datePublished\":\"2025-09-15T08:10:06+00:00\",\"dateModified\":\"2025-11-19T10:47:49+00:00\",\"breadcrumb\":{\"@id\":\"https:\\\/\\\/frenehard-michaux.eu\\\/it\\\/mobilita-interna-e-studenti\\\/#breadcrumb\"},\"inLanguage\":\"it-IT\",\"potentialAction\":[{\"@type\":\"ReadAction\",\"target\":[\"https:\\\/\\\/frenehard-michaux.eu\\\/it\\\/mobilita-interna-e-studenti\\\/\"]}]},{\"@type\":\"ImageObject\",\"inLanguage\":\"it-IT\",\"@id\":\"https:\\\/\\\/frenehard-michaux.eu\\\/it\\\/mobilita-interna-e-studenti\\\/#primaryimage\",\"url\":\"https:\\\/\\\/frenehard-michaux.eu\\\/wp-content\\\/uploads\\\/sites\\\/8\\\/2025\\\/09\\\/2023-10-12_09-37-48_reportage_industriel_www.studiolecarre.com_-1024x683.jpg\",\"contentUrl\":\"https:\\\/\\\/frenehard-michaux.eu\\\/wp-content\\\/uploads\\\/sites\\\/8\\\/2025\\\/09\\\/2023-10-12_09-37-48_reportage_industriel_www.studiolecarre.com_-1024x683.jpg\"},{\"@type\":\"BreadcrumbList\",\"@id\":\"https:\\\/\\\/frenehard-michaux.eu\\\/it\\\/mobilita-interna-e-studenti\\\/#breadcrumb\",\"itemListElement\":[{\"@type\":\"ListItem\",\"position\":1,\"name\":\"Accueil\",\"item\":\"https:\\\/\\\/frenehard-michaux.eu\\\/it\\\/inicio\\\/\"},{\"@type\":\"ListItem\",\"position\":2,\"name\":\"Mobilit\u00e0 interna e studenti\"}]},{\"@type\":\"WebSite\",\"@id\":\"https:\\\/\\\/frenehard-michaux.eu\\\/it\\\/#website\",\"url\":\"https:\\\/\\\/frenehard-michaux.eu\\\/it\\\/\",\"name\":\"Frenehard &amp; Michaux\",\"description\":\"\",\"publisher\":{\"@id\":\"https:\\\/\\\/frenehard-michaux.eu\\\/it\\\/#organization\"},\"potentialAction\":[{\"@type\":\"SearchAction\",\"target\":{\"@type\":\"EntryPoint\",\"urlTemplate\":\"https:\\\/\\\/frenehard-michaux.eu\\\/it\\\/?s={search_term_string}\"},\"query-input\":{\"@type\":\"PropertyValueSpecification\",\"valueRequired\":true,\"valueName\":\"search_term_string\"}}],\"inLanguage\":\"it-IT\"},{\"@type\":\"Organization\",\"@id\":\"https:\\\/\\\/frenehard-michaux.eu\\\/it\\\/#organization\",\"name\":\"Frenehard &amp; Michaux\",\"url\":\"https:\\\/\\\/frenehard-michaux.eu\\\/it\\\/\",\"logo\":{\"@type\":\"ImageObject\",\"inLanguage\":\"it-IT\",\"@id\":\"https:\\\/\\\/frenehard-michaux.eu\\\/it\\\/#\\\/schema\\\/logo\\\/image\\\/\",\"url\":\"https:\\\/\\\/frenehard-michaux.eu\\\/wp-content\\\/uploads\\\/sites\\\/8\\\/2025\\\/09\\\/Frenehard-Michaux_RVB.svg\",\"contentUrl\":\"https:\\\/\\\/frenehard-michaux.eu\\\/wp-content\\\/uploads\\\/sites\\\/8\\\/2025\\\/09\\\/Frenehard-Michaux_RVB.svg\",\"caption\":\"Frenehard &amp; Michaux\"},\"image\":{\"@id\":\"https:\\\/\\\/frenehard-michaux.eu\\\/it\\\/#\\\/schema\\\/logo\\\/image\\\/\"}}]}<\/script>\n<!-- \/ Yoast SEO plugin. -->","yoast_head_json":{"title":"Mobilit\u00e0 interna e studenti - Frenehard &amp; Michaux","robots":{"index":"index","follow":"follow","max-snippet":"max-snippet:-1","max-image-preview":"max-image-preview:large","max-video-preview":"max-video-preview:-1"},"canonical":"https:\/\/frenehard-michaux.eu\/it\/mobilita-interna-e-studenti\/","og_locale":"it_IT","og_type":"article","og_title":"Mobilit\u00e0 interna e studenti - Frenehard &amp; Michaux","og_description":"In Fr\u00e9n\u00e9hard &amp; Michaux, la crescita professionale all&#8217;interno del gruppo non \u00e8 solo possibile, ma viene anche stimolata. Grazie alla nostra estensione geografica, alla variet\u00e0 di mansioni e professioni e all&#8217;abbondanza di strutture, \u00e8 possibile avere accesso a una vasta gamma di opportunit\u00e0. Accompagniamo ogni progetto di crescita professionale, sia in caso di cambiamento di [&hellip;]","og_url":"https:\/\/frenehard-michaux.eu\/it\/mobilita-interna-e-studenti\/","og_site_name":"Frenehard &amp; Michaux","article_modified_time":"2025-11-19T10:47:49+00:00","og_image":[{"width":2560,"height":1707,"url":"https:\/\/frenehard-michaux.eu\/wp-content\/uploads\/sites\/8\/2025\/09\/2023-10-12_09-37-48_reportage_industriel_www.studiolecarre.com_-scaled.jpg","type":"image\/jpeg"}],"twitter_card":"summary_large_image","twitter_misc":{"Tempo di lettura stimato":"1 minuto"},"schema":{"@context":"https:\/\/schema.org","@graph":[{"@type":"WebPage","@id":"https:\/\/frenehard-michaux.eu\/it\/mobilita-interna-e-studenti\/","url":"https:\/\/frenehard-michaux.eu\/it\/mobilita-interna-e-studenti\/","name":"Mobilit\u00e0 interna e studenti - Frenehard &amp; Michaux","isPartOf":{"@id":"https:\/\/frenehard-michaux.eu\/it\/#website"},"primaryImageOfPage":{"@id":"https:\/\/frenehard-michaux.eu\/it\/mobilita-interna-e-studenti\/#primaryimage"},"image":{"@id":"https:\/\/frenehard-michaux.eu\/it\/mobilita-interna-e-studenti\/#primaryimage"},"thumbnailUrl":"https:\/\/frenehard-michaux.eu\/wp-content\/uploads\/sites\/8\/2025\/09\/2023-10-12_09-37-48_reportage_industriel_www.studiolecarre.com_-1024x683.jpg","datePublished":"2025-09-15T08:10:06+00:00","dateModified":"2025-11-19T10:47:49+00:00","breadcrumb":{"@id":"https:\/\/frenehard-michaux.eu\/it\/mobilita-interna-e-studenti\/#breadcrumb"},"inLanguage":"it-IT","potentialAction":[{"@type":"ReadAction","target":["https:\/\/frenehard-michaux.eu\/it\/mobilita-interna-e-studenti\/"]}]},{"@type":"ImageObject","inLanguage":"it-IT","@id":"https:\/\/frenehard-michaux.eu\/it\/mobilita-interna-e-studenti\/#primaryimage","url":"https:\/\/frenehard-michaux.eu\/wp-content\/uploads\/sites\/8\/2025\/09\/2023-10-12_09-37-48_reportage_industriel_www.studiolecarre.com_-1024x683.jpg","contentUrl":"https:\/\/frenehard-michaux.eu\/wp-content\/uploads\/sites\/8\/2025\/09\/2023-10-12_09-37-48_reportage_industriel_www.studiolecarre.com_-1024x683.jpg"},{"@type":"BreadcrumbList","@id":"https:\/\/frenehard-michaux.eu\/it\/mobilita-interna-e-studenti\/#breadcrumb","itemListElement":[{"@type":"ListItem","position":1,"name":"Accueil","item":"https:\/\/frenehard-michaux.eu\/it\/inicio\/"},{"@type":"ListItem","position":2,"name":"Mobilit\u00e0 interna e studenti"}]},{"@type":"WebSite","@id":"https:\/\/frenehard-michaux.eu\/it\/#website","url":"https:\/\/frenehard-michaux.eu\/it\/","name":"Frenehard &amp; Michaux","description":"","publisher":{"@id":"https:\/\/frenehard-michaux.eu\/it\/#organization"},"potentialAction":[{"@type":"SearchAction","target":{"@type":"EntryPoint","urlTemplate":"https:\/\/frenehard-michaux.eu\/it\/?s={search_term_string}"},"query-input":{"@type":"PropertyValueSpecification","valueRequired":true,"valueName":"search_term_string"}}],"inLanguage":"it-IT"},{"@type":"Organization","@id":"https:\/\/frenehard-michaux.eu\/it\/#organization","name":"Frenehard &amp; Michaux","url":"https:\/\/frenehard-michaux.eu\/it\/","logo":{"@type":"ImageObject","inLanguage":"it-IT","@id":"https:\/\/frenehard-michaux.eu\/it\/#\/schema\/logo\/image\/","url":"https:\/\/frenehard-michaux.eu\/wp-content\/uploads\/sites\/8\/2025\/09\/Frenehard-Michaux_RVB.svg","contentUrl":"https:\/\/frenehard-michaux.eu\/wp-content\/uploads\/sites\/8\/2025\/09\/Frenehard-Michaux_RVB.svg","caption":"Frenehard &amp; Michaux"},"image":{"@id":"https:\/\/frenehard-michaux.eu\/it\/#\/schema\/logo\/image\/"}}]}},"_links":{"self":[{"href":"https:\/\/frenehard-michaux.eu\/it\/wp-json\/wp\/v2\/pages\/2628","targetHints":{"allow":["GET"]}}],"collection":[{"href":"https:\/\/frenehard-michaux.eu\/it\/wp-json\/wp\/v2\/pages"}],"about":[{"href":"https:\/\/frenehard-michaux.eu\/it\/wp-json\/wp\/v2\/types\/page"}],"author":[{"embeddable":true,"href":"https:\/\/frenehard-michaux.eu\/it\/wp-json\/wp\/v2\/users\/8"}],"replies":[{"embeddable":true,"href":"https:\/\/frenehard-michaux.eu\/it\/wp-json\/wp\/v2\/comments?post=2628"}],"version-history":[{"count":4,"href":"https:\/\/frenehard-michaux.eu\/it\/wp-json\/wp\/v2\/pages\/2628\/revisions"}],"predecessor-version":[{"id":2998,"href":"https:\/\/frenehard-michaux.eu\/it\/wp-json\/wp\/v2\/pages\/2628\/revisions\/2998"}],"wp:attachment":[{"href":"https:\/\/frenehard-michaux.eu\/it\/wp-json\/wp\/v2\/media?parent=2628"}],"curies":[{"name":"wp","href":"https:\/\/api.w.org\/{rel}","templated":true}]}}