{"id":2674,"date":"2025-09-15T10:50:26","date_gmt":"2025-09-15T08:50:26","guid":{"rendered":"https:\/\/frenehard-michaux.eu\/nuestro-enfoque-de-rsc\/"},"modified":"2026-01-22T09:57:30","modified_gmt":"2026-01-22T08:57:30","slug":"nuestro-enfoque-de-rsc","status":"publish","type":"page","link":"https:\/\/frenehard-michaux.eu\/es\/nuestro-enfoque-de-rsc\/","title":{"rendered":"Nuestro enfoque de RSC"},"content":{"rendered":"<section class=\"section-group section-mycms-ardoise-background-color\">\n<div class=\"wp-block-group has-mycms-ardoise-background-color has-background is-layout-constrained wp-block-group-is-layout-constrained\">\n<div class=\"wp-block-columns alignwide are-vertically-aligned-center has-mycms-ardoise-background-color has-background is-layout-flex wp-container-core-columns-is-layout-9d6595d7 wp-block-columns-is-layout-flex\">\n<div class=\"wp-block-column is-vertically-aligned-center has-mycms-ardoise-background-color has-background is-layout-flow wp-block-column-is-layout-flow\">\n<h4 class=\"wp-block-heading has-mycms-white-color has-text-color has-link-color wp-elements-89441a3eb7a15d3c77a2c9f7697964fd\" id=\"notre-demarche-rsedecouvrez-la-feuille-de-route-du-groupe-dans-le-domaine-de-la-rse-pour-les-annees-2023-2026\"><strong>Descubra la hoja de ruta del Grupo en materia de RSC para 2023-2026<\/strong><\/h4>\n\n\n\n<p class=\"has-mycms-white-color has-text-color has-link-color wp-elements-75377f9149ecd62687e501e9f7f80d74\">Este enfoque se basa en seis pilares:<\/p>\n\n\n\n<p class=\"has-mycms-white-color has-text-color has-link-color wp-elements-6102ad9c2f96860da49d83bca5753c83\">\u2022 Los Derechos Humanos<br>\u2022 Las Condiciones laborales<br>\u2022 El Medio ambiente<br>\u2022 Las Pr\u00e1cticas justas<br>\u2022 Los Desaf\u00edos relativos a los clientes y los usuarios<br>\u2022 Nuestro compromiso territorial<\/p>\n\n\n\n<div class=\"wp-block-buttons is-layout-flex wp-block-buttons-is-layout-flex\">\n<div class=\"wp-block-button\"><a class=\"wp-block-button__link wp-element-button\" href=\"https:\/\/frenehard-michaux.eu\/wp-content\/uploads\/sites\/8\/2025\/11\/rapport-extra-financier-2024-FR_Frenehard-Michaux_EN.pdf\">Leer el informe extrafinanciero<\/a><\/div>\n<\/div>\n<\/div>\n\n\n\n<div class=\"wp-block-column is-vertically-aligned-center has-mycms-ardoise-background-color has-background is-layout-flow wp-block-column-is-layout-flow\">\n<figure class=\"wp-block-embed is-type-video is-provider-youtube wp-block-embed-youtube wp-embed-aspect-4-3 wp-has-aspect-ratio\"><div class=\"wp-block-embed__wrapper\">\n<iframe loading=\"lazy\" title=\"Nuestra estrategia de RSE\" width=\"500\" height=\"375\" src=\"https:\/\/www.youtube.com\/embed\/wGbE6eKCKSA?feature=oembed\" frameborder=\"0\" allow=\"accelerometer; autoplay; clipboard-write; encrypted-media; gyroscope; picture-in-picture; web-share\" referrerpolicy=\"strict-origin-when-cross-origin\" allowfullscreen><\/iframe>\n<\/div><\/figure>\n<\/div>\n<\/div>\n<\/div>\n<\/section>\n\n\n<div style=\"height:80px\" aria-hidden=\"true\" class=\"wp-block-spacer\"><\/div>\n\n\n\n<div class=\"wp-block-columns is-layout-flex wp-container-core-columns-is-layout-9d6595d7 wp-block-columns-is-layout-flex\">\n<div class=\"wp-block-column is-layout-flow wp-block-column-is-layout-flow\">\n<figure class=\"wp-block-image size-large is-resized\"><a href=\"https:\/\/frenehard-michaux.eu\/wp-content\/uploads\/sites\/8\/2025\/09\/Zwolle-0165-scaled.jpg\"><img loading=\"lazy\" decoding=\"async\" width=\"1024\" height=\"683\" src=\"https:\/\/frenehard-michaux.eu\/wp-content\/uploads\/sites\/8\/2025\/09\/Zwolle-0165-1024x683.jpg\" alt=\"\" class=\"wp-image-1758\" style=\"width:514px;height:auto\" srcset=\"https:\/\/frenehard-michaux.eu\/wp-content\/uploads\/sites\/8\/2025\/09\/Zwolle-0165-1024x683.jpg 1024w, https:\/\/frenehard-michaux.eu\/wp-content\/uploads\/sites\/8\/2025\/09\/Zwolle-0165-300x200.jpg 300w, https:\/\/frenehard-michaux.eu\/wp-content\/uploads\/sites\/8\/2025\/09\/Zwolle-0165-768x512.jpg 768w, https:\/\/frenehard-michaux.eu\/wp-content\/uploads\/sites\/8\/2025\/09\/Zwolle-0165-1536x1024.jpg 1536w, https:\/\/frenehard-michaux.eu\/wp-content\/uploads\/sites\/8\/2025\/09\/Zwolle-0165-2048x1365.jpg 2048w, https:\/\/frenehard-michaux.eu\/wp-content\/uploads\/sites\/8\/2025\/09\/Zwolle-0165-600x400.jpg 600w, https:\/\/frenehard-michaux.eu\/wp-content\/uploads\/sites\/8\/2025\/09\/Zwolle-0165-150x100.jpg 150w, https:\/\/frenehard-michaux.eu\/wp-content\/uploads\/sites\/8\/2025\/09\/Zwolle-0165-541x360.jpg 541w, https:\/\/frenehard-michaux.eu\/wp-content\/uploads\/sites\/8\/2025\/09\/Zwolle-0165-317x211.jpg 317w\" sizes=\"auto, (max-width: 1024px) 100vw, 1024px\" \/><\/a><\/figure>\n<\/div>\n\n\n\n<div class=\"wp-block-column is-layout-flow wp-block-column-is-layout-flow\">\n<h2 class=\"wp-block-heading\" id=\"notre-politique-achat-responsable\">Nuestra pol\u00edtica de compras responsables<\/h2>\n\n\n\n<p>La pol\u00edtica de compras responsables del Grupo Fr\u00e9n\u00e9hard &amp; Michaux traduce nuestros compromisos de RSC en una estrategia de compras plurianual basada en nuestros tres grandes desaf\u00edos: asegurar nuestra cadena de suministro, reducir el impacto medioambiental de nuestras compras y garantizar la competitividad de nuestras empresas y socios.<\/p>\n\n\n\n<p><strong>Nuestras empresas: ALTREX, ARTUB, FMS RINGUE, FRENEHARD, GAMESYSTEM, LOGIS ALLIANCE, MA ESTRUCTURAS, NERESSY, SECURIGARD, SKYWORKS, SYAM, TENDO y TUBESCA-COMABI se comprometen<\/strong>.<\/p>\n<\/div>\n<\/div>\n\n\n\n<div class=\"wp-block-columns is-layout-flex wp-container-core-columns-is-layout-9d6595d7 wp-block-columns-is-layout-flex\">\n<div class=\"wp-block-column is-layout-flow wp-block-column-is-layout-flow\" style=\"flex-basis:66.66%\">\n<div class=\"wp-block-buttons is-layout-flex wp-block-buttons-is-layout-flex\">\n<div class=\"wp-block-button\"><a class=\"wp-block-button__link wp-element-button\" href=\"https:\/\/frenehard-michaux.eu\/wp-content\/uploads\/sites\/8\/2025\/11\/Politique-achat-responsable_Frenehard-Michaux-ES_web-1.pdf\">M\u00e1s informaci\u00f3n sobre nuestra pol\u00edtica aqu\u00ed<\/a><\/div>\n<\/div>\n<\/div>\n<\/div>\n\n\n\n<div style=\"height:71px\" aria-hidden=\"true\" class=\"wp-block-spacer\"><\/div>\n\n\n<section class=\"section-group\">\n<div class=\"wp-block-group is-layout-constrained wp-block-group-is-layout-constrained\">\n<h3 class=\"wp-block-heading has-mycms-indigo-color has-text-color has-link-color wp-elements-fbd0581a4b3ee4e9a72863a1a393b5c2\" id=\"demarches-qualite-securite-et-environnement\">Enfoque de calidad, seguridad y medio ambiente<\/h3>\n\n\n\n<p>El enfoque de calidad, seguridad y medio ambiente del Grupo se ajusta a las normas ISO 9001, ISO 45001 e ISO 14001 y se basa en la mejora continua de los procesos de cada empresa.<\/p>\n\n\n\n<div style=\"height:30px\" aria-hidden=\"true\" class=\"wp-block-spacer\"><\/div>\n\n\n\n<div class=\"wp-block-columns is-layout-flex wp-container-core-columns-is-layout-9d6595d7 wp-block-columns-is-layout-flex\">\n<div class=\"wp-block-column is-layout-flow wp-block-column-is-layout-flow\">\n<h2 class=\"wp-block-heading is-style-h4\" id=\"qualite\">     <strong>Calidad<\/strong><\/h2>\n\n\n\n<p>Todas nuestras plantas cuentan con la certificaci\u00f3n ISO 9001, que acredita el cumplimiento y la eficacia de nuestro sistema de gesti\u00f3n de clientes para satisfacer los requisitos reglamentarios y normativos de los productos y nuestras organizaciones.<\/p>\n\n\n\n<p>Esta certificaci\u00f3n refleja nuestro deseo de ser transparentes con nuestros clientes y socios. Da fe del trabajo concienzudo de todos nuestros empleados, que se esfuerzan cada d\u00eda, y constituye una garant\u00eda de seguridad para nuestros usuarios.<\/p>\n\n\n\n<figure class=\"wp-block-image size-full is-resized\"><a href=\"https:\/\/frenehard-michaux.eu\/wp-content\/uploads\/sites\/8\/2025\/08\/Qualite_Normes.jpg\"><img loading=\"lazy\" decoding=\"async\" width=\"454\" height=\"73\" src=\"https:\/\/frenehard-michaux.eu\/wp-content\/uploads\/sites\/8\/2025\/08\/Qualite_Normes.jpg\" alt=\"\" class=\"wp-image-1415\" style=\"width:501px;height:auto\" srcset=\"https:\/\/frenehard-michaux.eu\/wp-content\/uploads\/sites\/8\/2025\/08\/Qualite_Normes.jpg 454w, https:\/\/frenehard-michaux.eu\/wp-content\/uploads\/sites\/8\/2025\/08\/Qualite_Normes-300x48.jpg 300w, https:\/\/frenehard-michaux.eu\/wp-content\/uploads\/sites\/8\/2025\/08\/Qualite_Normes-445x73.jpg 445w, https:\/\/frenehard-michaux.eu\/wp-content\/uploads\/sites\/8\/2025\/08\/Qualite_Normes-150x24.jpg 150w\" sizes=\"auto, (max-width: 454px) 100vw, 454px\" \/><\/a><\/figure>\n<\/div>\n\n\n\n<div class=\"wp-block-column is-layout-flow wp-block-column-is-layout-flow\">\n<h2 class=\"wp-block-heading is-style-h4\" id=\"securite\">         <strong>Seguridad<\/strong><\/h2>\n\n\n\n<p>La gesti\u00f3n de la seguridad de nuestro personal en nuestras empresas es una prioridad y forma parte de nuestra esencia. \u00bfC\u00f3mo podr\u00edamos preocuparnos por la seguridad de los usuarios de nuestros productos si no nos preocup\u00e1ramos por la salud y la seguridad de nuestro personal en el lugar de trabajo?<\/p>\n\n\n\n<p>Para ir m\u00e1s all\u00e1 y hacer que nuestras empresas formen parte de un mundo m\u00e1s sostenible, respetuoso con el medio ambiente y que contribuya a reducir los gases de efecto invernadero, trabajamos en un programa de RSC. <\/p>\n\n\n\n<figure class=\"wp-block-image alignleft size-full is-resized\"><a href=\"https:\/\/frenehard-michaux.eu\/wp-content\/uploads\/sites\/8\/2025\/09\/1.png\"><img loading=\"lazy\" decoding=\"async\" width=\"537\" height=\"281\" src=\"https:\/\/frenehard-michaux.eu\/wp-content\/uploads\/sites\/8\/2025\/09\/1.png\" alt=\"\" class=\"wp-image-1761\" style=\"width:405px;height:auto\" srcset=\"https:\/\/frenehard-michaux.eu\/wp-content\/uploads\/sites\/8\/2025\/09\/1.png 537w, https:\/\/frenehard-michaux.eu\/wp-content\/uploads\/sites\/8\/2025\/09\/1-300x157.png 300w, https:\/\/frenehard-michaux.eu\/wp-content\/uploads\/sites\/8\/2025\/09\/1-150x78.png 150w\" sizes=\"auto, (max-width: 537px) 100vw, 537px\" \/><\/a><\/figure>\n<\/div>\n\n\n\n<div class=\"wp-block-column is-layout-flow wp-block-column-is-layout-flow\">\n<h2 class=\"wp-block-heading is-style-h4\" id=\"environnement-1\">        <strong>Medio ambiente<\/strong><\/h2>\n\n\n\n<p>Las actividades del Grupo Fr\u00e9n\u00e9hard &amp; Michaux se ven directamente afectadas por los desaf\u00edos del crecimiento verde. Utilizamos principalmente acero y aluminio, materiales que pueden reciclarse hasta el infinito. Cada d\u00eda, las distintas empresas del Grupo se esfuerzan por limitar el impacto medioambiental de sus actividades, controlando la gesti\u00f3n de los residuos y su reciclaje y trabajando para reducir el consumo energ\u00e9tico de nuestras plantas.<\/p>\n<\/div>\n<\/div>\n<\/div>\n<\/section>","protected":false},"excerpt":{"rendered":"<p>Descubra la hoja de ruta del Grupo en materia de RSC para 2023-2026 Este enfoque se basa en seis pilares: \u2022 Los Derechos Humanos\u2022 Las Condiciones laborales\u2022 El Medio ambiente\u2022 Las Pr\u00e1cticas justas\u2022 Los Desaf\u00edos relativos a los clientes y los usuarios\u2022 Nuestro compromiso territorial Nuestra pol\u00edtica de compras responsables La pol\u00edtica de compras responsables [&hellip;]<\/p>\n","protected":false},"author":8,"featured_media":0,"parent":0,"menu_order":0,"comment_status":"closed","ping_status":"closed","template":"","meta":{"_acf_changed":false,"footnotes":""},"class_list":["post-2674","page","type-page","status-publish","hentry"],"acf":[],"yoast_head":"<!-- This site is optimized with the Yoast SEO plugin v27.4 - https:\/\/yoast.com\/product\/yoast-seo-wordpress\/ -->\n<title>Nuestro enfoque de RSC - Frenehard &amp; Michaux<\/title>\n<meta name=\"robots\" content=\"index, follow, max-snippet:-1, max-image-preview:large, max-video-preview:-1\" \/>\n<link rel=\"canonical\" href=\"https:\/\/frenehard-michaux.eu\/es\/nuestro-enfoque-de-rsc\/\" \/>\n<meta property=\"og:locale\" content=\"es_ES\" \/>\n<meta property=\"og:type\" content=\"article\" \/>\n<meta property=\"og:title\" content=\"Nuestro enfoque de RSC - Frenehard &amp; Michaux\" \/>\n<meta property=\"og:description\" content=\"Descubra la hoja de ruta del Grupo en materia de RSC para 2023-2026 Este enfoque se basa en seis pilares: \u2022 Los Derechos Humanos\u2022 Las Condiciones laborales\u2022 El Medio ambiente\u2022 Las Pr\u00e1cticas justas\u2022 Los Desaf\u00edos relativos a los clientes y los usuarios\u2022 Nuestro compromiso territorial Nuestra pol\u00edtica de compras responsables La pol\u00edtica de compras responsables [&hellip;]\" \/>\n<meta property=\"og:url\" content=\"https:\/\/frenehard-michaux.eu\/es\/nuestro-enfoque-de-rsc\/\" \/>\n<meta property=\"og:site_name\" content=\"Frenehard &amp; Michaux\" \/>\n<meta property=\"article:modified_time\" content=\"2026-01-22T08:57:30+00:00\" \/>\n<meta property=\"og:image\" content=\"https:\/\/frenehard-michaux.eu\/wp-content\/uploads\/sites\/8\/2025\/09\/Zwolle-0165-scaled.jpg\" \/>\n\t<meta property=\"og:image:width\" content=\"2560\" \/>\n\t<meta property=\"og:image:height\" content=\"1707\" \/>\n\t<meta property=\"og:image:type\" content=\"image\/jpeg\" \/>\n<meta name=\"twitter:card\" content=\"summary_large_image\" \/>\n<meta name=\"twitter:label1\" content=\"Tiempo de lectura\" \/>\n\t<meta name=\"twitter:data1\" content=\"3 minutos\" \/>\n<script type=\"application\/ld+json\" class=\"yoast-schema-graph\">{\"@context\":\"https:\\\/\\\/schema.org\",\"@graph\":[{\"@type\":\"WebPage\",\"@id\":\"https:\\\/\\\/frenehard-michaux.eu\\\/es\\\/nuestro-enfoque-de-rsc\\\/\",\"url\":\"https:\\\/\\\/frenehard-michaux.eu\\\/es\\\/nuestro-enfoque-de-rsc\\\/\",\"name\":\"Nuestro enfoque de RSC - Frenehard &amp; Michaux\",\"isPartOf\":{\"@id\":\"https:\\\/\\\/frenehard-michaux.eu\\\/es\\\/#website\"},\"primaryImageOfPage\":{\"@id\":\"https:\\\/\\\/frenehard-michaux.eu\\\/es\\\/nuestro-enfoque-de-rsc\\\/#primaryimage\"},\"image\":{\"@id\":\"https:\\\/\\\/frenehard-michaux.eu\\\/es\\\/nuestro-enfoque-de-rsc\\\/#primaryimage\"},\"thumbnailUrl\":\"https:\\\/\\\/frenehard-michaux.eu\\\/wp-content\\\/uploads\\\/sites\\\/8\\\/2025\\\/09\\\/Zwolle-0165-1024x683.jpg\",\"datePublished\":\"2025-09-15T08:50:26+00:00\",\"dateModified\":\"2026-01-22T08:57:30+00:00\",\"breadcrumb\":{\"@id\":\"https:\\\/\\\/frenehard-michaux.eu\\\/es\\\/nuestro-enfoque-de-rsc\\\/#breadcrumb\"},\"inLanguage\":\"es\",\"potentialAction\":[{\"@type\":\"ReadAction\",\"target\":[\"https:\\\/\\\/frenehard-michaux.eu\\\/es\\\/nuestro-enfoque-de-rsc\\\/\"]}]},{\"@type\":\"ImageObject\",\"inLanguage\":\"es\",\"@id\":\"https:\\\/\\\/frenehard-michaux.eu\\\/es\\\/nuestro-enfoque-de-rsc\\\/#primaryimage\",\"url\":\"https:\\\/\\\/frenehard-michaux.eu\\\/wp-content\\\/uploads\\\/sites\\\/8\\\/2025\\\/09\\\/Zwolle-0165-1024x683.jpg\",\"contentUrl\":\"https:\\\/\\\/frenehard-michaux.eu\\\/wp-content\\\/uploads\\\/sites\\\/8\\\/2025\\\/09\\\/Zwolle-0165-1024x683.jpg\"},{\"@type\":\"BreadcrumbList\",\"@id\":\"https:\\\/\\\/frenehard-michaux.eu\\\/es\\\/nuestro-enfoque-de-rsc\\\/#breadcrumb\",\"itemListElement\":[{\"@type\":\"ListItem\",\"position\":1,\"name\":\"Accueil\",\"item\":\"https:\\\/\\\/frenehard-michaux.eu\\\/es\\\/accueil\\\/\"},{\"@type\":\"ListItem\",\"position\":2,\"name\":\"Nuestro enfoque de RSC\"}]},{\"@type\":\"WebSite\",\"@id\":\"https:\\\/\\\/frenehard-michaux.eu\\\/es\\\/#website\",\"url\":\"https:\\\/\\\/frenehard-michaux.eu\\\/es\\\/\",\"name\":\"Frenehard &amp; Michaux\",\"description\":\"\",\"publisher\":{\"@id\":\"https:\\\/\\\/frenehard-michaux.eu\\\/es\\\/#organization\"},\"potentialAction\":[{\"@type\":\"SearchAction\",\"target\":{\"@type\":\"EntryPoint\",\"urlTemplate\":\"https:\\\/\\\/frenehard-michaux.eu\\\/es\\\/?s={search_term_string}\"},\"query-input\":{\"@type\":\"PropertyValueSpecification\",\"valueRequired\":true,\"valueName\":\"search_term_string\"}}],\"inLanguage\":\"es\"},{\"@type\":\"Organization\",\"@id\":\"https:\\\/\\\/frenehard-michaux.eu\\\/es\\\/#organization\",\"name\":\"Frenehard &amp; Michaux\",\"url\":\"https:\\\/\\\/frenehard-michaux.eu\\\/es\\\/\",\"logo\":{\"@type\":\"ImageObject\",\"inLanguage\":\"es\",\"@id\":\"https:\\\/\\\/frenehard-michaux.eu\\\/es\\\/#\\\/schema\\\/logo\\\/image\\\/\",\"url\":\"https:\\\/\\\/frenehard-michaux.eu\\\/wp-content\\\/uploads\\\/sites\\\/8\\\/2025\\\/09\\\/Frenehard-Michaux_RVB.svg\",\"contentUrl\":\"https:\\\/\\\/frenehard-michaux.eu\\\/wp-content\\\/uploads\\\/sites\\\/8\\\/2025\\\/09\\\/Frenehard-Michaux_RVB.svg\",\"caption\":\"Frenehard &amp; Michaux\"},\"image\":{\"@id\":\"https:\\\/\\\/frenehard-michaux.eu\\\/es\\\/#\\\/schema\\\/logo\\\/image\\\/\"}}]}<\/script>\n<!-- \/ Yoast SEO plugin. -->","yoast_head_json":{"title":"Nuestro enfoque de RSC - Frenehard &amp; Michaux","robots":{"index":"index","follow":"follow","max-snippet":"max-snippet:-1","max-image-preview":"max-image-preview:large","max-video-preview":"max-video-preview:-1"},"canonical":"https:\/\/frenehard-michaux.eu\/es\/nuestro-enfoque-de-rsc\/","og_locale":"es_ES","og_type":"article","og_title":"Nuestro enfoque de RSC - Frenehard &amp; Michaux","og_description":"Descubra la hoja de ruta del Grupo en materia de RSC para 2023-2026 Este enfoque se basa en seis pilares: \u2022 Los Derechos Humanos\u2022 Las Condiciones laborales\u2022 El Medio ambiente\u2022 Las Pr\u00e1cticas justas\u2022 Los Desaf\u00edos relativos a los clientes y los usuarios\u2022 Nuestro compromiso territorial Nuestra pol\u00edtica de compras responsables La pol\u00edtica de compras responsables [&hellip;]","og_url":"https:\/\/frenehard-michaux.eu\/es\/nuestro-enfoque-de-rsc\/","og_site_name":"Frenehard &amp; Michaux","article_modified_time":"2026-01-22T08:57:30+00:00","og_image":[{"width":2560,"height":1707,"url":"https:\/\/frenehard-michaux.eu\/wp-content\/uploads\/sites\/8\/2025\/09\/Zwolle-0165-scaled.jpg","type":"image\/jpeg"}],"twitter_card":"summary_large_image","twitter_misc":{"Tiempo de lectura":"3 minutos"},"schema":{"@context":"https:\/\/schema.org","@graph":[{"@type":"WebPage","@id":"https:\/\/frenehard-michaux.eu\/es\/nuestro-enfoque-de-rsc\/","url":"https:\/\/frenehard-michaux.eu\/es\/nuestro-enfoque-de-rsc\/","name":"Nuestro enfoque de RSC - Frenehard &amp; Michaux","isPartOf":{"@id":"https:\/\/frenehard-michaux.eu\/es\/#website"},"primaryImageOfPage":{"@id":"https:\/\/frenehard-michaux.eu\/es\/nuestro-enfoque-de-rsc\/#primaryimage"},"image":{"@id":"https:\/\/frenehard-michaux.eu\/es\/nuestro-enfoque-de-rsc\/#primaryimage"},"thumbnailUrl":"https:\/\/frenehard-michaux.eu\/wp-content\/uploads\/sites\/8\/2025\/09\/Zwolle-0165-1024x683.jpg","datePublished":"2025-09-15T08:50:26+00:00","dateModified":"2026-01-22T08:57:30+00:00","breadcrumb":{"@id":"https:\/\/frenehard-michaux.eu\/es\/nuestro-enfoque-de-rsc\/#breadcrumb"},"inLanguage":"es","potentialAction":[{"@type":"ReadAction","target":["https:\/\/frenehard-michaux.eu\/es\/nuestro-enfoque-de-rsc\/"]}]},{"@type":"ImageObject","inLanguage":"es","@id":"https:\/\/frenehard-michaux.eu\/es\/nuestro-enfoque-de-rsc\/#primaryimage","url":"https:\/\/frenehard-michaux.eu\/wp-content\/uploads\/sites\/8\/2025\/09\/Zwolle-0165-1024x683.jpg","contentUrl":"https:\/\/frenehard-michaux.eu\/wp-content\/uploads\/sites\/8\/2025\/09\/Zwolle-0165-1024x683.jpg"},{"@type":"BreadcrumbList","@id":"https:\/\/frenehard-michaux.eu\/es\/nuestro-enfoque-de-rsc\/#breadcrumb","itemListElement":[{"@type":"ListItem","position":1,"name":"Accueil","item":"https:\/\/frenehard-michaux.eu\/es\/accueil\/"},{"@type":"ListItem","position":2,"name":"Nuestro enfoque de RSC"}]},{"@type":"WebSite","@id":"https:\/\/frenehard-michaux.eu\/es\/#website","url":"https:\/\/frenehard-michaux.eu\/es\/","name":"Frenehard &amp; Michaux","description":"","publisher":{"@id":"https:\/\/frenehard-michaux.eu\/es\/#organization"},"potentialAction":[{"@type":"SearchAction","target":{"@type":"EntryPoint","urlTemplate":"https:\/\/frenehard-michaux.eu\/es\/?s={search_term_string}"},"query-input":{"@type":"PropertyValueSpecification","valueRequired":true,"valueName":"search_term_string"}}],"inLanguage":"es"},{"@type":"Organization","@id":"https:\/\/frenehard-michaux.eu\/es\/#organization","name":"Frenehard &amp; Michaux","url":"https:\/\/frenehard-michaux.eu\/es\/","logo":{"@type":"ImageObject","inLanguage":"es","@id":"https:\/\/frenehard-michaux.eu\/es\/#\/schema\/logo\/image\/","url":"https:\/\/frenehard-michaux.eu\/wp-content\/uploads\/sites\/8\/2025\/09\/Frenehard-Michaux_RVB.svg","contentUrl":"https:\/\/frenehard-michaux.eu\/wp-content\/uploads\/sites\/8\/2025\/09\/Frenehard-Michaux_RVB.svg","caption":"Frenehard &amp; Michaux"},"image":{"@id":"https:\/\/frenehard-michaux.eu\/es\/#\/schema\/logo\/image\/"}}]}},"_links":{"self":[{"href":"https:\/\/frenehard-michaux.eu\/es\/wp-json\/wp\/v2\/pages\/2674","targetHints":{"allow":["GET"]}}],"collection":[{"href":"https:\/\/frenehard-michaux.eu\/es\/wp-json\/wp\/v2\/pages"}],"about":[{"href":"https:\/\/frenehard-michaux.eu\/es\/wp-json\/wp\/v2\/types\/page"}],"author":[{"embeddable":true,"href":"https:\/\/frenehard-michaux.eu\/es\/wp-json\/wp\/v2\/users\/8"}],"replies":[{"embeddable":true,"href":"https:\/\/frenehard-michaux.eu\/es\/wp-json\/wp\/v2\/comments?post=2674"}],"version-history":[{"count":7,"href":"https:\/\/frenehard-michaux.eu\/es\/wp-json\/wp\/v2\/pages\/2674\/revisions"}],"predecessor-version":[{"id":3262,"href":"https:\/\/frenehard-michaux.eu\/es\/wp-json\/wp\/v2\/pages\/2674\/revisions\/3262"}],"wp:attachment":[{"href":"https:\/\/frenehard-michaux.eu\/es\/wp-json\/wp\/v2\/media?parent=2674"}],"curies":[{"name":"wp","href":"https:\/\/api.w.org\/{rel}","templated":true}]}}