{"id":2662,"date":"2025-09-15T10:35:06","date_gmt":"2025-09-15T08:35:06","guid":{"rendered":"https:\/\/frenehard-michaux.eu\/nuestra-historia-y-nuestros-valores\/"},"modified":"2025-11-19T11:47:54","modified_gmt":"2025-11-19T10:47:54","slug":"nuestra-historia-y-nuestros-valores","status":"publish","type":"page","link":"https:\/\/frenehard-michaux.eu\/es\/nuestra-historia-y-nuestros-valores\/","title":{"rendered":"Nuestra historia y nuestros valores"},"content":{"rendered":"\n<div style=\"height:100px\" aria-hidden=\"true\" class=\"wp-block-spacer\"><\/div>\n\n<div class=\"wp-block-columns is-layout-flex wp-container-core-columns-is-layout-9d6595d7 wp-block-columns-is-layout-flex\">\n<div class=\"wp-block-column is-layout-flow wp-block-column-is-layout-flow\">\n<figure class=\"wp-block-image aligncenter size-full is-resized\"><a href=\"https:\/\/frenehard-michaux.eu\/wp-content\/uploads\/sites\/8\/2025\/08\/Plus-de-22-sites-en-Europe.png\"><img loading=\"lazy\" decoding=\"async\" width=\"150\" height=\"150\" src=\"https:\/\/frenehard-michaux.eu\/wp-content\/uploads\/sites\/8\/2025\/08\/Plus-de-22-sites-en-Europe.png\" alt=\"\" class=\"wp-image-1398\" style=\"width:108px;height:auto\" srcset=\"https:\/\/frenehard-michaux.eu\/wp-content\/uploads\/sites\/8\/2025\/08\/Plus-de-22-sites-en-Europe.png 150w, https:\/\/frenehard-michaux.eu\/wp-content\/uploads\/sites\/8\/2025\/08\/Plus-de-22-sites-en-Europe-100x100.png 100w\" sizes=\"auto, (max-width: 150px) 100vw, 150px\" \/><\/a><\/figure>\n\n\n\n<p class=\"has-text-align-center\"><strong>31 centros en Europa<\/strong><\/p>\n<\/div>\n\n\n\n<div class=\"wp-block-column is-layout-flow wp-block-column-is-layout-flow\">\n<figure class=\"wp-block-image aligncenter size-full is-resized\"><a href=\"https:\/\/frenehard-michaux.eu\/wp-content\/uploads\/sites\/8\/2025\/08\/Plus-de-1200-collaborateurs_2.jpg\"><img loading=\"lazy\" decoding=\"async\" width=\"150\" height=\"150\" src=\"https:\/\/frenehard-michaux.eu\/wp-content\/uploads\/sites\/8\/2025\/08\/Plus-de-1200-collaborateurs_2.jpg\" alt=\"\" class=\"wp-image-1399\" style=\"width:112px;height:auto\" srcset=\"https:\/\/frenehard-michaux.eu\/wp-content\/uploads\/sites\/8\/2025\/08\/Plus-de-1200-collaborateurs_2.jpg 150w, https:\/\/frenehard-michaux.eu\/wp-content\/uploads\/sites\/8\/2025\/08\/Plus-de-1200-collaborateurs_2-100x100.jpg 100w\" sizes=\"auto, (max-width: 150px) 100vw, 150px\" \/><\/a><\/figure>\n\n\n\n<p class=\"has-text-align-center\"><strong>M\u00e1s de 1200 empleados<\/strong><\/p>\n<\/div>\n\n\n\n<div class=\"wp-block-column is-layout-flow wp-block-column-is-layout-flow\">\n<figure class=\"wp-block-image aligncenter size-full is-resized\"><a href=\"https:\/\/frenehard-michaux.eu\/wp-content\/uploads\/sites\/8\/2025\/08\/Ca-de-300M-d_euros_2.jpg\"><img loading=\"lazy\" decoding=\"async\" width=\"150\" height=\"150\" src=\"https:\/\/frenehard-michaux.eu\/wp-content\/uploads\/sites\/8\/2025\/08\/Ca-de-300M-d_euros_2.jpg\" alt=\"\" class=\"wp-image-1400\" style=\"width:110px;height:auto\" srcset=\"https:\/\/frenehard-michaux.eu\/wp-content\/uploads\/sites\/8\/2025\/08\/Ca-de-300M-d_euros_2.jpg 150w, https:\/\/frenehard-michaux.eu\/wp-content\/uploads\/sites\/8\/2025\/08\/Ca-de-300M-d_euros_2-100x100.jpg 100w\" sizes=\"auto, (max-width: 150px) 100vw, 150px\" \/><\/a><\/figure>\n\n\n\n<p class=\"has-text-align-center\"><strong>Volumen de negocios de 300 M\u20ac<\/strong><\/p>\n<\/div>\n\n\n\n<div class=\"wp-block-column is-layout-flow wp-block-column-is-layout-flow\">\n<figure class=\"wp-block-image aligncenter size-full is-resized\"><a href=\"https:\/\/frenehard-michaux.eu\/wp-content\/uploads\/sites\/8\/2025\/08\/Presence-dans-plus-de-70-pays_2.png\"><img loading=\"lazy\" decoding=\"async\" width=\"150\" height=\"150\" src=\"https:\/\/frenehard-michaux.eu\/wp-content\/uploads\/sites\/8\/2025\/08\/Presence-dans-plus-de-70-pays_2.png\" alt=\"\" class=\"wp-image-1401\" style=\"width:110px;height:auto\" srcset=\"https:\/\/frenehard-michaux.eu\/wp-content\/uploads\/sites\/8\/2025\/08\/Presence-dans-plus-de-70-pays_2.png 150w, https:\/\/frenehard-michaux.eu\/wp-content\/uploads\/sites\/8\/2025\/08\/Presence-dans-plus-de-70-pays_2-100x100.png 100w\" sizes=\"auto, (max-width: 150px) 100vw, 150px\" \/><\/a><\/figure>\n\n\n\n<p class=\"has-text-align-center\"><strong>Presencia en m\u00e1s de 70 pa\u00edses<\/strong><\/p>\n<\/div>\n<\/div>\n\n<h3 class=\"wp-block-heading has-mycms-ardoise-color has-text-color has-link-color wp-elements-f5de0e2750d2a022200b3b9dd6b87ebb\" id=\"nos-missions\">Nuestras misiones<\/h3>\n\n<div class=\"wp-block-columns is-layout-flex wp-container-core-columns-is-layout-9d6595d7 wp-block-columns-is-layout-flex\">\n<div class=\"wp-block-column is-layout-flow wp-block-column-is-layout-flow\">\n<p>Todas las empresas del Grupo comparten la misma tradici\u00f3n industrial, una amplia experiencia en aluminio y acero, as\u00ed como la misma idea de la altura (productos de acceso ligero, andamios fijos, protecciones colectivas e individuales y accesorios para cubiertas y techumbres).<\/p>\n\n\n\n<p>Nuestro Grupo se especializa en dos \u00e1mbitos de aplicaci\u00f3n principales:<\/p>\n\n\n\n<ul class=\"wp-block-list\">\n<li><strong>Cubiertas y fijaciones (ferreter\u00eda para canalones, ferreter\u00eda para cubiertas y protecci\u00f3n antica\u00eddas: anclajes para cubiertas y ganchos de seguridad).<\/strong><\/li>\n\n\n\n<li><strong>La Hauteur en Confiance\u00ae (protecciones antica\u00eddas y soluciones de acceso y de trabajos en altura).<\/strong><\/li>\n<\/ul>\n\n\n\n<p>Con una fuerte presencia europea, nuestro Grupo dispone de los recursos necesarios para alcanzar sus ambiciones: suministrar a nuestros clientes exactamente los productos que necesitan en Europa.<\/p>\n<\/div>\n\n\n\n<div class=\"wp-block-column is-layout-flow wp-block-column-is-layout-flow\">\n<figure class=\"wp-block-image size-full is-resized\"><a href=\"https:\/\/frenehard-michaux.eu\/wp-content\/uploads\/sites\/8\/2025\/09\/Capture.png\"><img loading=\"lazy\" decoding=\"async\" width=\"596\" height=\"445\" src=\"https:\/\/frenehard-michaux.eu\/wp-content\/uploads\/sites\/8\/2025\/09\/Capture.png\" alt=\"\" class=\"wp-image-1751\" style=\"width:477px;height:auto\" srcset=\"https:\/\/frenehard-michaux.eu\/wp-content\/uploads\/sites\/8\/2025\/09\/Capture.png 596w, https:\/\/frenehard-michaux.eu\/wp-content\/uploads\/sites\/8\/2025\/09\/Capture-300x224.png 300w, https:\/\/frenehard-michaux.eu\/wp-content\/uploads\/sites\/8\/2025\/09\/Capture-150x112.png 150w, https:\/\/frenehard-michaux.eu\/wp-content\/uploads\/sites\/8\/2025\/09\/Capture-395x295.png 395w\" sizes=\"auto, (max-width: 596px) 100vw, 596px\" \/><\/a><\/figure>\n<\/div>\n<\/div>\n\n<div style=\"height:103px\" aria-hidden=\"true\" class=\"wp-block-spacer\"><\/div>\n<section class=\"mycms-content-wrapper mycms-grid-row--centered  mediatitlelist\">\n    <div class=\"mycms-mediatitlelist mycms-grid-row mycms-list--unstyled\">\n        <img loading=\"lazy\" decoding=\"async\" width=\"541\" height=\"360\" src=\"https:\/\/frenehard-michaux.eu\/wp-content\/uploads\/sites\/8\/2025\/08\/Nos-valeurs-541x360.jpg\" class=\"attachment-mediatitlelist size-mediatitlelist\" alt=\"\" srcset=\"https:\/\/frenehard-michaux.eu\/wp-content\/uploads\/sites\/8\/2025\/08\/Nos-valeurs-541x360.jpg 541w, https:\/\/frenehard-michaux.eu\/wp-content\/uploads\/sites\/8\/2025\/08\/Nos-valeurs-300x200.jpg 300w, https:\/\/frenehard-michaux.eu\/wp-content\/uploads\/sites\/8\/2025\/08\/Nos-valeurs-1024x683.jpg 1024w, https:\/\/frenehard-michaux.eu\/wp-content\/uploads\/sites\/8\/2025\/08\/Nos-valeurs-768x512.jpg 768w, https:\/\/frenehard-michaux.eu\/wp-content\/uploads\/sites\/8\/2025\/08\/Nos-valeurs-1536x1024.jpg 1536w, https:\/\/frenehard-michaux.eu\/wp-content\/uploads\/sites\/8\/2025\/08\/Nos-valeurs-600x400.jpg 600w, https:\/\/frenehard-michaux.eu\/wp-content\/uploads\/sites\/8\/2025\/08\/Nos-valeurs-150x100.jpg 150w, https:\/\/frenehard-michaux.eu\/wp-content\/uploads\/sites\/8\/2025\/08\/Nos-valeurs-317x211.jpg 317w\" sizes=\"auto, (max-width: 541px) 100vw, 541px\" \/><div class=\"mycms-mediatitlelist--container mycms-grid-column-lg-6 mycms-grid-column-md-6 mycms-grid-column-sm-2 \"><h3 class=\"mycms-txt--h3 mycms-txt--color-onyx-light mycms-margin-bottom--30\">Nuestra visi\u00f3n<\/h3><ol class=\"mycms-mediatitlelist--list\"><li><span>Crear sinergias entre nuestras entidades para que surjan grandes ideas.<\/span><\/li><li><span>Afianzar las principales actividades de todas nuestras empresas.<\/span><\/li><li><span>Capitalizar nuestras marcas hist\u00f3ricas para conquistar nuevos mercados.<\/span><\/li><li><span>Ampliar la presencia del Grupo en los mercados de la construcci\u00f3n y la industria.<\/span><\/li><li><span>Compartir nuestros recursos de I+D para desarrollar nuestras gamas de productos.<\/span><\/li><\/ol><\/div>    <\/div>\n<\/section>\n\n<div style=\"height:52px\" aria-hidden=\"true\" class=\"wp-block-spacer\"><\/div>\n\n<h3 class=\"wp-block-heading has-text-align-center has-mycms-ardoise-color has-text-color has-link-color wp-elements-31c770836e2f2076cb8501e9e9f01378\" id=\"nos-valeurs-1\">Nuestros valores<\/h3>\n\n<p class=\"has-text-align-center\">Nuestros valores son cinco. Como los cinco dedos de la mano, est\u00e1n en la acci\u00f3n. Nuestros valores son actividades, y se expresan l\u00f3gicamente mediante verbos: escuchar, comprometerse, innovar, proteger y elevarse.<\/p>\n\n<div class=\"wp-block-columns is-style-nopadding is-layout-flex wp-container-core-columns-is-layout-9d6595d7 wp-block-columns-is-layout-flex\">\n<div class=\"wp-block-column has-background is-layout-flow wp-block-column-is-layout-flow\" style=\"background-color:#002e42\">\n<figure class=\"wp-block-image aligncenter size-full is-resized\"><a href=\"https:\/\/frenehard-michaux.eu\/wp-content\/uploads\/sites\/8\/2025\/08\/ecouter.svg\"><img decoding=\"async\" src=\"https:\/\/frenehard-michaux.eu\/wp-content\/uploads\/sites\/8\/2025\/08\/ecouter.svg\" alt=\"\" class=\"wp-image-1379\" style=\"width:50px\"\/><\/a><\/figure>\n\n\n\n<h4 class=\"wp-block-heading has-text-align-center has-mycms-white-color has-text-color has-link-color wp-elements-6253950d35eac5e919e53f6f5bc82961\" id=\"ecouter\">Escuchar<\/h4>\n\n\n\n<p class=\"has-mycms-white-color has-text-color has-link-color wp-elements-736fe98438763b5320c0acf6dc5c1df6\">En Fr\u00e9n\u00e9hard &amp; Michaux <strong>escuchamos a nuestros clientes<\/strong>, intentamos comprender sus expectativas para poder dise\u00f1ar para ellos los productos y servicios del ma\u00f1ana.<\/p>\n\n\n\n<p class=\"has-mycms-white-color has-text-color has-link-color wp-elements-e6eb74c6216b41b662b47bf4f87eebed\">La <strong>escucha sincera y permanente de nuestros empleados y nuestros compa\u00f1eros<\/strong> es el fundamento de un trabajo s\u00f3lido y ganador.<\/p>\n<\/div>\n\n\n\n<div class=\"wp-block-column has-background is-layout-flow wp-block-column-is-layout-flow\" style=\"background-color:#754595\">\n<figure class=\"wp-block-image aligncenter size-full is-resized\"><a href=\"https:\/\/frenehard-michaux.eu\/wp-content\/uploads\/sites\/8\/2025\/08\/s_engager.svg\"><img decoding=\"async\" src=\"https:\/\/frenehard-michaux.eu\/wp-content\/uploads\/sites\/8\/2025\/08\/s_engager.svg\" alt=\"\" class=\"wp-image-1380\" style=\"width:50px\"\/><\/a><\/figure>\n\n\n\n<h4 class=\"wp-block-heading has-text-align-center has-mycms-white-color has-text-color has-link-color wp-elements-82f126a21e11e1e3c76e454d7a525cea\" id=\"s-engager-1\">Comprometerse<\/h4>\n\n\n\n<p class=\"has-mycms-white-color has-text-color has-link-color wp-elements-275ec52be8e69ce8c058557d9b4cf71a\">En Fr\u00e9n\u00e9hard &amp; Michaux, el <strong>respeto de los compromisos<\/strong> es fundamental para todos.<\/p>\n\n\n\n<p class=\"has-mycms-white-color has-text-color has-link-color wp-elements-111a33a7a8851fe82b8f7c30605627e3\">Proponemos una cultura de la iniciativa de responsabilizaci\u00f3n que va acompa\u00f1ada de un deber de respetar los compromisos asumidos, tanto entre empleados como ante clientes y socios.<\/p>\n<\/div>\n\n\n\n<div class=\"wp-block-column has-background is-layout-flow wp-block-column-is-layout-flow\" style=\"background-color:#ee6700\">\n<figure class=\"wp-block-image aligncenter size-full is-resized\"><a href=\"https:\/\/frenehard-michaux.eu\/wp-content\/uploads\/sites\/8\/2025\/08\/innover.svg\"><img decoding=\"async\" src=\"https:\/\/frenehard-michaux.eu\/wp-content\/uploads\/sites\/8\/2025\/08\/innover.svg\" alt=\"\" class=\"wp-image-1382\" style=\"width:50px\"\/><\/a><\/figure>\n\n\n\n<h4 class=\"wp-block-heading has-text-align-center has-mycms-white-color has-text-color has-link-color wp-elements-793de6a5c6becc72b903401f4b4b2c33\" id=\"innover\">Innovar<\/h4>\n\n\n\n<p class=\"has-mycms-white-color has-text-color has-link-color wp-elements-55363ac8dc775912bc94c004c4a9feb4\">En Fr\u00e9n\u00e9hard &amp; Michaux, la<strong>innovaci\u00f3n est\u00e1 en el centro de nuestra identidad<\/strong>. Trabajamos mano a mano con nuestros clientes y nuestro entorno para mejorar nuestros productos y procesos.<\/p>\n\n\n\n<p class=\"has-mycms-white-color has-text-color has-link-color wp-elements-13ee356d1b9e8c11023625a6b88d3913\"><strong>Al respaldar la iniciativa nos cuestionamos<\/strong>, tanto a nivel Grupo como a t\u00edtulo individual, para desarrollar nuevas ideas.<\/p>\n<\/div>\n\n\n\n<div class=\"wp-block-column has-background is-layout-flow wp-block-column-is-layout-flow\" style=\"background-color:#fcd600\">\n<figure class=\"wp-block-image aligncenter size-full is-resized\"><a href=\"https:\/\/frenehard-michaux.eu\/wp-content\/uploads\/sites\/8\/2025\/08\/proteger.svg\"><img decoding=\"async\" src=\"https:\/\/frenehard-michaux.eu\/wp-content\/uploads\/sites\/8\/2025\/08\/proteger.svg\" alt=\"\" class=\"wp-image-1384\" style=\"width:50px\"\/><\/a><\/figure>\n\n\n\n<h4 class=\"wp-block-heading has-text-align-center has-mycms-white-color has-text-color has-link-color wp-elements-b5358f26cb86e73622bcfb5fe7898f65\" id=\"proteger\">Proteger<\/h4>\n\n\n\n<p class=\"has-mycms-white-color has-text-color has-link-color wp-elements-0041b24a5c4131088850a0701a85788c\">En Fr\u00e9n\u00e9hard &amp; Michaux, priorizamos la calidad para garantizar procesos y productos que sirvan a la seguridad<br\/>de los usuarios o garanticen la durabilidad de las construcciones.<\/p>\n\n\n\n<p class=\"has-mycms-white-color has-text-color has-link-color wp-elements-3319fe1255fdd523ee49bbacb0138217\">Este enfoque tambi\u00e9n pasa por prestar atenci\u00f3n a la salud y la seguridad de todos nuestros empleados.<\/p>\n<\/div>\n\n\n\n<div class=\"wp-block-column has-background is-layout-flow wp-block-column-is-layout-flow\" style=\"background-color:#8dbe22\">\n<figure class=\"wp-block-image aligncenter size-full is-resized\"><a href=\"https:\/\/frenehard-michaux.eu\/wp-content\/uploads\/sites\/8\/2025\/08\/s_elever.svg\"><img decoding=\"async\" src=\"https:\/\/frenehard-michaux.eu\/wp-content\/uploads\/sites\/8\/2025\/08\/s_elever.svg\" alt=\"\" class=\"wp-image-1383\" style=\"width:50px\"\/><\/a><\/figure>\n\n\n\n<h4 class=\"wp-block-heading has-text-align-center has-mycms-white-color has-text-color has-link-color wp-elements-67f5ad6bd6a9c79f37f3cc6da2cfd126\" id=\"s-elever\">Elevarse<\/h4>\n\n\n\n<p class=\"has-mycms-white-color has-text-color has-link-color wp-elements-dc8f5867a346ecc3b7a71ef083b9935b\">En Fr\u00e9n\u00e9hard &amp; Michaux, creemos en el valor de nuestros empleados.<br\/>Cultivar el desarrollo personal, las competencias, los comportamientos positivos y el trabajo en equipo forma parte de nuestra cultura.<\/p>\n\n\n\n<p class=\"has-mycms-white-color has-text-color has-link-color wp-elements-bb45a95a0453b50f2a335c3e3c387953\">Este orgullo, lo compartimos con el exterior valorizando nuestras marcas, nuestra imagen, nuestras f\u00e1bricas y a los hombres y mujeres que las componen.<\/p>\n<\/div>\n<\/div>\n\n<div class=\"wp-block-columns is-layout-flex wp-container-core-columns-is-layout-9d6595d7 wp-block-columns-is-layout-flex\">\n<div class=\"wp-block-column is-layout-flow wp-block-column-is-layout-flow\"><\/div>\n<\/div>\n\n<div style=\"height:99px\" aria-hidden=\"true\" class=\"wp-block-spacer\"><\/div>\n\n<p><\/p>\n","protected":false},"excerpt":{"rendered":"<p>31 centros en Europa M\u00e1s de 1200 empleados Volumen de negocios de 300 M\u20ac Presencia en m\u00e1s de 70 pa\u00edses Nuestras misiones Todas las empresas del Grupo comparten la misma tradici\u00f3n industrial, una amplia experiencia en aluminio y acero, as\u00ed como la misma idea de la altura (productos de acceso ligero, andamios fijos, protecciones colectivas [&hellip;]<\/p>\n","protected":false},"author":8,"featured_media":0,"parent":0,"menu_order":0,"comment_status":"closed","ping_status":"closed","template":"","meta":{"_acf_changed":false,"footnotes":""},"class_list":["post-2662","page","type-page","status-publish","hentry"],"acf":[],"yoast_head":"<!-- This site is optimized with the Yoast SEO plugin v27.3 - https:\/\/yoast.com\/product\/yoast-seo-wordpress\/ -->\n<title>Nuestra historia y nuestros valores - Frenehard &amp; Michaux<\/title>\n<meta name=\"robots\" content=\"index, follow, max-snippet:-1, max-image-preview:large, max-video-preview:-1\" \/>\n<link rel=\"canonical\" href=\"https:\/\/frenehard-michaux.eu\/es\/nuestra-historia-y-nuestros-valores\/\" \/>\n<meta property=\"og:locale\" content=\"es_ES\" \/>\n<meta property=\"og:type\" content=\"article\" \/>\n<meta property=\"og:title\" content=\"Nuestra historia y nuestros valores - Frenehard &amp; Michaux\" \/>\n<meta property=\"og:description\" content=\"31 centros en Europa M\u00e1s de 1200 empleados Volumen de negocios de 300 M\u20ac Presencia en m\u00e1s de 70 pa\u00edses Nuestras misiones Todas las empresas del Grupo comparten la misma tradici\u00f3n industrial, una amplia experiencia en aluminio y acero, as\u00ed como la misma idea de la altura (productos de acceso ligero, andamios fijos, protecciones colectivas [&hellip;]\" \/>\n<meta property=\"og:url\" content=\"https:\/\/frenehard-michaux.eu\/es\/nuestra-historia-y-nuestros-valores\/\" \/>\n<meta property=\"og:site_name\" content=\"Frenehard &amp; Michaux\" \/>\n<meta property=\"article:modified_time\" content=\"2025-11-19T10:47:54+00:00\" \/>\n<meta property=\"og:image\" content=\"https:\/\/frenehard-michaux.eu\/wp-content\/uploads\/sites\/8\/2025\/08\/Plus-de-22-sites-en-Europe.png\" \/>\n\t<meta property=\"og:image:width\" content=\"150\" \/>\n\t<meta property=\"og:image:height\" content=\"150\" \/>\n\t<meta property=\"og:image:type\" content=\"image\/png\" \/>\n<meta name=\"twitter:card\" content=\"summary_large_image\" \/>\n<meta name=\"twitter:label1\" content=\"Tiempo de lectura\" \/>\n\t<meta name=\"twitter:data1\" content=\"2 minutos\" \/>\n<script type=\"application\/ld+json\" class=\"yoast-schema-graph\">{\"@context\":\"https:\\\/\\\/schema.org\",\"@graph\":[{\"@type\":\"WebPage\",\"@id\":\"https:\\\/\\\/frenehard-michaux.eu\\\/es\\\/nuestra-historia-y-nuestros-valores\\\/\",\"url\":\"https:\\\/\\\/frenehard-michaux.eu\\\/es\\\/nuestra-historia-y-nuestros-valores\\\/\",\"name\":\"Nuestra historia y nuestros valores - Frenehard &amp; Michaux\",\"isPartOf\":{\"@id\":\"https:\\\/\\\/frenehard-michaux.eu\\\/es\\\/#website\"},\"primaryImageOfPage\":{\"@id\":\"https:\\\/\\\/frenehard-michaux.eu\\\/es\\\/nuestra-historia-y-nuestros-valores\\\/#primaryimage\"},\"image\":{\"@id\":\"https:\\\/\\\/frenehard-michaux.eu\\\/es\\\/nuestra-historia-y-nuestros-valores\\\/#primaryimage\"},\"thumbnailUrl\":\"https:\\\/\\\/frenehard-michaux.eu\\\/wp-content\\\/uploads\\\/sites\\\/8\\\/2025\\\/08\\\/Plus-de-22-sites-en-Europe.png\",\"datePublished\":\"2025-09-15T08:35:06+00:00\",\"dateModified\":\"2025-11-19T10:47:54+00:00\",\"breadcrumb\":{\"@id\":\"https:\\\/\\\/frenehard-michaux.eu\\\/es\\\/nuestra-historia-y-nuestros-valores\\\/#breadcrumb\"},\"inLanguage\":\"es\",\"potentialAction\":[{\"@type\":\"ReadAction\",\"target\":[\"https:\\\/\\\/frenehard-michaux.eu\\\/es\\\/nuestra-historia-y-nuestros-valores\\\/\"]}]},{\"@type\":\"ImageObject\",\"inLanguage\":\"es\",\"@id\":\"https:\\\/\\\/frenehard-michaux.eu\\\/es\\\/nuestra-historia-y-nuestros-valores\\\/#primaryimage\",\"url\":\"https:\\\/\\\/frenehard-michaux.eu\\\/wp-content\\\/uploads\\\/sites\\\/8\\\/2025\\\/08\\\/Plus-de-22-sites-en-Europe.png\",\"contentUrl\":\"https:\\\/\\\/frenehard-michaux.eu\\\/wp-content\\\/uploads\\\/sites\\\/8\\\/2025\\\/08\\\/Plus-de-22-sites-en-Europe.png\"},{\"@type\":\"BreadcrumbList\",\"@id\":\"https:\\\/\\\/frenehard-michaux.eu\\\/es\\\/nuestra-historia-y-nuestros-valores\\\/#breadcrumb\",\"itemListElement\":[{\"@type\":\"ListItem\",\"position\":1,\"name\":\"Accueil\",\"item\":\"https:\\\/\\\/frenehard-michaux.eu\\\/es\\\/accueil\\\/\"},{\"@type\":\"ListItem\",\"position\":2,\"name\":\"Nuestra historia y nuestros valores\"}]},{\"@type\":\"WebSite\",\"@id\":\"https:\\\/\\\/frenehard-michaux.eu\\\/es\\\/#website\",\"url\":\"https:\\\/\\\/frenehard-michaux.eu\\\/es\\\/\",\"name\":\"Frenehard &amp; Michaux\",\"description\":\"\",\"publisher\":{\"@id\":\"https:\\\/\\\/frenehard-michaux.eu\\\/es\\\/#organization\"},\"potentialAction\":[{\"@type\":\"SearchAction\",\"target\":{\"@type\":\"EntryPoint\",\"urlTemplate\":\"https:\\\/\\\/frenehard-michaux.eu\\\/es\\\/?s={search_term_string}\"},\"query-input\":{\"@type\":\"PropertyValueSpecification\",\"valueRequired\":true,\"valueName\":\"search_term_string\"}}],\"inLanguage\":\"es\"},{\"@type\":\"Organization\",\"@id\":\"https:\\\/\\\/frenehard-michaux.eu\\\/es\\\/#organization\",\"name\":\"Frenehard &amp; Michaux\",\"url\":\"https:\\\/\\\/frenehard-michaux.eu\\\/es\\\/\",\"logo\":{\"@type\":\"ImageObject\",\"inLanguage\":\"es\",\"@id\":\"https:\\\/\\\/frenehard-michaux.eu\\\/es\\\/#\\\/schema\\\/logo\\\/image\\\/\",\"url\":\"https:\\\/\\\/frenehard-michaux.eu\\\/wp-content\\\/uploads\\\/sites\\\/8\\\/2025\\\/09\\\/Frenehard-Michaux_RVB.svg\",\"contentUrl\":\"https:\\\/\\\/frenehard-michaux.eu\\\/wp-content\\\/uploads\\\/sites\\\/8\\\/2025\\\/09\\\/Frenehard-Michaux_RVB.svg\",\"caption\":\"Frenehard &amp; Michaux\"},\"image\":{\"@id\":\"https:\\\/\\\/frenehard-michaux.eu\\\/es\\\/#\\\/schema\\\/logo\\\/image\\\/\"}}]}<\/script>\n<!-- \/ Yoast SEO plugin. -->","yoast_head_json":{"title":"Nuestra historia y nuestros valores - Frenehard &amp; Michaux","robots":{"index":"index","follow":"follow","max-snippet":"max-snippet:-1","max-image-preview":"max-image-preview:large","max-video-preview":"max-video-preview:-1"},"canonical":"https:\/\/frenehard-michaux.eu\/es\/nuestra-historia-y-nuestros-valores\/","og_locale":"es_ES","og_type":"article","og_title":"Nuestra historia y nuestros valores - Frenehard &amp; Michaux","og_description":"31 centros en Europa M\u00e1s de 1200 empleados Volumen de negocios de 300 M\u20ac Presencia en m\u00e1s de 70 pa\u00edses Nuestras misiones Todas las empresas del Grupo comparten la misma tradici\u00f3n industrial, una amplia experiencia en aluminio y acero, as\u00ed como la misma idea de la altura (productos de acceso ligero, andamios fijos, protecciones colectivas [&hellip;]","og_url":"https:\/\/frenehard-michaux.eu\/es\/nuestra-historia-y-nuestros-valores\/","og_site_name":"Frenehard &amp; Michaux","article_modified_time":"2025-11-19T10:47:54+00:00","og_image":[{"width":150,"height":150,"url":"https:\/\/frenehard-michaux.eu\/wp-content\/uploads\/sites\/8\/2025\/08\/Plus-de-22-sites-en-Europe.png","type":"image\/png"}],"twitter_card":"summary_large_image","twitter_misc":{"Tiempo de lectura":"2 minutos"},"schema":{"@context":"https:\/\/schema.org","@graph":[{"@type":"WebPage","@id":"https:\/\/frenehard-michaux.eu\/es\/nuestra-historia-y-nuestros-valores\/","url":"https:\/\/frenehard-michaux.eu\/es\/nuestra-historia-y-nuestros-valores\/","name":"Nuestra historia y nuestros valores - Frenehard &amp; Michaux","isPartOf":{"@id":"https:\/\/frenehard-michaux.eu\/es\/#website"},"primaryImageOfPage":{"@id":"https:\/\/frenehard-michaux.eu\/es\/nuestra-historia-y-nuestros-valores\/#primaryimage"},"image":{"@id":"https:\/\/frenehard-michaux.eu\/es\/nuestra-historia-y-nuestros-valores\/#primaryimage"},"thumbnailUrl":"https:\/\/frenehard-michaux.eu\/wp-content\/uploads\/sites\/8\/2025\/08\/Plus-de-22-sites-en-Europe.png","datePublished":"2025-09-15T08:35:06+00:00","dateModified":"2025-11-19T10:47:54+00:00","breadcrumb":{"@id":"https:\/\/frenehard-michaux.eu\/es\/nuestra-historia-y-nuestros-valores\/#breadcrumb"},"inLanguage":"es","potentialAction":[{"@type":"ReadAction","target":["https:\/\/frenehard-michaux.eu\/es\/nuestra-historia-y-nuestros-valores\/"]}]},{"@type":"ImageObject","inLanguage":"es","@id":"https:\/\/frenehard-michaux.eu\/es\/nuestra-historia-y-nuestros-valores\/#primaryimage","url":"https:\/\/frenehard-michaux.eu\/wp-content\/uploads\/sites\/8\/2025\/08\/Plus-de-22-sites-en-Europe.png","contentUrl":"https:\/\/frenehard-michaux.eu\/wp-content\/uploads\/sites\/8\/2025\/08\/Plus-de-22-sites-en-Europe.png"},{"@type":"BreadcrumbList","@id":"https:\/\/frenehard-michaux.eu\/es\/nuestra-historia-y-nuestros-valores\/#breadcrumb","itemListElement":[{"@type":"ListItem","position":1,"name":"Accueil","item":"https:\/\/frenehard-michaux.eu\/es\/accueil\/"},{"@type":"ListItem","position":2,"name":"Nuestra historia y nuestros valores"}]},{"@type":"WebSite","@id":"https:\/\/frenehard-michaux.eu\/es\/#website","url":"https:\/\/frenehard-michaux.eu\/es\/","name":"Frenehard &amp; Michaux","description":"","publisher":{"@id":"https:\/\/frenehard-michaux.eu\/es\/#organization"},"potentialAction":[{"@type":"SearchAction","target":{"@type":"EntryPoint","urlTemplate":"https:\/\/frenehard-michaux.eu\/es\/?s={search_term_string}"},"query-input":{"@type":"PropertyValueSpecification","valueRequired":true,"valueName":"search_term_string"}}],"inLanguage":"es"},{"@type":"Organization","@id":"https:\/\/frenehard-michaux.eu\/es\/#organization","name":"Frenehard &amp; Michaux","url":"https:\/\/frenehard-michaux.eu\/es\/","logo":{"@type":"ImageObject","inLanguage":"es","@id":"https:\/\/frenehard-michaux.eu\/es\/#\/schema\/logo\/image\/","url":"https:\/\/frenehard-michaux.eu\/wp-content\/uploads\/sites\/8\/2025\/09\/Frenehard-Michaux_RVB.svg","contentUrl":"https:\/\/frenehard-michaux.eu\/wp-content\/uploads\/sites\/8\/2025\/09\/Frenehard-Michaux_RVB.svg","caption":"Frenehard &amp; Michaux"},"image":{"@id":"https:\/\/frenehard-michaux.eu\/es\/#\/schema\/logo\/image\/"}}]}},"_links":{"self":[{"href":"https:\/\/frenehard-michaux.eu\/es\/wp-json\/wp\/v2\/pages\/2662","targetHints":{"allow":["GET"]}}],"collection":[{"href":"https:\/\/frenehard-michaux.eu\/es\/wp-json\/wp\/v2\/pages"}],"about":[{"href":"https:\/\/frenehard-michaux.eu\/es\/wp-json\/wp\/v2\/types\/page"}],"author":[{"embeddable":true,"href":"https:\/\/frenehard-michaux.eu\/es\/wp-json\/wp\/v2\/users\/8"}],"replies":[{"embeddable":true,"href":"https:\/\/frenehard-michaux.eu\/es\/wp-json\/wp\/v2\/comments?post=2662"}],"version-history":[{"count":3,"href":"https:\/\/frenehard-michaux.eu\/es\/wp-json\/wp\/v2\/pages\/2662\/revisions"}],"predecessor-version":[{"id":2993,"href":"https:\/\/frenehard-michaux.eu\/es\/wp-json\/wp\/v2\/pages\/2662\/revisions\/2993"}],"wp:attachment":[{"href":"https:\/\/frenehard-michaux.eu\/es\/wp-json\/wp\/v2\/media?parent=2662"}],"curies":[{"name":"wp","href":"https:\/\/api.w.org\/{rel}","templated":true}]}}