{"id":2646,"date":"2025-09-15T10:20:22","date_gmt":"2025-09-15T08:20:22","guid":{"rendered":"https:\/\/frenehard-michaux.eu\/nuestros-compromisos-de-rr-hh-al-servicio-de-la-rsc\/"},"modified":"2025-11-19T11:47:46","modified_gmt":"2025-11-19T10:47:46","slug":"nuestros-compromisos-de-rr-hh-al-servicio-de-la-rsc","status":"publish","type":"page","link":"https:\/\/frenehard-michaux.eu\/es\/nuestros-compromisos-de-rr-hh-al-servicio-de-la-rsc\/","title":{"rendered":"Nuestros compromisos de RR. HH. al servicio de la RSC"},"content":{"rendered":"\n<p>En Fr\u00e9n\u00e9hard &amp; Michaux, nuestra pol\u00edtica de Recursos Humanos se ajusta plenamente a los compromisos de nuestro informe extrafinanciero 2024. Situamos a las <strong>personas, la responsabilidad social y el desarrollo sostenible <\/strong>en el centro de nuestra estrategia. En la pr\u00e1ctica, esto significa una ambiciosa pol\u00edtica de formaci\u00f3n, un acompa\u00f1amiento al desarrollo profesional de nuestros empleados, la promoci\u00f3n de la diversidad y de la igualdad de oportunidades y un entorno de trabajo respetuoso y seguro.<\/p>\n\n<div class=\"wp-block-columns is-layout-flex wp-container-core-columns-is-layout-9d6595d7 wp-block-columns-is-layout-flex\">\n<div class=\"wp-block-column is-layout-flow wp-block-column-is-layout-flow\"><section class=\"section-group section-mycms-orange-background-color\">\n<div class=\"wp-block-group has-mycms-orange-background-color has-background is-layout-constrained wp-block-group-is-layout-constrained\">\n<h2 class=\"wp-block-heading is-style-h5 has-mycms-white-color has-text-color has-link-color wp-elements-de474202800b666a2a50517c9ea2796a\" id=\"1-le-teletravail\"><strong>1. El teletrabajo <\/strong><\/h2>\n\n\n\n<p class=\"has-mycms-white-color has-text-color has-link-color wp-elements-6a3c3166c53f2cd74db3e6d6a1acf518\">Garantizar el bienestar de nuestros empleados es una de nuestras prioridades y hacemos todo lo posible para ayudarles a desarrollar su potencial d\u00eda a d\u00eda. Nuestra visi\u00f3n del teletrabajo se articula en torno a una situaci\u00f3n en el que tanto la empresa como el empleado salen ganando. Por eso, ofrecemos un dispositivo de teletrabajo que puede evaluarse y adaptarse a cada puesto, lo que permite a nuestros empleados conciliar su vida profesional y personal en armon\u00eda.<\/p>\n<\/div>\n<\/section>\n\n\n<div style=\"height:49px\" aria-hidden=\"true\" class=\"wp-block-spacer\"><\/div>\n<\/div>\n\n\n\n<div class=\"wp-block-column is-layout-flow wp-block-column-is-layout-flow\"><section class=\"section-group section-mycms-ocre-background-color\">\n<div class=\"wp-block-group has-mycms-ocre-background-color has-background is-layout-constrained wp-block-group-is-layout-constrained\">\n<h2 class=\"wp-block-heading is-style-h5 has-mycms-white-color has-text-color has-link-color wp-elements-c442acb835d8294768d4c2583e3da777\" id=\"1-le-teletravail\"><strong>2. Un programa de integraci\u00f3n din\u00e1mico y unificador <\/strong><\/h2>\n\n\n\n<p class=\"has-mycms-white-color has-text-color has-link-color wp-elements-fcfa8be1bf1f791ca7583695105104b0\">Al incorporarse, todos los empleados reciben un programa de integraci\u00f3n que les ayuda a descubrir los servicios disponibles en su empresa o en las distintas empresas del Grupo. Se organizan un balance de integraci\u00f3n, conversaciones peri\u00f3dicas con el responsable de proximidad y una jornada de integraci\u00f3n para todos los reci\u00e9n llegados para ofrecerles el mejor acompa\u00f1amiento posible.<\/p>\n<\/div>\n<\/section>\n\n\n<div style=\"height:49px\" aria-hidden=\"true\" class=\"wp-block-spacer\"><\/div>\n<\/div>\n<\/div>\n\n<div class=\"wp-block-columns is-layout-flex wp-container-core-columns-is-layout-9d6595d7 wp-block-columns-is-layout-flex\">\n<div class=\"wp-block-column is-layout-flow wp-block-column-is-layout-flow\"><section class=\"section-group section-mycms-topaze-background-color\">\n<div class=\"wp-block-group has-mycms-topaze-background-color has-background is-layout-constrained wp-block-group-is-layout-constrained\">\n<h2 class=\"wp-block-heading is-style-h5 has-mycms-white-color has-text-color has-link-color wp-elements-4c6c66d12da3b6dc22c201c914c87402\" id=\"1-le-teletravail\"><strong>3. El \u00edndice de igualdad de g\u00e9nero <\/strong><\/h2>\n\n\n\n<p class=\"has-mycms-white-color has-text-color has-link-color wp-elements-f2101fc9cee7dc0d0d628236a72c0fb3\">Nuestro saber hacer y nuestra experiencia se basan en las mujeres y los hombres, que constituyen uno de nuestros principales activos. Cada empleado contribuye a nuestro rendimiento colectivo y a la plena satisfacci\u00f3n de nuestros clientes. Este \u00edndice se utiliza en todas las empresas francesas con m\u00e1s de 50 empleados.<\/p>\n\n\n\n<div style=\"height:34px\" aria-hidden=\"true\" class=\"wp-block-spacer\"><\/div>\n<\/div>\n<\/section>\n\n\n<div style=\"height:49px\" aria-hidden=\"true\" class=\"wp-block-spacer\"><\/div>\n<\/div>\n\n\n\n<div class=\"wp-block-column is-layout-flow wp-block-column-is-layout-flow\"><section class=\"section-group section-mycms-zinc-background-color\">\n<div class=\"wp-block-group has-mycms-zinc-background-color has-background is-layout-constrained wp-block-group-is-layout-constrained\">\n<h2 class=\"wp-block-heading is-style-h5 has-mycms-white-color has-text-color has-link-color wp-elements-68c9f92a504ee22a7dde5447a2b158a7\" id=\"1-le-teletravail\"><strong>4.<\/strong> <strong>La diversidad<\/strong><\/h2>\n\n\n\n<p class=\"has-mycms-white-color has-text-color has-link-color wp-elements-11f33afe02b2949036d346567fd59732\">Creemos que cada persona es \u00fanica e importante. Valoramos las diferencias y creemos en la igualdad de oportunidades para todos, en todas partes. Para ello, el Grupo fomenta la diversidad en sus equipos y se esfuerza por crear una cultura de integraci\u00f3n en la que cada empleado sea valorado por sus conocimientos y competencias varias, as\u00ed como por sus experiencias. <\/p>\n\n\n\n<div style=\"height:2px\" aria-hidden=\"true\" class=\"wp-block-spacer\"><\/div>\n<\/div>\n<\/section>\n\n\n<div style=\"height:49px\" aria-hidden=\"true\" class=\"wp-block-spacer\"><\/div>\n<\/div>\n<\/div>\n\n<div class=\"wp-block-columns is-layout-flex wp-container-core-columns-is-layout-9d6595d7 wp-block-columns-is-layout-flex\">\n<div class=\"wp-block-column is-layout-flow wp-block-column-is-layout-flow\"><section class=\"section-group section-mycms-ciel-background-color\">\n<div class=\"wp-block-group has-mycms-ciel-background-color has-background is-layout-constrained wp-block-group-is-layout-constrained\">\n<h2 class=\"wp-block-heading is-style-h5\" id=\"1-le-teletravail\"><strong>5. El desarrollo de las competencias<\/strong><\/h2>\n\n\n\n<p class=\"has-mycms-white-color has-text-color has-link-color wp-elements-d22cb10012080b97f14b41184b931815\">En Fr\u00e9n\u00e9hard &amp; Michaux, sus progresos y su desarrollo profesional son una de nuestras prioridades. Ayudamos a nuestros empleados a desarrollar sus competencias apoy\u00e1ndonos en ofertas estructuradas de formaciones y de acciones de desarrollo. Las reuniones peri\u00f3dicas con su responsable le permitir\u00e1n hacer un balance de su trayectoria en nuestro entorno. Al elegir Fr\u00e9n\u00e9hard &amp; Michaux, elige un grupo decididamente orientado hacia el futuro.<\/p>\n<\/div>\n<\/section><\/div>\n\n\n\n<div class=\"wp-block-column is-layout-flow wp-block-column-is-layout-flow\"><section class=\"section-group section-mycms-petrole-background-color\">\n<div class=\"wp-block-group has-mycms-petrole-background-color has-background is-layout-constrained wp-block-group-is-layout-constrained\">\n<h2 class=\"wp-block-heading is-style-h5 has-mycms-white-color has-text-color has-link-color wp-elements-1166a1fa60c8dc2e138a977c746ec523\" id=\"1-le-teletravail\"><strong>6.<\/strong> <strong>El informe extrafinanciero de 2024<\/strong><\/h2>\n\n\n\n<p class=\"has-mycms-white-color has-text-color has-link-color wp-elements-03b2d9564dd17380618b940d508f4780\">La misi\u00f3n fundamental de Fr\u00e9n\u00e9hard &amp; Michaux es servir a sus clientes, tanto profesionales como particulares, con los mejores productos y soluciones adaptadas a todas sus necesidades. Para sobresalir en esta misi\u00f3n, Fr\u00e9n\u00e9hard &amp; Michaux ha situado en el centro de su gesti\u00f3n una coherencia entre: sus valores y su misi\u00f3n sus acciones y un compromiso responsable de cara a su personal, sus socios y su entorno exterior.<\/p>\n\n\n\n<div style=\"height:2px\" aria-hidden=\"true\" class=\"wp-block-spacer\"><\/div>\n<\/div>\n<\/section><\/div>\n<\/div>\n\n<div style=\"height:75px\" aria-hidden=\"true\" class=\"wp-block-spacer\"><\/div>\n\n<p><\/p>\n","protected":false},"excerpt":{"rendered":"<p>En Fr\u00e9n\u00e9hard &amp; Michaux, nuestra pol\u00edtica de Recursos Humanos se ajusta plenamente a los compromisos de nuestro informe extrafinanciero 2024. Situamos a las personas, la responsabilidad social y el desarrollo sostenible en el centro de nuestra estrategia. En la pr\u00e1ctica, esto significa una ambiciosa pol\u00edtica de formaci\u00f3n, un acompa\u00f1amiento al desarrollo profesional de nuestros empleados, [&hellip;]<\/p>\n","protected":false},"author":8,"featured_media":0,"parent":0,"menu_order":0,"comment_status":"closed","ping_status":"closed","template":"","meta":{"_acf_changed":false,"footnotes":""},"class_list":["post-2646","page","type-page","status-publish","hentry"],"acf":[],"yoast_head":"<!-- This site is optimized with the Yoast SEO plugin v27.4 - https:\/\/yoast.com\/product\/yoast-seo-wordpress\/ -->\n<title>Nuestros compromisos de RR. HH. al servicio de la RSC - Frenehard &amp; Michaux<\/title>\n<meta name=\"robots\" content=\"index, follow, max-snippet:-1, max-image-preview:large, max-video-preview:-1\" \/>\n<link rel=\"canonical\" href=\"https:\/\/frenehard-michaux.eu\/es\/nuestros-compromisos-de-rr-hh-al-servicio-de-la-rsc\/\" \/>\n<meta property=\"og:locale\" content=\"es_ES\" \/>\n<meta property=\"og:type\" content=\"article\" \/>\n<meta property=\"og:title\" content=\"Nuestros compromisos de RR. HH. al servicio de la RSC - Frenehard &amp; Michaux\" \/>\n<meta property=\"og:description\" content=\"En Fr\u00e9n\u00e9hard &amp; Michaux, nuestra pol\u00edtica de Recursos Humanos se ajusta plenamente a los compromisos de nuestro informe extrafinanciero 2024. Situamos a las personas, la responsabilidad social y el desarrollo sostenible en el centro de nuestra estrategia. En la pr\u00e1ctica, esto significa una ambiciosa pol\u00edtica de formaci\u00f3n, un acompa\u00f1amiento al desarrollo profesional de nuestros empleados, [&hellip;]\" \/>\n<meta property=\"og:url\" content=\"https:\/\/frenehard-michaux.eu\/es\/nuestros-compromisos-de-rr-hh-al-servicio-de-la-rsc\/\" \/>\n<meta property=\"og:site_name\" content=\"Frenehard &amp; Michaux\" \/>\n<meta property=\"article:modified_time\" content=\"2025-11-19T10:47:46+00:00\" \/>\n<meta name=\"twitter:card\" content=\"summary_large_image\" \/>\n<meta name=\"twitter:label1\" content=\"Tiempo de lectura\" \/>\n\t<meta name=\"twitter:data1\" content=\"3 minutos\" \/>\n<script type=\"application\/ld+json\" class=\"yoast-schema-graph\">{\"@context\":\"https:\\\/\\\/schema.org\",\"@graph\":[{\"@type\":\"WebPage\",\"@id\":\"https:\\\/\\\/frenehard-michaux.eu\\\/es\\\/nuestros-compromisos-de-rr-hh-al-servicio-de-la-rsc\\\/\",\"url\":\"https:\\\/\\\/frenehard-michaux.eu\\\/es\\\/nuestros-compromisos-de-rr-hh-al-servicio-de-la-rsc\\\/\",\"name\":\"Nuestros compromisos de RR. HH. al servicio de la RSC - Frenehard &amp; Michaux\",\"isPartOf\":{\"@id\":\"https:\\\/\\\/frenehard-michaux.eu\\\/es\\\/#website\"},\"datePublished\":\"2025-09-15T08:20:22+00:00\",\"dateModified\":\"2025-11-19T10:47:46+00:00\",\"breadcrumb\":{\"@id\":\"https:\\\/\\\/frenehard-michaux.eu\\\/es\\\/nuestros-compromisos-de-rr-hh-al-servicio-de-la-rsc\\\/#breadcrumb\"},\"inLanguage\":\"es\",\"potentialAction\":[{\"@type\":\"ReadAction\",\"target\":[\"https:\\\/\\\/frenehard-michaux.eu\\\/es\\\/nuestros-compromisos-de-rr-hh-al-servicio-de-la-rsc\\\/\"]}]},{\"@type\":\"BreadcrumbList\",\"@id\":\"https:\\\/\\\/frenehard-michaux.eu\\\/es\\\/nuestros-compromisos-de-rr-hh-al-servicio-de-la-rsc\\\/#breadcrumb\",\"itemListElement\":[{\"@type\":\"ListItem\",\"position\":1,\"name\":\"Accueil\",\"item\":\"https:\\\/\\\/frenehard-michaux.eu\\\/es\\\/accueil\\\/\"},{\"@type\":\"ListItem\",\"position\":2,\"name\":\"Nuestros compromisos de RR. HH. al servicio de la RSC\"}]},{\"@type\":\"WebSite\",\"@id\":\"https:\\\/\\\/frenehard-michaux.eu\\\/es\\\/#website\",\"url\":\"https:\\\/\\\/frenehard-michaux.eu\\\/es\\\/\",\"name\":\"Frenehard &amp; Michaux\",\"description\":\"\",\"publisher\":{\"@id\":\"https:\\\/\\\/frenehard-michaux.eu\\\/es\\\/#organization\"},\"potentialAction\":[{\"@type\":\"SearchAction\",\"target\":{\"@type\":\"EntryPoint\",\"urlTemplate\":\"https:\\\/\\\/frenehard-michaux.eu\\\/es\\\/?s={search_term_string}\"},\"query-input\":{\"@type\":\"PropertyValueSpecification\",\"valueRequired\":true,\"valueName\":\"search_term_string\"}}],\"inLanguage\":\"es\"},{\"@type\":\"Organization\",\"@id\":\"https:\\\/\\\/frenehard-michaux.eu\\\/es\\\/#organization\",\"name\":\"Frenehard &amp; Michaux\",\"url\":\"https:\\\/\\\/frenehard-michaux.eu\\\/es\\\/\",\"logo\":{\"@type\":\"ImageObject\",\"inLanguage\":\"es\",\"@id\":\"https:\\\/\\\/frenehard-michaux.eu\\\/es\\\/#\\\/schema\\\/logo\\\/image\\\/\",\"url\":\"https:\\\/\\\/frenehard-michaux.eu\\\/wp-content\\\/uploads\\\/sites\\\/8\\\/2025\\\/09\\\/Frenehard-Michaux_RVB.svg\",\"contentUrl\":\"https:\\\/\\\/frenehard-michaux.eu\\\/wp-content\\\/uploads\\\/sites\\\/8\\\/2025\\\/09\\\/Frenehard-Michaux_RVB.svg\",\"caption\":\"Frenehard &amp; Michaux\"},\"image\":{\"@id\":\"https:\\\/\\\/frenehard-michaux.eu\\\/es\\\/#\\\/schema\\\/logo\\\/image\\\/\"}}]}<\/script>\n<!-- \/ Yoast SEO plugin. -->","yoast_head_json":{"title":"Nuestros compromisos de RR. HH. al servicio de la RSC - Frenehard &amp; Michaux","robots":{"index":"index","follow":"follow","max-snippet":"max-snippet:-1","max-image-preview":"max-image-preview:large","max-video-preview":"max-video-preview:-1"},"canonical":"https:\/\/frenehard-michaux.eu\/es\/nuestros-compromisos-de-rr-hh-al-servicio-de-la-rsc\/","og_locale":"es_ES","og_type":"article","og_title":"Nuestros compromisos de RR. HH. al servicio de la RSC - Frenehard &amp; Michaux","og_description":"En Fr\u00e9n\u00e9hard &amp; Michaux, nuestra pol\u00edtica de Recursos Humanos se ajusta plenamente a los compromisos de nuestro informe extrafinanciero 2024. Situamos a las personas, la responsabilidad social y el desarrollo sostenible en el centro de nuestra estrategia. En la pr\u00e1ctica, esto significa una ambiciosa pol\u00edtica de formaci\u00f3n, un acompa\u00f1amiento al desarrollo profesional de nuestros empleados, [&hellip;]","og_url":"https:\/\/frenehard-michaux.eu\/es\/nuestros-compromisos-de-rr-hh-al-servicio-de-la-rsc\/","og_site_name":"Frenehard &amp; Michaux","article_modified_time":"2025-11-19T10:47:46+00:00","twitter_card":"summary_large_image","twitter_misc":{"Tiempo de lectura":"3 minutos"},"schema":{"@context":"https:\/\/schema.org","@graph":[{"@type":"WebPage","@id":"https:\/\/frenehard-michaux.eu\/es\/nuestros-compromisos-de-rr-hh-al-servicio-de-la-rsc\/","url":"https:\/\/frenehard-michaux.eu\/es\/nuestros-compromisos-de-rr-hh-al-servicio-de-la-rsc\/","name":"Nuestros compromisos de RR. HH. al servicio de la RSC - Frenehard &amp; Michaux","isPartOf":{"@id":"https:\/\/frenehard-michaux.eu\/es\/#website"},"datePublished":"2025-09-15T08:20:22+00:00","dateModified":"2025-11-19T10:47:46+00:00","breadcrumb":{"@id":"https:\/\/frenehard-michaux.eu\/es\/nuestros-compromisos-de-rr-hh-al-servicio-de-la-rsc\/#breadcrumb"},"inLanguage":"es","potentialAction":[{"@type":"ReadAction","target":["https:\/\/frenehard-michaux.eu\/es\/nuestros-compromisos-de-rr-hh-al-servicio-de-la-rsc\/"]}]},{"@type":"BreadcrumbList","@id":"https:\/\/frenehard-michaux.eu\/es\/nuestros-compromisos-de-rr-hh-al-servicio-de-la-rsc\/#breadcrumb","itemListElement":[{"@type":"ListItem","position":1,"name":"Accueil","item":"https:\/\/frenehard-michaux.eu\/es\/accueil\/"},{"@type":"ListItem","position":2,"name":"Nuestros compromisos de RR. HH. al servicio de la RSC"}]},{"@type":"WebSite","@id":"https:\/\/frenehard-michaux.eu\/es\/#website","url":"https:\/\/frenehard-michaux.eu\/es\/","name":"Frenehard &amp; Michaux","description":"","publisher":{"@id":"https:\/\/frenehard-michaux.eu\/es\/#organization"},"potentialAction":[{"@type":"SearchAction","target":{"@type":"EntryPoint","urlTemplate":"https:\/\/frenehard-michaux.eu\/es\/?s={search_term_string}"},"query-input":{"@type":"PropertyValueSpecification","valueRequired":true,"valueName":"search_term_string"}}],"inLanguage":"es"},{"@type":"Organization","@id":"https:\/\/frenehard-michaux.eu\/es\/#organization","name":"Frenehard &amp; Michaux","url":"https:\/\/frenehard-michaux.eu\/es\/","logo":{"@type":"ImageObject","inLanguage":"es","@id":"https:\/\/frenehard-michaux.eu\/es\/#\/schema\/logo\/image\/","url":"https:\/\/frenehard-michaux.eu\/wp-content\/uploads\/sites\/8\/2025\/09\/Frenehard-Michaux_RVB.svg","contentUrl":"https:\/\/frenehard-michaux.eu\/wp-content\/uploads\/sites\/8\/2025\/09\/Frenehard-Michaux_RVB.svg","caption":"Frenehard &amp; Michaux"},"image":{"@id":"https:\/\/frenehard-michaux.eu\/es\/#\/schema\/logo\/image\/"}}]}},"_links":{"self":[{"href":"https:\/\/frenehard-michaux.eu\/es\/wp-json\/wp\/v2\/pages\/2646","targetHints":{"allow":["GET"]}}],"collection":[{"href":"https:\/\/frenehard-michaux.eu\/es\/wp-json\/wp\/v2\/pages"}],"about":[{"href":"https:\/\/frenehard-michaux.eu\/es\/wp-json\/wp\/v2\/types\/page"}],"author":[{"embeddable":true,"href":"https:\/\/frenehard-michaux.eu\/es\/wp-json\/wp\/v2\/users\/8"}],"replies":[{"embeddable":true,"href":"https:\/\/frenehard-michaux.eu\/es\/wp-json\/wp\/v2\/comments?post=2646"}],"version-history":[{"count":3,"href":"https:\/\/frenehard-michaux.eu\/es\/wp-json\/wp\/v2\/pages\/2646\/revisions"}],"predecessor-version":[{"id":2991,"href":"https:\/\/frenehard-michaux.eu\/es\/wp-json\/wp\/v2\/pages\/2646\/revisions\/2991"}],"wp:attachment":[{"href":"https:\/\/frenehard-michaux.eu\/es\/wp-json\/wp\/v2\/media?parent=2646"}],"curies":[{"name":"wp","href":"https:\/\/api.w.org\/{rel}","templated":true}]}}