{"id":2626,"date":"2025-09-15T10:10:06","date_gmt":"2025-09-15T08:10:06","guid":{"rendered":"https:\/\/frenehard-michaux.eu\/movilidad-interna-y-estudiantes\/"},"modified":"2025-11-19T11:47:49","modified_gmt":"2025-11-19T10:47:49","slug":"movilidad-interna-y-estudiantes","status":"publish","type":"page","link":"https:\/\/frenehard-michaux.eu\/es\/movilidad-interna-y-estudiantes\/","title":{"rendered":"Movilidad interna y estudiantes"},"content":{"rendered":"\n<p>En Fr\u00e9n\u00e9hard &amp; Michaux, el desarrollo profesional dentro del Grupo no solo es posible, sino que se fomenta. Gracias a nuestro alcance geogr\u00e1fico, la diversidad de nuestras profesiones y la riqueza de nuestras estructuras, tiene acceso a una amplia variedad de oportunidades. Tanto si desea cambiar de puesto en su entidad actual como incorporarse a otra empresa del Grupo, podemos ayudarle en su proyecto de desarrollo profesional. Cambiar de profesi\u00f3n sin cambiar de empresa, o cambiar de empresa sin cambiar de rumbo: hacemos de su movilidad un trampol\u00edn para su carrera.<\/p>\n\n<div class=\"wp-block-columns is-layout-flex wp-container-core-columns-is-layout-9d6595d7 wp-block-columns-is-layout-flex\">\n<div class=\"wp-block-column is-layout-flow wp-block-column-is-layout-flow\"><\/div>\n\n\n\n<div class=\"wp-block-column is-layout-flow wp-block-column-is-layout-flow\"><\/div>\n<\/div>\n\n<div class=\"wp-block-columns has-mycms-ardoise-background-color has-background is-layout-flex wp-container-core-columns-is-layout-9d6595d7 wp-block-columns-is-layout-flex\">\n<div class=\"wp-block-column is-layout-flow wp-block-column-is-layout-flow\">\n<h4 class=\"wp-block-heading has-mycms-white-color has-text-color has-link-color wp-elements-2f19eaf37ab899032a7f4466ead5a28d\" id=\"alternants-et-stagiaires-preparons-l-avenir-ensemble\"><strong>Estudiantes en alternancia y becarios: preparemos juntos el futuro<\/strong><\/h4>\n\n\n\n<p class=\"has-mycms-white-color has-text-color has-link-color wp-elements-26f545f627d98ba59bcb43f313bfe03c\">A diario, apoyamos y fomentamos el trabajo de nuestros estudiantes asign\u00e1ndoles misiones variadas, ofreci\u00e9ndoles responsabilidades y form\u00e1ndoles. M\u00e1s que su formaci\u00f3n, es <strong>su personalidad<\/strong> la que marcar\u00e1 la diferencia. Buscamos integrar personalidades <strong>sencillas y comprometidas<\/strong> que compartan nuestros valores.<\/p>\n<\/div>\n\n\n\n<div class=\"wp-block-column is-layout-flow wp-block-column-is-layout-flow\">\n<figure class=\"wp-block-image aligncenter size-large is-resized\"><a href=\"https:\/\/frenehard-michaux.eu\/wp-content\/uploads\/sites\/8\/2025\/09\/2023-10-12_09-37-48_reportage_industriel_www.studiolecarre.com_-scaled.jpg\"><img loading=\"lazy\" decoding=\"async\" width=\"1024\" height=\"683\" src=\"https:\/\/frenehard-michaux.eu\/wp-content\/uploads\/sites\/8\/2025\/09\/2023-10-12_09-37-48_reportage_industriel_www.studiolecarre.com_-1024x683.jpg\" alt=\"\" class=\"wp-image-1805\" style=\"width:570px;height:auto\" srcset=\"https:\/\/frenehard-michaux.eu\/wp-content\/uploads\/sites\/8\/2025\/09\/2023-10-12_09-37-48_reportage_industriel_www.studiolecarre.com_-1024x683.jpg 1024w, https:\/\/frenehard-michaux.eu\/wp-content\/uploads\/sites\/8\/2025\/09\/2023-10-12_09-37-48_reportage_industriel_www.studiolecarre.com_-300x200.jpg 300w, https:\/\/frenehard-michaux.eu\/wp-content\/uploads\/sites\/8\/2025\/09\/2023-10-12_09-37-48_reportage_industriel_www.studiolecarre.com_-768x512.jpg 768w, https:\/\/frenehard-michaux.eu\/wp-content\/uploads\/sites\/8\/2025\/09\/2023-10-12_09-37-48_reportage_industriel_www.studiolecarre.com_-1536x1024.jpg 1536w, https:\/\/frenehard-michaux.eu\/wp-content\/uploads\/sites\/8\/2025\/09\/2023-10-12_09-37-48_reportage_industriel_www.studiolecarre.com_-2048x1365.jpg 2048w, https:\/\/frenehard-michaux.eu\/wp-content\/uploads\/sites\/8\/2025\/09\/2023-10-12_09-37-48_reportage_industriel_www.studiolecarre.com_-600x400.jpg 600w, https:\/\/frenehard-michaux.eu\/wp-content\/uploads\/sites\/8\/2025\/09\/2023-10-12_09-37-48_reportage_industriel_www.studiolecarre.com_-150x100.jpg 150w, https:\/\/frenehard-michaux.eu\/wp-content\/uploads\/sites\/8\/2025\/09\/2023-10-12_09-37-48_reportage_industriel_www.studiolecarre.com_-541x360.jpg 541w, https:\/\/frenehard-michaux.eu\/wp-content\/uploads\/sites\/8\/2025\/09\/2023-10-12_09-37-48_reportage_industriel_www.studiolecarre.com_-317x211.jpg 317w\" sizes=\"auto, (max-width: 1024px) 100vw, 1024px\" \/><\/a><\/figure>\n<\/div>\n<\/div>\n\n<div style=\"height:100px\" aria-hidden=\"true\" class=\"wp-block-spacer\"><\/div>\n\n<div class=\"wp-block-columns is-layout-flex wp-container-core-columns-is-layout-9d6595d7 wp-block-columns-is-layout-flex\">\n<div class=\"wp-block-column is-layout-flow wp-block-column-is-layout-flow\" style=\"flex-basis:60%\"><section class=\"mycms-content-wrapper mycms-grid-row--centered  mediatitlelist\">\n    <div class=\"mycms-mediatitlelist mycms-grid-row mycms-list--unstyled\">\n        <div class=\"mycms-mediatitlelist--container mycms-grid-column-lg-6 mycms-grid-column-md-6 mycms-grid-column-sm-2 \"><h3 class=\"mycms-txt--h3 mycms-txt--color-onyx-light mycms-margin-bottom--30\">\u00bfPor qu\u00e9 unirse a nosotros con una formaci\u00f3n en alternancia o de pr\u00e1cticas?<\/h3><ol class=\"mycms-mediatitlelist--list\"><li><span>Realizar unas pr\u00e1cticas\/una formaci\u00f3n en alternancia en Fr\u00e9n\u00e9hard &amp; Michaux significa incorporarse a un grupo de tama\u00f1o internacional, <\/span><\/li><li><span>Hacemos todo lo posible para que sus estudios se desarrollen en las mejores condiciones,<\/span><\/li><li><span>Su tutor le acompa\u00f1ar\u00e1 en la pr\u00e1ctica de una profesi\u00f3n apasionante,<\/span><\/li><li><span>Posibilidad de obtener un contrato indefinido o de duraci\u00f3n determinada al finalizar la formaci\u00f3n.<\/span><\/li><\/ol><\/div>    <\/div>\n<\/section>\n<\/div>\n\n\n\n<div class=\"wp-block-column is-layout-flow wp-block-column-is-layout-flow\"><section class=\"section-group section-mycms-ardoise-background-color\">\n<div class=\"wp-block-group has-mycms-ardoise-background-color has-background is-layout-constrained wp-block-group-is-layout-constrained\">\n<figure class=\"wp-block-image aligncenter size-full is-resized\"><a href=\"https:\/\/frenehard-michaux.eu\/wp-content\/uploads\/sites\/8\/2025\/09\/Loupe.svg\"><img decoding=\"async\" src=\"https:\/\/frenehard-michaux.eu\/wp-content\/uploads\/sites\/8\/2025\/09\/Loupe.svg\" alt=\"\" class=\"wp-image-1786\" style=\"width:100px\"\/><\/a><\/figure>\n\n\n\n<div class=\"wp-block-buttons is-content-justification-center is-layout-flex wp-container-core-buttons-is-layout-16018d1d wp-block-buttons-is-layout-flex\">\n<div class=\"wp-block-button\"><a class=\"wp-block-button__link wp-element-button\" href=\"https:\/\/frenehard-michaux.eu\/es\/?page_id=2867\">Consulte nuestras ofertas de empleo<\/a><\/div>\n<\/div>\n<\/div>\n<\/section>\n\n\n<div style=\"height:25px\" aria-hidden=\"true\" class=\"wp-block-spacer\"><\/div>\n\n\n<section class=\"section-group section-mycms-ocre-background-color\">\n<div class=\"wp-block-group has-mycms-ocre-background-color has-background is-layout-constrained wp-block-group-is-layout-constrained\">\n<figure class=\"wp-block-image aligncenter size-full is-resized\"><a href=\"https:\/\/frenehard-michaux.eu\/wp-content\/uploads\/sites\/8\/2025\/09\/Dossier.svg\"><img decoding=\"async\" src=\"https:\/\/frenehard-michaux.eu\/wp-content\/uploads\/sites\/8\/2025\/09\/Dossier.svg\" alt=\"\" class=\"wp-image-1789\" style=\"width:100px\"\/><\/a><\/figure>\n\n\n\n<div class=\"wp-block-buttons is-content-justification-center is-layout-flex wp-container-core-buttons-is-layout-16018d1d wp-block-buttons-is-layout-flex\">\n<div class=\"wp-block-button\"><a class=\"wp-block-button__link wp-element-button\" href=\"https:\/\/frenehard-michaux.eu\/es\/candidatura-espontanea\/\">Candidatura espont\u00e1nea<\/a><\/div>\n<\/div>\n<\/div>\n<\/section><\/div>\n<\/div>\n\n<div class=\"wp-block-columns is-layout-flex wp-container-core-columns-is-layout-9d6595d7 wp-block-columns-is-layout-flex\">\n<div class=\"wp-block-column is-layout-flow wp-block-column-is-layout-flow\"><\/div>\n<\/div>\n\n<p>\u00a0\u00a0\u00a0\u00a0\u00a0<\/p>\n\n<div class=\"wp-block-columns is-layout-flex wp-container-core-columns-is-layout-9d6595d7 wp-block-columns-is-layout-flex\">\n<div class=\"wp-block-column is-layout-flow wp-block-column-is-layout-flow\"><\/div>\n\n\n\n<div class=\"wp-block-column is-layout-flow wp-block-column-is-layout-flow\"><\/div>\n<\/div>\n\n<div style=\"height:100px\" aria-hidden=\"true\" class=\"wp-block-spacer\"><\/div>\n","protected":false},"excerpt":{"rendered":"<p>En Fr\u00e9n\u00e9hard &amp; Michaux, el desarrollo profesional dentro del Grupo no solo es posible, sino que se fomenta. Gracias a nuestro alcance geogr\u00e1fico, la diversidad de nuestras profesiones y la riqueza de nuestras estructuras, tiene acceso a una amplia variedad de oportunidades. Tanto si desea cambiar de puesto en su entidad actual como incorporarse a [&hellip;]<\/p>\n","protected":false},"author":8,"featured_media":0,"parent":0,"menu_order":0,"comment_status":"closed","ping_status":"closed","template":"","meta":{"_acf_changed":false,"footnotes":""},"class_list":["post-2626","page","type-page","status-publish","hentry"],"acf":[],"yoast_head":"<!-- This site is optimized with the Yoast SEO plugin v27.4 - https:\/\/yoast.com\/product\/yoast-seo-wordpress\/ -->\n<title>Movilidad interna y estudiantes - Frenehard &amp; Michaux<\/title>\n<meta name=\"robots\" content=\"index, follow, max-snippet:-1, max-image-preview:large, max-video-preview:-1\" \/>\n<link rel=\"canonical\" href=\"https:\/\/frenehard-michaux.eu\/es\/movilidad-interna-y-estudiantes\/\" \/>\n<meta property=\"og:locale\" content=\"es_ES\" \/>\n<meta property=\"og:type\" content=\"article\" \/>\n<meta property=\"og:title\" content=\"Movilidad interna y estudiantes - Frenehard &amp; Michaux\" \/>\n<meta property=\"og:description\" content=\"En Fr\u00e9n\u00e9hard &amp; Michaux, el desarrollo profesional dentro del Grupo no solo es posible, sino que se fomenta. Gracias a nuestro alcance geogr\u00e1fico, la diversidad de nuestras profesiones y la riqueza de nuestras estructuras, tiene acceso a una amplia variedad de oportunidades. Tanto si desea cambiar de puesto en su entidad actual como incorporarse a [&hellip;]\" \/>\n<meta property=\"og:url\" content=\"https:\/\/frenehard-michaux.eu\/es\/movilidad-interna-y-estudiantes\/\" \/>\n<meta property=\"og:site_name\" content=\"Frenehard &amp; Michaux\" \/>\n<meta property=\"article:modified_time\" content=\"2025-11-19T10:47:49+00:00\" \/>\n<meta property=\"og:image\" content=\"https:\/\/frenehard-michaux.eu\/wp-content\/uploads\/sites\/8\/2025\/09\/2023-10-12_09-37-48_reportage_industriel_www.studiolecarre.com_-scaled.jpg\" \/>\n\t<meta property=\"og:image:width\" content=\"2560\" \/>\n\t<meta property=\"og:image:height\" content=\"1707\" \/>\n\t<meta property=\"og:image:type\" content=\"image\/jpeg\" \/>\n<meta name=\"twitter:card\" content=\"summary_large_image\" \/>\n<meta name=\"twitter:label1\" content=\"Tiempo de lectura\" \/>\n\t<meta name=\"twitter:data1\" content=\"1 minuto\" \/>\n<script type=\"application\/ld+json\" class=\"yoast-schema-graph\">{\"@context\":\"https:\\\/\\\/schema.org\",\"@graph\":[{\"@type\":\"WebPage\",\"@id\":\"https:\\\/\\\/frenehard-michaux.eu\\\/es\\\/movilidad-interna-y-estudiantes\\\/\",\"url\":\"https:\\\/\\\/frenehard-michaux.eu\\\/es\\\/movilidad-interna-y-estudiantes\\\/\",\"name\":\"Movilidad interna y estudiantes - Frenehard &amp; Michaux\",\"isPartOf\":{\"@id\":\"https:\\\/\\\/frenehard-michaux.eu\\\/es\\\/#website\"},\"primaryImageOfPage\":{\"@id\":\"https:\\\/\\\/frenehard-michaux.eu\\\/es\\\/movilidad-interna-y-estudiantes\\\/#primaryimage\"},\"image\":{\"@id\":\"https:\\\/\\\/frenehard-michaux.eu\\\/es\\\/movilidad-interna-y-estudiantes\\\/#primaryimage\"},\"thumbnailUrl\":\"https:\\\/\\\/frenehard-michaux.eu\\\/wp-content\\\/uploads\\\/sites\\\/8\\\/2025\\\/09\\\/2023-10-12_09-37-48_reportage_industriel_www.studiolecarre.com_-1024x683.jpg\",\"datePublished\":\"2025-09-15T08:10:06+00:00\",\"dateModified\":\"2025-11-19T10:47:49+00:00\",\"breadcrumb\":{\"@id\":\"https:\\\/\\\/frenehard-michaux.eu\\\/es\\\/movilidad-interna-y-estudiantes\\\/#breadcrumb\"},\"inLanguage\":\"es\",\"potentialAction\":[{\"@type\":\"ReadAction\",\"target\":[\"https:\\\/\\\/frenehard-michaux.eu\\\/es\\\/movilidad-interna-y-estudiantes\\\/\"]}]},{\"@type\":\"ImageObject\",\"inLanguage\":\"es\",\"@id\":\"https:\\\/\\\/frenehard-michaux.eu\\\/es\\\/movilidad-interna-y-estudiantes\\\/#primaryimage\",\"url\":\"https:\\\/\\\/frenehard-michaux.eu\\\/wp-content\\\/uploads\\\/sites\\\/8\\\/2025\\\/09\\\/2023-10-12_09-37-48_reportage_industriel_www.studiolecarre.com_-1024x683.jpg\",\"contentUrl\":\"https:\\\/\\\/frenehard-michaux.eu\\\/wp-content\\\/uploads\\\/sites\\\/8\\\/2025\\\/09\\\/2023-10-12_09-37-48_reportage_industriel_www.studiolecarre.com_-1024x683.jpg\"},{\"@type\":\"BreadcrumbList\",\"@id\":\"https:\\\/\\\/frenehard-michaux.eu\\\/es\\\/movilidad-interna-y-estudiantes\\\/#breadcrumb\",\"itemListElement\":[{\"@type\":\"ListItem\",\"position\":1,\"name\":\"Accueil\",\"item\":\"https:\\\/\\\/frenehard-michaux.eu\\\/es\\\/accueil\\\/\"},{\"@type\":\"ListItem\",\"position\":2,\"name\":\"Movilidad interna y estudiantes\"}]},{\"@type\":\"WebSite\",\"@id\":\"https:\\\/\\\/frenehard-michaux.eu\\\/es\\\/#website\",\"url\":\"https:\\\/\\\/frenehard-michaux.eu\\\/es\\\/\",\"name\":\"Frenehard &amp; Michaux\",\"description\":\"\",\"publisher\":{\"@id\":\"https:\\\/\\\/frenehard-michaux.eu\\\/es\\\/#organization\"},\"potentialAction\":[{\"@type\":\"SearchAction\",\"target\":{\"@type\":\"EntryPoint\",\"urlTemplate\":\"https:\\\/\\\/frenehard-michaux.eu\\\/es\\\/?s={search_term_string}\"},\"query-input\":{\"@type\":\"PropertyValueSpecification\",\"valueRequired\":true,\"valueName\":\"search_term_string\"}}],\"inLanguage\":\"es\"},{\"@type\":\"Organization\",\"@id\":\"https:\\\/\\\/frenehard-michaux.eu\\\/es\\\/#organization\",\"name\":\"Frenehard &amp; Michaux\",\"url\":\"https:\\\/\\\/frenehard-michaux.eu\\\/es\\\/\",\"logo\":{\"@type\":\"ImageObject\",\"inLanguage\":\"es\",\"@id\":\"https:\\\/\\\/frenehard-michaux.eu\\\/es\\\/#\\\/schema\\\/logo\\\/image\\\/\",\"url\":\"https:\\\/\\\/frenehard-michaux.eu\\\/wp-content\\\/uploads\\\/sites\\\/8\\\/2025\\\/09\\\/Frenehard-Michaux_RVB.svg\",\"contentUrl\":\"https:\\\/\\\/frenehard-michaux.eu\\\/wp-content\\\/uploads\\\/sites\\\/8\\\/2025\\\/09\\\/Frenehard-Michaux_RVB.svg\",\"caption\":\"Frenehard &amp; Michaux\"},\"image\":{\"@id\":\"https:\\\/\\\/frenehard-michaux.eu\\\/es\\\/#\\\/schema\\\/logo\\\/image\\\/\"}}]}<\/script>\n<!-- \/ Yoast SEO plugin. -->","yoast_head_json":{"title":"Movilidad interna y estudiantes - Frenehard &amp; Michaux","robots":{"index":"index","follow":"follow","max-snippet":"max-snippet:-1","max-image-preview":"max-image-preview:large","max-video-preview":"max-video-preview:-1"},"canonical":"https:\/\/frenehard-michaux.eu\/es\/movilidad-interna-y-estudiantes\/","og_locale":"es_ES","og_type":"article","og_title":"Movilidad interna y estudiantes - Frenehard &amp; Michaux","og_description":"En Fr\u00e9n\u00e9hard &amp; Michaux, el desarrollo profesional dentro del Grupo no solo es posible, sino que se fomenta. Gracias a nuestro alcance geogr\u00e1fico, la diversidad de nuestras profesiones y la riqueza de nuestras estructuras, tiene acceso a una amplia variedad de oportunidades. Tanto si desea cambiar de puesto en su entidad actual como incorporarse a [&hellip;]","og_url":"https:\/\/frenehard-michaux.eu\/es\/movilidad-interna-y-estudiantes\/","og_site_name":"Frenehard &amp; Michaux","article_modified_time":"2025-11-19T10:47:49+00:00","og_image":[{"width":2560,"height":1707,"url":"https:\/\/frenehard-michaux.eu\/wp-content\/uploads\/sites\/8\/2025\/09\/2023-10-12_09-37-48_reportage_industriel_www.studiolecarre.com_-scaled.jpg","type":"image\/jpeg"}],"twitter_card":"summary_large_image","twitter_misc":{"Tiempo de lectura":"1 minuto"},"schema":{"@context":"https:\/\/schema.org","@graph":[{"@type":"WebPage","@id":"https:\/\/frenehard-michaux.eu\/es\/movilidad-interna-y-estudiantes\/","url":"https:\/\/frenehard-michaux.eu\/es\/movilidad-interna-y-estudiantes\/","name":"Movilidad interna y estudiantes - Frenehard &amp; Michaux","isPartOf":{"@id":"https:\/\/frenehard-michaux.eu\/es\/#website"},"primaryImageOfPage":{"@id":"https:\/\/frenehard-michaux.eu\/es\/movilidad-interna-y-estudiantes\/#primaryimage"},"image":{"@id":"https:\/\/frenehard-michaux.eu\/es\/movilidad-interna-y-estudiantes\/#primaryimage"},"thumbnailUrl":"https:\/\/frenehard-michaux.eu\/wp-content\/uploads\/sites\/8\/2025\/09\/2023-10-12_09-37-48_reportage_industriel_www.studiolecarre.com_-1024x683.jpg","datePublished":"2025-09-15T08:10:06+00:00","dateModified":"2025-11-19T10:47:49+00:00","breadcrumb":{"@id":"https:\/\/frenehard-michaux.eu\/es\/movilidad-interna-y-estudiantes\/#breadcrumb"},"inLanguage":"es","potentialAction":[{"@type":"ReadAction","target":["https:\/\/frenehard-michaux.eu\/es\/movilidad-interna-y-estudiantes\/"]}]},{"@type":"ImageObject","inLanguage":"es","@id":"https:\/\/frenehard-michaux.eu\/es\/movilidad-interna-y-estudiantes\/#primaryimage","url":"https:\/\/frenehard-michaux.eu\/wp-content\/uploads\/sites\/8\/2025\/09\/2023-10-12_09-37-48_reportage_industriel_www.studiolecarre.com_-1024x683.jpg","contentUrl":"https:\/\/frenehard-michaux.eu\/wp-content\/uploads\/sites\/8\/2025\/09\/2023-10-12_09-37-48_reportage_industriel_www.studiolecarre.com_-1024x683.jpg"},{"@type":"BreadcrumbList","@id":"https:\/\/frenehard-michaux.eu\/es\/movilidad-interna-y-estudiantes\/#breadcrumb","itemListElement":[{"@type":"ListItem","position":1,"name":"Accueil","item":"https:\/\/frenehard-michaux.eu\/es\/accueil\/"},{"@type":"ListItem","position":2,"name":"Movilidad interna y estudiantes"}]},{"@type":"WebSite","@id":"https:\/\/frenehard-michaux.eu\/es\/#website","url":"https:\/\/frenehard-michaux.eu\/es\/","name":"Frenehard &amp; Michaux","description":"","publisher":{"@id":"https:\/\/frenehard-michaux.eu\/es\/#organization"},"potentialAction":[{"@type":"SearchAction","target":{"@type":"EntryPoint","urlTemplate":"https:\/\/frenehard-michaux.eu\/es\/?s={search_term_string}"},"query-input":{"@type":"PropertyValueSpecification","valueRequired":true,"valueName":"search_term_string"}}],"inLanguage":"es"},{"@type":"Organization","@id":"https:\/\/frenehard-michaux.eu\/es\/#organization","name":"Frenehard &amp; Michaux","url":"https:\/\/frenehard-michaux.eu\/es\/","logo":{"@type":"ImageObject","inLanguage":"es","@id":"https:\/\/frenehard-michaux.eu\/es\/#\/schema\/logo\/image\/","url":"https:\/\/frenehard-michaux.eu\/wp-content\/uploads\/sites\/8\/2025\/09\/Frenehard-Michaux_RVB.svg","contentUrl":"https:\/\/frenehard-michaux.eu\/wp-content\/uploads\/sites\/8\/2025\/09\/Frenehard-Michaux_RVB.svg","caption":"Frenehard &amp; Michaux"},"image":{"@id":"https:\/\/frenehard-michaux.eu\/es\/#\/schema\/logo\/image\/"}}]}},"_links":{"self":[{"href":"https:\/\/frenehard-michaux.eu\/es\/wp-json\/wp\/v2\/pages\/2626","targetHints":{"allow":["GET"]}}],"collection":[{"href":"https:\/\/frenehard-michaux.eu\/es\/wp-json\/wp\/v2\/pages"}],"about":[{"href":"https:\/\/frenehard-michaux.eu\/es\/wp-json\/wp\/v2\/types\/page"}],"author":[{"embeddable":true,"href":"https:\/\/frenehard-michaux.eu\/es\/wp-json\/wp\/v2\/users\/8"}],"replies":[{"embeddable":true,"href":"https:\/\/frenehard-michaux.eu\/es\/wp-json\/wp\/v2\/comments?post=2626"}],"version-history":[{"count":4,"href":"https:\/\/frenehard-michaux.eu\/es\/wp-json\/wp\/v2\/pages\/2626\/revisions"}],"predecessor-version":[{"id":2992,"href":"https:\/\/frenehard-michaux.eu\/es\/wp-json\/wp\/v2\/pages\/2626\/revisions\/2992"}],"wp:attachment":[{"href":"https:\/\/frenehard-michaux.eu\/es\/wp-json\/wp\/v2\/media?parent=2626"}],"curies":[{"name":"wp","href":"https:\/\/api.w.org\/{rel}","templated":true}]}}