{"id":558,"date":"2025-05-13T17:54:58","date_gmt":"2025-05-13T15:54:58","guid":{"rendered":"https:\/\/frenehard-michaux.myweb-fm.com\/la-hauteur-en-confiance\/"},"modified":"2025-08-27T08:50:51","modified_gmt":"2025-08-27T06:50:51","slug":"la-hauteur-en-confiance-4","status":"publish","type":"page","link":"https:\/\/frenehard-michaux.eu\/de\/la-hauteur-en-confiance-4\/","title":{"rendered":"Sicher in der H\u00f6he"},"content":{"rendered":"\n<p>Altrex, Artub, FMS Ringue, Fr\u00e9n\u00e9hard, Gamesystem, MA Estructuras, Securigard, Skyworks, Syam, Tendo, Tubesca-Comabi\u2026 Wir alle sind Mitglieder der Familie Fr\u00e9n\u00e9hard &amp; Michaux. Was diese Familie vereint, ist das Streben nach sicherem Arbeiten in der H\u00f6he: Ger\u00fcste und Leitern, Zubeh\u00f6r f\u00fcr D\u00e4cher und Abdeckungen, kollektive und pers\u00f6nliche Ausr\u00fcstungen zum Schutz vor Abst\u00fcrzen aus der H\u00f6he. <\/p>\n\n<p class=\"has-mycms-orange-color has-text-color has-link-color wp-elements-1edc74a213331ea6b94bef21868ed566\"><strong>Sicheres Arbeiten in der H\u00f6he ist das Leitmotiv unserer T\u00e4tigkeiten und unser gemeinsamer Nenner.<\/strong><\/p>\n\n<div class=\"wp-block-columns is-layout-flex wp-container-core-columns-is-layout-9d6595d7 wp-block-columns-is-layout-flex\">\n<div class=\"wp-block-column is-layout-flow wp-block-column-is-layout-flow\">\n<h3 class=\"wp-block-heading has-text-align-center has-mycms-antracite-color has-text-color has-link-color wp-elements-84368e0d4e00a7c9c0fba0b6cca032af\" id=\"batiment\">Baugewerbe<\/h3>\n\n\n\n<hr class=\"wp-block-separator has-alpha-channel-opacity is-style-wide\" \/>\n\n\n\n<figure class=\"wp-block-image size-full\"><a href=\"https:\/\/frenehard-michaux.myweb-fm.com\/wp-content\/uploads\/sites\/8\/2025\/05\/BATIMENT_FRENEHARD_MIN-705x642-1.jpg\"><img decoding=\"async\" src=\"https:\/\/frenehard-michaux.myweb-fm.com\/wp-content\/uploads\/sites\/8\/2025\/05\/BATIMENT_FRENEHARD_MIN-705x642-1.jpg\" alt=\"\" class=\"wp-image-29\" \/><\/a><\/figure>\n<\/div>\n\n\n\n<div class=\"wp-block-column is-layout-flow wp-block-column-is-layout-flow\">\n<h3 class=\"wp-block-heading has-text-align-center has-mycms-antracite-color has-text-color has-link-color wp-elements-49c39d5534ab8123fb75b007a06aca2e\" id=\"industrie\">Industrie<\/h3>\n\n\n\n<hr class=\"wp-block-separator has-alpha-channel-opacity is-style-wide\" \/>\n\n\n\n<figure class=\"wp-block-image size-full\"><a href=\"https:\/\/frenehard-michaux.myweb-fm.com\/wp-content\/uploads\/sites\/8\/2025\/05\/BATIMENT_INDUSTRIE_MIN-705x642-1.jpg\"><img decoding=\"async\" src=\"https:\/\/frenehard-michaux.myweb-fm.com\/wp-content\/uploads\/sites\/8\/2025\/05\/BATIMENT_INDUSTRIE_MIN-705x642-1.jpg\" alt=\"\" class=\"wp-image-30\" \/><\/a><\/figure>\n<\/div>\n<\/div>\n","protected":false},"excerpt":{"rendered":"<p>Altrex, Artub, FMS Ringue, Fr\u00e9n\u00e9hard, Gamesystem, MA Estructuras, Securigard, Skyworks, Syam, Tendo, Tubesca-Comabi\u2026 Wir alle sind Mitglieder der Familie Fr\u00e9n\u00e9hard &amp; Michaux. Was diese Familie vereint, ist das Streben nach sicherem Arbeiten in der H\u00f6he: Ger\u00fcste und Leitern, Zubeh\u00f6r f\u00fcr D\u00e4cher und Abdeckungen, kollektive und pers\u00f6nliche Ausr\u00fcstungen zum Schutz vor Abst\u00fcrzen aus der H\u00f6he. Sicheres [&hellip;]<\/p>\n","protected":false},"author":57,"featured_media":0,"parent":0,"menu_order":0,"comment_status":"closed","ping_status":"closed","template":"","meta":{"_acf_changed":false,"footnotes":""},"class_list":["post-558","page","type-page","status-publish","hentry"],"acf":[],"yoast_head":"<!-- This site is optimized with the Yoast SEO plugin v27.3 - https:\/\/yoast.com\/product\/yoast-seo-wordpress\/ -->\n<title>Sicher in der H\u00f6he - Frenehard &amp; Michaux<\/title>\n<meta name=\"robots\" content=\"index, follow, max-snippet:-1, max-image-preview:large, max-video-preview:-1\" \/>\n<link rel=\"canonical\" href=\"https:\/\/frenehard-michaux.eu\/de\/la-hauteur-en-confiance-4\/\" \/>\n<meta property=\"og:locale\" content=\"de_DE\" \/>\n<meta property=\"og:type\" content=\"article\" \/>\n<meta property=\"og:title\" content=\"Sicher in der H\u00f6he - Frenehard &amp; Michaux\" \/>\n<meta property=\"og:description\" content=\"Altrex, Artub, FMS Ringue, Fr\u00e9n\u00e9hard, Gamesystem, MA Estructuras, Securigard, Skyworks, Syam, Tendo, Tubesca-Comabi\u2026 Wir alle sind Mitglieder der Familie Fr\u00e9n\u00e9hard &amp; Michaux. Was diese Familie vereint, ist das Streben nach sicherem Arbeiten in der H\u00f6he: Ger\u00fcste und Leitern, Zubeh\u00f6r f\u00fcr D\u00e4cher und Abdeckungen, kollektive und pers\u00f6nliche Ausr\u00fcstungen zum Schutz vor Abst\u00fcrzen aus der H\u00f6he. Sicheres [&hellip;]\" \/>\n<meta property=\"og:url\" content=\"https:\/\/frenehard-michaux.eu\/de\/la-hauteur-en-confiance-4\/\" \/>\n<meta property=\"og:site_name\" content=\"Frenehard &amp; Michaux\" \/>\n<meta property=\"article:modified_time\" content=\"2025-08-27T06:50:51+00:00\" \/>\n<meta name=\"twitter:card\" content=\"summary_large_image\" \/>\n<script type=\"application\/ld+json\" class=\"yoast-schema-graph\">{\"@context\":\"https:\\\/\\\/schema.org\",\"@graph\":[{\"@type\":\"WebPage\",\"@id\":\"https:\\\/\\\/frenehard-michaux.eu\\\/de\\\/la-hauteur-en-confiance-4\\\/\",\"url\":\"https:\\\/\\\/frenehard-michaux.eu\\\/de\\\/la-hauteur-en-confiance-4\\\/\",\"name\":\"Sicher in der H\u00f6he - Frenehard &amp; Michaux\",\"isPartOf\":{\"@id\":\"https:\\\/\\\/frenehard-michaux.eu\\\/de\\\/#website\"},\"primaryImageOfPage\":{\"@id\":\"https:\\\/\\\/frenehard-michaux.eu\\\/de\\\/la-hauteur-en-confiance-4\\\/#primaryimage\"},\"image\":{\"@id\":\"https:\\\/\\\/frenehard-michaux.eu\\\/de\\\/la-hauteur-en-confiance-4\\\/#primaryimage\"},\"thumbnailUrl\":\"https:\\\/\\\/frenehard-michaux.myweb-fm.com\\\/wp-content\\\/uploads\\\/sites\\\/8\\\/2025\\\/05\\\/BATIMENT_FRENEHARD_MIN-705x642-1.jpg\",\"datePublished\":\"2025-05-13T15:54:58+00:00\",\"dateModified\":\"2025-08-27T06:50:51+00:00\",\"breadcrumb\":{\"@id\":\"https:\\\/\\\/frenehard-michaux.eu\\\/de\\\/la-hauteur-en-confiance-4\\\/#breadcrumb\"},\"inLanguage\":\"de\",\"potentialAction\":[{\"@type\":\"ReadAction\",\"target\":[\"https:\\\/\\\/frenehard-michaux.eu\\\/de\\\/la-hauteur-en-confiance-4\\\/\"]}]},{\"@type\":\"ImageObject\",\"inLanguage\":\"de\",\"@id\":\"https:\\\/\\\/frenehard-michaux.eu\\\/de\\\/la-hauteur-en-confiance-4\\\/#primaryimage\",\"url\":\"https:\\\/\\\/frenehard-michaux.myweb-fm.com\\\/wp-content\\\/uploads\\\/sites\\\/8\\\/2025\\\/05\\\/BATIMENT_FRENEHARD_MIN-705x642-1.jpg\",\"contentUrl\":\"https:\\\/\\\/frenehard-michaux.myweb-fm.com\\\/wp-content\\\/uploads\\\/sites\\\/8\\\/2025\\\/05\\\/BATIMENT_FRENEHARD_MIN-705x642-1.jpg\"},{\"@type\":\"BreadcrumbList\",\"@id\":\"https:\\\/\\\/frenehard-michaux.eu\\\/de\\\/la-hauteur-en-confiance-4\\\/#breadcrumb\",\"itemListElement\":[{\"@type\":\"ListItem\",\"position\":1,\"name\":\"Accueil\",\"item\":\"https:\\\/\\\/frenehard-michaux.eu\\\/de\\\/startseite\\\/\"},{\"@type\":\"ListItem\",\"position\":2,\"name\":\"Sicher in der H\u00f6he\"}]},{\"@type\":\"WebSite\",\"@id\":\"https:\\\/\\\/frenehard-michaux.eu\\\/de\\\/#website\",\"url\":\"https:\\\/\\\/frenehard-michaux.eu\\\/de\\\/\",\"name\":\"Frenehard &amp; Michaux\",\"description\":\"\",\"publisher\":{\"@id\":\"https:\\\/\\\/frenehard-michaux.eu\\\/de\\\/#organization\"},\"potentialAction\":[{\"@type\":\"SearchAction\",\"target\":{\"@type\":\"EntryPoint\",\"urlTemplate\":\"https:\\\/\\\/frenehard-michaux.eu\\\/de\\\/?s={search_term_string}\"},\"query-input\":{\"@type\":\"PropertyValueSpecification\",\"valueRequired\":true,\"valueName\":\"search_term_string\"}}],\"inLanguage\":\"de\"},{\"@type\":\"Organization\",\"@id\":\"https:\\\/\\\/frenehard-michaux.eu\\\/de\\\/#organization\",\"name\":\"Frenehard &amp; Michaux\",\"url\":\"https:\\\/\\\/frenehard-michaux.eu\\\/de\\\/\",\"logo\":{\"@type\":\"ImageObject\",\"inLanguage\":\"de\",\"@id\":\"https:\\\/\\\/frenehard-michaux.eu\\\/de\\\/#\\\/schema\\\/logo\\\/image\\\/\",\"url\":\"https:\\\/\\\/frenehard-michaux.eu\\\/wp-content\\\/uploads\\\/sites\\\/8\\\/2025\\\/09\\\/Frenehard-Michaux_RVB.svg\",\"contentUrl\":\"https:\\\/\\\/frenehard-michaux.eu\\\/wp-content\\\/uploads\\\/sites\\\/8\\\/2025\\\/09\\\/Frenehard-Michaux_RVB.svg\",\"caption\":\"Frenehard &amp; Michaux\"},\"image\":{\"@id\":\"https:\\\/\\\/frenehard-michaux.eu\\\/de\\\/#\\\/schema\\\/logo\\\/image\\\/\"}}]}<\/script>\n<!-- \/ Yoast SEO plugin. -->","yoast_head_json":{"title":"Sicher in der H\u00f6he - Frenehard &amp; Michaux","robots":{"index":"index","follow":"follow","max-snippet":"max-snippet:-1","max-image-preview":"max-image-preview:large","max-video-preview":"max-video-preview:-1"},"canonical":"https:\/\/frenehard-michaux.eu\/de\/la-hauteur-en-confiance-4\/","og_locale":"de_DE","og_type":"article","og_title":"Sicher in der H\u00f6he - Frenehard &amp; Michaux","og_description":"Altrex, Artub, FMS Ringue, Fr\u00e9n\u00e9hard, Gamesystem, MA Estructuras, Securigard, Skyworks, Syam, Tendo, Tubesca-Comabi\u2026 Wir alle sind Mitglieder der Familie Fr\u00e9n\u00e9hard &amp; Michaux. Was diese Familie vereint, ist das Streben nach sicherem Arbeiten in der H\u00f6he: Ger\u00fcste und Leitern, Zubeh\u00f6r f\u00fcr D\u00e4cher und Abdeckungen, kollektive und pers\u00f6nliche Ausr\u00fcstungen zum Schutz vor Abst\u00fcrzen aus der H\u00f6he. Sicheres [&hellip;]","og_url":"https:\/\/frenehard-michaux.eu\/de\/la-hauteur-en-confiance-4\/","og_site_name":"Frenehard &amp; Michaux","article_modified_time":"2025-08-27T06:50:51+00:00","twitter_card":"summary_large_image","schema":{"@context":"https:\/\/schema.org","@graph":[{"@type":"WebPage","@id":"https:\/\/frenehard-michaux.eu\/de\/la-hauteur-en-confiance-4\/","url":"https:\/\/frenehard-michaux.eu\/de\/la-hauteur-en-confiance-4\/","name":"Sicher in der H\u00f6he - Frenehard &amp; Michaux","isPartOf":{"@id":"https:\/\/frenehard-michaux.eu\/de\/#website"},"primaryImageOfPage":{"@id":"https:\/\/frenehard-michaux.eu\/de\/la-hauteur-en-confiance-4\/#primaryimage"},"image":{"@id":"https:\/\/frenehard-michaux.eu\/de\/la-hauteur-en-confiance-4\/#primaryimage"},"thumbnailUrl":"https:\/\/frenehard-michaux.myweb-fm.com\/wp-content\/uploads\/sites\/8\/2025\/05\/BATIMENT_FRENEHARD_MIN-705x642-1.jpg","datePublished":"2025-05-13T15:54:58+00:00","dateModified":"2025-08-27T06:50:51+00:00","breadcrumb":{"@id":"https:\/\/frenehard-michaux.eu\/de\/la-hauteur-en-confiance-4\/#breadcrumb"},"inLanguage":"de","potentialAction":[{"@type":"ReadAction","target":["https:\/\/frenehard-michaux.eu\/de\/la-hauteur-en-confiance-4\/"]}]},{"@type":"ImageObject","inLanguage":"de","@id":"https:\/\/frenehard-michaux.eu\/de\/la-hauteur-en-confiance-4\/#primaryimage","url":"https:\/\/frenehard-michaux.myweb-fm.com\/wp-content\/uploads\/sites\/8\/2025\/05\/BATIMENT_FRENEHARD_MIN-705x642-1.jpg","contentUrl":"https:\/\/frenehard-michaux.myweb-fm.com\/wp-content\/uploads\/sites\/8\/2025\/05\/BATIMENT_FRENEHARD_MIN-705x642-1.jpg"},{"@type":"BreadcrumbList","@id":"https:\/\/frenehard-michaux.eu\/de\/la-hauteur-en-confiance-4\/#breadcrumb","itemListElement":[{"@type":"ListItem","position":1,"name":"Accueil","item":"https:\/\/frenehard-michaux.eu\/de\/startseite\/"},{"@type":"ListItem","position":2,"name":"Sicher in der H\u00f6he"}]},{"@type":"WebSite","@id":"https:\/\/frenehard-michaux.eu\/de\/#website","url":"https:\/\/frenehard-michaux.eu\/de\/","name":"Frenehard &amp; Michaux","description":"","publisher":{"@id":"https:\/\/frenehard-michaux.eu\/de\/#organization"},"potentialAction":[{"@type":"SearchAction","target":{"@type":"EntryPoint","urlTemplate":"https:\/\/frenehard-michaux.eu\/de\/?s={search_term_string}"},"query-input":{"@type":"PropertyValueSpecification","valueRequired":true,"valueName":"search_term_string"}}],"inLanguage":"de"},{"@type":"Organization","@id":"https:\/\/frenehard-michaux.eu\/de\/#organization","name":"Frenehard &amp; Michaux","url":"https:\/\/frenehard-michaux.eu\/de\/","logo":{"@type":"ImageObject","inLanguage":"de","@id":"https:\/\/frenehard-michaux.eu\/de\/#\/schema\/logo\/image\/","url":"https:\/\/frenehard-michaux.eu\/wp-content\/uploads\/sites\/8\/2025\/09\/Frenehard-Michaux_RVB.svg","contentUrl":"https:\/\/frenehard-michaux.eu\/wp-content\/uploads\/sites\/8\/2025\/09\/Frenehard-Michaux_RVB.svg","caption":"Frenehard &amp; Michaux"},"image":{"@id":"https:\/\/frenehard-michaux.eu\/de\/#\/schema\/logo\/image\/"}}]}},"_links":{"self":[{"href":"https:\/\/frenehard-michaux.eu\/de\/wp-json\/wp\/v2\/pages\/558","targetHints":{"allow":["GET"]}}],"collection":[{"href":"https:\/\/frenehard-michaux.eu\/de\/wp-json\/wp\/v2\/pages"}],"about":[{"href":"https:\/\/frenehard-michaux.eu\/de\/wp-json\/wp\/v2\/types\/page"}],"author":[{"embeddable":true,"href":"https:\/\/frenehard-michaux.eu\/de\/wp-json\/wp\/v2\/users\/57"}],"replies":[{"embeddable":true,"href":"https:\/\/frenehard-michaux.eu\/de\/wp-json\/wp\/v2\/comments?post=558"}],"version-history":[{"count":1,"href":"https:\/\/frenehard-michaux.eu\/de\/wp-json\/wp\/v2\/pages\/558\/revisions"}],"predecessor-version":[{"id":1104,"href":"https:\/\/frenehard-michaux.eu\/de\/wp-json\/wp\/v2\/pages\/558\/revisions\/1104"}],"wp:attachment":[{"href":"https:\/\/frenehard-michaux.eu\/de\/wp-json\/wp\/v2\/media?parent=558"}],"curies":[{"name":"wp","href":"https:\/\/api.w.org\/{rel}","templated":true}]}}