{"id":2679,"date":"2025-09-15T11:53:02","date_gmt":"2025-09-15T09:53:02","guid":{"rendered":"https:\/\/frenehard-michaux.eu\/presse-und-medienbereich\/"},"modified":"2025-11-19T11:46:11","modified_gmt":"2025-11-19T10:46:11","slug":"presse-und-medienbereich","status":"publish","type":"page","link":"https:\/\/frenehard-michaux.eu\/de\/presse-und-medienbereich\/","title":{"rendered":"Presse- und Medienbereich"},"content":{"rendered":"\n<p class=\"has-text-align-center\">Willkommen in unserem Bereich f\u00fcr Journalisten, Medienpartner und Content Creator.<br\/>Dort finden Sie auch unsere Pressemappe : <\/p>\n\n<div class=\"wp-block-buttons is-content-justification-center is-layout-flex wp-container-core-buttons-is-layout-16018d1d wp-block-buttons-is-layout-flex\">\n<div class=\"wp-block-button has-custom-width wp-block-button__width-25\"><a class=\"wp-block-button__link has-text-align-center wp-element-button\" href=\"https:\/\/frenehard-michaux.eu\/wp-content\/uploads\/sites\/8\/2025\/09\/Dossier-de-presse-2025_Frenehard-Michaux_web-2.pdf\">Pressemappe<\/a><\/div>\n<\/div>\n<section class=\"section-group section-mycms-acier-background-color\">\n<div class=\"wp-block-group has-mycms-acier-background-color has-background is-layout-flow wp-block-group-is-layout-flow\">\n<p class=\"has-text-align-center has-mycms-white-color has-text-color has-link-color wp-elements-2c786ff12cdad70dee1c6b653d4ff427\">F\u00fcr weitere Informationen, Interviews oder die Vermittlung von Kontakten:<\/p>\n\n\n\n<p class=\"has-text-align-center has-mycms-white-color has-text-color has-link-color wp-elements-2b00f43aab37c1985b4f638b96876c1c\"><strong>Agentur PLUS2SENS<\/strong><br\/>22 Rue Bellecordi\u00e8re, 69002 Lyon<br\/>Tel.: +33 4 37 24 02 58<br\/><em>Carmela SILLETTI &#8211; carmela@plus2sens.com<br\/>Matthieu BERBY &#8211; matthieu@plus2sens.com<\/em><\/p>\n<\/div>\n<\/section>","protected":false},"excerpt":{"rendered":"<p>Willkommen in unserem Bereich f\u00fcr Journalisten, Medienpartner und Content Creator.Dort finden Sie auch unsere Pressemappe : F\u00fcr weitere Informationen, Interviews oder die Vermittlung von Kontakten: Agentur PLUS2SENS22 Rue Bellecordi\u00e8re, 69002 LyonTel.: +33 4 37 24 02 58Carmela SILLETTI &#8211; carmela@plus2sens.comMatthieu BERBY &#8211; matthieu@plus2sens.com<\/p>\n","protected":false},"author":8,"featured_media":0,"parent":0,"menu_order":0,"comment_status":"closed","ping_status":"closed","template":"","meta":{"_acf_changed":false,"footnotes":""},"class_list":["post-2679","page","type-page","status-publish","hentry"],"acf":[],"yoast_head":"<!-- This site is optimized with the Yoast SEO plugin v27.3 - https:\/\/yoast.com\/product\/yoast-seo-wordpress\/ -->\n<title>Presse- und Medienbereich - Frenehard &amp; Michaux<\/title>\n<meta name=\"robots\" content=\"index, follow, max-snippet:-1, max-image-preview:large, max-video-preview:-1\" \/>\n<link rel=\"canonical\" href=\"https:\/\/frenehard-michaux.eu\/de\/presse-und-medienbereich\/\" \/>\n<meta property=\"og:locale\" content=\"de_DE\" \/>\n<meta property=\"og:type\" content=\"article\" \/>\n<meta property=\"og:title\" content=\"Presse- und Medienbereich - Frenehard &amp; Michaux\" \/>\n<meta property=\"og:description\" content=\"Willkommen in unserem Bereich f\u00fcr Journalisten, Medienpartner und Content Creator.Dort finden Sie auch unsere Pressemappe : F\u00fcr weitere Informationen, Interviews oder die Vermittlung von Kontakten: Agentur PLUS2SENS22 Rue Bellecordi\u00e8re, 69002 LyonTel.: +33 4 37 24 02 58Carmela SILLETTI &#8211; carmela@plus2sens.comMatthieu BERBY &#8211; matthieu@plus2sens.com\" \/>\n<meta property=\"og:url\" content=\"https:\/\/frenehard-michaux.eu\/de\/presse-und-medienbereich\/\" \/>\n<meta property=\"og:site_name\" content=\"Frenehard &amp; Michaux\" \/>\n<meta property=\"article:modified_time\" content=\"2025-11-19T10:46:11+00:00\" \/>\n<meta name=\"twitter:card\" content=\"summary_large_image\" \/>\n<script type=\"application\/ld+json\" class=\"yoast-schema-graph\">{\"@context\":\"https:\\\/\\\/schema.org\",\"@graph\":[{\"@type\":\"WebPage\",\"@id\":\"https:\\\/\\\/frenehard-michaux.eu\\\/de\\\/presse-und-medienbereich\\\/\",\"url\":\"https:\\\/\\\/frenehard-michaux.eu\\\/de\\\/presse-und-medienbereich\\\/\",\"name\":\"Presse- und Medienbereich - Frenehard &amp; Michaux\",\"isPartOf\":{\"@id\":\"https:\\\/\\\/frenehard-michaux.eu\\\/de\\\/#website\"},\"datePublished\":\"2025-09-15T09:53:02+00:00\",\"dateModified\":\"2025-11-19T10:46:11+00:00\",\"breadcrumb\":{\"@id\":\"https:\\\/\\\/frenehard-michaux.eu\\\/de\\\/presse-und-medienbereich\\\/#breadcrumb\"},\"inLanguage\":\"de\",\"potentialAction\":[{\"@type\":\"ReadAction\",\"target\":[\"https:\\\/\\\/frenehard-michaux.eu\\\/de\\\/presse-und-medienbereich\\\/\"]}]},{\"@type\":\"BreadcrumbList\",\"@id\":\"https:\\\/\\\/frenehard-michaux.eu\\\/de\\\/presse-und-medienbereich\\\/#breadcrumb\",\"itemListElement\":[{\"@type\":\"ListItem\",\"position\":1,\"name\":\"Accueil\",\"item\":\"https:\\\/\\\/frenehard-michaux.eu\\\/de\\\/startseite\\\/\"},{\"@type\":\"ListItem\",\"position\":2,\"name\":\"Presse- und Medienbereich\"}]},{\"@type\":\"WebSite\",\"@id\":\"https:\\\/\\\/frenehard-michaux.eu\\\/de\\\/#website\",\"url\":\"https:\\\/\\\/frenehard-michaux.eu\\\/de\\\/\",\"name\":\"Frenehard &amp; Michaux\",\"description\":\"\",\"publisher\":{\"@id\":\"https:\\\/\\\/frenehard-michaux.eu\\\/de\\\/#organization\"},\"potentialAction\":[{\"@type\":\"SearchAction\",\"target\":{\"@type\":\"EntryPoint\",\"urlTemplate\":\"https:\\\/\\\/frenehard-michaux.eu\\\/de\\\/?s={search_term_string}\"},\"query-input\":{\"@type\":\"PropertyValueSpecification\",\"valueRequired\":true,\"valueName\":\"search_term_string\"}}],\"inLanguage\":\"de\"},{\"@type\":\"Organization\",\"@id\":\"https:\\\/\\\/frenehard-michaux.eu\\\/de\\\/#organization\",\"name\":\"Frenehard &amp; Michaux\",\"url\":\"https:\\\/\\\/frenehard-michaux.eu\\\/de\\\/\",\"logo\":{\"@type\":\"ImageObject\",\"inLanguage\":\"de\",\"@id\":\"https:\\\/\\\/frenehard-michaux.eu\\\/de\\\/#\\\/schema\\\/logo\\\/image\\\/\",\"url\":\"https:\\\/\\\/frenehard-michaux.eu\\\/wp-content\\\/uploads\\\/sites\\\/8\\\/2025\\\/09\\\/Frenehard-Michaux_RVB.svg\",\"contentUrl\":\"https:\\\/\\\/frenehard-michaux.eu\\\/wp-content\\\/uploads\\\/sites\\\/8\\\/2025\\\/09\\\/Frenehard-Michaux_RVB.svg\",\"caption\":\"Frenehard &amp; Michaux\"},\"image\":{\"@id\":\"https:\\\/\\\/frenehard-michaux.eu\\\/de\\\/#\\\/schema\\\/logo\\\/image\\\/\"}}]}<\/script>\n<!-- \/ Yoast SEO plugin. -->","yoast_head_json":{"title":"Presse- und Medienbereich - Frenehard &amp; Michaux","robots":{"index":"index","follow":"follow","max-snippet":"max-snippet:-1","max-image-preview":"max-image-preview:large","max-video-preview":"max-video-preview:-1"},"canonical":"https:\/\/frenehard-michaux.eu\/de\/presse-und-medienbereich\/","og_locale":"de_DE","og_type":"article","og_title":"Presse- und Medienbereich - Frenehard &amp; Michaux","og_description":"Willkommen in unserem Bereich f\u00fcr Journalisten, Medienpartner und Content Creator.Dort finden Sie auch unsere Pressemappe : F\u00fcr weitere Informationen, Interviews oder die Vermittlung von Kontakten: Agentur PLUS2SENS22 Rue Bellecordi\u00e8re, 69002 LyonTel.: +33 4 37 24 02 58Carmela SILLETTI &#8211; carmela@plus2sens.comMatthieu BERBY &#8211; matthieu@plus2sens.com","og_url":"https:\/\/frenehard-michaux.eu\/de\/presse-und-medienbereich\/","og_site_name":"Frenehard &amp; Michaux","article_modified_time":"2025-11-19T10:46:11+00:00","twitter_card":"summary_large_image","schema":{"@context":"https:\/\/schema.org","@graph":[{"@type":"WebPage","@id":"https:\/\/frenehard-michaux.eu\/de\/presse-und-medienbereich\/","url":"https:\/\/frenehard-michaux.eu\/de\/presse-und-medienbereich\/","name":"Presse- und Medienbereich - Frenehard &amp; Michaux","isPartOf":{"@id":"https:\/\/frenehard-michaux.eu\/de\/#website"},"datePublished":"2025-09-15T09:53:02+00:00","dateModified":"2025-11-19T10:46:11+00:00","breadcrumb":{"@id":"https:\/\/frenehard-michaux.eu\/de\/presse-und-medienbereich\/#breadcrumb"},"inLanguage":"de","potentialAction":[{"@type":"ReadAction","target":["https:\/\/frenehard-michaux.eu\/de\/presse-und-medienbereich\/"]}]},{"@type":"BreadcrumbList","@id":"https:\/\/frenehard-michaux.eu\/de\/presse-und-medienbereich\/#breadcrumb","itemListElement":[{"@type":"ListItem","position":1,"name":"Accueil","item":"https:\/\/frenehard-michaux.eu\/de\/startseite\/"},{"@type":"ListItem","position":2,"name":"Presse- und Medienbereich"}]},{"@type":"WebSite","@id":"https:\/\/frenehard-michaux.eu\/de\/#website","url":"https:\/\/frenehard-michaux.eu\/de\/","name":"Frenehard &amp; Michaux","description":"","publisher":{"@id":"https:\/\/frenehard-michaux.eu\/de\/#organization"},"potentialAction":[{"@type":"SearchAction","target":{"@type":"EntryPoint","urlTemplate":"https:\/\/frenehard-michaux.eu\/de\/?s={search_term_string}"},"query-input":{"@type":"PropertyValueSpecification","valueRequired":true,"valueName":"search_term_string"}}],"inLanguage":"de"},{"@type":"Organization","@id":"https:\/\/frenehard-michaux.eu\/de\/#organization","name":"Frenehard &amp; Michaux","url":"https:\/\/frenehard-michaux.eu\/de\/","logo":{"@type":"ImageObject","inLanguage":"de","@id":"https:\/\/frenehard-michaux.eu\/de\/#\/schema\/logo\/image\/","url":"https:\/\/frenehard-michaux.eu\/wp-content\/uploads\/sites\/8\/2025\/09\/Frenehard-Michaux_RVB.svg","contentUrl":"https:\/\/frenehard-michaux.eu\/wp-content\/uploads\/sites\/8\/2025\/09\/Frenehard-Michaux_RVB.svg","caption":"Frenehard &amp; Michaux"},"image":{"@id":"https:\/\/frenehard-michaux.eu\/de\/#\/schema\/logo\/image\/"}}]}},"_links":{"self":[{"href":"https:\/\/frenehard-michaux.eu\/de\/wp-json\/wp\/v2\/pages\/2679","targetHints":{"allow":["GET"]}}],"collection":[{"href":"https:\/\/frenehard-michaux.eu\/de\/wp-json\/wp\/v2\/pages"}],"about":[{"href":"https:\/\/frenehard-michaux.eu\/de\/wp-json\/wp\/v2\/types\/page"}],"author":[{"embeddable":true,"href":"https:\/\/frenehard-michaux.eu\/de\/wp-json\/wp\/v2\/users\/8"}],"replies":[{"embeddable":true,"href":"https:\/\/frenehard-michaux.eu\/de\/wp-json\/wp\/v2\/comments?post=2679"}],"version-history":[{"count":1,"href":"https:\/\/frenehard-michaux.eu\/de\/wp-json\/wp\/v2\/pages\/2679\/revisions"}],"predecessor-version":[{"id":2682,"href":"https:\/\/frenehard-michaux.eu\/de\/wp-json\/wp\/v2\/pages\/2679\/revisions\/2682"}],"wp:attachment":[{"href":"https:\/\/frenehard-michaux.eu\/de\/wp-json\/wp\/v2\/media?parent=2679"}],"curies":[{"name":"wp","href":"https:\/\/api.w.org\/{rel}","templated":true}]}}