{"id":2669,"date":"2025-09-15T10:50:26","date_gmt":"2025-09-15T08:50:26","guid":{"rendered":"https:\/\/frenehard-michaux.eu\/unser-csr-ansatz\/"},"modified":"2026-01-22T09:59:42","modified_gmt":"2026-01-22T08:59:42","slug":"unser-csr-ansatz","status":"publish","type":"page","link":"https:\/\/frenehard-michaux.eu\/de\/unser-csr-ansatz\/","title":{"rendered":"Unser CSR-Ansatz"},"content":{"rendered":"<section class=\"section-group section-mycms-ardoise-background-color\">\n<div class=\"wp-block-group has-mycms-ardoise-background-color has-background is-layout-constrained wp-block-group-is-layout-constrained\">\n<div class=\"wp-block-columns alignwide are-vertically-aligned-center has-mycms-ardoise-background-color has-background is-layout-flex wp-container-core-columns-is-layout-9d6595d7 wp-block-columns-is-layout-flex\">\n<div class=\"wp-block-column is-vertically-aligned-center has-mycms-ardoise-background-color has-background is-layout-flow wp-block-column-is-layout-flow\">\n<h4 class=\"wp-block-heading has-mycms-white-color has-text-color has-link-color wp-elements-886c3d4d1107dbcc2813efecdb2150cb\" id=\"notre-demarche-rsedecouvrez-la-feuille-de-route-du-groupe-dans-le-domaine-de-la-rse-pour-les-annees-2023-2026\"><strong>Erfahren Sie mehr \u00fcber die CSR-Roadmap der Gruppe f\u00fcr die Jahre 2023\u20132026.<\/strong><\/h4>\n\n\n\n<p class=\"has-mycms-white-color has-text-color has-link-color wp-elements-9a6b278a9cdb210ce0f3a5574efcb4d2\">Der Ansatz st\u00fctzt sich auf 6 S\u00e4ulen:<\/p>\n\n\n\n<p class=\"has-mycms-white-color has-text-color has-link-color wp-elements-7a063cc655098d662da3fc9c2acb967d\">\u2022 Menschenrechte<br>\u2022 Arbeitsbedingungen<br>\u2022 Umwelt<br>\u2022 Faire Gesch\u00e4ftspraktiken<br>\u2022 Herausforderungen der Kunden- und Nutzerorientierung<br>\u2022 Einsatz f\u00fcr die lokale Wirtschaft<\/p>\n\n\n\n<div class=\"wp-block-buttons is-layout-flex wp-block-buttons-is-layout-flex\">\n<div class=\"wp-block-button\"><a class=\"wp-block-button__link wp-element-button\" href=\"https:\/\/frenehard-michaux.eu\/wp-content\/uploads\/sites\/8\/2025\/11\/rapport-extra-financier-2024-FR_Frenehard-Michaux_EN.pdf\">Den Nachhaltigkeitsbericht lesen<\/a><\/div>\n<\/div>\n<\/div>\n\n\n\n<div class=\"wp-block-column is-vertically-aligned-center has-mycms-ardoise-background-color has-background is-layout-flow wp-block-column-is-layout-flow\">\n<figure class=\"wp-block-embed is-type-video is-provider-youtube wp-block-embed-youtube wp-embed-aspect-4-3 wp-has-aspect-ratio\"><div class=\"wp-block-embed__wrapper\">\n<iframe loading=\"lazy\" title=\"Our CSR strategy\" width=\"500\" height=\"375\" src=\"https:\/\/www.youtube.com\/embed\/QcYX19bmhNk?feature=oembed\" frameborder=\"0\" allow=\"accelerometer; autoplay; clipboard-write; encrypted-media; gyroscope; picture-in-picture; web-share\" referrerpolicy=\"strict-origin-when-cross-origin\" allowfullscreen><\/iframe>\n<\/div><\/figure>\n<\/div>\n<\/div>\n<\/div>\n<\/section>\n\n\n<div style=\"height:80px\" aria-hidden=\"true\" class=\"wp-block-spacer\"><\/div>\n\n\n\n<div class=\"wp-block-columns is-layout-flex wp-container-core-columns-is-layout-9d6595d7 wp-block-columns-is-layout-flex\">\n<div class=\"wp-block-column is-layout-flow wp-block-column-is-layout-flow\">\n<figure class=\"wp-block-image size-large is-resized\"><a href=\"https:\/\/frenehard-michaux.eu\/wp-content\/uploads\/sites\/8\/2025\/09\/Zwolle-0165-scaled.jpg\"><img loading=\"lazy\" decoding=\"async\" width=\"1024\" height=\"683\" src=\"https:\/\/frenehard-michaux.eu\/wp-content\/uploads\/sites\/8\/2025\/09\/Zwolle-0165-1024x683.jpg\" alt=\"\" class=\"wp-image-1758\" style=\"width:514px;height:auto\" srcset=\"https:\/\/frenehard-michaux.eu\/wp-content\/uploads\/sites\/8\/2025\/09\/Zwolle-0165-1024x683.jpg 1024w, https:\/\/frenehard-michaux.eu\/wp-content\/uploads\/sites\/8\/2025\/09\/Zwolle-0165-300x200.jpg 300w, https:\/\/frenehard-michaux.eu\/wp-content\/uploads\/sites\/8\/2025\/09\/Zwolle-0165-768x512.jpg 768w, https:\/\/frenehard-michaux.eu\/wp-content\/uploads\/sites\/8\/2025\/09\/Zwolle-0165-1536x1024.jpg 1536w, https:\/\/frenehard-michaux.eu\/wp-content\/uploads\/sites\/8\/2025\/09\/Zwolle-0165-2048x1365.jpg 2048w, https:\/\/frenehard-michaux.eu\/wp-content\/uploads\/sites\/8\/2025\/09\/Zwolle-0165-600x400.jpg 600w, https:\/\/frenehard-michaux.eu\/wp-content\/uploads\/sites\/8\/2025\/09\/Zwolle-0165-150x100.jpg 150w, https:\/\/frenehard-michaux.eu\/wp-content\/uploads\/sites\/8\/2025\/09\/Zwolle-0165-541x360.jpg 541w, https:\/\/frenehard-michaux.eu\/wp-content\/uploads\/sites\/8\/2025\/09\/Zwolle-0165-317x211.jpg 317w\" sizes=\"auto, (max-width: 1024px) 100vw, 1024px\" \/><\/a><\/figure>\n<\/div>\n\n\n\n<div class=\"wp-block-column is-layout-flow wp-block-column-is-layout-flow\">\n<h2 class=\"wp-block-heading\" id=\"notre-politique-achat-responsable\">Verantwortungsbewusste Beschaffung<\/h2>\n\n\n\n<p>Die verantwortungsbewusste Beschaffung der Gruppe Fr\u00e9n\u00e9hard und Michaux spiegelt unser CSR-Engagement in einer mehrj\u00e4hrigen Einkaufsstrategie, die sich auf unsere drei Hauptanliegen st\u00fctzt: Die Sicherung unserer Lieferkette, die Verringerung der Umweltauswirkungen unserer Beschaffung und die Wettbewerbsf\u00e4higkeit unserer Unternehmen und unserer Partner.<\/p>\n\n\n\n<p><strong>Unsere Unternehmen: ALTREX, ARTUB, FMS RINGUE, FRENEHARD, GAMESYSTEM, LOGIS ALLIANCE, MA ESTRUCTURAS, NERESSY, SECURIGARD, SKYWORKS, SYAM, TENDO und TUBESCA-COMABI tragen diese Verpflichtung mit<\/strong>.<\/p>\n<\/div>\n<\/div>\n\n\n\n<div class=\"wp-block-columns is-layout-flex wp-container-core-columns-is-layout-9d6595d7 wp-block-columns-is-layout-flex\">\n<div class=\"wp-block-column is-layout-flow wp-block-column-is-layout-flow\" style=\"flex-basis:66.66%\">\n<div class=\"wp-block-buttons is-layout-flex wp-block-buttons-is-layout-flex\">\n<div class=\"wp-block-button\"><a class=\"wp-block-button__link wp-element-button\" href=\"https:\/\/frenehard-michaux.eu\/wp-content\/uploads\/sites\/8\/2025\/11\/Politique-achat-responsable_Frenehard-Michaux-EN_web-1.pdf\">Weitere Informationen dazu finden Sie hier<\/a><\/div>\n<\/div>\n<\/div>\n<\/div>\n\n\n\n<div style=\"height:71px\" aria-hidden=\"true\" class=\"wp-block-spacer\"><\/div>\n\n\n<section class=\"section-group\">\n<div class=\"wp-block-group is-layout-constrained wp-block-group-is-layout-constrained\">\n<h3 class=\"wp-block-heading has-mycms-indigo-color has-text-color has-link-color wp-elements-bfada5cb120d29ac4615a2c65975b190\" id=\"demarches-qualite-securite-et-environnement\">Qualit\u00e4ts-, Sicherheits- und Umweltansatz<\/h3>\n\n\n\n<p>Der Qualit\u00e4ts-, Sicherheits- und Umweltansatz der Gruppe orientiert sich an den Vorgaben der Normen ISO 9001, ISO 45001 und ISO 14001 und beruht auf der kontinuierliche Verbesserung der Prozesse in allen einzelnen Unternehmen.<\/p>\n\n\n\n<div style=\"height:30px\" aria-hidden=\"true\" class=\"wp-block-spacer\"><\/div>\n\n\n\n<div class=\"wp-block-columns is-layout-flex wp-container-core-columns-is-layout-9d6595d7 wp-block-columns-is-layout-flex\">\n<div class=\"wp-block-column is-layout-flow wp-block-column-is-layout-flow\">\n<h2 class=\"wp-block-heading is-style-h4\" id=\"qualite\">     <strong>Qualit\u00e4t<\/strong><\/h2>\n\n\n\n<p>Alle unsere Werke sind nach ISO 9001 zertifiziert, womit die Konformit\u00e4t und Effizienz unseres Kundenmanagementsystems bei der Erf\u00fcllung der gesetzlichen und normativen Anforderungen an die Produkte und unsere Organisationen belegt ist.<\/p>\n\n\n\n<p>Diese Zertifizierung entspricht unserem Wunsch nach Transparenz gegen\u00fcber unseren Kunden und Partnern. Sie zeugt von der t\u00e4glichen gewissenhaften Arbeit aller Besch\u00e4ftigten und ist ein Garant f\u00fcr die Sicherheit unserer Nutzer.<\/p>\n\n\n\n<figure class=\"wp-block-image size-full is-resized\"><a href=\"https:\/\/frenehard-michaux.eu\/wp-content\/uploads\/sites\/8\/2025\/08\/Qualite_Normes.jpg\"><img loading=\"lazy\" decoding=\"async\" width=\"454\" height=\"73\" src=\"https:\/\/frenehard-michaux.eu\/wp-content\/uploads\/sites\/8\/2025\/08\/Qualite_Normes.jpg\" alt=\"\" class=\"wp-image-1415\" style=\"width:501px;height:auto\" srcset=\"https:\/\/frenehard-michaux.eu\/wp-content\/uploads\/sites\/8\/2025\/08\/Qualite_Normes.jpg 454w, https:\/\/frenehard-michaux.eu\/wp-content\/uploads\/sites\/8\/2025\/08\/Qualite_Normes-300x48.jpg 300w, https:\/\/frenehard-michaux.eu\/wp-content\/uploads\/sites\/8\/2025\/08\/Qualite_Normes-445x73.jpg 445w, https:\/\/frenehard-michaux.eu\/wp-content\/uploads\/sites\/8\/2025\/08\/Qualite_Normes-150x24.jpg 150w\" sizes=\"auto, (max-width: 454px) 100vw, 454px\" \/><\/a><\/figure>\n<\/div>\n\n\n\n<div class=\"wp-block-column is-layout-flow wp-block-column-is-layout-flow\">\n<h2 class=\"wp-block-heading is-style-h4\" id=\"securite\">         <strong>Sicherheit<\/strong><\/h2>\n\n\n\n<p>Das Sicherheit der Besch\u00e4ftigten in unseren Unternehmen hat oberste Priorit\u00e4t und ist Teil unserer DNA. Denn letztendlich ist die Gew\u00e4hrleistung der Sicherheit und Gesundheit unserer Mitarbeiter bei ihrer Arbeit Voraussetzung f\u00fcr die Sicherheit der Nutzer unserer Produkte.<\/p>\n\n\n\n<p>Um noch einen Schritt weiter zu gehen und unsere Unternehmen in eine nachhaltigere Welt zu integrieren, die die Umwelt respektiert und zur Reduzierung der Treibhausgasemissionen beitr\u00e4gt, arbeiten wir an einem CSR-Programm. <\/p>\n\n\n\n<figure class=\"wp-block-image alignleft size-full is-resized\"><a href=\"https:\/\/frenehard-michaux.eu\/wp-content\/uploads\/sites\/8\/2025\/09\/1.png\"><img loading=\"lazy\" decoding=\"async\" width=\"537\" height=\"281\" src=\"https:\/\/frenehard-michaux.eu\/wp-content\/uploads\/sites\/8\/2025\/09\/1.png\" alt=\"\" class=\"wp-image-1761\" style=\"width:405px;height:auto\" srcset=\"https:\/\/frenehard-michaux.eu\/wp-content\/uploads\/sites\/8\/2025\/09\/1.png 537w, https:\/\/frenehard-michaux.eu\/wp-content\/uploads\/sites\/8\/2025\/09\/1-300x157.png 300w, https:\/\/frenehard-michaux.eu\/wp-content\/uploads\/sites\/8\/2025\/09\/1-150x78.png 150w\" sizes=\"auto, (max-width: 537px) 100vw, 537px\" \/><\/a><\/figure>\n<\/div>\n\n\n\n<div class=\"wp-block-column is-layout-flow wp-block-column-is-layout-flow\">\n<h2 class=\"wp-block-heading is-style-h4\" id=\"environnement-1\">        <strong>Umwelt<\/strong><\/h2>\n\n\n\n<p>Die Gesch\u00e4ftsfelder der Gruppe Fr\u00e9n\u00e9hard &amp; Michaux sind direkt von den Herausforderungen eines gr\u00fcnen Wachstums betroffen. Wir verwenden haupts\u00e4chlich Stahl und Aluminium, Materialien, die immer wieder recycelt werden k\u00f6nnen. Die verschiedenen Unternehmen der Gruppe bem\u00fchen sich tagt\u00e4glich darum, die Auswirkungen ihrer Aktivit\u00e4ten auf die Umwelt zu begrenzen, indem sie die Abfallentsorgung und -wiederverwertung kontrollieren und daran arbeiten, den Energieverbrauch unserer Fabriken zu senken.<\/p>\n<\/div>\n<\/div>\n<\/div>\n<\/section>","protected":false},"excerpt":{"rendered":"<p>Erfahren Sie mehr \u00fcber die CSR-Roadmap der Gruppe f\u00fcr die Jahre 2023\u20132026. Der Ansatz st\u00fctzt sich auf 6 S\u00e4ulen: \u2022 Menschenrechte\u2022 Arbeitsbedingungen\u2022 Umwelt\u2022 Faire Gesch\u00e4ftspraktiken\u2022 Herausforderungen der Kunden- und Nutzerorientierung\u2022 Einsatz f\u00fcr die lokale Wirtschaft Verantwortungsbewusste Beschaffung Die verantwortungsbewusste Beschaffung der Gruppe Fr\u00e9n\u00e9hard und Michaux spiegelt unser CSR-Engagement in einer mehrj\u00e4hrigen Einkaufsstrategie, die sich auf [&hellip;]<\/p>\n","protected":false},"author":8,"featured_media":0,"parent":0,"menu_order":0,"comment_status":"closed","ping_status":"closed","template":"","meta":{"_acf_changed":false,"footnotes":""},"class_list":["post-2669","page","type-page","status-publish","hentry"],"acf":[],"yoast_head":"<!-- This site is optimized with the Yoast SEO plugin v27.4 - https:\/\/yoast.com\/product\/yoast-seo-wordpress\/ -->\n<title>Unser CSR-Ansatz - Frenehard &amp; Michaux<\/title>\n<meta name=\"robots\" content=\"index, follow, max-snippet:-1, max-image-preview:large, max-video-preview:-1\" \/>\n<link rel=\"canonical\" href=\"https:\/\/frenehard-michaux.eu\/de\/unser-csr-ansatz\/\" \/>\n<meta property=\"og:locale\" content=\"de_DE\" \/>\n<meta property=\"og:type\" content=\"article\" \/>\n<meta property=\"og:title\" content=\"Unser CSR-Ansatz - Frenehard &amp; Michaux\" \/>\n<meta property=\"og:description\" content=\"Erfahren Sie mehr \u00fcber die CSR-Roadmap der Gruppe f\u00fcr die Jahre 2023\u20132026. Der Ansatz st\u00fctzt sich auf 6 S\u00e4ulen: \u2022 Menschenrechte\u2022 Arbeitsbedingungen\u2022 Umwelt\u2022 Faire Gesch\u00e4ftspraktiken\u2022 Herausforderungen der Kunden- und Nutzerorientierung\u2022 Einsatz f\u00fcr die lokale Wirtschaft Verantwortungsbewusste Beschaffung Die verantwortungsbewusste Beschaffung der Gruppe Fr\u00e9n\u00e9hard und Michaux spiegelt unser CSR-Engagement in einer mehrj\u00e4hrigen Einkaufsstrategie, die sich auf [&hellip;]\" \/>\n<meta property=\"og:url\" content=\"https:\/\/frenehard-michaux.eu\/de\/unser-csr-ansatz\/\" \/>\n<meta property=\"og:site_name\" content=\"Frenehard &amp; Michaux\" \/>\n<meta property=\"article:modified_time\" content=\"2026-01-22T08:59:42+00:00\" \/>\n<meta property=\"og:image\" content=\"https:\/\/frenehard-michaux.eu\/wp-content\/uploads\/sites\/8\/2025\/09\/Zwolle-0165-scaled.jpg\" \/>\n\t<meta property=\"og:image:width\" content=\"2560\" \/>\n\t<meta property=\"og:image:height\" content=\"1707\" \/>\n\t<meta property=\"og:image:type\" content=\"image\/jpeg\" \/>\n<meta name=\"twitter:card\" content=\"summary_large_image\" \/>\n<meta name=\"twitter:label1\" content=\"Gesch\u00e4tzte Lesezeit\" \/>\n\t<meta name=\"twitter:data1\" content=\"3\u00a0Minuten\" \/>\n<script type=\"application\/ld+json\" class=\"yoast-schema-graph\">{\"@context\":\"https:\\\/\\\/schema.org\",\"@graph\":[{\"@type\":\"WebPage\",\"@id\":\"https:\\\/\\\/frenehard-michaux.eu\\\/de\\\/unser-csr-ansatz\\\/\",\"url\":\"https:\\\/\\\/frenehard-michaux.eu\\\/de\\\/unser-csr-ansatz\\\/\",\"name\":\"Unser CSR-Ansatz - Frenehard &amp; Michaux\",\"isPartOf\":{\"@id\":\"https:\\\/\\\/frenehard-michaux.eu\\\/de\\\/#website\"},\"primaryImageOfPage\":{\"@id\":\"https:\\\/\\\/frenehard-michaux.eu\\\/de\\\/unser-csr-ansatz\\\/#primaryimage\"},\"image\":{\"@id\":\"https:\\\/\\\/frenehard-michaux.eu\\\/de\\\/unser-csr-ansatz\\\/#primaryimage\"},\"thumbnailUrl\":\"https:\\\/\\\/frenehard-michaux.eu\\\/wp-content\\\/uploads\\\/sites\\\/8\\\/2025\\\/09\\\/Zwolle-0165-1024x683.jpg\",\"datePublished\":\"2025-09-15T08:50:26+00:00\",\"dateModified\":\"2026-01-22T08:59:42+00:00\",\"breadcrumb\":{\"@id\":\"https:\\\/\\\/frenehard-michaux.eu\\\/de\\\/unser-csr-ansatz\\\/#breadcrumb\"},\"inLanguage\":\"de\",\"potentialAction\":[{\"@type\":\"ReadAction\",\"target\":[\"https:\\\/\\\/frenehard-michaux.eu\\\/de\\\/unser-csr-ansatz\\\/\"]}]},{\"@type\":\"ImageObject\",\"inLanguage\":\"de\",\"@id\":\"https:\\\/\\\/frenehard-michaux.eu\\\/de\\\/unser-csr-ansatz\\\/#primaryimage\",\"url\":\"https:\\\/\\\/frenehard-michaux.eu\\\/wp-content\\\/uploads\\\/sites\\\/8\\\/2025\\\/09\\\/Zwolle-0165-1024x683.jpg\",\"contentUrl\":\"https:\\\/\\\/frenehard-michaux.eu\\\/wp-content\\\/uploads\\\/sites\\\/8\\\/2025\\\/09\\\/Zwolle-0165-1024x683.jpg\"},{\"@type\":\"BreadcrumbList\",\"@id\":\"https:\\\/\\\/frenehard-michaux.eu\\\/de\\\/unser-csr-ansatz\\\/#breadcrumb\",\"itemListElement\":[{\"@type\":\"ListItem\",\"position\":1,\"name\":\"Accueil\",\"item\":\"https:\\\/\\\/frenehard-michaux.eu\\\/de\\\/startseite\\\/\"},{\"@type\":\"ListItem\",\"position\":2,\"name\":\"Unser CSR-Ansatz\"}]},{\"@type\":\"WebSite\",\"@id\":\"https:\\\/\\\/frenehard-michaux.eu\\\/de\\\/#website\",\"url\":\"https:\\\/\\\/frenehard-michaux.eu\\\/de\\\/\",\"name\":\"Frenehard &amp; Michaux\",\"description\":\"\",\"publisher\":{\"@id\":\"https:\\\/\\\/frenehard-michaux.eu\\\/de\\\/#organization\"},\"potentialAction\":[{\"@type\":\"SearchAction\",\"target\":{\"@type\":\"EntryPoint\",\"urlTemplate\":\"https:\\\/\\\/frenehard-michaux.eu\\\/de\\\/?s={search_term_string}\"},\"query-input\":{\"@type\":\"PropertyValueSpecification\",\"valueRequired\":true,\"valueName\":\"search_term_string\"}}],\"inLanguage\":\"de\"},{\"@type\":\"Organization\",\"@id\":\"https:\\\/\\\/frenehard-michaux.eu\\\/de\\\/#organization\",\"name\":\"Frenehard &amp; Michaux\",\"url\":\"https:\\\/\\\/frenehard-michaux.eu\\\/de\\\/\",\"logo\":{\"@type\":\"ImageObject\",\"inLanguage\":\"de\",\"@id\":\"https:\\\/\\\/frenehard-michaux.eu\\\/de\\\/#\\\/schema\\\/logo\\\/image\\\/\",\"url\":\"https:\\\/\\\/frenehard-michaux.eu\\\/wp-content\\\/uploads\\\/sites\\\/8\\\/2025\\\/09\\\/Frenehard-Michaux_RVB.svg\",\"contentUrl\":\"https:\\\/\\\/frenehard-michaux.eu\\\/wp-content\\\/uploads\\\/sites\\\/8\\\/2025\\\/09\\\/Frenehard-Michaux_RVB.svg\",\"caption\":\"Frenehard &amp; Michaux\"},\"image\":{\"@id\":\"https:\\\/\\\/frenehard-michaux.eu\\\/de\\\/#\\\/schema\\\/logo\\\/image\\\/\"}}]}<\/script>\n<!-- \/ Yoast SEO plugin. -->","yoast_head_json":{"title":"Unser CSR-Ansatz - Frenehard &amp; Michaux","robots":{"index":"index","follow":"follow","max-snippet":"max-snippet:-1","max-image-preview":"max-image-preview:large","max-video-preview":"max-video-preview:-1"},"canonical":"https:\/\/frenehard-michaux.eu\/de\/unser-csr-ansatz\/","og_locale":"de_DE","og_type":"article","og_title":"Unser CSR-Ansatz - Frenehard &amp; Michaux","og_description":"Erfahren Sie mehr \u00fcber die CSR-Roadmap der Gruppe f\u00fcr die Jahre 2023\u20132026. Der Ansatz st\u00fctzt sich auf 6 S\u00e4ulen: \u2022 Menschenrechte\u2022 Arbeitsbedingungen\u2022 Umwelt\u2022 Faire Gesch\u00e4ftspraktiken\u2022 Herausforderungen der Kunden- und Nutzerorientierung\u2022 Einsatz f\u00fcr die lokale Wirtschaft Verantwortungsbewusste Beschaffung Die verantwortungsbewusste Beschaffung der Gruppe Fr\u00e9n\u00e9hard und Michaux spiegelt unser CSR-Engagement in einer mehrj\u00e4hrigen Einkaufsstrategie, die sich auf [&hellip;]","og_url":"https:\/\/frenehard-michaux.eu\/de\/unser-csr-ansatz\/","og_site_name":"Frenehard &amp; Michaux","article_modified_time":"2026-01-22T08:59:42+00:00","og_image":[{"width":2560,"height":1707,"url":"https:\/\/frenehard-michaux.eu\/wp-content\/uploads\/sites\/8\/2025\/09\/Zwolle-0165-scaled.jpg","type":"image\/jpeg"}],"twitter_card":"summary_large_image","twitter_misc":{"Gesch\u00e4tzte Lesezeit":"3\u00a0Minuten"},"schema":{"@context":"https:\/\/schema.org","@graph":[{"@type":"WebPage","@id":"https:\/\/frenehard-michaux.eu\/de\/unser-csr-ansatz\/","url":"https:\/\/frenehard-michaux.eu\/de\/unser-csr-ansatz\/","name":"Unser CSR-Ansatz - Frenehard &amp; Michaux","isPartOf":{"@id":"https:\/\/frenehard-michaux.eu\/de\/#website"},"primaryImageOfPage":{"@id":"https:\/\/frenehard-michaux.eu\/de\/unser-csr-ansatz\/#primaryimage"},"image":{"@id":"https:\/\/frenehard-michaux.eu\/de\/unser-csr-ansatz\/#primaryimage"},"thumbnailUrl":"https:\/\/frenehard-michaux.eu\/wp-content\/uploads\/sites\/8\/2025\/09\/Zwolle-0165-1024x683.jpg","datePublished":"2025-09-15T08:50:26+00:00","dateModified":"2026-01-22T08:59:42+00:00","breadcrumb":{"@id":"https:\/\/frenehard-michaux.eu\/de\/unser-csr-ansatz\/#breadcrumb"},"inLanguage":"de","potentialAction":[{"@type":"ReadAction","target":["https:\/\/frenehard-michaux.eu\/de\/unser-csr-ansatz\/"]}]},{"@type":"ImageObject","inLanguage":"de","@id":"https:\/\/frenehard-michaux.eu\/de\/unser-csr-ansatz\/#primaryimage","url":"https:\/\/frenehard-michaux.eu\/wp-content\/uploads\/sites\/8\/2025\/09\/Zwolle-0165-1024x683.jpg","contentUrl":"https:\/\/frenehard-michaux.eu\/wp-content\/uploads\/sites\/8\/2025\/09\/Zwolle-0165-1024x683.jpg"},{"@type":"BreadcrumbList","@id":"https:\/\/frenehard-michaux.eu\/de\/unser-csr-ansatz\/#breadcrumb","itemListElement":[{"@type":"ListItem","position":1,"name":"Accueil","item":"https:\/\/frenehard-michaux.eu\/de\/startseite\/"},{"@type":"ListItem","position":2,"name":"Unser CSR-Ansatz"}]},{"@type":"WebSite","@id":"https:\/\/frenehard-michaux.eu\/de\/#website","url":"https:\/\/frenehard-michaux.eu\/de\/","name":"Frenehard &amp; Michaux","description":"","publisher":{"@id":"https:\/\/frenehard-michaux.eu\/de\/#organization"},"potentialAction":[{"@type":"SearchAction","target":{"@type":"EntryPoint","urlTemplate":"https:\/\/frenehard-michaux.eu\/de\/?s={search_term_string}"},"query-input":{"@type":"PropertyValueSpecification","valueRequired":true,"valueName":"search_term_string"}}],"inLanguage":"de"},{"@type":"Organization","@id":"https:\/\/frenehard-michaux.eu\/de\/#organization","name":"Frenehard &amp; Michaux","url":"https:\/\/frenehard-michaux.eu\/de\/","logo":{"@type":"ImageObject","inLanguage":"de","@id":"https:\/\/frenehard-michaux.eu\/de\/#\/schema\/logo\/image\/","url":"https:\/\/frenehard-michaux.eu\/wp-content\/uploads\/sites\/8\/2025\/09\/Frenehard-Michaux_RVB.svg","contentUrl":"https:\/\/frenehard-michaux.eu\/wp-content\/uploads\/sites\/8\/2025\/09\/Frenehard-Michaux_RVB.svg","caption":"Frenehard &amp; Michaux"},"image":{"@id":"https:\/\/frenehard-michaux.eu\/de\/#\/schema\/logo\/image\/"}}]}},"_links":{"self":[{"href":"https:\/\/frenehard-michaux.eu\/de\/wp-json\/wp\/v2\/pages\/2669","targetHints":{"allow":["GET"]}}],"collection":[{"href":"https:\/\/frenehard-michaux.eu\/de\/wp-json\/wp\/v2\/pages"}],"about":[{"href":"https:\/\/frenehard-michaux.eu\/de\/wp-json\/wp\/v2\/types\/page"}],"author":[{"embeddable":true,"href":"https:\/\/frenehard-michaux.eu\/de\/wp-json\/wp\/v2\/users\/8"}],"replies":[{"embeddable":true,"href":"https:\/\/frenehard-michaux.eu\/de\/wp-json\/wp\/v2\/comments?post=2669"}],"version-history":[{"count":7,"href":"https:\/\/frenehard-michaux.eu\/de\/wp-json\/wp\/v2\/pages\/2669\/revisions"}],"predecessor-version":[{"id":3270,"href":"https:\/\/frenehard-michaux.eu\/de\/wp-json\/wp\/v2\/pages\/2669\/revisions\/3270"}],"wp:attachment":[{"href":"https:\/\/frenehard-michaux.eu\/de\/wp-json\/wp\/v2\/media?parent=2669"}],"curies":[{"name":"wp","href":"https:\/\/api.w.org\/{rel}","templated":true}]}}