{"id":2638,"date":"2025-09-15T10:20:22","date_gmt":"2025-09-15T08:20:22","guid":{"rendered":"https:\/\/frenehard-michaux.eu\/unsere-verpflichtungen-hr-als-beitrag-zur-csr\/"},"modified":"2025-11-19T11:47:46","modified_gmt":"2025-11-19T10:47:46","slug":"unsere-verpflichtungen-hr-als-beitrag-zur-csr","status":"publish","type":"page","link":"https:\/\/frenehard-michaux.eu\/de\/unsere-verpflichtungen-hr-als-beitrag-zur-csr\/","title":{"rendered":"Unsere Verpflichtungen HR als Beitrag zur CSR"},"content":{"rendered":"\n<p>Bei Fr\u00e9n\u00e9hard &amp; Michaux steht die Personalpolitik voll und ganz im Einklang mit den Verpflichtungen unseres Nachhaltigkeitsberichts 2024. <strong>Bei uns stehen der Mensch, soziale Verantwortung und nachhaltige Entwicklung im Mittelpunkt der<\/strong> Unternehmensstrategie. Dies konkretisiert sich in einer ambitionierten Aus- und Weiterbildungspolitik, der Unterst\u00fctzung unserer Besch\u00e4ftigten bei ihrer beruflichen Entwicklung, der F\u00f6rderung von Diversit\u00e4t und Chancengleichheit sowie einem wertsch\u00e4tzenden und sicheren Arbeitsumfeld.<\/p>\n\n<div class=\"wp-block-columns is-layout-flex wp-container-core-columns-is-layout-9d6595d7 wp-block-columns-is-layout-flex\">\n<div class=\"wp-block-column is-layout-flow wp-block-column-is-layout-flow\"><section class=\"section-group section-mycms-orange-background-color\">\n<div class=\"wp-block-group has-mycms-orange-background-color has-background is-layout-constrained wp-block-group-is-layout-constrained\">\n<h2 class=\"wp-block-heading is-style-h5 has-mycms-white-color has-text-color has-link-color wp-elements-24134d6019ab674cd3ef4cf353b4f3c5\" id=\"1-le-teletravail\"><strong>1. Homeoffice <\/strong><\/h2>\n\n\n\n<p class=\"has-mycms-white-color has-text-color has-link-color wp-elements-cc613a629e2c8384ffdc4012d6e36950\">Das Wohlbefinden unserer Mitarbeiter geh\u00f6rt zu unseren Priorit\u00e4ten. Dementsprechend setzen alles daran, ihnen einen Arbeitsalltag zu gew\u00e4hrleisten, in dem sie sich verwirklichen und entfalten k\u00f6nnen. Unsere Vision von Homeoffice beruht auf einem Win-Win-Konzept f\u00fcr Unternehmen und Arbeitnehmer. Aus diesem Grund bieten wir eine Homeoffice-Regelung, die je nach Position evaluiert und angepasst werden kann und es unseren Besch\u00e4ftigten so erm\u00f6glicht, Beruf und Privatleben harmonisch miteinander zu vereinbaren.<\/p>\n<\/div>\n<\/section>\n\n\n<div style=\"height:49px\" aria-hidden=\"true\" class=\"wp-block-spacer\"><\/div>\n<\/div>\n\n\n\n<div class=\"wp-block-column is-layout-flow wp-block-column-is-layout-flow\"><section class=\"section-group section-mycms-ocre-background-color\">\n<div class=\"wp-block-group has-mycms-ocre-background-color has-background is-layout-constrained wp-block-group-is-layout-constrained\">\n<h2 class=\"wp-block-heading is-style-h5 has-mycms-white-color has-text-color has-link-color wp-elements-ab75d1fb0ed77208ec8db7f9f74e6d58\" id=\"1-le-teletravail\"><strong>2. Dynamischer und verbindender Onboarding-Prozess <\/strong><\/h2>\n\n\n\n<p class=\"has-mycms-white-color has-text-color has-link-color wp-elements-1e880cb8a0f891ae8413777f2923c0d1\">Alle neuen Besch\u00e4ftigten profitieren bei ihrem Eintritt von eine Onboarding-Prozess, um die Abteilungen in ihren jeweiligen Unternehmen oder den verschiedenen Unternehmen der Gruppe kennenzulernen. Eine Onboarding-Bilanz, regelm\u00e4\u00dfiger Austausch mit dem Vorfesetzten vor Ort und ein Onboarding-Tag, an dem alle Neuank\u00f6mmlinge zusammenkommen, sorgen daf\u00fcr, dass alle neuen Besch\u00e4ftigten optimal unterst\u00fctzt werden.<\/p>\n<\/div>\n<\/section>\n\n\n<div style=\"height:49px\" aria-hidden=\"true\" class=\"wp-block-spacer\"><\/div>\n<\/div>\n<\/div>\n\n<div class=\"wp-block-columns is-layout-flex wp-container-core-columns-is-layout-9d6595d7 wp-block-columns-is-layout-flex\">\n<div class=\"wp-block-column is-layout-flow wp-block-column-is-layout-flow\"><section class=\"section-group section-mycms-topaze-background-color\">\n<div class=\"wp-block-group has-mycms-topaze-background-color has-background is-layout-constrained wp-block-group-is-layout-constrained\">\n<h2 class=\"wp-block-heading is-style-h5 has-mycms-white-color has-text-color has-link-color wp-elements-dc139589d8a4333895383d54d8377de3\" id=\"1-le-teletravail\"><strong>3. Der Gleichstellungsindex f\u00fcr Geschlechtergerechtigkeit <\/strong><\/h2>\n\n\n\n<p class=\"has-mycms-white-color has-text-color has-link-color wp-elements-d55f6f02076aca614cac27e701f8e1f4\">Unser Know-how und unsere Expertise st\u00fctzen sich auf Frauen und M\u00e4nner, die eine unserer gr\u00f6\u00dften St\u00e4rken sind. Jede Mitarbeiterin und jeder Mitarbeiter tr\u00e4gt zur kollektiven Leistung und zur vollen Zufriedenheit unserer Kunden bei. Der Index wird in allen franz\u00f6sischen Unternehmen mit mehr als 50 Mitarbeitern angewendet.<\/p>\n\n\n\n<div style=\"height:34px\" aria-hidden=\"true\" class=\"wp-block-spacer\"><\/div>\n<\/div>\n<\/section>\n\n\n<div style=\"height:49px\" aria-hidden=\"true\" class=\"wp-block-spacer\"><\/div>\n<\/div>\n\n\n\n<div class=\"wp-block-column is-layout-flow wp-block-column-is-layout-flow\"><section class=\"section-group section-mycms-zinc-background-color\">\n<div class=\"wp-block-group has-mycms-zinc-background-color has-background is-layout-constrained wp-block-group-is-layout-constrained\">\n<h2 class=\"wp-block-heading is-style-h5 has-mycms-white-color has-text-color has-link-color wp-elements-8a92776f04aa1a07227266c24b2fa8f1\" id=\"1-le-teletravail\"><strong>4.<\/strong> <strong>Diversit\u00e4t<\/strong><\/h2>\n\n\n\n<p class=\"has-mycms-white-color has-text-color has-link-color wp-elements-eac62f4b143f68dec24e6de64fd82dda\">Wir sind der Ansicht, dass jeder Mensch einzigartig und wichtig ist. Wir sch\u00e4tzen Unterschiede und glauben an gleiche Chancen f\u00fcr alle, \u00fcberall. In diesem Sinne f\u00f6rdert die Gruppe die Diversit\u00e4t innerhalb der Teams und bem\u00fcht sich um eine Integrationskultur, in der jeder Mitarbeiter durch seine vielf\u00e4ltigen Kenntnisse und F\u00e4higkeiten sowie seine Erfahrungen wertgesch\u00e4tzt wird. <\/p>\n\n\n\n<div style=\"height:2px\" aria-hidden=\"true\" class=\"wp-block-spacer\"><\/div>\n<\/div>\n<\/section>\n\n\n<div style=\"height:49px\" aria-hidden=\"true\" class=\"wp-block-spacer\"><\/div>\n<\/div>\n<\/div>\n\n<div class=\"wp-block-columns is-layout-flex wp-container-core-columns-is-layout-9d6595d7 wp-block-columns-is-layout-flex\">\n<div class=\"wp-block-column is-layout-flow wp-block-column-is-layout-flow\"><section class=\"section-group section-mycms-ciel-background-color\">\n<div class=\"wp-block-group has-mycms-ciel-background-color has-background is-layout-constrained wp-block-group-is-layout-constrained\">\n<h2 class=\"wp-block-heading is-style-h5\" id=\"1-le-teletravail\"><strong>5. Entwicklung von Kompetenzen<\/strong><\/h2>\n\n\n\n<p class=\"has-mycms-white-color has-text-color has-link-color wp-elements-6030bec29d1f1dc882fd888fb9b2fe0d\">Bei Fr\u00e9n\u00e9hard &amp; Michaux geh\u00f6ren Ihre berufliche Weiterentwicklung und die Verwirklichung Ihrer beruflichen Ziele zu den Priorit\u00e4ten des Unternehmens. Wir unterst\u00fctzen unsere Mitarbeiterinnen und Mitarbeiter bei der Entwicklung ihrer Kompetenzen durch strukturierte Schulungsangebote und F\u00f6rderma\u00dfnahmen. Regelm\u00e4\u00dfige Gespr\u00e4che mit Ihrem Vorgesetzten erm\u00f6glichen es Ihnen, eine Bestandsaufnahme Ihres Werdegangs in unserem Unternehmensumgebung zu erstellen. Mit Fr\u00e9n\u00e9hard &amp; Michaux entscheiden Sie sich f\u00fcr einen konsequent zukunftsorientierten Konzern.<\/p>\n<\/div>\n<\/section><\/div>\n\n\n\n<div class=\"wp-block-column is-layout-flow wp-block-column-is-layout-flow\"><section class=\"section-group section-mycms-petrole-background-color\">\n<div class=\"wp-block-group has-mycms-petrole-background-color has-background is-layout-constrained wp-block-group-is-layout-constrained\">\n<h2 class=\"wp-block-heading is-style-h5 has-mycms-white-color has-text-color has-link-color wp-elements-1b3ea1f6856d882307237b866ec30e6c\" id=\"1-le-teletravail\"><strong>6.<\/strong> <strong>Nachhaltigkeitsbericht 2024<\/strong><\/h2>\n\n\n\n<p class=\"has-mycms-white-color has-text-color has-link-color wp-elements-b130979bd863f9221b38e4c0a696e772\">Die grundlegende Mission von Fr\u00e9n\u00e9hard &amp; Michaux besteht darin, allen Kunden \u2013 sowohl gewerblichen als auch privaten \u2013 die besten Produkte und L\u00f6sungen zu bieten, die in jeder Hinsicht auf ihre individuellen Anforderungen zugeschnitten sind. Um diese Mission erfolgreich zu erf\u00fcllen, ist die \u00dcbereinstimmung der Werte und der Mission des Unternehmens mit seinem Handeln sowie seiner Verantwortung gegen\u00fcber seinen Besch\u00e4ftigten, seinen Partner und seinem externen Umfeld von zentraler Bedeutung f\u00fcr das Management von Fr\u00e9n\u00e9hard &amp; Michaux.<\/p>\n\n\n\n<div style=\"height:2px\" aria-hidden=\"true\" class=\"wp-block-spacer\"><\/div>\n<\/div>\n<\/section><\/div>\n<\/div>\n\n<div style=\"height:75px\" aria-hidden=\"true\" class=\"wp-block-spacer\"><\/div>\n\n<p><\/p>\n","protected":false},"excerpt":{"rendered":"<p>Bei Fr\u00e9n\u00e9hard &amp; Michaux steht die Personalpolitik voll und ganz im Einklang mit den Verpflichtungen unseres Nachhaltigkeitsberichts 2024. Bei uns stehen der Mensch, soziale Verantwortung und nachhaltige Entwicklung im Mittelpunkt der Unternehmensstrategie. Dies konkretisiert sich in einer ambitionierten Aus- und Weiterbildungspolitik, der Unterst\u00fctzung unserer Besch\u00e4ftigten bei ihrer beruflichen Entwicklung, der F\u00f6rderung von Diversit\u00e4t und Chancengleichheit [&hellip;]<\/p>\n","protected":false},"author":8,"featured_media":0,"parent":0,"menu_order":0,"comment_status":"closed","ping_status":"closed","template":"","meta":{"_acf_changed":false,"footnotes":""},"class_list":["post-2638","page","type-page","status-publish","hentry"],"acf":[],"yoast_head":"<!-- This site is optimized with the Yoast SEO plugin v27.3 - https:\/\/yoast.com\/product\/yoast-seo-wordpress\/ -->\n<title>Unsere Verpflichtungen HR als Beitrag zur CSR - Frenehard &amp; Michaux<\/title>\n<meta name=\"robots\" content=\"index, follow, max-snippet:-1, max-image-preview:large, max-video-preview:-1\" \/>\n<link rel=\"canonical\" href=\"https:\/\/frenehard-michaux.eu\/de\/unsere-verpflichtungen-hr-als-beitrag-zur-csr\/\" \/>\n<meta property=\"og:locale\" content=\"de_DE\" \/>\n<meta property=\"og:type\" content=\"article\" \/>\n<meta property=\"og:title\" content=\"Unsere Verpflichtungen HR als Beitrag zur CSR - Frenehard &amp; Michaux\" \/>\n<meta property=\"og:description\" content=\"Bei Fr\u00e9n\u00e9hard &amp; Michaux steht die Personalpolitik voll und ganz im Einklang mit den Verpflichtungen unseres Nachhaltigkeitsberichts 2024. Bei uns stehen der Mensch, soziale Verantwortung und nachhaltige Entwicklung im Mittelpunkt der Unternehmensstrategie. Dies konkretisiert sich in einer ambitionierten Aus- und Weiterbildungspolitik, der Unterst\u00fctzung unserer Besch\u00e4ftigten bei ihrer beruflichen Entwicklung, der F\u00f6rderung von Diversit\u00e4t und Chancengleichheit [&hellip;]\" \/>\n<meta property=\"og:url\" content=\"https:\/\/frenehard-michaux.eu\/de\/unsere-verpflichtungen-hr-als-beitrag-zur-csr\/\" \/>\n<meta property=\"og:site_name\" content=\"Frenehard &amp; Michaux\" \/>\n<meta property=\"article:modified_time\" content=\"2025-11-19T10:47:46+00:00\" \/>\n<meta name=\"twitter:card\" content=\"summary_large_image\" \/>\n<meta name=\"twitter:label1\" content=\"Gesch\u00e4tzte Lesezeit\" \/>\n\t<meta name=\"twitter:data1\" content=\"2\u00a0Minuten\" \/>\n<script type=\"application\/ld+json\" class=\"yoast-schema-graph\">{\"@context\":\"https:\\\/\\\/schema.org\",\"@graph\":[{\"@type\":\"WebPage\",\"@id\":\"https:\\\/\\\/frenehard-michaux.eu\\\/de\\\/unsere-verpflichtungen-hr-als-beitrag-zur-csr\\\/\",\"url\":\"https:\\\/\\\/frenehard-michaux.eu\\\/de\\\/unsere-verpflichtungen-hr-als-beitrag-zur-csr\\\/\",\"name\":\"Unsere Verpflichtungen HR als Beitrag zur CSR - Frenehard &amp; Michaux\",\"isPartOf\":{\"@id\":\"https:\\\/\\\/frenehard-michaux.eu\\\/de\\\/#website\"},\"datePublished\":\"2025-09-15T08:20:22+00:00\",\"dateModified\":\"2025-11-19T10:47:46+00:00\",\"breadcrumb\":{\"@id\":\"https:\\\/\\\/frenehard-michaux.eu\\\/de\\\/unsere-verpflichtungen-hr-als-beitrag-zur-csr\\\/#breadcrumb\"},\"inLanguage\":\"de\",\"potentialAction\":[{\"@type\":\"ReadAction\",\"target\":[\"https:\\\/\\\/frenehard-michaux.eu\\\/de\\\/unsere-verpflichtungen-hr-als-beitrag-zur-csr\\\/\"]}]},{\"@type\":\"BreadcrumbList\",\"@id\":\"https:\\\/\\\/frenehard-michaux.eu\\\/de\\\/unsere-verpflichtungen-hr-als-beitrag-zur-csr\\\/#breadcrumb\",\"itemListElement\":[{\"@type\":\"ListItem\",\"position\":1,\"name\":\"Accueil\",\"item\":\"https:\\\/\\\/frenehard-michaux.eu\\\/de\\\/startseite\\\/\"},{\"@type\":\"ListItem\",\"position\":2,\"name\":\"Unsere Verpflichtungen HR als Beitrag zur CSR\"}]},{\"@type\":\"WebSite\",\"@id\":\"https:\\\/\\\/frenehard-michaux.eu\\\/de\\\/#website\",\"url\":\"https:\\\/\\\/frenehard-michaux.eu\\\/de\\\/\",\"name\":\"Frenehard &amp; Michaux\",\"description\":\"\",\"publisher\":{\"@id\":\"https:\\\/\\\/frenehard-michaux.eu\\\/de\\\/#organization\"},\"potentialAction\":[{\"@type\":\"SearchAction\",\"target\":{\"@type\":\"EntryPoint\",\"urlTemplate\":\"https:\\\/\\\/frenehard-michaux.eu\\\/de\\\/?s={search_term_string}\"},\"query-input\":{\"@type\":\"PropertyValueSpecification\",\"valueRequired\":true,\"valueName\":\"search_term_string\"}}],\"inLanguage\":\"de\"},{\"@type\":\"Organization\",\"@id\":\"https:\\\/\\\/frenehard-michaux.eu\\\/de\\\/#organization\",\"name\":\"Frenehard &amp; Michaux\",\"url\":\"https:\\\/\\\/frenehard-michaux.eu\\\/de\\\/\",\"logo\":{\"@type\":\"ImageObject\",\"inLanguage\":\"de\",\"@id\":\"https:\\\/\\\/frenehard-michaux.eu\\\/de\\\/#\\\/schema\\\/logo\\\/image\\\/\",\"url\":\"https:\\\/\\\/frenehard-michaux.eu\\\/wp-content\\\/uploads\\\/sites\\\/8\\\/2025\\\/09\\\/Frenehard-Michaux_RVB.svg\",\"contentUrl\":\"https:\\\/\\\/frenehard-michaux.eu\\\/wp-content\\\/uploads\\\/sites\\\/8\\\/2025\\\/09\\\/Frenehard-Michaux_RVB.svg\",\"caption\":\"Frenehard &amp; Michaux\"},\"image\":{\"@id\":\"https:\\\/\\\/frenehard-michaux.eu\\\/de\\\/#\\\/schema\\\/logo\\\/image\\\/\"}}]}<\/script>\n<!-- \/ Yoast SEO plugin. -->","yoast_head_json":{"title":"Unsere Verpflichtungen HR als Beitrag zur CSR - Frenehard &amp; Michaux","robots":{"index":"index","follow":"follow","max-snippet":"max-snippet:-1","max-image-preview":"max-image-preview:large","max-video-preview":"max-video-preview:-1"},"canonical":"https:\/\/frenehard-michaux.eu\/de\/unsere-verpflichtungen-hr-als-beitrag-zur-csr\/","og_locale":"de_DE","og_type":"article","og_title":"Unsere Verpflichtungen HR als Beitrag zur CSR - Frenehard &amp; Michaux","og_description":"Bei Fr\u00e9n\u00e9hard &amp; Michaux steht die Personalpolitik voll und ganz im Einklang mit den Verpflichtungen unseres Nachhaltigkeitsberichts 2024. Bei uns stehen der Mensch, soziale Verantwortung und nachhaltige Entwicklung im Mittelpunkt der Unternehmensstrategie. Dies konkretisiert sich in einer ambitionierten Aus- und Weiterbildungspolitik, der Unterst\u00fctzung unserer Besch\u00e4ftigten bei ihrer beruflichen Entwicklung, der F\u00f6rderung von Diversit\u00e4t und Chancengleichheit [&hellip;]","og_url":"https:\/\/frenehard-michaux.eu\/de\/unsere-verpflichtungen-hr-als-beitrag-zur-csr\/","og_site_name":"Frenehard &amp; Michaux","article_modified_time":"2025-11-19T10:47:46+00:00","twitter_card":"summary_large_image","twitter_misc":{"Gesch\u00e4tzte Lesezeit":"2\u00a0Minuten"},"schema":{"@context":"https:\/\/schema.org","@graph":[{"@type":"WebPage","@id":"https:\/\/frenehard-michaux.eu\/de\/unsere-verpflichtungen-hr-als-beitrag-zur-csr\/","url":"https:\/\/frenehard-michaux.eu\/de\/unsere-verpflichtungen-hr-als-beitrag-zur-csr\/","name":"Unsere Verpflichtungen HR als Beitrag zur CSR - Frenehard &amp; Michaux","isPartOf":{"@id":"https:\/\/frenehard-michaux.eu\/de\/#website"},"datePublished":"2025-09-15T08:20:22+00:00","dateModified":"2025-11-19T10:47:46+00:00","breadcrumb":{"@id":"https:\/\/frenehard-michaux.eu\/de\/unsere-verpflichtungen-hr-als-beitrag-zur-csr\/#breadcrumb"},"inLanguage":"de","potentialAction":[{"@type":"ReadAction","target":["https:\/\/frenehard-michaux.eu\/de\/unsere-verpflichtungen-hr-als-beitrag-zur-csr\/"]}]},{"@type":"BreadcrumbList","@id":"https:\/\/frenehard-michaux.eu\/de\/unsere-verpflichtungen-hr-als-beitrag-zur-csr\/#breadcrumb","itemListElement":[{"@type":"ListItem","position":1,"name":"Accueil","item":"https:\/\/frenehard-michaux.eu\/de\/startseite\/"},{"@type":"ListItem","position":2,"name":"Unsere Verpflichtungen HR als Beitrag zur CSR"}]},{"@type":"WebSite","@id":"https:\/\/frenehard-michaux.eu\/de\/#website","url":"https:\/\/frenehard-michaux.eu\/de\/","name":"Frenehard &amp; Michaux","description":"","publisher":{"@id":"https:\/\/frenehard-michaux.eu\/de\/#organization"},"potentialAction":[{"@type":"SearchAction","target":{"@type":"EntryPoint","urlTemplate":"https:\/\/frenehard-michaux.eu\/de\/?s={search_term_string}"},"query-input":{"@type":"PropertyValueSpecification","valueRequired":true,"valueName":"search_term_string"}}],"inLanguage":"de"},{"@type":"Organization","@id":"https:\/\/frenehard-michaux.eu\/de\/#organization","name":"Frenehard &amp; Michaux","url":"https:\/\/frenehard-michaux.eu\/de\/","logo":{"@type":"ImageObject","inLanguage":"de","@id":"https:\/\/frenehard-michaux.eu\/de\/#\/schema\/logo\/image\/","url":"https:\/\/frenehard-michaux.eu\/wp-content\/uploads\/sites\/8\/2025\/09\/Frenehard-Michaux_RVB.svg","contentUrl":"https:\/\/frenehard-michaux.eu\/wp-content\/uploads\/sites\/8\/2025\/09\/Frenehard-Michaux_RVB.svg","caption":"Frenehard &amp; Michaux"},"image":{"@id":"https:\/\/frenehard-michaux.eu\/de\/#\/schema\/logo\/image\/"}}]}},"_links":{"self":[{"href":"https:\/\/frenehard-michaux.eu\/de\/wp-json\/wp\/v2\/pages\/2638","targetHints":{"allow":["GET"]}}],"collection":[{"href":"https:\/\/frenehard-michaux.eu\/de\/wp-json\/wp\/v2\/pages"}],"about":[{"href":"https:\/\/frenehard-michaux.eu\/de\/wp-json\/wp\/v2\/types\/page"}],"author":[{"embeddable":true,"href":"https:\/\/frenehard-michaux.eu\/de\/wp-json\/wp\/v2\/users\/8"}],"replies":[{"embeddable":true,"href":"https:\/\/frenehard-michaux.eu\/de\/wp-json\/wp\/v2\/comments?post=2638"}],"version-history":[{"count":3,"href":"https:\/\/frenehard-michaux.eu\/de\/wp-json\/wp\/v2\/pages\/2638\/revisions"}],"predecessor-version":[{"id":3002,"href":"https:\/\/frenehard-michaux.eu\/de\/wp-json\/wp\/v2\/pages\/2638\/revisions\/3002"}],"wp:attachment":[{"href":"https:\/\/frenehard-michaux.eu\/de\/wp-json\/wp\/v2\/media?parent=2638"}],"curies":[{"name":"wp","href":"https:\/\/api.w.org\/{rel}","templated":true}]}}