{"id":2618,"date":"2025-09-15T10:10:06","date_gmt":"2025-09-15T08:10:06","guid":{"rendered":"https:\/\/frenehard-michaux.eu\/interne-mobilitaet-und-studierende\/"},"modified":"2025-11-19T11:47:49","modified_gmt":"2025-11-19T10:47:49","slug":"interne-mobilitaet-und-studierende","status":"publish","type":"page","link":"https:\/\/frenehard-michaux.eu\/de\/interne-mobilitaet-und-studierende\/","title":{"rendered":"Interne Mobilit\u00e4t und Studierende"},"content":{"rendered":"\n<p>Bei Fr\u00e9n\u00e9hard &amp; Michaux ist es nicht nur m\u00f6glich, sich beruflich weiterzuentwickeln und dabei in der Unternehmensgruppe zu bleiben, sondern dies wird sogar gef\u00f6rdert. Dank unserer weiten geografischen Pr\u00e4senz, unseren zahlreichen unterschiedlichen Gesch\u00e4ftsfeldern und der Vielfalt unserer Organisationsstruktur steht Ihnen eine Vielzahl von M\u00f6glichkeiten offen. Ganz gleich, ob Sie innerhalb Ihres derzeitigen Unternehmens die Stelle wechseln oder zu einem anderen Unternehmen der Gruppe wechseln m\u00f6chten &#8211; auf unsere Unterst\u00fctzung bei Ihrer beruflichen Weiterentwicklung k\u00f6nnen Sie z\u00e4hlen. Den Beruf wechseln, ohne das Unternehmen zu wechseln, oder das Unternehmen wechseln, ohne den eingeschlagenen Weg zu verlassen: Bei uns wird Ihre Mobilit\u00e4t zum Sprungbrett f\u00fcr Ihre Karriere.<\/p>\n\n<div class=\"wp-block-columns is-layout-flex wp-container-core-columns-is-layout-9d6595d7 wp-block-columns-is-layout-flex\">\n<div class=\"wp-block-column is-layout-flow wp-block-column-is-layout-flow\"><\/div>\n\n\n\n<div class=\"wp-block-column is-layout-flow wp-block-column-is-layout-flow\"><\/div>\n<\/div>\n\n<div class=\"wp-block-columns has-mycms-ardoise-background-color has-background is-layout-flex wp-container-core-columns-is-layout-9d6595d7 wp-block-columns-is-layout-flex\">\n<div class=\"wp-block-column is-layout-flow wp-block-column-is-layout-flow\">\n<h4 class=\"wp-block-heading has-mycms-white-color has-text-color has-link-color wp-elements-ee9af99492a0b31fd3413a370ca5226e\" id=\"alternants-et-stagiaires-preparons-l-avenir-ensemble\"><strong>Werkstudierende und Auszubildende: Lassen Sie uns die Zukunft gemeinsam angehen<\/strong><\/h4>\n\n\n\n<p class=\"has-mycms-white-color has-text-color has-link-color wp-elements-188f7ce0486f9f7c01fc8996c606c881\">Wir begleiten und f\u00f6rdern die Arbeit unserer Studierenden, indem wir ihnen vielf\u00e4ltige Aufgaben anvertrauen, ihnen Verantwortung \u00fcbertragen und sie ausbilden. Mehr als Ihre Ausbildung ist es <strong>Ihre Pers\u00f6nlichkeit, <\/strong>die den Unterschied ausmacht! Wir suchen <strong>unkomplizierte und engagierte<\/strong> Pers\u00f6nlichkeiten, die unsere Werte teilen.<\/p>\n<\/div>\n\n\n\n<div class=\"wp-block-column is-layout-flow wp-block-column-is-layout-flow\">\n<figure class=\"wp-block-image aligncenter size-large is-resized\"><a href=\"https:\/\/frenehard-michaux.eu\/wp-content\/uploads\/sites\/8\/2025\/09\/2023-10-12_09-37-48_reportage_industriel_www.studiolecarre.com_-scaled.jpg\"><img loading=\"lazy\" decoding=\"async\" width=\"1024\" height=\"683\" src=\"https:\/\/frenehard-michaux.eu\/wp-content\/uploads\/sites\/8\/2025\/09\/2023-10-12_09-37-48_reportage_industriel_www.studiolecarre.com_-1024x683.jpg\" alt=\"\" class=\"wp-image-1805\" style=\"width:570px;height:auto\" srcset=\"https:\/\/frenehard-michaux.eu\/wp-content\/uploads\/sites\/8\/2025\/09\/2023-10-12_09-37-48_reportage_industriel_www.studiolecarre.com_-1024x683.jpg 1024w, https:\/\/frenehard-michaux.eu\/wp-content\/uploads\/sites\/8\/2025\/09\/2023-10-12_09-37-48_reportage_industriel_www.studiolecarre.com_-300x200.jpg 300w, https:\/\/frenehard-michaux.eu\/wp-content\/uploads\/sites\/8\/2025\/09\/2023-10-12_09-37-48_reportage_industriel_www.studiolecarre.com_-768x512.jpg 768w, https:\/\/frenehard-michaux.eu\/wp-content\/uploads\/sites\/8\/2025\/09\/2023-10-12_09-37-48_reportage_industriel_www.studiolecarre.com_-1536x1024.jpg 1536w, https:\/\/frenehard-michaux.eu\/wp-content\/uploads\/sites\/8\/2025\/09\/2023-10-12_09-37-48_reportage_industriel_www.studiolecarre.com_-2048x1365.jpg 2048w, https:\/\/frenehard-michaux.eu\/wp-content\/uploads\/sites\/8\/2025\/09\/2023-10-12_09-37-48_reportage_industriel_www.studiolecarre.com_-600x400.jpg 600w, https:\/\/frenehard-michaux.eu\/wp-content\/uploads\/sites\/8\/2025\/09\/2023-10-12_09-37-48_reportage_industriel_www.studiolecarre.com_-150x100.jpg 150w, https:\/\/frenehard-michaux.eu\/wp-content\/uploads\/sites\/8\/2025\/09\/2023-10-12_09-37-48_reportage_industriel_www.studiolecarre.com_-541x360.jpg 541w, https:\/\/frenehard-michaux.eu\/wp-content\/uploads\/sites\/8\/2025\/09\/2023-10-12_09-37-48_reportage_industriel_www.studiolecarre.com_-317x211.jpg 317w\" sizes=\"auto, (max-width: 1024px) 100vw, 1024px\" \/><\/a><\/figure>\n<\/div>\n<\/div>\n\n<div style=\"height:100px\" aria-hidden=\"true\" class=\"wp-block-spacer\"><\/div>\n\n<div class=\"wp-block-columns is-layout-flex wp-container-core-columns-is-layout-9d6595d7 wp-block-columns-is-layout-flex\">\n<div class=\"wp-block-column is-layout-flow wp-block-column-is-layout-flow\" style=\"flex-basis:60%\"><section class=\"mycms-content-wrapper mycms-grid-row--centered  mediatitlelist\">\n    <div class=\"mycms-mediatitlelist mycms-grid-row mycms-list--unstyled\">\n        <div class=\"mycms-mediatitlelist--container mycms-grid-column-lg-6 mycms-grid-column-md-6 mycms-grid-column-sm-2 \"><h3 class=\"mycms-txt--h3 mycms-txt--color-onyx-light mycms-margin-bottom--30\">Darum lohnt es sich, sich bei uns f\u00fcr einen Werkvertrag oder einem Praktikum zu bewerben:<\/h3><ol class=\"mycms-mediatitlelist--list\"><li><span>Ein Praktikum\/eine Werkstudierendent\u00e4tigkeit bei Fr\u00e9n\u00e9hard &amp; Michaux bedeutet, Teil eines Konzerns mit internationaler Pr\u00e4senz zu werden, <\/span><\/li><li><span>Wir setzen alles daran, Ihnen die besten Bedingungen f\u00fcr Ihr Studium\/Ihre Ausbildung zu bieten,<\/span><\/li><li><span>Ihr pers\u00f6nlicher Betreuer begleitet Sie in der praktischen Aus\u00fcbung eines spannenden Berufs,<\/span><\/li><li><span>Nach Abschluss der Ausbildung haben Sie die M\u00f6glichkeit, einen unbefristeten oder befristeten Arbeitsvertrag zu erhalten.<\/span><\/li><\/ol><\/div>    <\/div>\n<\/section>\n<\/div>\n\n\n\n<div class=\"wp-block-column is-layout-flow wp-block-column-is-layout-flow\"><section class=\"section-group section-mycms-ardoise-background-color\">\n<div class=\"wp-block-group has-mycms-ardoise-background-color has-background is-layout-constrained wp-block-group-is-layout-constrained\">\n<figure class=\"wp-block-image aligncenter size-full is-resized\"><a href=\"https:\/\/frenehard-michaux.eu\/wp-content\/uploads\/sites\/8\/2025\/09\/Loupe.svg\"><img decoding=\"async\" src=\"https:\/\/frenehard-michaux.eu\/wp-content\/uploads\/sites\/8\/2025\/09\/Loupe.svg\" alt=\"\" class=\"wp-image-1786\" style=\"width:100px\"\/><\/a><\/figure>\n\n\n\n<div class=\"wp-block-buttons is-content-justification-center is-layout-flex wp-container-core-buttons-is-layout-16018d1d wp-block-buttons-is-layout-flex\">\n<div class=\"wp-block-button\"><a class=\"wp-block-button__link wp-element-button\" href=\"https:\/\/frenehard-michaux.eu\/de\/?page_id=2866\">Informieren Sie sich \u00fcber unsere Stellenangebote<\/a><\/div>\n<\/div>\n<\/div>\n<\/section>\n\n\n<div style=\"height:25px\" aria-hidden=\"true\" class=\"wp-block-spacer\"><\/div>\n\n\n<section class=\"section-group section-mycms-ocre-background-color\">\n<div class=\"wp-block-group has-mycms-ocre-background-color has-background is-layout-constrained wp-block-group-is-layout-constrained\">\n<figure class=\"wp-block-image aligncenter size-full is-resized\"><a href=\"https:\/\/frenehard-michaux.eu\/wp-content\/uploads\/sites\/8\/2025\/09\/Dossier.svg\"><img decoding=\"async\" src=\"https:\/\/frenehard-michaux.eu\/wp-content\/uploads\/sites\/8\/2025\/09\/Dossier.svg\" alt=\"\" class=\"wp-image-1789\" style=\"width:100px\"\/><\/a><\/figure>\n\n\n\n<div class=\"wp-block-buttons is-content-justification-center is-layout-flex wp-container-core-buttons-is-layout-16018d1d wp-block-buttons-is-layout-flex\">\n<div class=\"wp-block-button\"><a class=\"wp-block-button__link wp-element-button\" href=\"https:\/\/frenehard-michaux.eu\/de\/initiativbewerbung\/\">Initiativbewerbung<\/a><\/div>\n<\/div>\n<\/div>\n<\/section><\/div>\n<\/div>\n\n<div class=\"wp-block-columns is-layout-flex wp-container-core-columns-is-layout-9d6595d7 wp-block-columns-is-layout-flex\">\n<div class=\"wp-block-column is-layout-flow wp-block-column-is-layout-flow\"><\/div>\n<\/div>\n\n<p>\u00a0\u00a0\u00a0\u00a0\u00a0<\/p>\n\n<div class=\"wp-block-columns is-layout-flex wp-container-core-columns-is-layout-9d6595d7 wp-block-columns-is-layout-flex\">\n<div class=\"wp-block-column is-layout-flow wp-block-column-is-layout-flow\"><\/div>\n\n\n\n<div class=\"wp-block-column is-layout-flow wp-block-column-is-layout-flow\"><\/div>\n<\/div>\n\n<div style=\"height:100px\" aria-hidden=\"true\" class=\"wp-block-spacer\"><\/div>\n","protected":false},"excerpt":{"rendered":"<p>Bei Fr\u00e9n\u00e9hard &amp; Michaux ist es nicht nur m\u00f6glich, sich beruflich weiterzuentwickeln und dabei in der Unternehmensgruppe zu bleiben, sondern dies wird sogar gef\u00f6rdert. Dank unserer weiten geografischen Pr\u00e4senz, unseren zahlreichen unterschiedlichen Gesch\u00e4ftsfeldern und der Vielfalt unserer Organisationsstruktur steht Ihnen eine Vielzahl von M\u00f6glichkeiten offen. Ganz gleich, ob Sie innerhalb Ihres derzeitigen Unternehmens die Stelle [&hellip;]<\/p>\n","protected":false},"author":8,"featured_media":0,"parent":0,"menu_order":0,"comment_status":"closed","ping_status":"closed","template":"","meta":{"_acf_changed":false,"footnotes":""},"class_list":["post-2618","page","type-page","status-publish","hentry"],"acf":[],"yoast_head":"<!-- This site is optimized with the Yoast SEO plugin v27.3 - https:\/\/yoast.com\/product\/yoast-seo-wordpress\/ -->\n<title>Interne Mobilit\u00e4t und Studierende - Frenehard &amp; Michaux<\/title>\n<meta name=\"robots\" content=\"index, follow, max-snippet:-1, max-image-preview:large, max-video-preview:-1\" \/>\n<link rel=\"canonical\" href=\"https:\/\/frenehard-michaux.eu\/de\/interne-mobilitaet-und-studierende\/\" \/>\n<meta property=\"og:locale\" content=\"de_DE\" \/>\n<meta property=\"og:type\" content=\"article\" \/>\n<meta property=\"og:title\" content=\"Interne Mobilit\u00e4t und Studierende - Frenehard &amp; Michaux\" \/>\n<meta property=\"og:description\" content=\"Bei Fr\u00e9n\u00e9hard &amp; Michaux ist es nicht nur m\u00f6glich, sich beruflich weiterzuentwickeln und dabei in der Unternehmensgruppe zu bleiben, sondern dies wird sogar gef\u00f6rdert. Dank unserer weiten geografischen Pr\u00e4senz, unseren zahlreichen unterschiedlichen Gesch\u00e4ftsfeldern und der Vielfalt unserer Organisationsstruktur steht Ihnen eine Vielzahl von M\u00f6glichkeiten offen. Ganz gleich, ob Sie innerhalb Ihres derzeitigen Unternehmens die Stelle [&hellip;]\" \/>\n<meta property=\"og:url\" content=\"https:\/\/frenehard-michaux.eu\/de\/interne-mobilitaet-und-studierende\/\" \/>\n<meta property=\"og:site_name\" content=\"Frenehard &amp; Michaux\" \/>\n<meta property=\"article:modified_time\" content=\"2025-11-19T10:47:49+00:00\" \/>\n<meta property=\"og:image\" content=\"https:\/\/frenehard-michaux.eu\/wp-content\/uploads\/sites\/8\/2025\/09\/2023-10-12_09-37-48_reportage_industriel_www.studiolecarre.com_-scaled.jpg\" \/>\n\t<meta property=\"og:image:width\" content=\"2560\" \/>\n\t<meta property=\"og:image:height\" content=\"1707\" \/>\n\t<meta property=\"og:image:type\" content=\"image\/jpeg\" \/>\n<meta name=\"twitter:card\" content=\"summary_large_image\" \/>\n<meta name=\"twitter:label1\" content=\"Gesch\u00e4tzte Lesezeit\" \/>\n\t<meta name=\"twitter:data1\" content=\"1\u00a0Minute\" \/>\n<script type=\"application\/ld+json\" class=\"yoast-schema-graph\">{\"@context\":\"https:\\\/\\\/schema.org\",\"@graph\":[{\"@type\":\"WebPage\",\"@id\":\"https:\\\/\\\/frenehard-michaux.eu\\\/de\\\/interne-mobilitaet-und-studierende\\\/\",\"url\":\"https:\\\/\\\/frenehard-michaux.eu\\\/de\\\/interne-mobilitaet-und-studierende\\\/\",\"name\":\"Interne Mobilit\u00e4t und Studierende - Frenehard &amp; Michaux\",\"isPartOf\":{\"@id\":\"https:\\\/\\\/frenehard-michaux.eu\\\/de\\\/#website\"},\"primaryImageOfPage\":{\"@id\":\"https:\\\/\\\/frenehard-michaux.eu\\\/de\\\/interne-mobilitaet-und-studierende\\\/#primaryimage\"},\"image\":{\"@id\":\"https:\\\/\\\/frenehard-michaux.eu\\\/de\\\/interne-mobilitaet-und-studierende\\\/#primaryimage\"},\"thumbnailUrl\":\"https:\\\/\\\/frenehard-michaux.eu\\\/wp-content\\\/uploads\\\/sites\\\/8\\\/2025\\\/09\\\/2023-10-12_09-37-48_reportage_industriel_www.studiolecarre.com_-1024x683.jpg\",\"datePublished\":\"2025-09-15T08:10:06+00:00\",\"dateModified\":\"2025-11-19T10:47:49+00:00\",\"breadcrumb\":{\"@id\":\"https:\\\/\\\/frenehard-michaux.eu\\\/de\\\/interne-mobilitaet-und-studierende\\\/#breadcrumb\"},\"inLanguage\":\"de\",\"potentialAction\":[{\"@type\":\"ReadAction\",\"target\":[\"https:\\\/\\\/frenehard-michaux.eu\\\/de\\\/interne-mobilitaet-und-studierende\\\/\"]}]},{\"@type\":\"ImageObject\",\"inLanguage\":\"de\",\"@id\":\"https:\\\/\\\/frenehard-michaux.eu\\\/de\\\/interne-mobilitaet-und-studierende\\\/#primaryimage\",\"url\":\"https:\\\/\\\/frenehard-michaux.eu\\\/wp-content\\\/uploads\\\/sites\\\/8\\\/2025\\\/09\\\/2023-10-12_09-37-48_reportage_industriel_www.studiolecarre.com_-1024x683.jpg\",\"contentUrl\":\"https:\\\/\\\/frenehard-michaux.eu\\\/wp-content\\\/uploads\\\/sites\\\/8\\\/2025\\\/09\\\/2023-10-12_09-37-48_reportage_industriel_www.studiolecarre.com_-1024x683.jpg\"},{\"@type\":\"BreadcrumbList\",\"@id\":\"https:\\\/\\\/frenehard-michaux.eu\\\/de\\\/interne-mobilitaet-und-studierende\\\/#breadcrumb\",\"itemListElement\":[{\"@type\":\"ListItem\",\"position\":1,\"name\":\"Accueil\",\"item\":\"https:\\\/\\\/frenehard-michaux.eu\\\/de\\\/startseite\\\/\"},{\"@type\":\"ListItem\",\"position\":2,\"name\":\"Interne Mobilit\u00e4t und Studierende\"}]},{\"@type\":\"WebSite\",\"@id\":\"https:\\\/\\\/frenehard-michaux.eu\\\/de\\\/#website\",\"url\":\"https:\\\/\\\/frenehard-michaux.eu\\\/de\\\/\",\"name\":\"Frenehard &amp; Michaux\",\"description\":\"\",\"publisher\":{\"@id\":\"https:\\\/\\\/frenehard-michaux.eu\\\/de\\\/#organization\"},\"potentialAction\":[{\"@type\":\"SearchAction\",\"target\":{\"@type\":\"EntryPoint\",\"urlTemplate\":\"https:\\\/\\\/frenehard-michaux.eu\\\/de\\\/?s={search_term_string}\"},\"query-input\":{\"@type\":\"PropertyValueSpecification\",\"valueRequired\":true,\"valueName\":\"search_term_string\"}}],\"inLanguage\":\"de\"},{\"@type\":\"Organization\",\"@id\":\"https:\\\/\\\/frenehard-michaux.eu\\\/de\\\/#organization\",\"name\":\"Frenehard &amp; Michaux\",\"url\":\"https:\\\/\\\/frenehard-michaux.eu\\\/de\\\/\",\"logo\":{\"@type\":\"ImageObject\",\"inLanguage\":\"de\",\"@id\":\"https:\\\/\\\/frenehard-michaux.eu\\\/de\\\/#\\\/schema\\\/logo\\\/image\\\/\",\"url\":\"https:\\\/\\\/frenehard-michaux.eu\\\/wp-content\\\/uploads\\\/sites\\\/8\\\/2025\\\/09\\\/Frenehard-Michaux_RVB.svg\",\"contentUrl\":\"https:\\\/\\\/frenehard-michaux.eu\\\/wp-content\\\/uploads\\\/sites\\\/8\\\/2025\\\/09\\\/Frenehard-Michaux_RVB.svg\",\"caption\":\"Frenehard &amp; Michaux\"},\"image\":{\"@id\":\"https:\\\/\\\/frenehard-michaux.eu\\\/de\\\/#\\\/schema\\\/logo\\\/image\\\/\"}}]}<\/script>\n<!-- \/ Yoast SEO plugin. -->","yoast_head_json":{"title":"Interne Mobilit\u00e4t und Studierende - Frenehard &amp; Michaux","robots":{"index":"index","follow":"follow","max-snippet":"max-snippet:-1","max-image-preview":"max-image-preview:large","max-video-preview":"max-video-preview:-1"},"canonical":"https:\/\/frenehard-michaux.eu\/de\/interne-mobilitaet-und-studierende\/","og_locale":"de_DE","og_type":"article","og_title":"Interne Mobilit\u00e4t und Studierende - Frenehard &amp; Michaux","og_description":"Bei Fr\u00e9n\u00e9hard &amp; Michaux ist es nicht nur m\u00f6glich, sich beruflich weiterzuentwickeln und dabei in der Unternehmensgruppe zu bleiben, sondern dies wird sogar gef\u00f6rdert. Dank unserer weiten geografischen Pr\u00e4senz, unseren zahlreichen unterschiedlichen Gesch\u00e4ftsfeldern und der Vielfalt unserer Organisationsstruktur steht Ihnen eine Vielzahl von M\u00f6glichkeiten offen. Ganz gleich, ob Sie innerhalb Ihres derzeitigen Unternehmens die Stelle [&hellip;]","og_url":"https:\/\/frenehard-michaux.eu\/de\/interne-mobilitaet-und-studierende\/","og_site_name":"Frenehard &amp; Michaux","article_modified_time":"2025-11-19T10:47:49+00:00","og_image":[{"width":2560,"height":1707,"url":"https:\/\/frenehard-michaux.eu\/wp-content\/uploads\/sites\/8\/2025\/09\/2023-10-12_09-37-48_reportage_industriel_www.studiolecarre.com_-scaled.jpg","type":"image\/jpeg"}],"twitter_card":"summary_large_image","twitter_misc":{"Gesch\u00e4tzte Lesezeit":"1\u00a0Minute"},"schema":{"@context":"https:\/\/schema.org","@graph":[{"@type":"WebPage","@id":"https:\/\/frenehard-michaux.eu\/de\/interne-mobilitaet-und-studierende\/","url":"https:\/\/frenehard-michaux.eu\/de\/interne-mobilitaet-und-studierende\/","name":"Interne Mobilit\u00e4t und Studierende - Frenehard &amp; Michaux","isPartOf":{"@id":"https:\/\/frenehard-michaux.eu\/de\/#website"},"primaryImageOfPage":{"@id":"https:\/\/frenehard-michaux.eu\/de\/interne-mobilitaet-und-studierende\/#primaryimage"},"image":{"@id":"https:\/\/frenehard-michaux.eu\/de\/interne-mobilitaet-und-studierende\/#primaryimage"},"thumbnailUrl":"https:\/\/frenehard-michaux.eu\/wp-content\/uploads\/sites\/8\/2025\/09\/2023-10-12_09-37-48_reportage_industriel_www.studiolecarre.com_-1024x683.jpg","datePublished":"2025-09-15T08:10:06+00:00","dateModified":"2025-11-19T10:47:49+00:00","breadcrumb":{"@id":"https:\/\/frenehard-michaux.eu\/de\/interne-mobilitaet-und-studierende\/#breadcrumb"},"inLanguage":"de","potentialAction":[{"@type":"ReadAction","target":["https:\/\/frenehard-michaux.eu\/de\/interne-mobilitaet-und-studierende\/"]}]},{"@type":"ImageObject","inLanguage":"de","@id":"https:\/\/frenehard-michaux.eu\/de\/interne-mobilitaet-und-studierende\/#primaryimage","url":"https:\/\/frenehard-michaux.eu\/wp-content\/uploads\/sites\/8\/2025\/09\/2023-10-12_09-37-48_reportage_industriel_www.studiolecarre.com_-1024x683.jpg","contentUrl":"https:\/\/frenehard-michaux.eu\/wp-content\/uploads\/sites\/8\/2025\/09\/2023-10-12_09-37-48_reportage_industriel_www.studiolecarre.com_-1024x683.jpg"},{"@type":"BreadcrumbList","@id":"https:\/\/frenehard-michaux.eu\/de\/interne-mobilitaet-und-studierende\/#breadcrumb","itemListElement":[{"@type":"ListItem","position":1,"name":"Accueil","item":"https:\/\/frenehard-michaux.eu\/de\/startseite\/"},{"@type":"ListItem","position":2,"name":"Interne Mobilit\u00e4t und Studierende"}]},{"@type":"WebSite","@id":"https:\/\/frenehard-michaux.eu\/de\/#website","url":"https:\/\/frenehard-michaux.eu\/de\/","name":"Frenehard &amp; Michaux","description":"","publisher":{"@id":"https:\/\/frenehard-michaux.eu\/de\/#organization"},"potentialAction":[{"@type":"SearchAction","target":{"@type":"EntryPoint","urlTemplate":"https:\/\/frenehard-michaux.eu\/de\/?s={search_term_string}"},"query-input":{"@type":"PropertyValueSpecification","valueRequired":true,"valueName":"search_term_string"}}],"inLanguage":"de"},{"@type":"Organization","@id":"https:\/\/frenehard-michaux.eu\/de\/#organization","name":"Frenehard &amp; Michaux","url":"https:\/\/frenehard-michaux.eu\/de\/","logo":{"@type":"ImageObject","inLanguage":"de","@id":"https:\/\/frenehard-michaux.eu\/de\/#\/schema\/logo\/image\/","url":"https:\/\/frenehard-michaux.eu\/wp-content\/uploads\/sites\/8\/2025\/09\/Frenehard-Michaux_RVB.svg","contentUrl":"https:\/\/frenehard-michaux.eu\/wp-content\/uploads\/sites\/8\/2025\/09\/Frenehard-Michaux_RVB.svg","caption":"Frenehard &amp; Michaux"},"image":{"@id":"https:\/\/frenehard-michaux.eu\/de\/#\/schema\/logo\/image\/"}}]}},"_links":{"self":[{"href":"https:\/\/frenehard-michaux.eu\/de\/wp-json\/wp\/v2\/pages\/2618","targetHints":{"allow":["GET"]}}],"collection":[{"href":"https:\/\/frenehard-michaux.eu\/de\/wp-json\/wp\/v2\/pages"}],"about":[{"href":"https:\/\/frenehard-michaux.eu\/de\/wp-json\/wp\/v2\/types\/page"}],"author":[{"embeddable":true,"href":"https:\/\/frenehard-michaux.eu\/de\/wp-json\/wp\/v2\/users\/8"}],"replies":[{"embeddable":true,"href":"https:\/\/frenehard-michaux.eu\/de\/wp-json\/wp\/v2\/comments?post=2618"}],"version-history":[{"count":4,"href":"https:\/\/frenehard-michaux.eu\/de\/wp-json\/wp\/v2\/pages\/2618\/revisions"}],"predecessor-version":[{"id":3006,"href":"https:\/\/frenehard-michaux.eu\/de\/wp-json\/wp\/v2\/pages\/2618\/revisions\/3006"}],"wp:attachment":[{"href":"https:\/\/frenehard-michaux.eu\/de\/wp-json\/wp\/v2\/media?parent=2618"}],"curies":[{"name":"wp","href":"https:\/\/api.w.org\/{rel}","templated":true}]}}