{"id":1469,"date":"2025-05-13T18:06:58","date_gmt":"2025-05-13T16:06:58","guid":{"rendered":"https:\/\/frenehard-michaux.eu\/contact\/"},"modified":"2025-09-29T09:18:16","modified_gmt":"2025-09-29T07:18:16","slug":"kontact","status":"publish","type":"page","link":"https:\/\/frenehard-michaux.eu\/de\/kontact\/","title":{"rendered":"Kontact"},"content":{"rendered":"\n<div class=\"wp-block-columns is-layout-flex wp-container-core-columns-is-layout-9d6595d7 wp-block-columns-is-layout-flex\">\n<div class=\"wp-block-column is-layout-flow wp-block-column-is-layout-flow\">\n<figure class=\"wp-block-image size-full\"><a href=\"https:\/\/frenehard-michaux.eu\/wp-content\/uploads\/sites\/8\/2025\/08\/140912_326_Photo_D-Eskenazi-1-3.jpg\"><img loading=\"lazy\" decoding=\"async\" width=\"656\" height=\"1000\" src=\"https:\/\/frenehard-michaux.eu\/wp-content\/uploads\/sites\/8\/2025\/08\/140912_326_Photo_D-Eskenazi-1-3.jpg\" alt=\"\" class=\"wp-image-1496\" srcset=\"https:\/\/frenehard-michaux.eu\/wp-content\/uploads\/sites\/8\/2025\/08\/140912_326_Photo_D-Eskenazi-1-3.jpg 656w, https:\/\/frenehard-michaux.eu\/wp-content\/uploads\/sites\/8\/2025\/08\/140912_326_Photo_D-Eskenazi-1-3-197x300.jpg 197w, https:\/\/frenehard-michaux.eu\/wp-content\/uploads\/sites\/8\/2025\/08\/140912_326_Photo_D-Eskenazi-1-3-600x915.jpg 600w, https:\/\/frenehard-michaux.eu\/wp-content\/uploads\/sites\/8\/2025\/08\/140912_326_Photo_D-Eskenazi-1-3-150x229.jpg 150w\" sizes=\"auto, (max-width: 656px) 100vw, 656px\" \/><\/a><\/figure>\n<\/div>\n\n\n\n<div class=\"wp-block-column is-layout-flow wp-block-column-is-layout-flow\">\n<p>Sie haben eine Frage? Sie m\u00f6chten gerne etwas vorschlagen oder anmerken? Schreiben Sie uns eine E-Mail! Alternativ dazu k\u00f6nnen Sie unser Kontaktformular nutzen.<\/p>\n\n\n\n<div class=\"wpcf7 no-js\" id=\"wpcf7-f1539-o1\" lang=\"de-DE\" dir=\"ltr\" data-wpcf7-id=\"1539\">\n<div class=\"screen-reader-response\"><p role=\"status\" aria-live=\"polite\" aria-atomic=\"true\"><\/p> <ul><\/ul><\/div>\n<form action=\"\/de\/wp-json\/wp\/v2\/pages\/1469#wpcf7-f1539-o1\" method=\"post\" class=\"wpcf7-form init\" aria-label=\"Kontaktformular\" novalidate=\"novalidate\" data-status=\"init\">\n<fieldset class=\"hidden-fields-container\"><input type=\"hidden\" name=\"_wpcf7\" value=\"1539\" \/><input type=\"hidden\" name=\"_wpcf7_version\" value=\"6.1.5\" \/><input type=\"hidden\" name=\"_wpcf7_locale\" value=\"de_DE\" \/><input type=\"hidden\" name=\"_wpcf7_unit_tag\" value=\"wpcf7-f1539-o1\" \/><input type=\"hidden\" name=\"_wpcf7_container_post\" value=\"0\" \/><input type=\"hidden\" name=\"_wpcf7_posted_data_hash\" value=\"\" \/><input type=\"hidden\" name=\"_wpcf7cf_hidden_group_fields\" value=\"[]\" \/><input type=\"hidden\" name=\"_wpcf7cf_hidden_groups\" value=\"[]\" \/><input type=\"hidden\" name=\"_wpcf7cf_visible_groups\" value=\"[]\" \/><input type=\"hidden\" name=\"_wpcf7cf_repeaters\" value=\"[]\" \/><input type=\"hidden\" name=\"_wpcf7cf_steps\" value=\"{}\" \/><input type=\"hidden\" name=\"_wpcf7cf_options\" value=\"{&quot;form_id&quot;:1539,&quot;conditions&quot;:[],&quot;settings&quot;:{&quot;animation&quot;:&quot;yes&quot;,&quot;animation_intime&quot;:200,&quot;animation_outtime&quot;:200,&quot;conditions_ui&quot;:&quot;normal&quot;,&quot;notice_dismissed&quot;:false,&quot;notice_dismissed_update-cf7-6.1.1&quot;:true}}\" \/>\n<\/fieldset>\n<label> Ihr Name\n    <span class=\"wpcf7-form-control-wrap\" data-name=\"your-surname\"><input size=\"40\" maxlength=\"400\" class=\"wpcf7-form-control wpcf7-text wpcf7-validates-as-required\" autocomplete=\"surname\" aria-required=\"true\" aria-invalid=\"false\" value=\"\" type=\"text\" name=\"your-surname\" \/><\/span> <\/label>\n\n<span id=\"wpcf7-69d987a9ebc4e-wrapper\" class=\"wpcf7-form-control-wrap Yourname-wrap\" style=\"display:none !important; visibility:hidden !important;\"><label for=\"Yourname\" class=\"hp-message\">Bitte lasse dieses Feld leer.<\/label><input id=\"Yourname\"  placeholder=\"Your name\"  class=\"wpcf7-form-control wpcf7-text\" type=\"text\" name=\"Yourname\" value=\"\" size=\"40\" tabindex=\"-1\" autocomplete=\"new-password\" \/><\/span>\n\n<label> Ihr Vorname\n    <span class=\"wpcf7-form-control-wrap\" data-name=\"your-name\"><input size=\"40\" maxlength=\"400\" class=\"wpcf7-form-control wpcf7-text wpcf7-validates-as-required\" autocomplete=\"name\" aria-required=\"true\" aria-invalid=\"false\" value=\"\" type=\"text\" name=\"your-name\" \/><\/span> <\/label>\n\n<span id=\"fieeeld-container\" class=\"wpcf7-form-control-wrap honeypot-677-wrap\" ><input type=\"hidden\" name=\"honeypot-677-time-start\" value=\"1775863721\"><input type=\"hidden\" name=\"honeypot-677-time-check\" value=\"4\"><label for=\"fieeeld\" class=\"hp-message\">Bitte lasse dieses Feld leer.<\/label><input id=\"fieeeld\"  placeholder=\"fieeeld\"  class=\"wpcf7-form-control wpcf7-text fieeeld\" type=\"text\" name=\"honeypot-677\" value=\"\" size=\"40\" tabindex=\"-1\" autocomplete=\"off\" \/><\/span>\n\n<label> Ihre E-Mail-Adresse\n    <span class=\"wpcf7-form-control-wrap\" data-name=\"your-email\"><input size=\"40\" maxlength=\"400\" class=\"wpcf7-form-control wpcf7-email wpcf7-validates-as-required wpcf7-text wpcf7-validates-as-email\" autocomplete=\"email\" aria-required=\"true\" aria-invalid=\"false\" value=\"\" type=\"email\" name=\"your-email\" \/><\/span> <\/label>\n\n<label> Betreff\n    <span class=\"wpcf7-form-control-wrap\" data-name=\"your-subject\"><input size=\"40\" maxlength=\"400\" class=\"wpcf7-form-control wpcf7-text wpcf7-validates-as-required\" aria-required=\"true\" aria-invalid=\"false\" value=\"\" type=\"text\" name=\"your-subject\" \/><\/span> <\/label>\n\n<label> Ihre Nachricht (optional)\n    <span class=\"wpcf7-form-control-wrap\" data-name=\"your-message\"><textarea cols=\"40\" rows=\"10\" maxlength=\"2000\" class=\"wpcf7-form-control wpcf7-textarea\" aria-invalid=\"false\" name=\"your-message\"><\/textarea><\/span> <\/label>\n\n<div class=\"h-captcha\" data-sitekey=\"ad88b950-211e-4ac8-9674-40f6d7eed56c\" data-size=\"normal\" data-theme=\"light\" data-lang=\"en\"><\/div><span class=\"wpcf7-form-control-wrap cf7apps-hcaptcha\" data-name=\"cf7apps-hcaptcha\"><input type=\"hidden\" name=\"cf7apps-hcaptcha\" value=\"\" class=\"wpcf7-form-control\"><\/span>\n\n<span class=\"wpcf7-form-control-wrap\" data-name=\"rgpd-contact\"><span class=\"wpcf7-form-control wpcf7-acceptance\"><span class=\"wpcf7-list-item\"><label><input type=\"checkbox\" name=\"rgpd-contact\" value=\"1\" class=\"optin\" id=\"rgpd-contact\" aria-invalid=\"false\" \/><span class=\"wpcf7-list-item-label\"><label class=\"mycms-form--label required\">Ich akzeptiere die <a href=\"\/nutzungsbedingungen\/\" target=\"_blank\">Nutzungsbedingungen<\/a> und die <a href=\"\/datenschutzrichtlinie\/\" target=\"_blank\">Datenschutzrichtlinie des s<\/a> ite<\/label><\/span><\/label><\/span><\/span><\/span>\n\n<input class=\"wpcf7-form-control wpcf7-submit has-spinner\" type=\"submit\" value=\"Senden\" \/><div class=\"wpcf7-response-output\" aria-hidden=\"true\"><\/div>\n<\/form>\n<\/div>\n\n<\/div>\n<\/div>\n\n\n\n<div class=\"wp-block-columns is-layout-flex wp-container-core-columns-is-layout-9d6595d7 wp-block-columns-is-layout-flex\">\n<div class=\"wp-block-column is-layout-flow wp-block-column-is-layout-flow\" style=\"flex-basis:33.33%\">\n<h2 class=\"wp-block-heading\" id=\"karriere\">Karriere<\/h2>\n\n\n\n<p>Die Unternehmen der Gruppe verf\u00fcgen \u00fcber fortschrittliches Know-how auf dem Gebiet der Metallurgie.<\/p>\n\n\n\n<p>Unser Know-how und unsere Expertise st\u00fctzen sich auf Frauen und M\u00e4nner, die eine unserer wichtigsten St\u00e4rken ausmachen. Mit Aufrichtigkeit und Bescheidenheit leistet jede und jeder von ihnen einen Beitrag zur kollektiven Leistung und zur vollen Zufriedenheit unserer Kunden.<\/p>\n\n\n\n<p>Wir sind stolz auf unsere bisherigen Erfolge und gehen die vor uns liegenden Herausforderungen gemeinsam an. Wir bieten unseren Mitarbeiterinnen und Mitarbeitern Stabilit\u00e4t und die konstante Vision einer engagierten Unternehmensfamilie.<\/p>\n\n\n\n<p>Wir freuen uns auf Ihre Bewerbung und werden sie sorgf\u00e4ltig pr\u00fcfen.<\/p>\n\n\n\n<div class=\"wp-block-buttons is-layout-flex wp-block-buttons-is-layout-flex\">\n<div class=\"wp-block-button\"><a class=\"wp-block-button__link wp-element-button\" href=\"mailto:infocom@frenehard-michaux.com\">Bewerben sie sich!<\/a><\/div>\n<\/div>\n<\/div>\n\n\n\n<div class=\"wp-block-column is-layout-flow wp-block-column-is-layout-flow\" style=\"flex-basis:66.66%\">\n<figure class=\"wp-block-image size-full\"><a href=\"https:\/\/frenehard-michaux.eu\/wp-content\/uploads\/sites\/8\/2025\/08\/recrutement-frenehard-3.jpg\"><img loading=\"lazy\" decoding=\"async\" width=\"1000\" height=\"667\" src=\"https:\/\/frenehard-michaux.eu\/wp-content\/uploads\/sites\/8\/2025\/08\/recrutement-frenehard-3.jpg\" alt=\"\" class=\"wp-image-1497\" srcset=\"https:\/\/frenehard-michaux.eu\/wp-content\/uploads\/sites\/8\/2025\/08\/recrutement-frenehard-3.jpg 1000w, https:\/\/frenehard-michaux.eu\/wp-content\/uploads\/sites\/8\/2025\/08\/recrutement-frenehard-3-300x200.jpg 300w, https:\/\/frenehard-michaux.eu\/wp-content\/uploads\/sites\/8\/2025\/08\/recrutement-frenehard-3-768x512.jpg 768w, https:\/\/frenehard-michaux.eu\/wp-content\/uploads\/sites\/8\/2025\/08\/recrutement-frenehard-3-600x400.jpg 600w, https:\/\/frenehard-michaux.eu\/wp-content\/uploads\/sites\/8\/2025\/08\/recrutement-frenehard-3-150x100.jpg 150w, https:\/\/frenehard-michaux.eu\/wp-content\/uploads\/sites\/8\/2025\/08\/recrutement-frenehard-3-541x360.jpg 541w, https:\/\/frenehard-michaux.eu\/wp-content\/uploads\/sites\/8\/2025\/08\/recrutement-frenehard-3-317x211.jpg 317w\" sizes=\"auto, (max-width: 1000px) 100vw, 1000px\" \/><\/a><\/figure>\n<\/div>\n<\/div>\n\n\n\n<p><\/p>\n","protected":false},"excerpt":{"rendered":"<p>Sie haben eine Frage? Sie m\u00f6chten gerne etwas vorschlagen oder anmerken? Schreiben Sie uns eine E-Mail! Alternativ dazu k\u00f6nnen Sie unser Kontaktformular nutzen. Karriere Die Unternehmen der Gruppe verf\u00fcgen \u00fcber fortschrittliches Know-how auf dem Gebiet der Metallurgie. Unser Know-how und unsere Expertise st\u00fctzen sich auf Frauen und M\u00e4nner, die eine unserer wichtigsten St\u00e4rken ausmachen. Mit [&hellip;]<\/p>\n","protected":false},"author":57,"featured_media":0,"parent":0,"menu_order":0,"comment_status":"closed","ping_status":"closed","template":"","meta":{"_acf_changed":false,"footnotes":""},"class_list":["post-1469","page","type-page","status-publish","hentry"],"acf":[],"yoast_head":"<!-- This site is optimized with the Yoast SEO plugin v27.3 - https:\/\/yoast.com\/product\/yoast-seo-wordpress\/ -->\n<title>Kontact - Frenehard &amp; Michaux<\/title>\n<meta name=\"robots\" content=\"index, follow, max-snippet:-1, max-image-preview:large, max-video-preview:-1\" \/>\n<link rel=\"canonical\" href=\"https:\/\/frenehard-michaux.eu\/de\/kontact\/\" \/>\n<meta property=\"og:locale\" content=\"de_DE\" \/>\n<meta property=\"og:type\" content=\"article\" \/>\n<meta property=\"og:title\" content=\"Kontact - Frenehard &amp; Michaux\" \/>\n<meta property=\"og:description\" content=\"Sie haben eine Frage? Sie m\u00f6chten gerne etwas vorschlagen oder anmerken? Schreiben Sie uns eine E-Mail! Alternativ dazu k\u00f6nnen Sie unser Kontaktformular nutzen. Karriere Die Unternehmen der Gruppe verf\u00fcgen \u00fcber fortschrittliches Know-how auf dem Gebiet der Metallurgie. Unser Know-how und unsere Expertise st\u00fctzen sich auf Frauen und M\u00e4nner, die eine unserer wichtigsten St\u00e4rken ausmachen. Mit [&hellip;]\" \/>\n<meta property=\"og:url\" content=\"https:\/\/frenehard-michaux.eu\/de\/kontact\/\" \/>\n<meta property=\"og:site_name\" content=\"Frenehard &amp; Michaux\" \/>\n<meta property=\"article:modified_time\" content=\"2025-09-29T07:18:16+00:00\" \/>\n<meta property=\"og:image\" content=\"https:\/\/frenehard-michaux.eu\/wp-content\/uploads\/sites\/8\/2025\/08\/140912_326_Photo_D-Eskenazi-1-3.jpg\" \/>\n<meta name=\"twitter:card\" content=\"summary_large_image\" \/>\n<meta name=\"twitter:label1\" content=\"Gesch\u00e4tzte Lesezeit\" \/>\n\t<meta name=\"twitter:data1\" content=\"1\u00a0Minute\" \/>\n<script type=\"application\/ld+json\" class=\"yoast-schema-graph\">{\"@context\":\"https:\\\/\\\/schema.org\",\"@graph\":[{\"@type\":\"WebPage\",\"@id\":\"https:\\\/\\\/frenehard-michaux.eu\\\/de\\\/kontact\\\/\",\"url\":\"https:\\\/\\\/frenehard-michaux.eu\\\/de\\\/kontact\\\/\",\"name\":\"Kontact - Frenehard &amp; Michaux\",\"isPartOf\":{\"@id\":\"https:\\\/\\\/frenehard-michaux.eu\\\/de\\\/#website\"},\"primaryImageOfPage\":{\"@id\":\"https:\\\/\\\/frenehard-michaux.eu\\\/de\\\/kontact\\\/#primaryimage\"},\"image\":{\"@id\":\"https:\\\/\\\/frenehard-michaux.eu\\\/de\\\/kontact\\\/#primaryimage\"},\"thumbnailUrl\":\"https:\\\/\\\/frenehard-michaux.eu\\\/wp-content\\\/uploads\\\/sites\\\/8\\\/2025\\\/08\\\/140912_326_Photo_D-Eskenazi-1-3.jpg\",\"datePublished\":\"2025-05-13T16:06:58+00:00\",\"dateModified\":\"2025-09-29T07:18:16+00:00\",\"breadcrumb\":{\"@id\":\"https:\\\/\\\/frenehard-michaux.eu\\\/de\\\/kontact\\\/#breadcrumb\"},\"inLanguage\":\"de\",\"potentialAction\":[{\"@type\":\"ReadAction\",\"target\":[\"https:\\\/\\\/frenehard-michaux.eu\\\/de\\\/kontact\\\/\"]}]},{\"@type\":\"ImageObject\",\"inLanguage\":\"de\",\"@id\":\"https:\\\/\\\/frenehard-michaux.eu\\\/de\\\/kontact\\\/#primaryimage\",\"url\":\"https:\\\/\\\/frenehard-michaux.eu\\\/wp-content\\\/uploads\\\/sites\\\/8\\\/2025\\\/08\\\/140912_326_Photo_D-Eskenazi-1-3.jpg\",\"contentUrl\":\"https:\\\/\\\/frenehard-michaux.eu\\\/wp-content\\\/uploads\\\/sites\\\/8\\\/2025\\\/08\\\/140912_326_Photo_D-Eskenazi-1-3.jpg\"},{\"@type\":\"BreadcrumbList\",\"@id\":\"https:\\\/\\\/frenehard-michaux.eu\\\/de\\\/kontact\\\/#breadcrumb\",\"itemListElement\":[{\"@type\":\"ListItem\",\"position\":1,\"name\":\"Accueil\",\"item\":\"https:\\\/\\\/frenehard-michaux.eu\\\/de\\\/startseite\\\/\"},{\"@type\":\"ListItem\",\"position\":2,\"name\":\"Kontact\"}]},{\"@type\":\"WebSite\",\"@id\":\"https:\\\/\\\/frenehard-michaux.eu\\\/de\\\/#website\",\"url\":\"https:\\\/\\\/frenehard-michaux.eu\\\/de\\\/\",\"name\":\"Frenehard &amp; Michaux\",\"description\":\"\",\"publisher\":{\"@id\":\"https:\\\/\\\/frenehard-michaux.eu\\\/de\\\/#organization\"},\"potentialAction\":[{\"@type\":\"SearchAction\",\"target\":{\"@type\":\"EntryPoint\",\"urlTemplate\":\"https:\\\/\\\/frenehard-michaux.eu\\\/de\\\/?s={search_term_string}\"},\"query-input\":{\"@type\":\"PropertyValueSpecification\",\"valueRequired\":true,\"valueName\":\"search_term_string\"}}],\"inLanguage\":\"de\"},{\"@type\":\"Organization\",\"@id\":\"https:\\\/\\\/frenehard-michaux.eu\\\/de\\\/#organization\",\"name\":\"Frenehard &amp; Michaux\",\"url\":\"https:\\\/\\\/frenehard-michaux.eu\\\/de\\\/\",\"logo\":{\"@type\":\"ImageObject\",\"inLanguage\":\"de\",\"@id\":\"https:\\\/\\\/frenehard-michaux.eu\\\/de\\\/#\\\/schema\\\/logo\\\/image\\\/\",\"url\":\"https:\\\/\\\/frenehard-michaux.eu\\\/wp-content\\\/uploads\\\/sites\\\/8\\\/2025\\\/09\\\/Frenehard-Michaux_RVB.svg\",\"contentUrl\":\"https:\\\/\\\/frenehard-michaux.eu\\\/wp-content\\\/uploads\\\/sites\\\/8\\\/2025\\\/09\\\/Frenehard-Michaux_RVB.svg\",\"caption\":\"Frenehard &amp; Michaux\"},\"image\":{\"@id\":\"https:\\\/\\\/frenehard-michaux.eu\\\/de\\\/#\\\/schema\\\/logo\\\/image\\\/\"}}]}<\/script>\n<!-- \/ Yoast SEO plugin. -->","yoast_head_json":{"title":"Kontact - Frenehard &amp; Michaux","robots":{"index":"index","follow":"follow","max-snippet":"max-snippet:-1","max-image-preview":"max-image-preview:large","max-video-preview":"max-video-preview:-1"},"canonical":"https:\/\/frenehard-michaux.eu\/de\/kontact\/","og_locale":"de_DE","og_type":"article","og_title":"Kontact - Frenehard &amp; Michaux","og_description":"Sie haben eine Frage? Sie m\u00f6chten gerne etwas vorschlagen oder anmerken? Schreiben Sie uns eine E-Mail! Alternativ dazu k\u00f6nnen Sie unser Kontaktformular nutzen. Karriere Die Unternehmen der Gruppe verf\u00fcgen \u00fcber fortschrittliches Know-how auf dem Gebiet der Metallurgie. Unser Know-how und unsere Expertise st\u00fctzen sich auf Frauen und M\u00e4nner, die eine unserer wichtigsten St\u00e4rken ausmachen. Mit [&hellip;]","og_url":"https:\/\/frenehard-michaux.eu\/de\/kontact\/","og_site_name":"Frenehard &amp; Michaux","article_modified_time":"2025-09-29T07:18:16+00:00","og_image":[{"url":"https:\/\/frenehard-michaux.eu\/wp-content\/uploads\/sites\/8\/2025\/08\/140912_326_Photo_D-Eskenazi-1-3.jpg","type":"","width":"","height":""}],"twitter_card":"summary_large_image","twitter_misc":{"Gesch\u00e4tzte Lesezeit":"1\u00a0Minute"},"schema":{"@context":"https:\/\/schema.org","@graph":[{"@type":"WebPage","@id":"https:\/\/frenehard-michaux.eu\/de\/kontact\/","url":"https:\/\/frenehard-michaux.eu\/de\/kontact\/","name":"Kontact - Frenehard &amp; Michaux","isPartOf":{"@id":"https:\/\/frenehard-michaux.eu\/de\/#website"},"primaryImageOfPage":{"@id":"https:\/\/frenehard-michaux.eu\/de\/kontact\/#primaryimage"},"image":{"@id":"https:\/\/frenehard-michaux.eu\/de\/kontact\/#primaryimage"},"thumbnailUrl":"https:\/\/frenehard-michaux.eu\/wp-content\/uploads\/sites\/8\/2025\/08\/140912_326_Photo_D-Eskenazi-1-3.jpg","datePublished":"2025-05-13T16:06:58+00:00","dateModified":"2025-09-29T07:18:16+00:00","breadcrumb":{"@id":"https:\/\/frenehard-michaux.eu\/de\/kontact\/#breadcrumb"},"inLanguage":"de","potentialAction":[{"@type":"ReadAction","target":["https:\/\/frenehard-michaux.eu\/de\/kontact\/"]}]},{"@type":"ImageObject","inLanguage":"de","@id":"https:\/\/frenehard-michaux.eu\/de\/kontact\/#primaryimage","url":"https:\/\/frenehard-michaux.eu\/wp-content\/uploads\/sites\/8\/2025\/08\/140912_326_Photo_D-Eskenazi-1-3.jpg","contentUrl":"https:\/\/frenehard-michaux.eu\/wp-content\/uploads\/sites\/8\/2025\/08\/140912_326_Photo_D-Eskenazi-1-3.jpg"},{"@type":"BreadcrumbList","@id":"https:\/\/frenehard-michaux.eu\/de\/kontact\/#breadcrumb","itemListElement":[{"@type":"ListItem","position":1,"name":"Accueil","item":"https:\/\/frenehard-michaux.eu\/de\/startseite\/"},{"@type":"ListItem","position":2,"name":"Kontact"}]},{"@type":"WebSite","@id":"https:\/\/frenehard-michaux.eu\/de\/#website","url":"https:\/\/frenehard-michaux.eu\/de\/","name":"Frenehard &amp; Michaux","description":"","publisher":{"@id":"https:\/\/frenehard-michaux.eu\/de\/#organization"},"potentialAction":[{"@type":"SearchAction","target":{"@type":"EntryPoint","urlTemplate":"https:\/\/frenehard-michaux.eu\/de\/?s={search_term_string}"},"query-input":{"@type":"PropertyValueSpecification","valueRequired":true,"valueName":"search_term_string"}}],"inLanguage":"de"},{"@type":"Organization","@id":"https:\/\/frenehard-michaux.eu\/de\/#organization","name":"Frenehard &amp; Michaux","url":"https:\/\/frenehard-michaux.eu\/de\/","logo":{"@type":"ImageObject","inLanguage":"de","@id":"https:\/\/frenehard-michaux.eu\/de\/#\/schema\/logo\/image\/","url":"https:\/\/frenehard-michaux.eu\/wp-content\/uploads\/sites\/8\/2025\/09\/Frenehard-Michaux_RVB.svg","contentUrl":"https:\/\/frenehard-michaux.eu\/wp-content\/uploads\/sites\/8\/2025\/09\/Frenehard-Michaux_RVB.svg","caption":"Frenehard &amp; Michaux"},"image":{"@id":"https:\/\/frenehard-michaux.eu\/de\/#\/schema\/logo\/image\/"}}]}},"_links":{"self":[{"href":"https:\/\/frenehard-michaux.eu\/de\/wp-json\/wp\/v2\/pages\/1469","targetHints":{"allow":["GET"]}}],"collection":[{"href":"https:\/\/frenehard-michaux.eu\/de\/wp-json\/wp\/v2\/pages"}],"about":[{"href":"https:\/\/frenehard-michaux.eu\/de\/wp-json\/wp\/v2\/types\/page"}],"author":[{"embeddable":true,"href":"https:\/\/frenehard-michaux.eu\/de\/wp-json\/wp\/v2\/users\/57"}],"replies":[{"embeddable":true,"href":"https:\/\/frenehard-michaux.eu\/de\/wp-json\/wp\/v2\/comments?post=1469"}],"version-history":[{"count":2,"href":"https:\/\/frenehard-michaux.eu\/de\/wp-json\/wp\/v2\/pages\/1469\/revisions"}],"predecessor-version":[{"id":1499,"href":"https:\/\/frenehard-michaux.eu\/de\/wp-json\/wp\/v2\/pages\/1469\/revisions\/1499"}],"wp:attachment":[{"href":"https:\/\/frenehard-michaux.eu\/de\/wp-json\/wp\/v2\/media?parent=1469"}],"curies":[{"name":"wp","href":"https:\/\/api.w.org\/{rel}","templated":true}]}}