{"id":1449,"date":"2025-05-13T17:44:39","date_gmt":"2025-05-13T15:44:39","guid":{"rendered":"https:\/\/frenehard-michaux.eu\/conditions-generales-dutilisation\/"},"modified":"2025-09-29T09:27:33","modified_gmt":"2025-09-29T07:27:33","slug":"agb","status":"publish","type":"page","link":"https:\/\/frenehard-michaux.eu\/de\/agb\/","title":{"rendered":"ALLGEMEINE GESCH\u00c4FTSBEDINGUNGEN F\u00dcR DIE NUTZUNG\u00a0"},"content":{"rendered":"\n<p>AGB zuletzt aktualisiert am: 29-02-2024<\/p>\n\n\n\n<p>Die rechtlichen Hinweise der Website k\u00f6nnen hier abgerufen werden.<\/p>\n\n\n\n<p><strong>ARTICLE 1 \u2013 BESCHREIBUNG DER WEBSITE UND ALLGEMEINE BESTIMMUNGEN<\/strong><\/p>\n\n\n\n<p><strong>1.1.<\/strong> Die vorliegenden Allgemeinen Gesch\u00e4ftsbedingungen (nachstehend die AGB\u201c) gelten zwischen der Firma FRENEHARD &amp; MICHAUX, vereinfachte Aktiengesellschaft franz\u00f6sischen Rechts (SAS) mit 6&nbsp;365&nbsp;123 EUR Grundkapital, eingetragen im Handelsregister von ALENCON unter der Nummer <a href=\"tel:535%20450%20050\">535 450 050<\/a>und mit Sitz ZA LES BREDOLLIERES 61300 SAINT-SYMPHORIEN-DES-BRUYERES, und den Besuchern (nachstehend die \u201eBenutzer\u201c) der Website <a href=\"https:\/\/frenehard-michaux.eu\/de\/\">https:\/\/frenehard-michaux.eu<\/a>, nachstehend die \u201eWebsite\u201c), und in diesem Zusammenhang werden FRENEHARD &amp; MICHAUX und die Benutzer nachstehend als \u201ePartei(en)\u201c bezeichnet.<\/p>\n\n\n\n<p>Die Benutzer sind Gewerbetreibende, wobei sich ein Gewerbetreibender definiert als \u201enat\u00fcrliche oder juristische, \u00f6ffentliche oder private Person, handelnd zu Zwecken im Rahmen ihrer kommerziellen, industriellen, handwerklichen, freiberuflichen oder landwirtschaftlichen T\u00e4tigkeit, auch wenn sie im Auftrag oder auf Rechnung eines anderen Gewerbetreibenden handelt\u201c.<\/p>\n\n\n\n<p><strong>1.2.<\/strong> Die Website dient folgenden Zwecken:<\/p>\n\n\n\n<p>\u2013 die Gruppe FRENEHARD &amp; MICHAUX sowie die verschiedenen Gesellschaften, die zu dieser Gruppe geh\u00f6ren, vorzustellen;<\/p>\n\n\n\n<p>\u2013 den Nutzern die M\u00f6glichkeit zu geben, mit dem Unternehmen FRENEHARD &amp; MICHAUX \u00fcber das auf der Website angebotene Kontaktformular Kontakt aufzunehmen;<\/p>\n\n\n\n<p>Auf der Website k\u00f6nnen weder Produkte noch Dienstleistungen online bestellt oder bezahlt werden.<\/p>\n\n\n\n<p>FRENEHARD &amp; MICHAUX bietet telefonischen Support unter <a href=\"tel:+33%20(0)%204%2074%2000%2090%2090\">+33 (0) 4 74 00 90 90<\/a>. Die Benutzer haben auch die M\u00f6glichkeit, FRENEHARD &amp; MICHAUX per E-Mail an <a href=\"mailto:contact@frenehard-michaux.com\">contact@frenehard-michaux.com<\/a>zu kontaktieren.<\/p>\n\n\n\n<p><strong>1.3.<\/strong> In den vorliegenden AGB sind die Bedingungen f\u00fcr die Nutzung der Website und ihrer Funktionen durch die Benutzer festgelegt.<\/p>\n\n\n\n<p>Das Navigieren auf der Website setzt voraus, dass die Benutzer die folgenden Bestimmungen vollumf\u00e4nglich und vorbehaltlos anerkennen.<\/p>\n\n\n\n<p>Durch die vorliegenden AGB werden alle zuvor geltenden Gesch\u00e4ftsbedingungen aufgehoben und ersetzt. FRENEHARD &amp; MICHAUX beh\u00e4lt sich das Recht vor, die vorliegenden AGB jederzeit anzupassen, zu \u00e4ndern oder zu aktualisieren. In jedem Fall sind die am Datum der Navigation auf der Website geltenden AGB ma\u00dfgeblich.<\/p>\n\n\n\n<p>Die Tatsache, dass sich eine der Parteien zu einem bestimmten Zeitpunkt nicht auf eine der vorliegenden Bestimmungen beruft, darf nicht als Verzicht auf die Geltendmachung dieser Bestimmung zu einem sp\u00e4teren Zeitpunkt ausgelegt werden. Die Ung\u00fcltigkeit einer Klausel der vorliegenden AGB beeintr\u00e4chtigt in keiner Weise die G\u00fcltigkeit der AGB in ihrer Gesamtheit.<\/p>\n\n\n\n<p><strong>ARTICLE 2 \u2013 BESCHREIBUNG DER FUNKTIONEN DER WEBSITE<\/strong><\/p>\n\n\n\n<p><strong>2.1. Vorstellung der Gruppe FRENEHARD &amp; MICHAUX<\/strong><\/p>\n\n\n\n<p>Auf der Website werden die Holdinggesellschaft FRENEHARD &amp; MICHAUX sowie alle Unternehmen, die innerhalb dieser Gruppe zusammengefasst sind, vorgestellt.<\/p>\n\n\n\n<p>FRENEHARD &amp; MICHAUX bem\u00fcht sich, die Richtigkeit und Aktualit\u00e4t der auf dieser Website ver\u00f6ffentlichten Informationen sicherzustellen und beh\u00e4lt sich das Recht vor, diese jederzeit und ohne Vorank\u00fcndigung zu \u00e4ndern.<\/p>\n\n\n\n<p>Nutzer, die mehr \u00fcber diese Gruppe oder die zu ihr geh\u00f6renden Unternehmen erfahren m\u00f6chten, werden gebeten, FRENEHARD &amp; MICHAUX \u00fcber das Kontaktformular oder per E-Mail contact@frenehard-michaux.com zu kontaktieren.<\/p>\n\n\n\n<p><strong>2.2. Anforderung von Informationen<\/strong><\/p>\n\n\n\n<p>FRENEHARD &amp; MICHAUX stellt dem Nutzer eine Kontaktrubrik zur Verf\u00fcgung, in der er Fragen stellen kann.<\/p>\n\n\n\n<p><strong>ARTICLE 3 \u2013 ZUGRIFF AUF DIE WEBSITE UND NUTZUNG DER FUNKTIONEN<\/strong><\/p>\n\n\n\n<p><strong>3.1.<\/strong> Die Website ist unter folgender URL&nbsp;aufrufbar: \u00ab&nbsp;<a href=\"https:\/\/frenehard-michaux.eu\/de\/\">https:\/\/frenehard-michaux.eu<\/a> \u00bb.<\/p>\n\n\n\n<p>Die Navigation auf der Website durch den Benutzer erfolgt unter seiner Verantwortung. In diesem Sinne ist der Benutzer verpflichtet, die Website und darauf angebotenen die Dienste bestimmungsgem\u00e4\u00df und in \u00dcbereinstimmung mit den vorliegenden AGB zu nutzen, ohne die \u00f6ffentliche Ordnung, die guten Sitten oder die Rechte Dritter zu verletzen.<\/p>\n\n\n\n<p>Folglich ist der Benutzer pers\u00f6nlich daf\u00fcr verantwortlich, die f\u00fcr den Zugriff auf die Website erforderlichen Computer- und Kommunikationsmittel einzurichten und die f\u00fcr die Nutzung des Internets und den Zugriff auf die Website erforderlichen Kenntnisse zu erwerben. Der Benutzer tr\u00e4gt die Kosten f\u00fcr die Verbindung und die Ger\u00e4te, die f\u00fcr den Internetzugang und die Nutzung der Website erforderlich sind, gem\u00e4\u00df den von seinen Internetprovidern und\/oder seinen Betreibern elektronischer Kommunikationsdienste festgelegten Modalit\u00e4ten.<\/p>\n\n\n\n<p>Der Benutzer ist verantwortlich f\u00fcr die IT-Sicherheit seiner Ger\u00e4te und insbesondere f\u00fcr m\u00f6gliche Datenverluste und Sicherheitsl\u00fccken, die durch Viren oder Hacking entstehen k\u00f6nnen. Der Benutzer erkl\u00e4rt, dass er sich dieser Risiken bewusst ist und erkennt an, dass FRENEHARD &amp; MICHAUX f\u00fcr solche Funktionsst\u00f6rungen nicht haftbar gemacht werden kann.<\/p>\n\n\n\n<p>Der Benutzer darf nicht:<\/p>\n\n\n\n<ul class=\"wp-block-list\">\n<li>Auf die Website durch andere als die von FRENEHARD &amp; MICHAUX zur Verf\u00fcgung gestellten Mittel zugreifen oder dies versuchen.<\/li>\n\n\n\n<li>Die Zugangsdaten (Benutzername und Passwort) mit Dritten teilen; ein Dritter ist jede andere Person als der Benutzer, dem die E-Mail-Adresse zugewiesen ist.<\/li>\n\n\n\n<li>Den Zugang zu den Netzwerken, die den Zugriff auf die Website erm\u00f6glichen, st\u00f6ren, verlangsamen oder blockieren.<\/li>\n\n\n\n<li>Weder die Website, noch ihren Provider oder ihr Netzwerk kontrollieren, scannen oder auf Schwachstellen testen oder Sicherheits- oder Authentifizierungsma\u00dfnahmen verletzen.<\/li>\n<\/ul>\n\n\n\n<p><strong>3.2.<\/strong> Da die Website und ihre Funktionen kostenlos sind, erkennt der Benutzer an, dass die Website und ihre Funktionen im gegenw\u00e4rtigen Zustand zur Verf\u00fcgung gestellt werden und ohne jegliche Gew\u00e4hrleistung f\u00fcr Konformit\u00e4t, Verf\u00fcgbarkeit, Leistung, Kompatibilit\u00e4t oder Regularit\u00e4t zug\u00e4nglich sind.<\/p>\n\n\n\n<p>FRENEHARD &amp; MICHAUX bem\u00fcht sich, die Funktionen der Website 24 Stunden am Tag, 7 Tage die Woche zug\u00e4nglich zu halten, au\u00dfer im Falle h\u00f6herer Gewalt oder eines Ereignisses au\u00dferhalb der Kontrolle von FRENEHARD &amp; MICHAUX, und vorbehaltlich der Wartungsperioden, eventueller Pannen, technischer Unw\u00e4gbarkeiten aufgrund der Natur des Internets oder b\u00f6swilliger Handlungen oder Beeintr\u00e4chtigungen der Hardware oder Software von FRENEHARD &amp; MICHAUX.<\/p>\n\n\n\n<p>FRENEHARD &amp; MICHAUX haftet keinesfalls f\u00fcr die Unterbrechung einer Funktion, unabh\u00e4ngig von der Ursache, der Dauer oder der H\u00e4ufigkeit.<\/p>\n\n\n\n<p>Der Benutzer erkennt an, dass die Geschwindigkeit der Informations\u00fcbertragung nicht von FRENEHARD &amp; MICHAUX abh\u00e4ngt, sondern von den inh\u00e4renten Eigenschaften der elektronischen Kommunikationsnetze und den technischen Eigenschaften seines Anschlusses.<\/p>\n\n\n\n<p>FRENEHARD &amp; MICHAUX haftet nicht f\u00fcr die Nutzung der Website und ihrer Funktionen durch den Benutzer und f\u00fcr eventuelle Sch\u00e4den, die dem Benutzer oder Dritten daraus entstehen k\u00f6nnen.<\/p>\n\n\n\n<p>Insbesondere \u00fcbernimmt FRENEHARD &amp; MICHAUX keine Haftung f\u00fcr die Informationen, die der Benutzer bei der Erstellung und Verwaltung seines pers\u00f6nlichen Kontos bereitstellt.<\/p>\n\n\n\n<p><strong>3.3.<\/strong> Die Website und ihre Funktionen werden dem Benutzer von FRENEHARD &amp; MICHAUX kostenlos und auf unbestimmte Zeit zur Verf\u00fcgung gestellt.<\/p>\n\n\n\n<p>FRENEHARD &amp; MICHAUX beh\u00e4lt sich das Recht vor, die Eigenschaften der Website und ihrer Funktionen zu \u00e4ndern, insbesondere aufgrund technischer Fortschritte oder gesch\u00e4ftlicher Entwicklungen. FRENEHARD &amp; MICHAUX beh\u00e4lt sich den Ermessensspielraum bei der Durchf\u00fchrung etwaiger Aktualisierungen vor.<\/p>\n\n\n\n<p>Da die Website und die Nutzung ihrer Funktionen kostenlos sind, ist FRENEHARD &amp; MICHAUX berechtigt, den Zugang zur Website auszusetzen und\/oder den Zugang zu allen oder einem Teil der Funktionen, die dem Benutzer zur Verf\u00fcgung gestellt werden, ohne vorherige Information und ohne Vorank\u00fcndigung oder Entsch\u00e4digung zu k\u00fcndigen.<\/p>\n\n\n\n<p>Im Falle einer Nichteinhaltung der AGB durch den Benutzer oder allgemein im Falle eines Versto\u00dfes gegen die geltenden Vorschriften kann FRENEHARD &amp; MICHAUX von Rechts wegen, ohne vorherige Inverzugsetzung und ohne Vorank\u00fcndigung oder Entsch\u00e4digung alle oder einen Teil der dem Benutzer zur Verf\u00fcgung gestellten Funktionen k\u00fcndigen. FRENEHARD &amp; MICHAUX kann diese K\u00fcndigung unbeschadet jeglicher Schadensersatzanspr\u00fcche aussprechen, die FRENEHARD &amp; MICHAUX aufgrund dieser Verst\u00f6\u00dfe geltend machen k\u00f6nnte.<\/p>\n\n\n\n<p><strong>ARTICLE 4 \u2013 HAFTUNG<\/strong><\/p>\n\n\n\n<p><strong>4.1 <\/strong>FRENEHARD &amp; MICHAUX greift nicht in eine m\u00f6gliche Kundenbeziehung zwischen Nutzer und H\u00e4ndler ein und \u00fcbernimmt somit auch keine Haftung f\u00fcr den Vertrag, den Nutzer und H\u00e4ndler gegebenenfalls geschlossen haben.<\/p>\n\n\n\n<p><strong>4.2<\/strong> FRENEHARD &amp; MICHAUX kann nicht haftbar gemacht werden, wenn eine Nichterf\u00fcllung oder ein Schaden auf eine unsachgem\u00e4\u00dfe Nutzung der Website durch den Benutzer, auf einen Fehler des Benutzers oder eines Dritten oder auf h\u00f6here Gewalt zur\u00fcckzuf\u00fchren ist.<\/p>\n\n\n\n<p><strong>4.3<\/strong> Des Weiteren wird darauf hingewiesen, dass FRENEHARD &amp; MICHAUX f\u00fcr vor\u00fcbergehende oder dauerhafte Sch\u00e4den am mobilen Endger\u00e4t oder Computer des Benutzers oder f\u00fcr etwaige Verluste oder Sch\u00e4den, die insbesondere durch den Zugang oder die Navigation auf dieser Website entstehen, nicht haftbar gemacht werden kann.<\/p>\n\n\n\n<p><strong>4.4<\/strong> Die \u00dcbertragung von Daten \u00fcber das Internet bringt es mit sich, dass Fehler auftreten k\u00f6nnen und\/oder dass die Website nicht immer verf\u00fcgbar ist. Folglich haftet FRENEHARD &amp; MICHAUX nicht f\u00fcr die Verf\u00fcgbarkeit bzw. die Unterbrechung des Online-Dienstes. In jedem Fall wird dem Benutzer empfohlen, den Zugang zu seinen Endger\u00e4ten durch ein Passwort zu sch\u00fctzen und f\u00fcr den Fall des Verlusts oder Diebstahls seiner Endger\u00e4te eine entsprechende Versicherung abzuschlie\u00dfen.<\/p>\n\n\n\n<p><strong>4.5<\/strong> Die Website enth\u00e4lt m\u00f6glicherweise Hyperlinks, die auf andere Websites verweisen. FRENEHARD &amp; MICHAUX \u00fcberpr\u00fcft die auf diesen Websites enthaltenen Informationen und deren Inhalte nicht auf ihre Richtigkeit. Daher haftet FRENEHARD &amp; MICHAUX in keinem Fall f\u00fcr Sch\u00e4den, die aus der Nutzung, dem Zugriff auf oder der Unm\u00f6glichkeit der Nutzung von Informationen oder Inhalten anderer Websites entstehen.<\/p>\n\n\n\n<p><strong>4.6.<\/strong> Sollte FRENEHARD &amp; MICHAUX aufgrund eigenen Fehlverhaltens haftbar gemacht werden, erstreckt sich die Schadenersatzpflicht ausschlie\u00dflich auf eindeutig festgestellte Sch\u00e4den, die der Benutzer direkt und pers\u00f6nlich erlitten hat.<\/p>\n\n\n\n<p>In jedem Fall wird darauf hingewiesen, dass FRENEHARD &amp; MICHAUX insbesondere aus folgenden Gr\u00fcnden keine Haftung \u00fcbernimmt:<\/p>\n\n\n\n<ul class=\"wp-block-list\">\n<li>Sch\u00e4den infolge des Fehlverhaltens des Benutzers durch die Nichteinhaltung der Regeln und Empfehlungen, die von FRENEHARD &amp; MICHAUX insbesondere in den vorliegenden AGB festgelegt sind;<\/li>\n\n\n\n<li>Funktionsst\u00f6rungen, eingeschr\u00e4nkter Zugang oder mangelhafte Funktionsweise der Website, insbesondere aufgrund ungeeigneter Ger\u00e4te, St\u00f6rungen in Verbindung mit dem Provider des Benutzers, \u00dcberlastung des Netzwerks und\/oder aus jedem anderen Grund, der auf h\u00f6here Gewalt zur\u00fcckzuf\u00fchren ist;<\/li>\n\n\n\n<li>B\u00f6swillige Handlungen Dritter.<\/li>\n<\/ul>\n\n\n\n<p><strong>ARTICLE 5 \u2013 SCHUTZ PERSONENBEZOGENER DATEN \u2013 COOKIES<\/strong><\/p>\n\n\n\n<p><strong>5.1.<\/strong> FRENEHARD &amp; MICHAUX sammelt und verarbeitet personenbezogene Daten der Benutzer der Website, die sich f\u00fcr die Einrichtung eines pers\u00f6nlichen Kontos oder das Ausf\u00fcllen des Kontaktformulars entschieden haben. Die Bestimmungen zur Verarbeitung dieser Daten befinden sich in der Datenschutzerkl\u00e4rung der Website, die der Benutzer sorgf\u00e4ltig lesen sollte. FRENEHARD &amp; MICHAUX erhebt, verarbeitet und speichert personenbezogene Daten in \u00dcbereinstimmung mit den Grunds\u00e4tzen der geltenden Vorschriften und den Empfehlungen der franz\u00f6sischen Datenschutzbeh\u00f6rde CNIL.<\/p>\n\n\n\n<p>Die betroffenen nat\u00fcrlichen Personen besitzen hinsichtlich der Erhebung und Verarbeitung ihrer personenbezogenen Daten eine Reihe von Rechten. Sie k\u00f6nnen die Einsichtnahme, Berichtigung oder L\u00f6schung ihrer Daten verlangen. Gegebenenfalls k\u00f6nnen sie auch Widerspruch einlegen oder die Einschr\u00e4nkung der Verarbeitung ihrer Daten einfordern. Dar\u00fcber hinaus k\u00f6nnen sie das Recht auf Daten\u00fcbertragbarkeit in Anspruch nehmen, um eine Kopie ihrer personenbezogenen Daten in einem strukturierten, g\u00e4ngigen und maschinenlesbaren Format zu erhalten und sie so an Dritte weiterleiten zu k\u00f6nnen, sofern dieser Anspruch berechtigt ist. Ferner haben diese Personen das Recht, sich bei einer Aufsichtsbeh\u00f6rde zu beschweren, und sie k\u00f6nnen Anweisungen f\u00fcr den Verbleib ihrer Daten im Todesfall festlegen und diese bei vertrauensw\u00fcrdigen, von der CNIL zertifizierten Dritten registrieren lassen. Diese Rechte k\u00f6nnen in \u00dcbereinstimmung mit den Bestimmungen der Datenschutzerkl\u00e4rung der Website ausge\u00fcbt werden.<\/p>\n\n\n\n<p><strong>5.2.<\/strong> FRENEHARD &amp; MICHAUX verwendet Cookies.<\/p>\n\n\n\n<p><strong>ARTICLE 6 \u2013 GEISTIGES EIGENTUM<\/strong><\/p>\n\n\n\n<p>Der gesamte Inhalt der Website ist Eigentum von FRENEHARD &amp; MICHAUX oder wird von FRENEHARD &amp; MICHAUX mit Genehmigung der Inhaber der entsprechenden Rechte verwendet.<\/p>\n\n\n\n<p>Der Benutzer erkennt die Exklusivrechte von FRENEHARD &amp; MICHAUX, einschlie\u00dflich seiner Marken, Logos und Urheberrechte, an und verpflichtet sich, diese in keiner Weise zu nutzen und sie im Allgemeinen nicht zu verletzen.<\/p>\n\n\n\n<p>Jegliche Nutzung dieser Marken, Logos, Urheberrechte und\/oder anderer Rechte des geistigen Eigentums in irgendeiner Weise bedarf der ausdr\u00fccklichen vorherigen Genehmigung von FRENEHARD &amp; MICHAUX oder des Inhabers der betreffenden Rechte.<\/p>\n\n\n\n<p>Die Reproduktion der Website im Ganzen oder in Teilen sowie die Erstellung von Hyperlinks sind untersagt, sofern FRENEHARD &amp; MICHAUX nicht ausdr\u00fccklich und im Voraus seine Zustimmung erteilt hat.<\/p>\n\n\n\n<p>FRENEHARD &amp; MICHAUX beh\u00e4lt sich das Recht vor, die Beseitigung jedes Hyperlinks zu dieser Website, der nicht oder nicht mehr zul\u00e4ssig ist und\/oder ihr schadet, geltend zu machen.<\/p>\n\n\n\n<p><strong>ARTICLE 7 \u2013 STREITIGKEITEN<\/strong><\/p>\n\n\n\n<p><strong>7.1.<\/strong> Die vorliegenden AGB sind dem franz\u00f6sischen Recht unterstellt.<\/p>\n\n\n\n<p><strong>7.2. <\/strong>Die Parteien werden sich bem\u00fchen, etwaige Streitigkeiten, die zwischen ihnen im Zusammenhang mit den vorliegenden AGB entstehen, g\u00fctlich beizulegen.<\/p>\n\n\n\n<p>Sollte eine g\u00fctliche Einigung nicht m\u00f6glich sein, wird die Streitsache zwischen FRENEHARD &amp; MICHAUX und dem Benutzer dem Gericht in ALENCON vorgelegt, dem im Voraus die Gerichtsbarkeit ausdr\u00fccklich zugewiesen wird, und zwar ungeachtet des Zusammentreffens einer Mehrheit von Beklagten oder einer Vielzahl von Streitverk\u00fcndigungen.<\/p>\n","protected":false},"excerpt":{"rendered":"<p>AGB zuletzt aktualisiert am: 29-02-2024 Die rechtlichen Hinweise der Website k\u00f6nnen hier abgerufen werden. ARTICLE 1 \u2013 BESCHREIBUNG DER WEBSITE UND ALLGEMEINE BESTIMMUNGEN 1.1. Die vorliegenden Allgemeinen Gesch\u00e4ftsbedingungen (nachstehend die AGB\u201c) gelten zwischen der Firma FRENEHARD &amp; MICHAUX, vereinfachte Aktiengesellschaft franz\u00f6sischen Rechts (SAS) mit 6&nbsp;365&nbsp;123 EUR Grundkapital, eingetragen im Handelsregister von ALENCON unter der Nummer [&hellip;]<\/p>\n","protected":false},"author":57,"featured_media":0,"parent":0,"menu_order":0,"comment_status":"closed","ping_status":"closed","template":"","meta":{"_acf_changed":false,"footnotes":""},"class_list":["post-1449","page","type-page","status-publish","hentry"],"acf":[],"yoast_head":"<!-- This site is optimized with the Yoast SEO plugin v27.4 - https:\/\/yoast.com\/product\/yoast-seo-wordpress\/ -->\n<title>ALLGEMEINE GESCH\u00c4FTSBEDINGUNGEN F\u00dcR DIE NUTZUNG\u00a0 - Frenehard &amp; Michaux<\/title>\n<meta name=\"robots\" content=\"index, follow, max-snippet:-1, max-image-preview:large, max-video-preview:-1\" \/>\n<link rel=\"canonical\" href=\"https:\/\/frenehard-michaux.eu\/de\/agb\/\" \/>\n<meta property=\"og:locale\" content=\"de_DE\" \/>\n<meta property=\"og:type\" content=\"article\" \/>\n<meta property=\"og:title\" content=\"ALLGEMEINE GESCH\u00c4FTSBEDINGUNGEN F\u00dcR DIE NUTZUNG\u00a0 - Frenehard &amp; Michaux\" \/>\n<meta property=\"og:description\" content=\"AGB zuletzt aktualisiert am: 29-02-2024 Die rechtlichen Hinweise der Website k\u00f6nnen hier abgerufen werden. ARTICLE 1 \u2013 BESCHREIBUNG DER WEBSITE UND ALLGEMEINE BESTIMMUNGEN 1.1. Die vorliegenden Allgemeinen Gesch\u00e4ftsbedingungen (nachstehend die AGB\u201c) gelten zwischen der Firma FRENEHARD &amp; MICHAUX, vereinfachte Aktiengesellschaft franz\u00f6sischen Rechts (SAS) mit 6&nbsp;365&nbsp;123 EUR Grundkapital, eingetragen im Handelsregister von ALENCON unter der Nummer [&hellip;]\" \/>\n<meta property=\"og:url\" content=\"https:\/\/frenehard-michaux.eu\/de\/agb\/\" \/>\n<meta property=\"og:site_name\" content=\"Frenehard &amp; Michaux\" \/>\n<meta property=\"article:modified_time\" content=\"2025-09-29T07:27:33+00:00\" \/>\n<meta name=\"twitter:card\" content=\"summary_large_image\" \/>\n<meta name=\"twitter:label1\" content=\"Gesch\u00e4tzte Lesezeit\" \/>\n\t<meta name=\"twitter:data1\" content=\"10\u00a0Minuten\" \/>\n<script type=\"application\/ld+json\" class=\"yoast-schema-graph\">{\"@context\":\"https:\\\/\\\/schema.org\",\"@graph\":[{\"@type\":\"WebPage\",\"@id\":\"https:\\\/\\\/frenehard-michaux.eu\\\/de\\\/agb\\\/\",\"url\":\"https:\\\/\\\/frenehard-michaux.eu\\\/de\\\/agb\\\/\",\"name\":\"ALLGEMEINE GESCH\u00c4FTSBEDINGUNGEN F\u00dcR DIE NUTZUNG\u00a0 - Frenehard &amp; Michaux\",\"isPartOf\":{\"@id\":\"https:\\\/\\\/frenehard-michaux.eu\\\/de\\\/#website\"},\"datePublished\":\"2025-05-13T15:44:39+00:00\",\"dateModified\":\"2025-09-29T07:27:33+00:00\",\"breadcrumb\":{\"@id\":\"https:\\\/\\\/frenehard-michaux.eu\\\/de\\\/agb\\\/#breadcrumb\"},\"inLanguage\":\"de\",\"potentialAction\":[{\"@type\":\"ReadAction\",\"target\":[\"https:\\\/\\\/frenehard-michaux.eu\\\/de\\\/agb\\\/\"]}]},{\"@type\":\"BreadcrumbList\",\"@id\":\"https:\\\/\\\/frenehard-michaux.eu\\\/de\\\/agb\\\/#breadcrumb\",\"itemListElement\":[{\"@type\":\"ListItem\",\"position\":1,\"name\":\"Accueil\",\"item\":\"https:\\\/\\\/frenehard-michaux.eu\\\/de\\\/startseite\\\/\"},{\"@type\":\"ListItem\",\"position\":2,\"name\":\"ALLGEMEINE GESCH\u00c4FTSBEDINGUNGEN F\u00dcR DIE NUTZUNG\u00a0\"}]},{\"@type\":\"WebSite\",\"@id\":\"https:\\\/\\\/frenehard-michaux.eu\\\/de\\\/#website\",\"url\":\"https:\\\/\\\/frenehard-michaux.eu\\\/de\\\/\",\"name\":\"Frenehard &amp; Michaux\",\"description\":\"\",\"publisher\":{\"@id\":\"https:\\\/\\\/frenehard-michaux.eu\\\/de\\\/#organization\"},\"potentialAction\":[{\"@type\":\"SearchAction\",\"target\":{\"@type\":\"EntryPoint\",\"urlTemplate\":\"https:\\\/\\\/frenehard-michaux.eu\\\/de\\\/?s={search_term_string}\"},\"query-input\":{\"@type\":\"PropertyValueSpecification\",\"valueRequired\":true,\"valueName\":\"search_term_string\"}}],\"inLanguage\":\"de\"},{\"@type\":\"Organization\",\"@id\":\"https:\\\/\\\/frenehard-michaux.eu\\\/de\\\/#organization\",\"name\":\"Frenehard &amp; Michaux\",\"url\":\"https:\\\/\\\/frenehard-michaux.eu\\\/de\\\/\",\"logo\":{\"@type\":\"ImageObject\",\"inLanguage\":\"de\",\"@id\":\"https:\\\/\\\/frenehard-michaux.eu\\\/de\\\/#\\\/schema\\\/logo\\\/image\\\/\",\"url\":\"https:\\\/\\\/frenehard-michaux.eu\\\/wp-content\\\/uploads\\\/sites\\\/8\\\/2025\\\/09\\\/Frenehard-Michaux_RVB.svg\",\"contentUrl\":\"https:\\\/\\\/frenehard-michaux.eu\\\/wp-content\\\/uploads\\\/sites\\\/8\\\/2025\\\/09\\\/Frenehard-Michaux_RVB.svg\",\"caption\":\"Frenehard &amp; Michaux\"},\"image\":{\"@id\":\"https:\\\/\\\/frenehard-michaux.eu\\\/de\\\/#\\\/schema\\\/logo\\\/image\\\/\"}}]}<\/script>\n<!-- \/ Yoast SEO plugin. -->","yoast_head_json":{"title":"ALLGEMEINE GESCH\u00c4FTSBEDINGUNGEN F\u00dcR DIE NUTZUNG\u00a0 - Frenehard &amp; Michaux","robots":{"index":"index","follow":"follow","max-snippet":"max-snippet:-1","max-image-preview":"max-image-preview:large","max-video-preview":"max-video-preview:-1"},"canonical":"https:\/\/frenehard-michaux.eu\/de\/agb\/","og_locale":"de_DE","og_type":"article","og_title":"ALLGEMEINE GESCH\u00c4FTSBEDINGUNGEN F\u00dcR DIE NUTZUNG\u00a0 - Frenehard &amp; Michaux","og_description":"AGB zuletzt aktualisiert am: 29-02-2024 Die rechtlichen Hinweise der Website k\u00f6nnen hier abgerufen werden. ARTICLE 1 \u2013 BESCHREIBUNG DER WEBSITE UND ALLGEMEINE BESTIMMUNGEN 1.1. Die vorliegenden Allgemeinen Gesch\u00e4ftsbedingungen (nachstehend die AGB\u201c) gelten zwischen der Firma FRENEHARD &amp; MICHAUX, vereinfachte Aktiengesellschaft franz\u00f6sischen Rechts (SAS) mit 6&nbsp;365&nbsp;123 EUR Grundkapital, eingetragen im Handelsregister von ALENCON unter der Nummer [&hellip;]","og_url":"https:\/\/frenehard-michaux.eu\/de\/agb\/","og_site_name":"Frenehard &amp; Michaux","article_modified_time":"2025-09-29T07:27:33+00:00","twitter_card":"summary_large_image","twitter_misc":{"Gesch\u00e4tzte Lesezeit":"10\u00a0Minuten"},"schema":{"@context":"https:\/\/schema.org","@graph":[{"@type":"WebPage","@id":"https:\/\/frenehard-michaux.eu\/de\/agb\/","url":"https:\/\/frenehard-michaux.eu\/de\/agb\/","name":"ALLGEMEINE GESCH\u00c4FTSBEDINGUNGEN F\u00dcR DIE NUTZUNG\u00a0 - Frenehard &amp; Michaux","isPartOf":{"@id":"https:\/\/frenehard-michaux.eu\/de\/#website"},"datePublished":"2025-05-13T15:44:39+00:00","dateModified":"2025-09-29T07:27:33+00:00","breadcrumb":{"@id":"https:\/\/frenehard-michaux.eu\/de\/agb\/#breadcrumb"},"inLanguage":"de","potentialAction":[{"@type":"ReadAction","target":["https:\/\/frenehard-michaux.eu\/de\/agb\/"]}]},{"@type":"BreadcrumbList","@id":"https:\/\/frenehard-michaux.eu\/de\/agb\/#breadcrumb","itemListElement":[{"@type":"ListItem","position":1,"name":"Accueil","item":"https:\/\/frenehard-michaux.eu\/de\/startseite\/"},{"@type":"ListItem","position":2,"name":"ALLGEMEINE GESCH\u00c4FTSBEDINGUNGEN F\u00dcR DIE NUTZUNG\u00a0"}]},{"@type":"WebSite","@id":"https:\/\/frenehard-michaux.eu\/de\/#website","url":"https:\/\/frenehard-michaux.eu\/de\/","name":"Frenehard &amp; Michaux","description":"","publisher":{"@id":"https:\/\/frenehard-michaux.eu\/de\/#organization"},"potentialAction":[{"@type":"SearchAction","target":{"@type":"EntryPoint","urlTemplate":"https:\/\/frenehard-michaux.eu\/de\/?s={search_term_string}"},"query-input":{"@type":"PropertyValueSpecification","valueRequired":true,"valueName":"search_term_string"}}],"inLanguage":"de"},{"@type":"Organization","@id":"https:\/\/frenehard-michaux.eu\/de\/#organization","name":"Frenehard &amp; Michaux","url":"https:\/\/frenehard-michaux.eu\/de\/","logo":{"@type":"ImageObject","inLanguage":"de","@id":"https:\/\/frenehard-michaux.eu\/de\/#\/schema\/logo\/image\/","url":"https:\/\/frenehard-michaux.eu\/wp-content\/uploads\/sites\/8\/2025\/09\/Frenehard-Michaux_RVB.svg","contentUrl":"https:\/\/frenehard-michaux.eu\/wp-content\/uploads\/sites\/8\/2025\/09\/Frenehard-Michaux_RVB.svg","caption":"Frenehard &amp; Michaux"},"image":{"@id":"https:\/\/frenehard-michaux.eu\/de\/#\/schema\/logo\/image\/"}}]}},"_links":{"self":[{"href":"https:\/\/frenehard-michaux.eu\/de\/wp-json\/wp\/v2\/pages\/1449","targetHints":{"allow":["GET"]}}],"collection":[{"href":"https:\/\/frenehard-michaux.eu\/de\/wp-json\/wp\/v2\/pages"}],"about":[{"href":"https:\/\/frenehard-michaux.eu\/de\/wp-json\/wp\/v2\/types\/page"}],"author":[{"embeddable":true,"href":"https:\/\/frenehard-michaux.eu\/de\/wp-json\/wp\/v2\/users\/57"}],"replies":[{"embeddable":true,"href":"https:\/\/frenehard-michaux.eu\/de\/wp-json\/wp\/v2\/comments?post=1449"}],"version-history":[{"count":1,"href":"https:\/\/frenehard-michaux.eu\/de\/wp-json\/wp\/v2\/pages\/1449\/revisions"}],"predecessor-version":[{"id":1451,"href":"https:\/\/frenehard-michaux.eu\/de\/wp-json\/wp\/v2\/pages\/1449\/revisions\/1451"}],"wp:attachment":[{"href":"https:\/\/frenehard-michaux.eu\/de\/wp-json\/wp\/v2\/media?parent=1449"}],"curies":[{"name":"wp","href":"https:\/\/api.w.org\/{rel}","templated":true}]}}